{"id":6,"date":"2021-11-14T01:42:25","date_gmt":"2021-11-14T01:42:25","guid":{"rendered":"https:\/\/themenectar.com\/salient\/architect\/?page_id=6"},"modified":"2025-11-28T17:07:29","modified_gmt":"2025-11-28T14:07:29","slug":"kurumsal","status":"publish","type":"page","link":"https:\/\/mezonlogistics.com\/de\/unternehmen\/","title":{"rendered":"Unternehmen"},"content":{"rendered":"<div id=\"fws_69d0aa199a947\"  data-column-margin=\"default\" data-midnight=\"dark\" data-top-percent=\"5%\" data-bottom-percent=\"5%\"  class=\"wpb_row vc_row-fluid vc_row full-width-content vc_row-o-equal-height vc_row-flex vc_row-o-content-middle  zindex-set right_padding_6pct left_padding_6pct top_padding_tablet_20pct top_padding_phone_25pct\"  style=\"padding-top: calc(100vw * 0.05); padding-bottom: calc(100vw * 0.05);  z-index: 100;\"><div class=\"row-bg-wrap\" data-bg-animation=\"fade-in\" data-bg-animation-delay=\"\" data-bg-overlay=\"false\"><div class=\"inner-wrap row-bg-layer\" ><div class=\"row-bg viewport-desktop\"  style=\"\"><\/div><\/div><\/div><div class=\"row_col_wrap_12 col span_12 dark left\">\n\t<div  class=\"vc_col-sm-6 wpb_column column_container vc_column_container col no-extra-padding inherit_tablet inherit_phone\"  data-padding-pos=\"all\" data-has-bg-color=\"false\" data-bg-color=\"\" data-bg-opacity=\"1\" data-animation=\"\" data-delay=\"0\" >\n\t\t<div class=\"vc_column-inner\" >\n\t\t\t<div class=\"wpb_wrapper\">\n\t\t\t\t<div id=\"fws_69d0aa199b573\" data-midnight=\"\" data-column-margin=\"default\" class=\"wpb_row vc_row-fluid vc_row inner_row vc_row-o-equal-height vc_row-flex vc_row-o-content-middle\"  style=\"\"><div class=\"row-bg-wrap\"> <div class=\"row-bg\" ><\/div> <\/div><div class=\"row_col_wrap_12_inner col span_12  left\">\n\t<div  class=\"vc_col-sm-12 vc_col-md-9 wpb_column column_container vc_column_container col child_column no-extra-padding bottom_margin_tablet_20px inherit_tablet inherit_phone\"    data-t-w-inherits=\"small_desktop\" data-padding-pos=\"all\" data-has-bg-color=\"false\" data-bg-color=\"\" data-bg-opacity=\"1\" data-animation=\"\" data-delay=\"0\" >\n\t\t<div class=\"vc_column-inner\" >\n\t\t<div class=\"wpb_wrapper\">\n\t\t\t<div class=\"nectar-split-heading  font_size_5vw font_size_tablet_9vw font_size_phone_10vw font_line_height_8vw\" data-align=\"default\" data-m-align=\"inherit\" data-text-effect=\"letter-reveal-bottom\" data-animation-type=\"line-reveal-by-space\" data-animation-delay=\"0\" data-animation-offset=\"\" data-m-rm-animation=\"true\" data-stagger=\"true\" data-custom-font-size=\"true\" style=\"font-size: 5.5vw; line-height: 6.05vw;\"><h1 style=\" color: #55565a;\">\u00dcber uns<\/h1><\/div>\n\t\t<\/div> \n\t<\/div>\n\t<\/div> \n<\/div><\/div>\n\t\t\t<\/div> \n\t\t<\/div>\n\t<\/div> \n\n\t<div  class=\"vc_col-sm-6 wpb_column column_container vc_column_container col no-extra-padding inherit_tablet inherit_phone\"  data-padding-pos=\"all\" data-has-bg-color=\"false\" data-bg-color=\"\" data-bg-opacity=\"1\" data-animation=\"\" data-delay=\"0\" >\n\t\t<div class=\"vc_column-inner\" >\n\t\t\t<div class=\"wpb_wrapper\">\n\t\t\t\t<div class=\"nectar-video-box\" data-color=\"accent-color\" data-mouse-style=\"default\" data-mouse-icon-color=\"\" data-play-button-size=\"default\" data-border-radius=\"none\" data-hover=\"default\" data-shadow=\"\"><div class=\"inner-wrap\"><a href=\"https:\/\/youtu.be\/JRhtvryqtEg\"  rel=\"nofollow\" class=\"full-link pp\"><span class=\"screen-reader-text\">Play Video<\/span><\/a><img loading=\"lazy\" decoding=\"async\" width=\"1200\" height=\"669\" src=\"https:\/\/i0.wp.com\/mezonlogistics.com\/wp-content\/uploads\/2025\/11\/Ekran-Resmi-2025-11-28-16.59.58.png?fit=1200%2C669&amp;ssl=1\" class=\"attachment-full size-full\" alt=\"\" srcset=\"https:\/\/i0.wp.com\/mezonlogistics.com\/wp-content\/uploads\/2025\/11\/Ekran-Resmi-2025-11-28-16.59.58.png?w=1200&amp;ssl=1 1200w, https:\/\/i0.wp.com\/mezonlogistics.com\/wp-content\/uploads\/2025\/11\/Ekran-Resmi-2025-11-28-16.59.58.png?resize=300%2C167&amp;ssl=1 300w, https:\/\/i0.wp.com\/mezonlogistics.com\/wp-content\/uploads\/2025\/11\/Ekran-Resmi-2025-11-28-16.59.58.png?resize=1024%2C571&amp;ssl=1 1024w, https:\/\/i0.wp.com\/mezonlogistics.com\/wp-content\/uploads\/2025\/11\/Ekran-Resmi-2025-11-28-16.59.58.png?resize=768%2C428&amp;ssl=1 768w, https:\/\/i0.wp.com\/mezonlogistics.com\/wp-content\/uploads\/2025\/11\/Ekran-Resmi-2025-11-28-16.59.58.png?resize=18%2C10&amp;ssl=1 18w\" sizes=\"auto, (max-width: 1080px) 100vw, 1080px\" \/><a href=\"https:\/\/youtu.be\/JRhtvryqtEg\"  rel=\"nofollow\"  data-style=\"default\" data-parent-hover=\"\" data-font-style=\"p\" data-color=\"default\" class=\"play_button_mouse_follow large nectar_video_lightbox pp\"><span><span class=\"screen-reader-text\">Play Video<\/span><span class=\"play\"><span class=\"inner-wrap inner\"><svg role=\"none\" version=\"1.1\"\n\t xmlns=\"http:\/\/www.w3.org\/2000\/svg\" xmlns:xlink=\"http:\/\/www.w3.org\/1999\/xlink\" width=\"600px\" height=\"800px\" x=\"0px\" y=\"0px\" viewbox=\"0 0 600 800\" enable-background=\"new 0 0 600 800\" xml:space=\"preserve\"><path fill=\"none\" d=\"M0-1.79v800L600,395L0-1.79z\"><\/path> <\/svg><\/span><\/span><\/span><\/a><\/div><\/div>\n\t\t\t<\/div> \n\t\t<\/div>\n\t<\/div> \n<\/div><\/div>\n\t\t<div id=\"fws_69d0aa199d26b\"  data-column-margin=\"default\" data-midnight=\"dark\"  class=\"wpb_row vc_row-fluid vc_row  right_padding_50px left_padding_50px\"  style=\"padding-top: 0px; padding-bottom: 0px; \"><div class=\"row-bg-wrap\" data-bg-animation=\"none\" data-bg-animation-delay=\"\" data-bg-overlay=\"false\"><div class=\"inner-wrap row-bg-layer\" ><div class=\"row-bg viewport-desktop\"  style=\"\"><\/div><\/div><\/div><div class=\"row_col_wrap_12 col span_12 dark left\">\n\t<div  class=\"vc_col-sm-12 wpb_column column_container vc_column_container col no-extra-padding inherit_tablet inherit_phone\"  data-padding-pos=\"all\" data-has-bg-color=\"false\" data-bg-color=\"\" data-bg-opacity=\"1\" data-animation=\"\" data-delay=\"0\" >\n\t\t<div class=\"vc_column-inner\" >\n\t\t\t<div class=\"wpb_wrapper\">\n\t\t\t\t\n<div class=\"wpb_text_column wpb_content_element  vc_custom_1760686909037\" >\n\t<h2><b>Lernen Sie uns besser kennen...<\/b><\/h2>\n<\/div>\n\n\n\n\n<div class=\"wpb_text_column wpb_content_element  vc_custom_1763385113729\" >\n\t<p data-start=\"0\" data-end=\"366\" style=\"text-align:justify;\">Mezon Logistics ist ein globaler Logistikanbieter, der sich auf nahtlose und durchg\u00e4ngige internationale Transportl\u00f6sungen spezialisiert hat. Mit einem starken Netzwerk, das sich \u00fcber Europa, die T\u00fcrkei, Zentralasien und die GUS-Region (Gemeinschaft Unabh\u00e4ngiger Staaten) erstreckt, bieten wir hochpr\u00e4zise verwaltete Logistikdienstleistungen an, die es Unternehmen erm\u00f6glichen, ihre globale Reichweite zu erweitern.<\/p>\n<p data-start=\"368\" data-end=\"754\">Mit jahrzehntelangem Branchen-Know-how und einem Team aus erfahrenen Fachleuten sorgen wir f\u00fcr einen reibungslosen Warenfluss \u00fcber komplexe internationale Handelskorridore. Unsere L\u00f6sungen sind mehr als nur Transport - wir optimieren Lieferketten, reduzieren Risiken und steigern die Effizienz, so dass wir die Logistik verwalten, w\u00e4hrend sich unsere Kunden auf das Wachstum konzentrieren.<\/p>\n<p data-start=\"756\" data-end=\"911\" data-is-last-node=\"\" data-is-only-node=\"\">Bei Mezon Logistics transportieren wir nicht nur Fracht - wir entwickeln L\u00f6sungen, bauen dauerhafte Gesch\u00e4ftspartnerschaften auf und definieren internationale Logistikstandards neu.<\/p>\n<\/div>\n\n\n\n\n\t\t\t<\/div> \n\t\t<\/div>\n\t<\/div> \n<\/div><\/div>\n\t\t<div id=\"misyonumuz\"  data-column-margin=\"none\" data-midnight=\"dark\" data-top-percent=\"5%\" data-bottom-percent=\"5%\"  class=\"wpb_row vc_row-fluid vc_row full-width-section has-row-bg-color  top_margin_100px bottom_margin_100px right_padding_6pct left_padding_6pct top_padding_tablet_10pct bottom_padding_tablet_20pct\"  style=\"padding-top: calc(100vw * 0.05); padding-bottom: calc(100vw * 0.05); --row-bg-color: #1E73BE;\"><div class=\"row-bg-wrap\" data-bg-animation=\"none\" data-bg-animation-delay=\"\" data-bg-overlay=\"false\"><div class=\"inner-wrap row-bg-layer\" ><div class=\"row-bg viewport-desktop using-bg-color\"  style=\"background-color: #1E73BE; \"><\/div><\/div><\/div><div class=\"nectar-shape-divider-wrap no-color\" style=\" height:50px;\"  data-height=\"50\" data-front=\"\" data-style=\"tilt_alt\" data-position=\"top\" ><svg class=\"nectar-shape-divider\" aria-hidden=\"true\" fill=\"\" xmlns=\"http:\/\/www.w3.org\/2000\/svg\" viewbox=\"0 0 100 10\" preserveaspectratio=\"none\"> <polygon points=\"100 10 100 0 -4 10\"><\/polygon> <\/svg><\/div><div class=\"nectar-shape-divider-wrap no-color\" style=\" height:50px;\"  data-height=\"50\" data-front=\"\" data-style=\"tilt_alt\" data-position=\"bottom\" ><svg class=\"nectar-shape-divider\" aria-hidden=\"true\" fill=\"\" xmlns=\"http:\/\/www.w3.org\/2000\/svg\" viewbox=\"0 0 100 10\" preserveaspectratio=\"none\"> <polygon points=\"100 10 100 0 -4 10\"><\/polygon> <\/svg><\/div><div class=\"row_col_wrap_12 col span_12 dark center\">\n\t<div  class=\"vc_col-sm-12 wpb_column column_container vc_column_container col no-extra-padding inherit_tablet inherit_phone\"  data-padding-pos=\"all\" data-has-bg-color=\"false\" data-bg-color=\"\" data-bg-opacity=\"1\" data-animation=\"\" data-delay=\"0\" >\n\t\t<div class=\"vc_column-inner\" >\n\t\t\t<div class=\"wpb_wrapper\">\n\t\t\t\t<div id=\"fws_69d0aa199fb83\" data-midnight=\"\" data-column-margin=\"none\" class=\"wpb_row vc_row-fluid vc_row inner_row vc_row-o-equal-height vc_row-flex vc_row-o-content-middle\"  style=\"\"><div class=\"row-bg-wrap\"> <div class=\"row-bg\" ><\/div> <\/div><div class=\"row_col_wrap_12_inner col span_12  center\">\n\t<div style=\" color: #ffffff;\" class=\"vc_col-sm-12 vc_col-xs-10 wpb_column column_container vc_column_container col child_column has-animation no-extra-padding el_spacing_0px inherit_tablet inherit_phone\" data-cfc=\"true\"  data-padding-pos=\"all\" data-has-bg-color=\"false\" data-bg-color=\"\" data-bg-opacity=\"1\" data-animation=\"fade-in-from-bottom\" data-delay=\"0\" >\n\t\t<div class=\"vc_column-inner\" >\n\t\t<div class=\"wpb_wrapper\">\n\t\t\t<div class=\"nectar-split-heading  font_size_2vw font_size_tablet_8vw font_size_phone_8vw font_line_height_2px\" data-align=\"center\" data-m-align=\"inherit\" data-text-effect=\"letter-reveal-bottom\" data-animation-type=\"line-reveal-by-space\" data-animation-delay=\"0\" data-animation-offset=\"\" data-m-rm-animation=\"\" data-stagger=\"true\" data-custom-font-size=\"true\" style=\"font-size: 2.5vw; line-height: 2.75vw;\"><h1 style=\" color: #ffffff;\">Unser Auftrag<\/h1><\/div><div class=\"nectar-highlighted-text font_size_28px font_line_height_2px\" data-style=\"scribble\" data-exp=\"default\" data-user-color=\"true\" style=\"color: #ffffff;\" data-using-custom-color=\"false\" data-animation-delay=\"false\" data-color=\"\" data-color-gradient=\"\"><p style=\"text-align: justify\" data-start=\"0\" data-end=\"337\">Wir wollen integrierte, intelligente und nachhaltige Logistikl\u00f6sungen anbieten, die \u00fcber den Transport hinausgehen. Mit unserer umfassenden Branchenkenntnis, fortschrittlichen Technologie und strategischen Partnerschaften wollen wir Lieferketten optimieren, operative Risiken minimieren und die Effizienz f\u00fcr unsere Kunden steigern.<\/p>\n<p data-start=\"0\" data-end=\"337\">\n<p style=\"text-align: justify\" data-start=\"339\" data-end=\"728\">Wir sind bestrebt, ma\u00dfgeschneiderte L\u00f6sungen f\u00fcr komplexe internationale Handels- und Logistikbed\u00fcrfnisse zu bieten, indem wir unsere fundierten Kenntnisse der Au\u00dfenhandelsgesetzgebung, der Zollverfahren und der regionalen Marktdynamik nutzen. Unser Ziel ist es, durch kosteneffiziente, zuverl\u00e4ssige und rechtskonforme Abl\u00e4ufe in Europa, der T\u00fcrkei, der GUS (Gemeinschaft Unabh\u00e4ngiger Staaten) und Asien einen langfristigen Mehrwert f\u00fcr unsere Kunden zu schaffen.<\/p>\n<p data-start=\"339\" data-end=\"728\">\n<p style=\"text-align: justify\" data-start=\"730\" data-end=\"941\" data-is-last-node=\"\" data-is-only-node=\"\">Durch die Kombination eines kundenorientierten Ansatzes mit operativer Exzellenz helfen wir Unternehmen, auf globaler Ebene zu wachsen und gleichzeitig nahtlose, effiziente und risikofreie Lieferketten aufrechtzuerhalten.<\/p>\n<\/div>\n\t\t<\/div> \n\t<\/div>\n\t<\/div> \n<\/div><\/div>\n\t\t\t<\/div> \n\t\t<\/div>\n\t<\/div> \n<\/div><\/div>\n\t\t<div id=\"fws_69d0aa19a0baa\"  data-column-margin=\"custom\" data-midnight=\"dark\" data-top-percent=\"8%\" data-bottom-percent=\"8%\"  class=\"wpb_row vc_row-fluid vc_row full-width-section  column-margin-5pct\"  style=\"padding-top: calc(100vw * 0.08); padding-bottom: calc(100vw * 0.08); \"><div class=\"row-bg-wrap\" data-bg-animation=\"none\" data-bg-animation-delay=\"\" data-bg-overlay=\"false\"><div class=\"inner-wrap row-bg-layer\" ><div class=\"row-bg viewport-desktop\"  style=\"\"><\/div><\/div><\/div><div class=\"row_col_wrap_12 col span_12 dark left\">\n\t<div style=\"\" class=\"vc_col-sm-4 vc_col-xs-3 vc_hidden-xs wpb_column column_container vc_column_container col nectar-sticky-column-css no-extra-padding inherit_tablet inherit_phone mask_shape_parallelogram mask_size_cover\" data-using-bg=\"true\" data-bg-cover=\"true\" data-padding-pos=\"all\" data-has-bg-color=\"false\" data-bg-color=\"\" data-bg-opacity=\"1\" data-animation=\"\" data-delay=\"0\" >\n\t\t<div class=\"n-sticky\"><div class=\"vc_column-inner\" ><div class=\"column-image-bg-wrap column-bg-layer viewport-desktop\" data-bg-pos=\"center center\" data-bg-animation=\"none\" data-bg-overlay=\"false\"><div class=\"inner-wrap\"><div class=\"column-image-bg\" style=\" background-image: url('https:\/\/i0.wp.com\/mezonlogistics.com\/wp-content\/uploads\/2025\/11\/vision_img.jpg?fit=2000%2C2000&#038;ssl=1'); \"><\/div><\/div><\/div>\n\t\t\t<div class=\"wpb_wrapper\">\n\t\t\t\t<div class=\"divider-wrap height_tablet_35vw height_phone_25vw\" data-alignment=\"default\"><div style=\"height: 45vh;\" class=\"divider\"><\/div><\/div>\n\t\t\t<\/div> \n\t\t<\/div><\/div>\n\t<\/div> \n\n\t<div  class=\"vc_col-sm-8 wpb_column column_container vc_column_container col no-extra-padding el_spacing_10px inherit_tablet inherit_phone\"  data-t-w-inherits=\"small_desktop\" data-padding-pos=\"all\" data-has-bg-color=\"false\" data-bg-color=\"\" data-bg-opacity=\"1\" data-animation=\"\" data-delay=\"0\" >\n\t\t<div class=\"vc_column-inner\" >\n\t\t\t<div class=\"wpb_wrapper\">\n\t\t\t\t<div class=\"nectar-split-heading  font_size_5vw font_size_tablet_8vw font_size_phone_7vw font_line_height_7vw\" data-align=\"default\" data-m-align=\"inherit\" data-text-effect=\"letter-reveal-bottom\" data-animation-type=\"line-reveal-by-space\" data-animation-delay=\"0\" data-animation-offset=\"\" data-m-rm-animation=\"\" data-stagger=\"true\" data-custom-font-size=\"true\" style=\"font-size: 5vw; line-height: 5.5vw;\"><h1 style=\" color: #55565a;\">Unsere Vision<\/h1><\/div><div class=\"nectar-split-heading  font_size_1vw font_size_max_90px font_size_tablet_7vw font_size_phone_25px font_line_height_1-5  manifesto-bosluk custom-trigger scroll-timeline\" data-align=\"default\" data-m-align=\"inherit\" data-text-effect=\"scroll-opacity-reveal\" data-animation-type=\"line-reveal-by-space\" data-animation-delay=\"0\" data-animation-offset=\"\" data-m-rm-animation=\"\" data-stagger=\"true\" data-custom-font-size=\"true\" style=\"font-size: 1.5vw; line-height: 1.65vw;\"><h3 >Mezon Logistics strebt an, ein f\u00fchrender globaler Logistikanbieter zu werden, der f\u00fcr seine Kompetenz, Zuverl\u00e4ssigkeit und Innovation bekannt ist. Unser Ziel ist es, unsere F\u00fchrungsposition auf den europ\u00e4ischen und asiatischen Logistikm\u00e4rkten zu st\u00e4rken und uns als zuverl\u00e4ssiger Gesch\u00e4ftspartner f\u00fcr den internationalen Handel und das Lieferkettenmanagement zu positionieren.<\/h3><\/div><div class=\"nectar-split-heading  font_size_1vw font_size_max_90px font_size_tablet_7vw font_size_phone_25px font_line_height_1-5  manifesto-bosluk custom-trigger scroll-timeline\" data-align=\"default\" data-m-align=\"inherit\" data-text-effect=\"scroll-opacity-reveal\" data-animation-type=\"line-reveal-by-space\" data-animation-delay=\"0\" data-animation-offset=\"\" data-m-rm-animation=\"\" data-stagger=\"true\" data-custom-font-size=\"true\" style=\"font-size: 1.5vw; line-height: 1.65vw;\"><h3 >Auf diese Weise versuchen wir, Spitzenleistungen in der Logistik neu zu definieren:<\/h3><\/div><div class=\"nectar-split-heading  font_size_1vw font_size_max_90px font_size_tablet_7vw font_size_phone_25px font_line_height_1-5  manifesto-bosluk custom-trigger scroll-timeline\" data-align=\"default\" data-m-align=\"inherit\" data-text-effect=\"scroll-opacity-reveal\" data-animation-type=\"line-reveal-by-space\" data-animation-delay=\"0\" data-animation-offset=\"\" data-m-rm-animation=\"\" data-stagger=\"true\" data-custom-font-size=\"true\" style=\"font-size: 1.5vw; line-height: 1.65vw;\"><h3 >Wir bringen Ost und West mit nahtlosen Transport- und Handelsl\u00f6sungen zusammen,<\/h3><\/div><div class=\"nectar-split-heading  font_size_1vw font_size_max_90px font_size_tablet_7vw font_size_phone_25px font_line_height_1-5  manifesto-bosluk custom-trigger scroll-timeline\" data-align=\"default\" data-m-align=\"inherit\" data-text-effect=\"scroll-opacity-reveal\" data-animation-type=\"line-reveal-by-space\" data-animation-delay=\"0\" data-animation-offset=\"\" data-m-rm-animation=\"\" data-stagger=\"true\" data-custom-font-size=\"true\" style=\"font-size: 1.5vw; line-height: 1.65vw;\"><h3 >Einsatz fortschrittlicher Technologie f\u00fcr Echtzeit-Transparenz und betriebliche Effizienz,<\/h3><\/div><div class=\"nectar-split-heading  font_size_1vw font_size_max_90px font_size_tablet_7vw font_size_phone_25px font_line_height_1-5  manifesto-bosluk custom-trigger scroll-timeline\" data-align=\"default\" data-m-align=\"inherit\" data-text-effect=\"scroll-opacity-reveal\" data-animation-type=\"line-reveal-by-space\" data-animation-delay=\"0\" data-animation-offset=\"\" data-m-rm-animation=\"\" data-stagger=\"true\" data-custom-font-size=\"true\" style=\"font-size: 1.5vw; line-height: 1.65vw;\"><h3 >Aufbau langfristiger, strategischer Partnerschaften auf der Grundlage von Vertrauen, Fachwissen und Kundenerfolg,<\/h3><\/div><div class=\"nectar-split-heading  font_size_1vw font_size_max_90px font_size_tablet_7vw font_size_phone_25px font_line_height_1-5  manifesto-bosluk custom-trigger scroll-timeline\" data-align=\"default\" data-m-align=\"inherit\" data-text-effect=\"scroll-opacity-reveal\" data-animation-type=\"line-reveal-by-space\" data-animation-delay=\"0\" data-animation-offset=\"\" data-m-rm-animation=\"\" data-stagger=\"true\" data-custom-font-size=\"true\" style=\"font-size: 1.5vw; line-height: 1.65vw;\"><h3 >Entwicklung zukunftsf\u00e4higer Logistikl\u00f6sungen unter Ber\u00fccksichtigung von Nachhaltigkeit und Umweltverantwortung.<\/h3><\/div><div class=\"nectar-split-heading  font_size_1vw font_size_max_90px font_size_tablet_7vw font_size_phone_25px font_line_height_1-5  manifesto-bosluk custom-trigger scroll-timeline\" data-align=\"default\" data-m-align=\"inherit\" data-text-effect=\"scroll-opacity-reveal\" data-animation-type=\"line-reveal-by-space\" data-animation-delay=\"0\" data-animation-offset=\"\" data-m-rm-animation=\"\" data-stagger=\"true\" data-custom-font-size=\"true\" style=\"font-size: 1.5vw; line-height: 1.65vw;\"><h3 >Unser Ziel ist es, neue Standards im globalen Handel und in der Logistik zu setzen, indem wir uns st\u00e4ndig an Branchentrends und Gesetzes\u00e4nderungen anpassen und daf\u00fcr sorgen, dass unsere Kunden sicher und effektiv auf internationalen M\u00e4rkten agieren k\u00f6nnen.<\/h3><\/div><div class=\"divider-wrap\" data-alignment=\"default\"><div style=\"height: 3vw;\" class=\"divider\"><\/div><\/div><div class=\"divider-wrap\" data-alignment=\"default\"><div style=\"height: 250px;\" class=\"divider\"><\/div><\/div>\n\t\t\t<\/div> \n\t\t<\/div>\n\t<\/div> \n<\/div><\/div>","protected":false},"excerpt":{"rendered":"Hakk\u0131m\u0131zda Play VideoPlay Video Bizi yak\u0131ndan tan\u0131y\u0131n... Mezon Lojistik, kesintisiz ve u\u00e7tan uca uluslararas\u0131 ta\u015f\u0131mac\u0131l\u0131k \u00e7\u00f6z\u00fcmlerinde uzmanla\u015fm\u0131\u015f k\u00fcresel bir lojistik sa\u011flay\u0131c\u0131s\u0131d\u0131r. Avrupa, T\u00fcrkiye, Orta Asya ve BDT (Ba\u011f\u0131ms\u0131z Devletler Toplulu\u011fu)...","protected":false},"author":1,"featured_media":0,"parent":0,"menu_order":0,"comment_status":"closed","ping_status":"closed","template":"","meta":{"inline_featured_image":false,"footnotes":""},"class_list":["post-6","page","type-page","status-publish"],"yoast_head":"<!-- This site is optimized with the Yoast SEO Premium plugin v25.6 (Yoast SEO v26.6) - https:\/\/yoast.com\/wordpress\/plugins\/seo\/ -->\n<title>Kurumsal - Mezon Lojistik<\/title>\n<meta name=\"robots\" content=\"index, follow, max-snippet:-1, max-image-preview:large, max-video-preview:-1\" \/>\n<link rel=\"canonical\" href=\"https:\/\/mezonlogistics.com\/de\/unternehmen\/\" \/>\n<meta property=\"og:locale\" content=\"de_DE\" \/>\n<meta property=\"og:type\" content=\"article\" \/>\n<meta property=\"og:title\" content=\"Kurumsal\" \/>\n<meta property=\"og:url\" content=\"https:\/\/mezonlogistics.com\/de\/unternehmen\/\" \/>\n<meta property=\"og:site_name\" content=\"Mezon Lojistik\" \/>\n<meta property=\"article:modified_time\" content=\"2025-11-28T14:07:29+00:00\" \/>\n<meta name=\"twitter:card\" content=\"summary_large_image\" \/>\n<script type=\"application\/ld+json\" class=\"yoast-schema-graph\">{\"@context\":\"https:\/\/schema.org\",\"@graph\":[{\"@type\":\"WebPage\",\"@id\":\"https:\/\/mezonlogistics.com\/kurumsal\/\",\"url\":\"https:\/\/mezonlogistics.com\/kurumsal\/\",\"name\":\"Kurumsal - Mezon Lojistik\",\"isPartOf\":{\"@id\":\"\/#website\"},\"datePublished\":\"2021-11-14T01:42:25+00:00\",\"dateModified\":\"2025-11-28T14:07:29+00:00\",\"breadcrumb\":{\"@id\":\"https:\/\/mezonlogistics.com\/kurumsal\/#breadcrumb\"},\"inLanguage\":\"de\",\"potentialAction\":[{\"@type\":\"ReadAction\",\"target\":[\"https:\/\/mezonlogistics.com\/kurumsal\/\"]}]},{\"@type\":\"BreadcrumbList\",\"@id\":\"https:\/\/mezonlogistics.com\/kurumsal\/#breadcrumb\",\"itemListElement\":[{\"@type\":\"ListItem\",\"position\":1,\"name\":\"Home\",\"item\":\"https:\/\/mezonlogistics.com\/\"},{\"@type\":\"ListItem\",\"position\":2,\"name\":\"Kurumsal\"}]},{\"@type\":\"WebSite\",\"@id\":\"\/#website\",\"url\":\"\/\",\"name\":\"Mezon Lojistik\",\"description\":\"Connecting Continents Empowering Trade.\",\"publisher\":{\"@id\":\"\/#organization\"},\"potentialAction\":[{\"@type\":\"SearchAction\",\"target\":{\"@type\":\"EntryPoint\",\"urlTemplate\":\"\/?s={search_term_string}\"},\"query-input\":{\"@type\":\"PropertyValueSpecification\",\"valueRequired\":true,\"valueName\":\"search_term_string\"}}],\"inLanguage\":\"de\"},{\"@type\":\"Organization\",\"@id\":\"\/#organization\",\"name\":\"Mezon Lojistik\",\"alternateName\":\"Mezon\",\"url\":\"\/\",\"logo\":{\"@type\":\"ImageObject\",\"inLanguage\":\"de\",\"@id\":\"\/#\/schema\/logo\/image\/\",\"url\":\"https:\/\/i0.wp.com\/mezonlogistics.com\/wp-content\/uploads\/2025\/11\/mezon_logo_rv.png?fit=2425%2C1016&ssl=1\",\"contentUrl\":\"https:\/\/i0.wp.com\/mezonlogistics.com\/wp-content\/uploads\/2025\/11\/mezon_logo_rv.png?fit=2425%2C1016&ssl=1\",\"width\":2425,\"height\":1016,\"caption\":\"Mezon Lojistik\"},\"image\":{\"@id\":\"\/#\/schema\/logo\/image\/\"},\"email\":\"info@mezonlogistics.com\",\"telephone\":\"+90 216 501 0220\",\"legalName\":\"Mezon Lojistik A.\u015e.\",\"foundingDate\":\"1990-01-19\",\"vatID\":\"6201161310\",\"taxID\":\"6201161310\",\"numberOfEmployees\":{\"@type\":\"QuantitativeValue\",\"minValue\":\"5001\",\"maxValue\":\"10000\"}}]}<\/script>\n<!-- \/ Yoast SEO Premium plugin. -->","yoast_head_json":{"title":"Unternehmen - Mezon Logistics","robots":{"index":"index","follow":"follow","max-snippet":"max-snippet:-1","max-image-preview":"max-image-preview:large","max-video-preview":"max-video-preview:-1"},"canonical":"https:\/\/mezonlogistics.com\/de\/unternehmen\/","og_locale":"de_DE","og_type":"article","og_title":"Kurumsal","og_url":"https:\/\/mezonlogistics.com\/de\/unternehmen\/","og_site_name":"Mezon Lojistik","article_modified_time":"2025-11-28T14:07:29+00:00","twitter_card":"summary_large_image","schema":{"@context":"https:\/\/schema.org","@graph":[{"@type":"WebPage","@id":"https:\/\/mezonlogistics.com\/kurumsal\/","url":"https:\/\/mezonlogistics.com\/kurumsal\/","name":"Unternehmen - Mezon Logistics","isPartOf":{"@id":"\/#website"},"datePublished":"2021-11-14T01:42:25+00:00","dateModified":"2025-11-28T14:07:29+00:00","breadcrumb":{"@id":"https:\/\/mezonlogistics.com\/kurumsal\/#breadcrumb"},"inLanguage":"de","potentialAction":[{"@type":"ReadAction","target":["https:\/\/mezonlogistics.com\/kurumsal\/"]}]},{"@type":"BreadcrumbList","@id":"https:\/\/mezonlogistics.com\/kurumsal\/#breadcrumb","itemListElement":[{"@type":"ListItem","position":1,"name":"Home","item":"https:\/\/mezonlogistics.com\/"},{"@type":"ListItem","position":2,"name":"Kurumsal"}]},{"@type":"WebSite","@id":"\/#website","url":"\/","name":"Mezon Logistik","description":"Kontinente verbinden - Handel st\u00e4rken.","publisher":{"@id":"\/#organization"},"potentialAction":[{"@type":"SearchAction","target":{"@type":"EntryPoint","urlTemplate":"\/?s={search_term_string}"},"query-input":{"@type":"PropertyValueSpecification","valueRequired":true,"valueName":"search_term_string"}}],"inLanguage":"de"},{"@type":"Organization","@id":"\/#organization","name":"Mezon Logistik","alternateName":"Mezon","url":"\/","logo":{"@type":"ImageObject","inLanguage":"de","@id":"\/#\/schema\/logo\/image\/","url":"https:\/\/i0.wp.com\/mezonlogistics.com\/wp-content\/uploads\/2025\/11\/mezon_logo_rv.png?fit=2425%2C1016&ssl=1","contentUrl":"https:\/\/i0.wp.com\/mezonlogistics.com\/wp-content\/uploads\/2025\/11\/mezon_logo_rv.png?fit=2425%2C1016&ssl=1","width":2425,"height":1016,"caption":"Mezon Lojistik"},"image":{"@id":"\/#\/schema\/logo\/image\/"},"email":"info@mezonlogistics.com","telephone":"+90 216 501 0220","legalName":"Mezon Lojistik A.\u015e.","foundingDate":"1990-01-19","vatID":"6201161310","taxID":"6201161310","numberOfEmployees":{"@type":"QuantitativeValue","minValue":"5001","maxValue":"10000"}}]}},"jetpack_sharing_enabled":true,"_links":{"self":[{"href":"https:\/\/mezonlogistics.com\/de\/wp-json\/wp\/v2\/pages\/6","targetHints":{"allow":["GET"]}}],"collection":[{"href":"https:\/\/mezonlogistics.com\/de\/wp-json\/wp\/v2\/pages"}],"about":[{"href":"https:\/\/mezonlogistics.com\/de\/wp-json\/wp\/v2\/types\/page"}],"author":[{"embeddable":true,"href":"https:\/\/mezonlogistics.com\/de\/wp-json\/wp\/v2\/users\/1"}],"replies":[{"embeddable":true,"href":"https:\/\/mezonlogistics.com\/de\/wp-json\/wp\/v2\/comments?post=6"}],"version-history":[{"count":151,"href":"https:\/\/mezonlogistics.com\/de\/wp-json\/wp\/v2\/pages\/6\/revisions"}],"predecessor-version":[{"id":75935,"href":"https:\/\/mezonlogistics.com\/de\/wp-json\/wp\/v2\/pages\/6\/revisions\/75935"}],"wp:attachment":[{"href":"https:\/\/mezonlogistics.com\/de\/wp-json\/wp\/v2\/media?parent=6"}],"curies":[{"name":"wp","href":"https:\/\/api.w.org\/{rel}","templated":true}]}}