{"id":71313,"date":"2025-04-08T13:13:31","date_gmt":"2025-04-08T10:13:31","guid":{"rendered":"https:\/\/ekol.dev\/?page_id=71313"},"modified":"2025-10-19T19:01:00","modified_gmt":"2025-10-19T16:01:00","slug":"karayolu-tasimaciligi","status":"publish","type":"page","link":"https:\/\/mezonlogistics.com\/de\/strasenverkehr\/","title":{"rendered":"Stra\u00dfenverkehr"},"content":{"rendered":"<div id=\"depo-yonetimi\"  data-column-margin=\"default\" data-midnight=\"light\"  class=\"wpb_row vc_row-fluid vc_row full-width-section\"  style=\"padding-top: 150px; padding-bottom: 150px; \"><div class=\"row-bg-wrap\" data-bg-animation=\"none\" data-bg-animation-delay=\"\" data-bg-overlay=\"true\"><div class=\"inner-wrap row-bg-layer using-image\" ><div class=\"row-bg viewport-desktop using-image\"  style=\"background-image: url(https:\/\/i0.wp.com\/mezonlogistics.com\/wp-content\/uploads\/2025\/10\/mezon_2_1truck.png?fit=1200%2C675&#038;ssl=1); background-position: center center; background-repeat: no-repeat; \"><\/div><\/div><div class=\"row-bg-overlay row-bg-layer\" style=\"background: #000000; background: linear-gradient(90deg,#000000 10%,rgba(255,255,255,0.001) 75%);  opacity: 0.8; background: #000000; background: linear-gradient(90deg,#000000 0%,rgba(255,255,255,0.001) 100%);  opacity: 0.8; \"><\/div><\/div><div class=\"row_col_wrap_12 col span_12 light left\">\n\t<div style=\"margin-top: 5%; \" class=\"vc_col-sm-6 wpb_column column_container vc_column_container col no-extra-padding inherit_tablet inherit_phone\"  data-padding-pos=\"all\" data-has-bg-color=\"false\" data-bg-color=\"\" data-bg-opacity=\"1\" data-animation=\"\" data-delay=\"0\" >\n\t\t<div class=\"vc_column-inner\" >\n\t\t\t<div class=\"wpb_wrapper\">\n\t\t\t\t<div class=\"nectar-split-heading  font_size_4vw\" data-align=\"default\" data-m-align=\"inherit\" data-text-effect=\"letter-reveal-bottom\" data-animation-type=\"line-reveal-by-space\" data-animation-delay=\"0\" data-animation-offset=\"\" data-m-rm-animation=\"\" data-stagger=\"\" data-custom-font-size=\"true\" style=\"font-size: 4.5vw; line-height: 4.95vw;\"><h1 style=\" color: #FFFFFF;\">Stra\u00dfenverkehr<\/h1><\/div>\n\t\t\t<\/div> \n\t\t<\/div>\n\t<\/div> \n\n\t<div  class=\"vc_col-sm-6 wpb_column column_container vc_column_container col no-extra-padding inherit_tablet inherit_phone\"  data-padding-pos=\"all\" data-has-bg-color=\"false\" data-bg-color=\"\" data-bg-opacity=\"1\" data-animation=\"\" data-delay=\"0\" >\n\t\t<div class=\"vc_column-inner\" >\n\t\t\t<div class=\"wpb_wrapper\">\n\t\t\t\t\n\t\t\t<\/div> \n\t\t<\/div>\n\t<\/div> \n<\/div><\/div>\n\t\t<div id=\"fws_69ee36cdf27cf\"  data-column-margin=\"default\" data-midnight=\"dark\"  class=\"wpb_row vc_row-fluid vc_row\"  style=\"padding-top: 100px; padding-bottom: 0px; \"><div class=\"row-bg-wrap\" data-bg-animation=\"none\" data-bg-animation-delay=\"\" data-bg-overlay=\"false\"><div class=\"inner-wrap row-bg-layer\" ><div class=\"row-bg viewport-desktop\"  style=\"\"><\/div><\/div><\/div><div class=\"row_col_wrap_12 col span_12 dark left\">\n\t<div  class=\"vc_col-sm-12 wpb_column column_container vc_column_container col no-extra-padding inherit_tablet inherit_phone\"  data-padding-pos=\"all\" data-has-bg-color=\"false\" data-bg-color=\"\" data-bg-opacity=\"1\" data-animation=\"\" data-delay=\"0\" >\n\t\t<div class=\"vc_column-inner\" >\n\t\t\t<div class=\"wpb_wrapper\">\n\t\t\t\t<div class=\"nectar-split-heading  font_size_1vw\" data-align=\"default\" data-m-align=\"inherit\" data-text-effect=\"letter-reveal-bottom\" data-animation-type=\"line-reveal-by-space\" data-animation-delay=\"0\" data-animation-offset=\"\" data-m-rm-animation=\"\" data-stagger=\"\" data-custom-font-size=\"true\" style=\"font-size: 1.7vw; line-height: 1.87vw;\"><h4 style=\" color: #55565a;\">Schnelle und effiziente Transportdienste mit breitem Servicenetz an jedem Punkt<\/h4><\/div>\n<div class=\"wpb_text_column wpb_content_element  vc_custom_1760888649509\" >\n\t<ul class=\"mezon-liste\">\n<li>Umfassende FTL- (Full Truck Load) und LTL-Dienste (Partial Truck Load) in Europa, der T\u00fcrkei, Russland und den GUS-L\u00e4ndern.<\/li>\n<li>Nahtlose Abl\u00e4ufe mit End-to-End-Logistikl\u00f6sungen, die Transport, Zollabfertigung und Au\u00dfenhandelsexpertise integrieren.<\/li>\n<li>Optimierter Fuhrpark f\u00fcr p\u00fcnktliche, sichere und den internationalen Handelsanforderungen entsprechende Lieferungen.<\/li>\n<li>Minimierung von Verz\u00f6gerungen und Kosten durch fundierte Branchenkenntnisse \u00fcber die Komplexit\u00e4t der grenz\u00fcberschreitenden Logistik und der Handelsvorschriften.<\/li>\n<\/ul>\n<\/div>\n\n\n\n\n<div class=\"wpb_text_column wpb_content_element  vc_custom_1760888371048\" >\n\t<div class=\"wpb_row vc_row vc_row-fluid mk-fullwidth-false attched-false vc_custom_1650856733808 js-master-row mk-grid mk-in-viewport\" data-mk-stretch-content=\"true\">\n<div class=\"vc_col-sm-12 wpb_column column_container _ height-full\">\n<div class=\"vc_custom_1740574413666\">\n<div id=\"text-block-13\" class=\"mk-text-block\">\n<div id=\"text-block-8\" class=\"mk-text-block\">\n<div id=\"text-block-17\" class=\"mk-text-block\">\n<p>Mezon, das die Technologie auf dem h\u00f6chsten Niveau h\u00e4lt und stets bedeutende Investitionen in die technologische Infrastruktur mit einer innovativen Perspektive t\u00e4tigt, bietet Teil- und Komplettdienstleistungen f\u00fcr den Fahrzeugtransport zwischen Europa, der T\u00fcrkei, Russland, der Ukraine und den GUS-L\u00e4ndern.<\/p>\n<\/div>\n<\/div>\n<\/div>\n<\/div>\n<\/div>\n<\/div>\n<\/div>\n\n\n\n\n<div class=\"wpb_text_column wpb_content_element  vc_custom_1760888674588\" >\n\t<ul class=\"mezon-liste\">\n<li>Transparenter, qualitativ hochwertiger und zuverl\u00e4ssiger Service<\/li>\n<li>Kontinuierlich weiterentwickelte Auftragsverwaltungssysteme sorgen f\u00fcr Effizienz in der Betriebsf\u00fchrung und bieten gleichzeitig R\u00fcckverfolgbarkeit, einfache Nachverfolgung und Transparenz f\u00fcr die Kunden.<\/li>\n<li>Mezon, das seine Dienstleistungen unter Verwendung der effizientesten Transportmodelle anbietet, entwickelt spezielle L\u00f6sungen f\u00fcr viele verschiedene Sektoren, insbesondere f\u00fcr die Automobil-, FMCG-, Gesundheits-, E-Commerce-, Einzelhandels- und Textil-, Fertigungs- und Elektronikbranche.<\/li>\n<li>Mit seinem weit verzweigten Servicenetz, starken Vertretungen in der ganzen Welt, operativem und sektoralem Fachwissen, kundenorientierten L\u00f6sungen, einem Team, das ein echtes Kundenbeziehungsmanagement betreibt, Auftragsverwaltungssystemen, Speditionskompetenzen, einem modernen und umweltfreundlichen Fuhrpark bietet Mezon einen transparenten, hochwertigen und zuverl\u00e4ssigen Service.<\/li>\n<\/ul>\n<\/div>\n\n\n\n\n\t\t\t<\/div> \n\t\t<\/div>\n\t<\/div> \n<\/div><\/div>\n\t\t<div id=\"fws_69ee36cdf3b41\"  data-column-margin=\"default\" data-midnight=\"light\"  class=\"wpb_row vc_row-fluid vc_row full-width-section vc_row-o-equal-height vc_row-flex vc_row-o-content-middle\"  style=\"padding-top: 80px; padding-bottom: 80px; \"><div class=\"row-bg-wrap\" data-bg-animation=\"zoom-out-slow\" data-bg-animation-delay=\"\" data-bg-overlay=\"true\"><div class=\"inner-wrap row-bg-layer using-image\" ><div class=\"row-bg viewport-desktop using-image using-bg-color\"  style=\"background-image: url(https:\/\/i0.wp.com\/mezonlogistics.com\/wp-content\/uploads\/2025\/10\/mezon_2_1truck.png?fit=1200%2C675&#038;ssl=1); background-position: center center; background-repeat: no-repeat; background-color: #ffffff; \"><\/div><\/div><div class=\"row-bg-overlay row-bg-layer\" style=\"background-color:#282828;  opacity: 0.8; \"><\/div><\/div><div class=\"nectar-shape-divider-wrap no-color\" style=\" height:50px;\"  data-height=\"50\" data-front=\"\" data-style=\"tilt\" data-position=\"top\" ><svg class=\"nectar-shape-divider\" aria-hidden=\"true\" fill=\"\" xmlns=\"http:\/\/www.w3.org\/2000\/svg\" viewbox=\"0 0 100 10\" preserveaspectratio=\"none\"> <polygon points=\"104 10 0 0 0 10\"><\/polygon> <\/svg><\/div><div class=\"row_col_wrap_12 col span_12 light left\">\n\t<div  class=\"vc_col-sm-5 wpb_column column_container vc_column_container col no-extra-padding force-tablet-text-align-center force-phone-text-align-center inherit_tablet inherit_phone\"  data-padding-pos=\"all\" data-has-bg-color=\"false\" data-bg-color=\"\" data-bg-opacity=\"1\" data-animation=\"\" data-delay=\"0\" >\n\t\t<div class=\"vc_column-inner\" >\n\t\t\t<div class=\"wpb_wrapper\">\n\t\t\t\t<div class=\"nectar-highlighted-text\" data-style=\"half_text\" data-exp=\"default\" data-using-custom-color=\"true\" data-animation-delay=\"false\" data-color=\"#ff1053\" data-color-gradient=\"\" style=\"\"><h2>Hohe Standards<br \/>\n<strong>Transport-Dienstleistungen<\/strong><\/h2>\n<\/div>\n<div class=\"wpb_text_column wpb_content_element  vc_custom_1760888777375\" >\n\t<div class=\"wpb_text_column wpb_content_element\">\n<div class=\"wpb_wrapper\">\n<p>Holen Sie sich ein Angebot f\u00fcr die hohe Servicequalit\u00e4t von Mezon.<\/p>\n<\/div>\n<\/div>\n<\/div>\n\n\n\n\n\t\t\t<\/div> \n\t\t<\/div>\n\t<\/div> \n\n\t<div  class=\"vc_col-sm-1 wpb_column column_container vc_column_container col no-extra-padding force-tablet-text-align-center force-phone-text-align-center inherit_tablet inherit_phone\"  data-padding-pos=\"all\" data-has-bg-color=\"false\" data-bg-color=\"\" data-bg-opacity=\"1\" data-animation=\"\" data-delay=\"0\" >\n\t\t<div class=\"vc_column-inner\" >\n\t\t\t<div class=\"wpb_wrapper\">\n\t\t\t\t\n\t\t\t<\/div> \n\t\t<\/div>\n\t<\/div> \n\n\t<div  class=\"vc_col-sm-6 wpb_column column_container vc_column_container col no-extra-padding force-tablet-text-align-center force-phone-text-align-center inherit_tablet inherit_phone\"  data-padding-pos=\"all\" data-has-bg-color=\"false\" data-bg-color=\"\" data-bg-opacity=\"1\" data-animation=\"\" data-delay=\"0\" >\n\t\t<div class=\"vc_column-inner\" >\n\t\t\t<div class=\"wpb_wrapper\">\n\t\t\t\t<div id=\"fws_69ee36ce01093\" data-midnight=\"\" data-column-margin=\"default\" class=\"wpb_row vc_row-fluid vc_row inner_row\"  style=\"\"><div class=\"row-bg-wrap\"> <div class=\"row-bg\" ><\/div> <\/div><div class=\"row_col_wrap_12_inner col span_12  right\">\n\t<div  class=\"vc_col-sm-12 wpb_column column_container vc_column_container col child_column no-extra-padding inherit_tablet inherit_phone\"   data-padding-pos=\"all\" data-has-bg-color=\"false\" data-bg-color=\"\" data-bg-opacity=\"1\" data-animation=\"\" data-delay=\"0\" >\n\t\t<div class=\"vc_column-inner\" >\n\t\t<div class=\"wpb_wrapper\">\n\t\t\t<a class=\"nectar-button jumbo see-through-2  has-icon wpb_animate_when_almost_visible wpb_lightSpeedIn lightSpeedIn\"  role=\"button\" style=\"margin-top: 50px; border-color: #ffffff; color: #ffffff;\"  href=\"https:\/\/mezonlogistics.com\/de\/serviceanfrage\/\" data-color-override=\"#ffffff\"  data-hover-color-override=\"#ffffff\" data-hover-text-color-override=\"#000000\"><span>Angebot erhalten<\/span><i  class=\"icon-button-arrow\"><\/i><\/a>\n\t\t<\/div> \n\t<\/div>\n\t<\/div> \n<\/div><\/div>\n\t\t\t<\/div> \n\t\t<\/div>\n\t<\/div> \n<\/div><\/div>","protected":false},"excerpt":{"rendered":"Karayolu Ta\u015f\u0131mac\u0131l\u0131\u011f\u0131 Her Noktada Geni\u015f Hizmet A\u011f\u0131 ile H\u0131zl\u0131 ve Etkin Ta\u015f\u0131mac\u0131l\u0131k Servisleri Avrupa, T\u00fcrkiye, Rusya ve BDT \u00fclkelerinde kapsaml\u0131 FTL (Tam Kamyon Y\u00fck\u00fc) ve LTL (Parsiyel Y\u00fck) hizmetleri. Ta\u015f\u0131mac\u0131l\u0131k,...","protected":false},"author":1,"featured_media":0,"parent":0,"menu_order":0,"comment_status":"closed","ping_status":"closed","template":"","meta":{"inline_featured_image":false,"footnotes":""},"class_list":["post-71313","page","type-page","status-publish"],"yoast_head":"<!-- This site is optimized with the Yoast SEO Premium plugin v25.6 (Yoast SEO v27.3) - https:\/\/yoast.com\/product\/yoast-seo-premium-wordpress\/ -->\n<title>Karayolu Ta\u015f\u0131mac\u0131l\u0131\u011f\u0131 - Mezon Lojistik<\/title>\n<meta name=\"robots\" content=\"index, follow, max-snippet:-1, max-image-preview:large, max-video-preview:-1\" \/>\n<link rel=\"canonical\" href=\"https:\/\/mezonlogistics.com\/de\/strasenverkehr\/\" \/>\n<meta property=\"og:locale\" content=\"de_DE\" \/>\n<meta property=\"og:type\" content=\"article\" \/>\n<meta property=\"og:title\" content=\"Karayolu Ta\u015f\u0131mac\u0131l\u0131\u011f\u0131\" \/>\n<meta property=\"og:url\" content=\"https:\/\/mezonlogistics.com\/de\/strasenverkehr\/\" \/>\n<meta property=\"og:site_name\" content=\"Mezon Lojistik\" \/>\n<meta property=\"article:modified_time\" content=\"2025-10-19T16:01:00+00:00\" \/>\n<meta name=\"twitter:card\" content=\"summary_large_image\" \/>\n<meta name=\"twitter:label1\" content=\"Gesch\u00e4tzte Lesezeit\" \/>\n\t<meta name=\"twitter:data1\" content=\"13\u00a0Minuten\" \/>\n<script type=\"application\/ld+json\" class=\"yoast-schema-graph\">{\"@context\":\"https:\\\/\\\/schema.org\",\"@graph\":[{\"@type\":\"WebPage\",\"@id\":\"https:\\\/\\\/mezonlogistics.com\\\/karayolu-tasimaciligi\\\/\",\"url\":\"https:\\\/\\\/mezonlogistics.com\\\/karayolu-tasimaciligi\\\/\",\"name\":\"Karayolu Ta\u015f\u0131mac\u0131l\u0131\u011f\u0131 - Mezon Lojistik\",\"isPartOf\":{\"@id\":\"\\\/#website\"},\"datePublished\":\"2025-04-08T10:13:31+00:00\",\"dateModified\":\"2025-10-19T16:01:00+00:00\",\"breadcrumb\":{\"@id\":\"https:\\\/\\\/mezonlogistics.com\\\/karayolu-tasimaciligi\\\/#breadcrumb\"},\"inLanguage\":\"de\",\"potentialAction\":[{\"@type\":\"ReadAction\",\"target\":[\"https:\\\/\\\/mezonlogistics.com\\\/karayolu-tasimaciligi\\\/\"]}]},{\"@type\":\"BreadcrumbList\",\"@id\":\"https:\\\/\\\/mezonlogistics.com\\\/karayolu-tasimaciligi\\\/#breadcrumb\",\"itemListElement\":[{\"@type\":\"ListItem\",\"position\":1,\"name\":\"Home\",\"item\":\"https:\\\/\\\/mezonlogistics.com\\\/\"},{\"@type\":\"ListItem\",\"position\":2,\"name\":\"Karayolu Ta\u015f\u0131mac\u0131l\u0131\u011f\u0131\"}]},{\"@type\":\"WebSite\",\"@id\":\"\\\/#website\",\"url\":\"\\\/\",\"name\":\"Mezon Lojistik\",\"description\":\"Connecting Continents Empowering Trade.\",\"publisher\":{\"@id\":\"\\\/#organization\"},\"potentialAction\":[{\"@type\":\"SearchAction\",\"target\":{\"@type\":\"EntryPoint\",\"urlTemplate\":\"\\\/?s={search_term_string}\"},\"query-input\":{\"@type\":\"PropertyValueSpecification\",\"valueRequired\":true,\"valueName\":\"search_term_string\"}}],\"inLanguage\":\"de\"},{\"@type\":\"Organization\",\"@id\":\"\\\/#organization\",\"name\":\"Mezon Lojistik\",\"alternateName\":\"Mezon\",\"url\":\"\\\/\",\"logo\":{\"@type\":\"ImageObject\",\"inLanguage\":\"de\",\"@id\":\"\\\/#\\\/schema\\\/logo\\\/image\\\/\",\"url\":\"https:\\\/\\\/i0.wp.com\\\/mezonlogistics.com\\\/wp-content\\\/uploads\\\/2025\\\/11\\\/mezon_logo_rv.png?fit=2425%2C1016&ssl=1\",\"contentUrl\":\"https:\\\/\\\/i0.wp.com\\\/mezonlogistics.com\\\/wp-content\\\/uploads\\\/2025\\\/11\\\/mezon_logo_rv.png?fit=2425%2C1016&ssl=1\",\"width\":2425,\"height\":1016,\"caption\":\"Mezon Lojistik\"},\"image\":{\"@id\":\"\\\/#\\\/schema\\\/logo\\\/image\\\/\"},\"email\":\"info@mezonlogistics.com\",\"telephone\":\"+90 216 501 0220\",\"legalName\":\"Mezon Lojistik A.\u015e.\",\"foundingDate\":\"1990-01-19\",\"vatID\":\"6201161310\",\"taxID\":\"6201161310\",\"numberOfEmployees\":{\"@type\":\"QuantitativeValue\",\"minValue\":\"5001\",\"maxValue\":\"10000\"}}]}<\/script>\n<!-- \/ Yoast SEO Premium plugin. -->","yoast_head_json":{"title":"Stra\u00dfentransport - Mezon Logistics","robots":{"index":"index","follow":"follow","max-snippet":"max-snippet:-1","max-image-preview":"max-image-preview:large","max-video-preview":"max-video-preview:-1"},"canonical":"https:\/\/mezonlogistics.com\/de\/strasenverkehr\/","og_locale":"de_DE","og_type":"article","og_title":"Karayolu Ta\u015f\u0131mac\u0131l\u0131\u011f\u0131","og_url":"https:\/\/mezonlogistics.com\/de\/strasenverkehr\/","og_site_name":"Mezon Lojistik","article_modified_time":"2025-10-19T16:01:00+00:00","twitter_card":"summary_large_image","twitter_misc":{"Gesch\u00e4tzte Lesezeit":"13\u00a0Minuten"},"schema":{"@context":"https:\/\/schema.org","@graph":[{"@type":"WebPage","@id":"https:\/\/mezonlogistics.com\/karayolu-tasimaciligi\/","url":"https:\/\/mezonlogistics.com\/karayolu-tasimaciligi\/","name":"Stra\u00dfentransport - Mezon Logistics","isPartOf":{"@id":"\/#website"},"datePublished":"2025-04-08T10:13:31+00:00","dateModified":"2025-10-19T16:01:00+00:00","breadcrumb":{"@id":"https:\/\/mezonlogistics.com\/karayolu-tasimaciligi\/#breadcrumb"},"inLanguage":"de","potentialAction":[{"@type":"ReadAction","target":["https:\/\/mezonlogistics.com\/karayolu-tasimaciligi\/"]}]},{"@type":"BreadcrumbList","@id":"https:\/\/mezonlogistics.com\/karayolu-tasimaciligi\/#breadcrumb","itemListElement":[{"@type":"ListItem","position":1,"name":"Home","item":"https:\/\/mezonlogistics.com\/"},{"@type":"ListItem","position":2,"name":"Karayolu Ta\u015f\u0131mac\u0131l\u0131\u011f\u0131"}]},{"@type":"WebSite","@id":"\/#website","url":"\/","name":"Mezon Logistik","description":"Kontinente verbinden - Handel st\u00e4rken.","publisher":{"@id":"\/#organization"},"potentialAction":[{"@type":"SearchAction","target":{"@type":"EntryPoint","urlTemplate":"\/?s={search_term_string}"},"query-input":{"@type":"PropertyValueSpecification","valueRequired":true,"valueName":"search_term_string"}}],"inLanguage":"de"},{"@type":"Organization","@id":"\/#organization","name":"Mezon Logistik","alternateName":"Mezon","url":"\/","logo":{"@type":"ImageObject","inLanguage":"de","@id":"\/#\/schema\/logo\/image\/","url":"https:\/\/i0.wp.com\/mezonlogistics.com\/wp-content\/uploads\/2025\/11\/mezon_logo_rv.png?fit=2425%2C1016&ssl=1","contentUrl":"https:\/\/i0.wp.com\/mezonlogistics.com\/wp-content\/uploads\/2025\/11\/mezon_logo_rv.png?fit=2425%2C1016&ssl=1","width":2425,"height":1016,"caption":"Mezon Lojistik"},"image":{"@id":"\/#\/schema\/logo\/image\/"},"email":"info@mezonlogistics.com","telephone":"+90 216 501 0220","legalName":"Mezon Lojistik A.\u015e.","foundingDate":"1990-01-19","vatID":"6201161310","taxID":"6201161310","numberOfEmployees":{"@type":"QuantitativeValue","minValue":"5001","maxValue":"10000"}}]}},"jetpack_sharing_enabled":true,"_links":{"self":[{"href":"https:\/\/mezonlogistics.com\/de\/wp-json\/wp\/v2\/pages\/71313","targetHints":{"allow":["GET"]}}],"collection":[{"href":"https:\/\/mezonlogistics.com\/de\/wp-json\/wp\/v2\/pages"}],"about":[{"href":"https:\/\/mezonlogistics.com\/de\/wp-json\/wp\/v2\/types\/page"}],"author":[{"embeddable":true,"href":"https:\/\/mezonlogistics.com\/de\/wp-json\/wp\/v2\/users\/1"}],"replies":[{"embeddable":true,"href":"https:\/\/mezonlogistics.com\/de\/wp-json\/wp\/v2\/comments?post=71313"}],"version-history":[{"count":21,"href":"https:\/\/mezonlogistics.com\/de\/wp-json\/wp\/v2\/pages\/71313\/revisions"}],"predecessor-version":[{"id":75708,"href":"https:\/\/mezonlogistics.com\/de\/wp-json\/wp\/v2\/pages\/71313\/revisions\/75708"}],"wp:attachment":[{"href":"https:\/\/mezonlogistics.com\/de\/wp-json\/wp\/v2\/media?parent=71313"}],"curies":[{"name":"wp","href":"https:\/\/api.w.org\/{rel}","templated":true}]}}