{"id":75723,"date":"2025-10-20T02:14:18","date_gmt":"2025-10-19T23:14:18","guid":{"rendered":"https:\/\/test.mezonlogistics.com\/?page_id=75723"},"modified":"2025-10-20T02:46:07","modified_gmt":"2025-10-19T23:46:07","slug":"denizyolu-tasimaciligi","status":"publish","type":"page","link":"https:\/\/mezonlogistics.com\/de\/seeverkehr\/","title":{"rendered":"Seefracht"},"content":{"rendered":"<div id=\"depo-yonetimi\"  data-column-margin=\"default\" data-midnight=\"light\"  class=\"wpb_row vc_row-fluid vc_row full-width-section\"  style=\"padding-top: 150px; padding-bottom: 150px; \"><div class=\"row-bg-wrap\" data-bg-animation=\"none\" data-bg-animation-delay=\"\" data-bg-overlay=\"true\"><div class=\"inner-wrap row-bg-layer using-image\" ><div class=\"row-bg viewport-desktop using-image\"  style=\"background-image: url(https:\/\/i0.wp.com\/mezonlogistics.com\/wp-content\/uploads\/2025\/10\/sea_transport_img_mzn.webp?fit=1920%2C966&#038;ssl=1); background-position: center center; background-repeat: no-repeat; \"><\/div><\/div><div class=\"row-bg-overlay row-bg-layer\" style=\"background: #000000; background: linear-gradient(90deg,#000000 10%,rgba(255,255,255,0.001) 75%);  opacity: 0.8; background: #000000; background: linear-gradient(90deg,#000000 0%,rgba(255,255,255,0.001) 100%);  opacity: 0.8; \"><\/div><\/div><div class=\"row_col_wrap_12 col span_12 light left\">\n\t<div style=\"margin-top: 5%; \" class=\"vc_col-sm-6 wpb_column column_container vc_column_container col no-extra-padding inherit_tablet inherit_phone\"  data-padding-pos=\"all\" data-has-bg-color=\"false\" data-bg-color=\"\" data-bg-opacity=\"1\" data-animation=\"\" data-delay=\"0\" >\n\t\t<div class=\"vc_column-inner\" >\n\t\t\t<div class=\"wpb_wrapper\">\n\t\t\t\t<div class=\"nectar-split-heading  font_size_4vw\" data-align=\"default\" data-m-align=\"inherit\" data-text-effect=\"letter-reveal-bottom\" data-animation-type=\"line-reveal-by-space\" data-animation-delay=\"0\" data-animation-offset=\"\" data-m-rm-animation=\"\" data-stagger=\"\" data-custom-font-size=\"true\" style=\"font-size: 4.5vw; line-height: 4.95vw;\"><h1 style=\" color: #FFFFFF;\">Seefracht<\/h1><\/div>\n\t\t\t<\/div> \n\t\t<\/div>\n\t<\/div> \n\n\t<div  class=\"vc_col-sm-6 wpb_column column_container vc_column_container col no-extra-padding inherit_tablet inherit_phone\"  data-padding-pos=\"all\" data-has-bg-color=\"false\" data-bg-color=\"\" data-bg-opacity=\"1\" data-animation=\"\" data-delay=\"0\" >\n\t\t<div class=\"vc_column-inner\" >\n\t\t\t<div class=\"wpb_wrapper\">\n\t\t\t\t\n\t\t\t<\/div> \n\t\t<\/div>\n\t<\/div> \n<\/div><\/div>\n\t\t<div id=\"fws_69ee33f35b1b9\"  data-column-margin=\"default\" data-midnight=\"dark\"  class=\"wpb_row vc_row-fluid vc_row\"  style=\"padding-top: 100px; padding-bottom: 0px; \"><div class=\"row-bg-wrap\" data-bg-animation=\"none\" data-bg-animation-delay=\"\" data-bg-overlay=\"false\"><div class=\"inner-wrap row-bg-layer\" ><div class=\"row-bg viewport-desktop\"  style=\"\"><\/div><\/div><\/div><div class=\"row_col_wrap_12 col span_12 dark left\">\n\t<div  class=\"vc_col-sm-12 wpb_column column_container vc_column_container col no-extra-padding inherit_tablet inherit_phone\"  data-padding-pos=\"all\" data-has-bg-color=\"false\" data-bg-color=\"\" data-bg-opacity=\"1\" data-animation=\"\" data-delay=\"0\" >\n\t\t<div class=\"vc_column-inner\" >\n\t\t\t<div class=\"wpb_wrapper\">\n\t\t\t\t<div class=\"nectar-split-heading  font_size_1vw\" data-align=\"default\" data-m-align=\"inherit\" data-text-effect=\"letter-reveal-bottom\" data-animation-type=\"line-reveal-by-space\" data-animation-delay=\"0\" data-animation-offset=\"\" data-m-rm-animation=\"\" data-stagger=\"\" data-custom-font-size=\"true\" style=\"font-size: 1.7vw; line-height: 1.87vw;\"><h4 style=\" color: #55565a;\">Interkontinentale rationelle Logistikl\u00f6sungen von Mezon<\/h4><\/div>\n<div class=\"wpb_text_column wpb_content_element  vc_custom_1760916360472\" >\n\t<div class=\"wpb_row vc_row vc_row-fluid mk-fullwidth-false attched-false vc_custom_1650856733808 js-master-row mk-grid mk-in-viewport\" data-mk-stretch-content=\"true\">\n<div class=\"vc_col-sm-12 wpb_column column_container _ height-full\">\n<div class=\"vc_custom_1740574413666\">\n<div id=\"text-block-13\" class=\"mk-text-block\">\n<div id=\"text-block-8\" class=\"mk-text-block\">\n<div id=\"text-block-17\" class=\"mk-text-block\">\n<div class=\"wpb_text_column wpb_content_element\">\n<div class=\"wpb_wrapper\">\n<p>In der heutigen Welt, in der % 80 des Welthandels auf dem Seeweg abgewickelt werden, ist Mezon mit seinen Vereinbarungen mit den f\u00fchrenden Reedereien der Welt, seinem weitreichenden Agenturnetz und seinem Eigentum&nbsp;<a href=\"http:\/\/www.fiata.com\/\" target=\"_blank\" rel=\"noopener noreferrer\">FIATA<\/a>&nbsp;und&nbsp;<a href=\"http:\/\/www.utikad.org.tr\/\" target=\"_blank\" rel=\"noopener noreferrer\">UTIKAD<\/a>&nbsp;Mitgliedschaften produziert sie rationelle Logistikl\u00f6sungen \u00fcber Kontinente hinweg f\u00fcr zahlreiche Kunden in aller Welt.<\/p>\n<\/div>\n<\/div>\n<div class=\"wpb_text_column wpb_content_element vc_custom_1705576444738\">\n<div class=\"wpb_wrapper\">\n<p>Bestehende Partnerschaftsvereinbarungen und Mitgliedschaften&nbsp;<a href=\"http:\/\/www.htfn.com\/\" target=\"_blank\" rel=\"noopener noreferrer\">HTFN<\/a>&nbsp;und&nbsp;<a href=\"http:\/\/www.wcaworld.com\/\" target=\"_blank\" rel=\"noopener noreferrer\">WCA<\/a>&nbsp;Dank seines globalen Agentennetzes ist Mezon in der Lage, \u00fcberall auf der Welt Haus-zu-Haus-Lieferungen, Zollabfertigungen und Vertriebsdienste anzubieten.<\/p>\n<p>Gleichzeitig druckt Mezon mit seinem NVOCC-Zertifikat seine eigenen Frachtbriefe aus und schlie\u00dft Frachtvertr\u00e4ge ab, ohne dass ein anderes lizenziertes Unternehmen erforderlich ist, einschlie\u00dflich Last-Door-Lieferungen f\u00fcr Seetransporte im Zusammenhang mit den Vereinigten Staaten von Amerika.<\/p>\n<\/div>\n<\/div>\n<div class=\"wpb_text_column wpb_content_element vc_custom_1705576454606\">\n<div class=\"wpb_wrapper\">\n<p>Mezon bietet die idealste L\u00f6sung mit intermodalen Optionen wie Land-See, See-Luft, See-Luft, See-Schiene sowie FCL- und LCL-Transporte auf Containerbasis durch die Planung aller Arten von Kombinationsm\u00f6glichkeiten w\u00e4hrend des Transports von Kundenprodukten. Neben Hafen-zu-Hafen, Hafen-zu-Hafen, T\u00fcr-zu-T\u00fcr, T\u00fcr-zu-T\u00fcr-Transporten werden auch Konsolidierungen von LCL-Produkten, Transitverladungen und Quertransporte im Rahmen von Seetransportl\u00f6sungen angeboten. Mezon schafft Frachtalternativen und bietet Kostenvorteile, indem es spezielle Vertr\u00e4ge mit Schiffsagenturen in der ganzen Welt abschlie\u00dft.<\/p>\n<\/div>\n<\/div>\n<div class=\"wpb_text_column wpb_content_element vc_custom_1705576461317\">\n<div class=\"wpb_wrapper\">\n<p>Mezon verf\u00fcgt \u00fcber das Wissen und die Infrastruktur, um alle Arten von Produkten mit verschiedenen Containertypen in seiner Flotte zu transportieren. Von h\u00e4ngenden Textilien bis hin zu entflammbaren oder nicht entflammbaren Chemikalien und Lebensmitteln bietet Mezon den Transport aller festen, fl\u00fcssigen und gasf\u00f6rmigen Stoffe an. Dar\u00fcber hinaus bietet das Unternehmen im Rahmen von Seetransportl\u00f6sungen neben der Verladung von Schwerlasttonnage oder Projektladungen au\u00dferhalb der Spurweite auch den Transport offener Ladung und das Chartern von Schiffen an.<\/p>\n<p>Mezon, das alle Arten von Dienstleistungen von Spezialcontainern wie Open Top, Open Side, Refeer, Flat Rack, Plattform bis hin zum H\u00e4ngecontainertransport, ISO-Tankcontainer bis hin zum Flexi-Tankcontainertransport je nach Produktart und -eigenschaften anbietet, bietet dank seines Know-hows auch zus\u00e4tzliche Dienstleistungen wie Flexi- und H\u00e4ngecontainerbereitstellung, Beladung und Verlegung.<\/p>\n<div class=\"wpb_text_column wpb_content_element\">\n<div class=\"wpb_wrapper\">\n<p><strong>FCL\/LCL<\/strong>&nbsp;Unterschiedliche Containervarianten in Abh\u00e4ngigkeit von den Produkteigenschaften k\u00f6nnen teilweise dazu f\u00fchren, dass die Ladung als FCL (Full Container Load) oder LCL (Partial Container Load) bewertet wird. Mezon f\u00fchrt in diesem Zusammenhang alle Arten von FCL- und LCL-Transporten auf Containerbasis je nach Produkteigenschaften und Volumen durch.<\/p>\n<\/div>\n<\/div>\n<div class=\"wpb_text_column wpb_content_element vc_custom_1705576601246\">\n<div class=\"wpb_wrapper\">\n<p>Mezon, das dank seiner Erfahrung und seiner fachkundigen Infrastruktur in der Lage ist, integrierte L\u00f6sungen anzubieten, bietet intermodale Optionen wie Land-See, See-Schiene entsprechend den verschiedenen Zielorten und Kundenanforderungen.<\/p>\n<\/div>\n<\/div>\n<\/div>\n<\/div>\n<\/div>\n<\/div>\n<\/div>\n<\/div>\n<\/div>\n<\/div>\n<\/div>\n\n\n\n<div id=\"fws_69ee33f35becc\" data-midnight=\"\" data-column-margin=\"default\" class=\"wpb_row vc_row-fluid vc_row inner_row\"  style=\"\"><div class=\"row-bg-wrap\"> <div class=\"row-bg\" ><\/div> <\/div><div class=\"row_col_wrap_12_inner col span_12  left\">\n\t<div  class=\"vc_col-sm-4 wpb_column column_container vc_column_container col child_column no-extra-padding inherit_tablet inherit_phone\"   data-padding-pos=\"all\" data-has-bg-color=\"false\" data-bg-color=\"\" data-bg-opacity=\"1\" data-animation=\"\" data-delay=\"0\" >\n\t\t<div class=\"vc_column-inner\" >\n\t\t<div class=\"wpb_wrapper\">\n\t\t\t<div class=\"nectar-split-heading  font_size_1vw\" data-align=\"default\" data-m-align=\"inherit\" data-text-effect=\"letter-reveal-bottom\" data-animation-type=\"line-reveal-by-space\" data-animation-delay=\"0\" data-animation-offset=\"\" data-m-rm-animation=\"\" data-stagger=\"\" data-custom-font-size=\"true\" style=\"font-size: 1.7vw; line-height: 1.87vw;\"><h4 style=\" color: #55565a;\">Container- und Flexi-Tank-Typen<\/h4><\/div>\n<div class=\"wpb_text_column wpb_content_element\" >\n\t<ul class=\"mezon-liste\">\n<li>20\u2032 Beh\u00e4lter<\/li>\n<li>40\u2032 Beh\u00e4lter<\/li>\n<li>40\u2032 hoher W\u00fcrfel-Container<\/li>\n<li>20\u2032 Oben offener Beh\u00e4lter<\/li>\n<li>40\u2032 Oben offener Beh\u00e4lter<\/li>\n<li>20\u2032 Flachgestell-Container<\/li>\n<li>40\u2032 Flachgestell-Container<\/li>\n<li>20\u2032 Reefer-Container<\/li>\n<li>ISO-Tank<\/li>\n<li>Flexi Tank<\/li>\n<li>Andere Containertypen<\/li>\n<\/ul>\n<\/div>\n\n\n\n\n\t\t<\/div> \n\t<\/div>\n\t<\/div> \n\n\t<div  class=\"vc_col-sm-8 wpb_column column_container vc_column_container col child_column no-extra-padding inherit_tablet inherit_phone\"   data-padding-pos=\"all\" data-has-bg-color=\"false\" data-bg-color=\"\" data-bg-opacity=\"1\" data-animation=\"\" data-delay=\"0\" >\n\t\t<div class=\"vc_column-inner\" >\n\t\t<div class=\"wpb_wrapper\">\n\t\t\t<div class=\"nectar-split-heading  font_size_1vw\" data-align=\"default\" data-m-align=\"inherit\" data-text-effect=\"letter-reveal-bottom\" data-animation-type=\"line-reveal-by-space\" data-animation-delay=\"0\" data-animation-offset=\"\" data-m-rm-animation=\"\" data-stagger=\"\" data-custom-font-size=\"true\" style=\"font-size: 1.7vw; line-height: 1.87vw;\"><h4 style=\" color: #55565a;\">Interkontinentale Logistikl\u00f6sungen<\/h4><\/div>\n<div class=\"wpb_text_column wpb_content_element\" >\n\t<div class=\"wpb_text_column wpb_content_element\">\n<div class=\"wpb_wrapper\">\n<p>Mezon wickelt die Logistik von fl\u00fcssigen und chemischen Stoffen dank der Flexi- und ISO-Tank-Container, die zu seiner Flotte geh\u00f6ren, viel schneller, sicherer, umweltfreundlicher und mit dem gr\u00f6\u00dftm\u00f6glichen Volumen ab. Mezon, das immer wieder neue Schritte auf der Grundlage der Anforderungen seiner Kunden unternimmt, sorgt mit den von ihm eingef\u00fchrten Anwendungen f\u00fcr Kosten- und Zeiteinsparungen.<\/p>\n<\/div>\n<\/div>\n<div class=\"wpb_text_column wpb_content_element\">\n<div class=\"wpb_wrapper\">\n<p>Flexi Tank ist ein Containertyp, der es erm\u00f6glicht, Boxcontainer als Tankcontainer zu verwenden, was Zeit und Kosten beim Be- und Entladen spart. Die Flexi-Tanks von Mezon, die f\u00fcr den Transport von fl\u00fcssigen Pflanzen\u00f6len, konzentrierten Fruchts\u00e4ften und nicht brennbaren fl\u00fcssigen Chemikalien verwendet werden, haben ein Fassungsverm\u00f6gen von 24.000 Litern. Dank der Flexi-Tank-Transporte, die eine Alternative zu konventionellen Fass- und ISO-Tankcontainer-Ladungen darstellen, kann Mezon mehr Produkte auf einmal als Sch\u00fcttgut an die Kunden liefern, und das in einer kosteng\u00fcnstigeren und ges\u00fcnderen Umgebung. Da Flexi-Tanks Einwegtanks sind, entfallen auch Kosten f\u00fcr das Waschen und die Lagerung.<\/p>\n<\/div>\n<\/div>\n<\/div>\n\n\n\n\n\t\t<\/div> \n\t<\/div>\n\t<\/div> \n<\/div><\/div>\n\t\t\t<\/div> \n\t\t<\/div>\n\t<\/div> \n<\/div><\/div>\n\t\t<div id=\"fws_69ee33f35d63c\"  data-column-margin=\"default\" data-midnight=\"light\"  class=\"wpb_row vc_row-fluid vc_row full-width-section vc_row-o-equal-height vc_row-flex vc_row-o-content-middle\"  style=\"padding-top: 80px; padding-bottom: 80px; \"><div class=\"row-bg-wrap\" data-bg-animation=\"zoom-out-slow\" data-bg-animation-delay=\"\" data-bg-overlay=\"true\"><div class=\"inner-wrap row-bg-layer using-image\" ><div class=\"row-bg viewport-desktop using-image using-bg-color\"  style=\"background-image: url(https:\/\/i0.wp.com\/mezonlogistics.com\/wp-content\/uploads\/2025\/10\/sea_transport_img_mzn.webp?fit=1920%2C966&#038;ssl=1); background-position: center center; background-repeat: no-repeat; background-color: #ffffff; \"><\/div><\/div><div class=\"row-bg-overlay row-bg-layer\" style=\"background-color:#282828;  opacity: 0.8; \"><\/div><\/div><div class=\"nectar-shape-divider-wrap no-color\" style=\" height:50px;\"  data-height=\"50\" data-front=\"\" data-style=\"tilt\" data-position=\"top\" ><svg class=\"nectar-shape-divider\" aria-hidden=\"true\" fill=\"\" xmlns=\"http:\/\/www.w3.org\/2000\/svg\" viewbox=\"0 0 100 10\" preserveaspectratio=\"none\"> <polygon points=\"104 10 0 0 0 10\"><\/polygon> <\/svg><\/div><div class=\"row_col_wrap_12 col span_12 light left\">\n\t<div  class=\"vc_col-sm-6 wpb_column column_container vc_column_container col no-extra-padding force-tablet-text-align-center force-phone-text-align-center inherit_tablet inherit_phone\"  data-padding-pos=\"all\" data-has-bg-color=\"false\" data-bg-color=\"\" data-bg-opacity=\"1\" data-animation=\"\" data-delay=\"0\" >\n\t\t<div class=\"vc_column-inner\" >\n\t\t\t<div class=\"wpb_wrapper\">\n\t\t\t\t<div class=\"nectar-highlighted-text\" data-style=\"half_text\" data-exp=\"default\" data-using-custom-color=\"true\" data-animation-delay=\"false\" data-color=\"#ff1053\" data-color-gradient=\"\" style=\"\"><h2>Hohe Standards<br \/>\n<strong>Maritime Transportdienstleistungen<\/strong><\/h2>\n<\/div>\n<div class=\"wpb_text_column wpb_content_element  vc_custom_1760888777375\" >\n\t<div class=\"wpb_text_column wpb_content_element\">\n<div class=\"wpb_wrapper\">\n<p>Holen Sie sich ein Angebot f\u00fcr die hohe Servicequalit\u00e4t von Mezon.\n<\/p><\/div>\n<\/div>\n<\/div>\n\n\n\n\n\t\t\t<\/div> \n\t\t<\/div>\n\t<\/div> \n\n\t<div  class=\"vc_col-sm-6 wpb_column column_container vc_column_container col no-extra-padding force-tablet-text-align-center force-phone-text-align-center inherit_tablet inherit_phone\"  data-padding-pos=\"all\" data-has-bg-color=\"false\" data-bg-color=\"\" data-bg-opacity=\"1\" data-animation=\"\" data-delay=\"0\" >\n\t\t<div class=\"vc_column-inner\" >\n\t\t\t<div class=\"wpb_wrapper\">\n\t\t\t\t<div id=\"fws_69ee33f35e723\" data-midnight=\"\" data-column-margin=\"default\" class=\"wpb_row vc_row-fluid vc_row inner_row\"  style=\"\"><div class=\"row-bg-wrap\"> <div class=\"row-bg\" ><\/div> <\/div><div class=\"row_col_wrap_12_inner col span_12  right\">\n\t<div  class=\"vc_col-sm-12 wpb_column column_container vc_column_container col child_column no-extra-padding inherit_tablet inherit_phone\"   data-padding-pos=\"all\" data-has-bg-color=\"false\" data-bg-color=\"\" data-bg-opacity=\"1\" data-animation=\"\" data-delay=\"0\" >\n\t\t<div class=\"vc_column-inner\" >\n\t\t<div class=\"wpb_wrapper\">\n\t\t\t<a class=\"nectar-button jumbo see-through-2  has-icon wpb_animate_when_almost_visible wpb_lightSpeedIn lightSpeedIn\"  role=\"button\" style=\"margin-top: 50px; border-color: #ffffff; color: #ffffff;\"  href=\"https:\/\/mezonlogistics.com\/de\/serviceanfrage\/\" data-color-override=\"#ffffff\"  data-hover-color-override=\"#ffffff\" data-hover-text-color-override=\"#000000\"><span>Angebot erhalten<\/span><i  class=\"icon-button-arrow\"><\/i><\/a>\n\t\t<\/div> \n\t<\/div>\n\t<\/div> \n<\/div><\/div>\n\t\t\t<\/div> \n\t\t<\/div>\n\t<\/div> \n<\/div><\/div>","protected":false},"excerpt":{"rendered":"Denizyolu Ta\u015f\u0131mac\u0131l\u0131\u011f\u0131 Mezon\u2019dan K\u0131talararas\u0131 Ak\u0131lc\u0131 Lojistik \u00c7\u00f6z\u00fcmler D\u00fcnya ticaretinin % 80\u2019inin denizyoluyla ger\u00e7ekle\u015fti\u011fi g\u00fcn\u00fcm\u00fczde Mezon, t\u00fcm d\u00fcnyada s\u00f6z sahibi armat\u00f6rlerle yapt\u0131\u011f\u0131 anla\u015fmalar, geni\u015f acente a\u011f\u0131 ve sahip oldu\u011fu&nbsp;FIATA&nbsp;ve&nbsp;UTIKAD&nbsp;\u00fcyelikleriyle d\u00fcnya genelinde...","protected":false},"author":1,"featured_media":0,"parent":0,"menu_order":0,"comment_status":"closed","ping_status":"closed","template":"","meta":{"inline_featured_image":false,"footnotes":""},"class_list":["post-75723","page","type-page","status-publish"],"yoast_head":"<!-- This site is optimized with the Yoast SEO Premium plugin v25.6 (Yoast SEO v27.3) - https:\/\/yoast.com\/product\/yoast-seo-premium-wordpress\/ -->\n<title>Denizyolu Ta\u015f\u0131mac\u0131l\u0131\u011f\u0131 - Mezon Lojistik<\/title>\n<meta name=\"robots\" content=\"index, follow, max-snippet:-1, max-image-preview:large, max-video-preview:-1\" \/>\n<link rel=\"canonical\" href=\"https:\/\/mezonlogistics.com\/de\/seeverkehr\/\" \/>\n<meta property=\"og:locale\" content=\"de_DE\" \/>\n<meta property=\"og:type\" content=\"article\" \/>\n<meta property=\"og:title\" content=\"Denizyolu Ta\u015f\u0131mac\u0131l\u0131\u011f\u0131\" \/>\n<meta property=\"og:url\" content=\"https:\/\/mezonlogistics.com\/de\/seeverkehr\/\" \/>\n<meta property=\"og:site_name\" content=\"Mezon Lojistik\" \/>\n<meta property=\"article:modified_time\" content=\"2025-10-19T23:46:07+00:00\" \/>\n<meta name=\"twitter:card\" content=\"summary_large_image\" \/>\n<meta name=\"twitter:label1\" content=\"Gesch\u00e4tzte Lesezeit\" \/>\n\t<meta name=\"twitter:data1\" content=\"2\u00a0Minuten\" \/>\n<script type=\"application\/ld+json\" class=\"yoast-schema-graph\">{\"@context\":\"https:\\\/\\\/schema.org\",\"@graph\":[{\"@type\":\"WebPage\",\"@id\":\"https:\\\/\\\/mezonlogistics.com\\\/denizyolu-tasimaciligi\\\/\",\"url\":\"https:\\\/\\\/mezonlogistics.com\\\/denizyolu-tasimaciligi\\\/\",\"name\":\"Denizyolu Ta\u015f\u0131mac\u0131l\u0131\u011f\u0131 - Mezon Lojistik\",\"isPartOf\":{\"@id\":\"\\\/#website\"},\"datePublished\":\"2025-10-19T23:14:18+00:00\",\"dateModified\":\"2025-10-19T23:46:07+00:00\",\"breadcrumb\":{\"@id\":\"https:\\\/\\\/mezonlogistics.com\\\/denizyolu-tasimaciligi\\\/#breadcrumb\"},\"inLanguage\":\"de\",\"potentialAction\":[{\"@type\":\"ReadAction\",\"target\":[\"https:\\\/\\\/mezonlogistics.com\\\/denizyolu-tasimaciligi\\\/\"]}]},{\"@type\":\"BreadcrumbList\",\"@id\":\"https:\\\/\\\/mezonlogistics.com\\\/denizyolu-tasimaciligi\\\/#breadcrumb\",\"itemListElement\":[{\"@type\":\"ListItem\",\"position\":1,\"name\":\"Home\",\"item\":\"https:\\\/\\\/mezonlogistics.com\\\/\"},{\"@type\":\"ListItem\",\"position\":2,\"name\":\"Denizyolu Ta\u015f\u0131mac\u0131l\u0131\u011f\u0131\"}]},{\"@type\":\"WebSite\",\"@id\":\"\\\/#website\",\"url\":\"\\\/\",\"name\":\"Mezon Lojistik\",\"description\":\"Connecting Continents Empowering Trade.\",\"publisher\":{\"@id\":\"\\\/#organization\"},\"potentialAction\":[{\"@type\":\"SearchAction\",\"target\":{\"@type\":\"EntryPoint\",\"urlTemplate\":\"\\\/?s={search_term_string}\"},\"query-input\":{\"@type\":\"PropertyValueSpecification\",\"valueRequired\":true,\"valueName\":\"search_term_string\"}}],\"inLanguage\":\"de\"},{\"@type\":\"Organization\",\"@id\":\"\\\/#organization\",\"name\":\"Mezon Lojistik\",\"alternateName\":\"Mezon\",\"url\":\"\\\/\",\"logo\":{\"@type\":\"ImageObject\",\"inLanguage\":\"de\",\"@id\":\"\\\/#\\\/schema\\\/logo\\\/image\\\/\",\"url\":\"https:\\\/\\\/i0.wp.com\\\/mezonlogistics.com\\\/wp-content\\\/uploads\\\/2025\\\/11\\\/mezon_logo_rv.png?fit=2425%2C1016&ssl=1\",\"contentUrl\":\"https:\\\/\\\/i0.wp.com\\\/mezonlogistics.com\\\/wp-content\\\/uploads\\\/2025\\\/11\\\/mezon_logo_rv.png?fit=2425%2C1016&ssl=1\",\"width\":2425,\"height\":1016,\"caption\":\"Mezon Lojistik\"},\"image\":{\"@id\":\"\\\/#\\\/schema\\\/logo\\\/image\\\/\"},\"email\":\"info@mezonlogistics.com\",\"telephone\":\"+90 216 501 0220\",\"legalName\":\"Mezon Lojistik A.\u015e.\",\"foundingDate\":\"1990-01-19\",\"vatID\":\"6201161310\",\"taxID\":\"6201161310\",\"numberOfEmployees\":{\"@type\":\"QuantitativeValue\",\"minValue\":\"5001\",\"maxValue\":\"10000\"}}]}<\/script>\n<!-- \/ Yoast SEO Premium plugin. -->","yoast_head_json":{"title":"Seefracht - Mezon Logistics","robots":{"index":"index","follow":"follow","max-snippet":"max-snippet:-1","max-image-preview":"max-image-preview:large","max-video-preview":"max-video-preview:-1"},"canonical":"https:\/\/mezonlogistics.com\/de\/seeverkehr\/","og_locale":"de_DE","og_type":"article","og_title":"Denizyolu Ta\u015f\u0131mac\u0131l\u0131\u011f\u0131","og_url":"https:\/\/mezonlogistics.com\/de\/seeverkehr\/","og_site_name":"Mezon Lojistik","article_modified_time":"2025-10-19T23:46:07+00:00","twitter_card":"summary_large_image","twitter_misc":{"Gesch\u00e4tzte Lesezeit":"2\u00a0Minuten"},"schema":{"@context":"https:\/\/schema.org","@graph":[{"@type":"WebPage","@id":"https:\/\/mezonlogistics.com\/denizyolu-tasimaciligi\/","url":"https:\/\/mezonlogistics.com\/denizyolu-tasimaciligi\/","name":"Seefracht - Mezon Logistics","isPartOf":{"@id":"\/#website"},"datePublished":"2025-10-19T23:14:18+00:00","dateModified":"2025-10-19T23:46:07+00:00","breadcrumb":{"@id":"https:\/\/mezonlogistics.com\/denizyolu-tasimaciligi\/#breadcrumb"},"inLanguage":"de","potentialAction":[{"@type":"ReadAction","target":["https:\/\/mezonlogistics.com\/denizyolu-tasimaciligi\/"]}]},{"@type":"BreadcrumbList","@id":"https:\/\/mezonlogistics.com\/denizyolu-tasimaciligi\/#breadcrumb","itemListElement":[{"@type":"ListItem","position":1,"name":"Home","item":"https:\/\/mezonlogistics.com\/"},{"@type":"ListItem","position":2,"name":"Denizyolu Ta\u015f\u0131mac\u0131l\u0131\u011f\u0131"}]},{"@type":"WebSite","@id":"\/#website","url":"\/","name":"Mezon Logistik","description":"Kontinente verbinden - Handel st\u00e4rken.","publisher":{"@id":"\/#organization"},"potentialAction":[{"@type":"SearchAction","target":{"@type":"EntryPoint","urlTemplate":"\/?s={search_term_string}"},"query-input":{"@type":"PropertyValueSpecification","valueRequired":true,"valueName":"search_term_string"}}],"inLanguage":"de"},{"@type":"Organization","@id":"\/#organization","name":"Mezon Logistik","alternateName":"Mezon","url":"\/","logo":{"@type":"ImageObject","inLanguage":"de","@id":"\/#\/schema\/logo\/image\/","url":"https:\/\/i0.wp.com\/mezonlogistics.com\/wp-content\/uploads\/2025\/11\/mezon_logo_rv.png?fit=2425%2C1016&ssl=1","contentUrl":"https:\/\/i0.wp.com\/mezonlogistics.com\/wp-content\/uploads\/2025\/11\/mezon_logo_rv.png?fit=2425%2C1016&ssl=1","width":2425,"height":1016,"caption":"Mezon Lojistik"},"image":{"@id":"\/#\/schema\/logo\/image\/"},"email":"info@mezonlogistics.com","telephone":"+90 216 501 0220","legalName":"Mezon Lojistik A.\u015e.","foundingDate":"1990-01-19","vatID":"6201161310","taxID":"6201161310","numberOfEmployees":{"@type":"QuantitativeValue","minValue":"5001","maxValue":"10000"}}]}},"jetpack_sharing_enabled":true,"_links":{"self":[{"href":"https:\/\/mezonlogistics.com\/de\/wp-json\/wp\/v2\/pages\/75723","targetHints":{"allow":["GET"]}}],"collection":[{"href":"https:\/\/mezonlogistics.com\/de\/wp-json\/wp\/v2\/pages"}],"about":[{"href":"https:\/\/mezonlogistics.com\/de\/wp-json\/wp\/v2\/types\/page"}],"author":[{"embeddable":true,"href":"https:\/\/mezonlogistics.com\/de\/wp-json\/wp\/v2\/users\/1"}],"replies":[{"embeddable":true,"href":"https:\/\/mezonlogistics.com\/de\/wp-json\/wp\/v2\/comments?post=75723"}],"version-history":[{"count":6,"href":"https:\/\/mezonlogistics.com\/de\/wp-json\/wp\/v2\/pages\/75723\/revisions"}],"predecessor-version":[{"id":75734,"href":"https:\/\/mezonlogistics.com\/de\/wp-json\/wp\/v2\/pages\/75723\/revisions\/75734"}],"wp:attachment":[{"href":"https:\/\/mezonlogistics.com\/de\/wp-json\/wp\/v2\/media?parent=75723"}],"curies":[{"name":"wp","href":"https:\/\/api.w.org\/{rel}","templated":true}]}}