{"id":75739,"date":"2025-10-20T04:07:12","date_gmt":"2025-10-20T01:07:12","guid":{"rendered":"https:\/\/test.mezonlogistics.com\/?page_id=75739"},"modified":"2025-10-20T14:22:37","modified_gmt":"2025-10-20T11:22:37","slug":"proje-bazli-tasimacilik","status":"publish","type":"page","link":"https:\/\/mezonlogistics.com\/en_gb\/project-based-transport\/","title":{"rendered":"Project Based Transport"},"content":{"rendered":"<div id=\"depo-yonetimi\"  data-column-margin=\"default\" data-midnight=\"light\"  class=\"wpb_row vc_row-fluid vc_row full-width-section\"  style=\"padding-top: 150px; padding-bottom: 150px; \"><div class=\"row-bg-wrap\" data-bg-animation=\"none\" data-bg-animation-delay=\"\" data-bg-overlay=\"true\"><div class=\"inner-wrap row-bg-layer using-image\" ><div class=\"row-bg viewport-desktop using-image\"  style=\"background-image: url(https:\/\/i0.wp.com\/mezonlogistics.com\/wp-content\/uploads\/2025\/10\/mzn_custom_trans_mzn.jpg?fit=800%2C521&#038;ssl=1); background-position: center center; background-repeat: no-repeat; \"><\/div><\/div><div class=\"row-bg-overlay row-bg-layer\" style=\"background: #000000; background: linear-gradient(90deg,#000000 10%,rgba(255,255,255,0.001) 75%);  opacity: 0.8; background: #000000; background: linear-gradient(90deg,#000000 0%,rgba(255,255,255,0.001) 100%);  opacity: 0.8; \"><\/div><\/div><div class=\"row_col_wrap_12 col span_12 light left\">\n\t<div style=\"margin-top: 5%; \" class=\"vc_col-sm-6 wpb_column column_container vc_column_container col no-extra-padding inherit_tablet inherit_phone\"  data-padding-pos=\"all\" data-has-bg-color=\"false\" data-bg-color=\"\" data-bg-opacity=\"1\" data-animation=\"\" data-delay=\"0\" >\n\t\t<div class=\"vc_column-inner\" >\n\t\t\t<div class=\"wpb_wrapper\">\n\t\t\t\t<div class=\"nectar-split-heading  font_size_4vw\" data-align=\"default\" data-m-align=\"inherit\" data-text-effect=\"letter-reveal-bottom\" data-animation-type=\"line-reveal-by-space\" data-animation-delay=\"0\" data-animation-offset=\"\" data-m-rm-animation=\"\" data-stagger=\"\" data-custom-font-size=\"true\" style=\"font-size: 4.5vw; line-height: 4.95vw;\"><h1 style=\" color: #FFFFFF;\">Project Based Transport<\/h1><\/div>\n\t\t\t<\/div> \n\t\t<\/div>\n\t<\/div> \n\n\t<div  class=\"vc_col-sm-6 wpb_column column_container vc_column_container col no-extra-padding inherit_tablet inherit_phone\"  data-padding-pos=\"all\" data-has-bg-color=\"false\" data-bg-color=\"\" data-bg-opacity=\"1\" data-animation=\"\" data-delay=\"0\" >\n\t\t<div class=\"vc_column-inner\" >\n\t\t\t<div class=\"wpb_wrapper\">\n\t\t\t\t\n\t\t\t<\/div> \n\t\t<\/div>\n\t<\/div> \n<\/div><\/div>\n\t\t<div id=\"fws_69d0bbf7c58b7\"  data-column-margin=\"default\" data-midnight=\"dark\"  class=\"wpb_row vc_row-fluid vc_row\"  style=\"padding-top: 100px; padding-bottom: 0px; \"><div class=\"row-bg-wrap\" data-bg-animation=\"none\" data-bg-animation-delay=\"\" data-bg-overlay=\"false\"><div class=\"inner-wrap row-bg-layer\" ><div class=\"row-bg viewport-desktop\"  style=\"\"><\/div><\/div><\/div><div class=\"row_col_wrap_12 col span_12 dark left\">\n\t<div  class=\"vc_col-sm-12 wpb_column column_container vc_column_container col no-extra-padding inherit_tablet inherit_phone\"  data-padding-pos=\"all\" data-has-bg-color=\"false\" data-bg-color=\"\" data-bg-opacity=\"1\" data-animation=\"\" data-delay=\"0\" >\n\t\t<div class=\"vc_column-inner\" >\n\t\t\t<div class=\"wpb_wrapper\">\n\t\t\t\t<div class=\"nectar-split-heading  font_size_1vw\" data-align=\"default\" data-m-align=\"inherit\" data-text-effect=\"letter-reveal-bottom\" data-animation-type=\"line-reveal-by-space\" data-animation-delay=\"0\" data-animation-offset=\"\" data-m-rm-animation=\"\" data-stagger=\"\" data-custom-font-size=\"true\" style=\"font-size: 1.7vw; line-height: 1.87vw;\"><h4 style=\" color: #55565a;\">Sector-specific solutions at every desired point and process<\/h4><\/div>\n<div class=\"wpb_text_column wpb_content_element  vc_custom_1760922637330\" >\n\t<ul class=\"mezon-liste\">\n<li>Manage out-of-gauge cargoes, dangerous goods and complex logistics challenges meticulously and in compliance with legislation.<\/li>\n<li>Specialised project management ensuring smooth execution of individual logistics requirements.<\/li>\n<li>Proven expertise in tailoring transport solutions for specific sectors, including manufacturing, energy and retail.<\/li>\n<li>Integration of specialised customs clearance and foreign trade consulting for the seamless execution of international shipments.<\/li>\n<\/ul>\n<p>&nbsp;<\/p>\n<\/div>\n\n\n\n\n<div class=\"wpb_text_column wpb_content_element  vc_custom_1760922294382\" >\n\t<div class=\"wpb_row vc_row vc_row-fluid mk-fullwidth-false attched-false vc_custom_1650856733808 js-master-row mk-grid mk-in-viewport\" data-mk-stretch-content=\"true\">\n<div class=\"vc_col-sm-12 wpb_column column_container _ height-full\">\n<div class=\"vc_custom_1740574413666\">\n<div id=\"text-block-13\" class=\"mk-text-block\">\n<div id=\"text-block-8\" class=\"mk-text-block\">\n<div id=\"text-block-17\" class=\"mk-text-block\">\n<div class=\"wpb_text_column wpb_content_element\">\n<div class=\"wpb_wrapper\">\n<p>Mezon project transport services deliver heavy and bulky loads that are considered out of gauge to the desired point within the ideal time and costs. Mezon, which creates traceable costs with the transparent price policy it offers to its customers, produces solutions in line with the needs of its customers.<\/p>\n<div class=\"wpb_text_column wpb_content_element vc_custom_1705907519123\">\n<div class=\"wpb_wrapper\">\n<p>Mezon, which provides project transport services for sectors such as energy, industry, construction, oil, gas and mining, develops and implements business plans and resource management strategies by producing solutions tailored to the needs of its customers with its experienced expert staff, reliable and strong partner network.\n<\/p><\/div>\n<\/div>\n<\/div>\n<\/div>\n<\/div>\n<\/div>\n<\/div>\n<\/div>\n<\/div>\n<\/div>\n<\/div>\n\n\n\n<div class=\"nectar-split-heading  font_size_1vw\" data-align=\"default\" data-m-align=\"inherit\" data-text-effect=\"letter-reveal-bottom\" data-animation-type=\"line-reveal-by-space\" data-animation-delay=\"0\" data-animation-offset=\"\" data-m-rm-animation=\"\" data-stagger=\"\" data-custom-font-size=\"true\" style=\"font-size: 1.7vw; line-height: 1.87vw;\"><h4 style=\" color: #55565a;\">End-to-End Project Transport Service from Mezon<\/h4><\/div>\n<div class=\"wpb_text_column wpb_content_element  vc_custom_1760959348477\" >\n\t<div class=\"wpb_row vc_row vc_row-fluid mk-fullwidth-false attched-false vc_custom_1650856733808 js-master-row mk-grid mk-in-viewport\" data-mk-stretch-content=\"true\">\n<div class=\"vc_col-sm-12 wpb_column column_container _ height-full\">\n<div class=\"vc_custom_1740574413666\">\n<div id=\"text-block-13\" class=\"mk-text-block\">\n<div id=\"text-block-8\" class=\"mk-text-block\">\n<div id=\"text-block-17\" class=\"mk-text-block\">\n<div class=\"wpb_text_column wpb_content_element\">\n<div class=\"wpb_wrapper\">\n<p>While providing services in the field of project transport, Mezon also provides foreign trade legislation support and local information to its customers. Mezon's project transport services include multimodel - combined, heavy cargo solutions, warehouse and transshipment solutions, lashing, material fixing and packaging, order monitoring, crane, survey and commodity insurance, document flow (post delivery), CMR and FBL, route survey.<\/p>\n<\/div>\n<\/div>\n<div class=\"wpb_text_column wpb_content_element vc_custom_1705907595566\">\n<div class=\"wpb_wrapper\"><\/div>\n<\/div>\n<\/div>\n<\/div>\n<\/div>\n<\/div>\n<\/div>\n<\/div>\n<\/div>\n\n\n\n<div class=\"nectar-split-heading  font_size_1vw\" data-align=\"default\" data-m-align=\"inherit\" data-text-effect=\"letter-reveal-bottom\" data-animation-type=\"line-reveal-by-space\" data-animation-delay=\"0\" data-animation-offset=\"\" data-m-rm-animation=\"\" data-stagger=\"\" data-custom-font-size=\"true\" style=\"font-size: 1.7vw; line-height: 1.87vw;\"><h4 style=\" color: #55565a;\">Tailor-made Transport Solutions in Project Transport<\/h4><\/div>\n<div class=\"wpb_text_column wpb_content_element  vc_custom_1760922746344\" >\n\t<div class=\"wpb_row vc_row vc_row-fluid mk-fullwidth-false attched-false vc_custom_1650856733808 js-master-row mk-grid mk-in-viewport\" data-mk-stretch-content=\"true\">\n<div class=\"vc_col-sm-12 wpb_column column_container _ height-full\">\n<div class=\"vc_custom_1740574413666\">\n<div id=\"text-block-13\" class=\"mk-text-block\">\n<div id=\"text-block-8\" class=\"mk-text-block\">\n<div id=\"text-block-17\" class=\"mk-text-block\">\n<div class=\"wpb_text_column wpb_content_element\">\n<div class=\"wpb_wrapper\">\n<p>Considering criteria such as transit time, product characteristics, origin and destination points, Mezon offers land, air, sea, railway and intermodal transport options suitable for its customers. Mezon also carries out port operations and crane organisations within the scope of project transportation.<\/p>\n<\/div>\n<\/div>\n<\/div>\n<\/div>\n<\/div>\n<\/div>\n<\/div>\n<\/div>\n<\/div>\n\n\n\n\n\t\t\t<\/div> \n\t\t<\/div>\n\t<\/div> \n<\/div><\/div>\n\t\t<div id=\"fws_69d0bbf7c7033\"  data-column-margin=\"default\" data-midnight=\"light\"  class=\"wpb_row vc_row-fluid vc_row full-width-section vc_row-o-equal-height vc_row-flex vc_row-o-content-middle\"  style=\"padding-top: 80px; padding-bottom: 80px; \"><div class=\"row-bg-wrap\" data-bg-animation=\"zoom-out-slow\" data-bg-animation-delay=\"\" data-bg-overlay=\"true\"><div class=\"inner-wrap row-bg-layer using-image\" ><div class=\"row-bg viewport-desktop using-image using-bg-color\"  style=\"background-image: url(https:\/\/i0.wp.com\/mezonlogistics.com\/wp-content\/uploads\/2025\/10\/mzn_custom_trans_mzn.jpg?fit=800%2C521&#038;ssl=1); background-position: center center; background-repeat: no-repeat; background-color: #ffffff; \"><\/div><\/div><div class=\"row-bg-overlay row-bg-layer\" style=\"background-color:#282828;  opacity: 0.8; \"><\/div><\/div><div class=\"nectar-shape-divider-wrap no-color\" style=\" height:50px;\"  data-height=\"50\" data-front=\"\" data-style=\"tilt\" data-position=\"top\" ><svg class=\"nectar-shape-divider\" aria-hidden=\"true\" fill=\"\" xmlns=\"http:\/\/www.w3.org\/2000\/svg\" viewbox=\"0 0 100 10\" preserveaspectratio=\"none\"> <polygon points=\"104 10 0 0 0 10\"><\/polygon> <\/svg><\/div><div class=\"row_col_wrap_12 col span_12 light left\">\n\t<div  class=\"vc_col-sm-6 wpb_column column_container vc_column_container col no-extra-padding force-tablet-text-align-center force-phone-text-align-center inherit_tablet inherit_phone\"  data-padding-pos=\"all\" data-has-bg-color=\"false\" data-bg-color=\"\" data-bg-opacity=\"1\" data-animation=\"\" data-delay=\"0\" >\n\t\t<div class=\"vc_column-inner\" >\n\t\t\t<div class=\"wpb_wrapper\">\n\t\t\t\t<div class=\"nectar-highlighted-text\" data-style=\"half_text\" data-exp=\"default\" data-using-custom-color=\"true\" data-animation-delay=\"false\" data-color=\"#ff1053\" data-color-gradient=\"\" style=\"\"><h2>High Standards<br \/>\n<strong>Project Based Transport Services<\/strong><\/h2>\n<\/div>\n<div class=\"wpb_text_column wpb_content_element  vc_custom_1760888777375\" >\n\t<div class=\"wpb_text_column wpb_content_element\">\n<div class=\"wpb_wrapper\">\n<p>Get an offer for Mezon's high standards of service quality.\n<\/p><\/div>\n<\/div>\n<\/div>\n\n\n\n\n\t\t\t<\/div> \n\t\t<\/div>\n\t<\/div> \n\n\t<div  class=\"vc_col-sm-6 wpb_column column_container vc_column_container col no-extra-padding force-tablet-text-align-center force-phone-text-align-center inherit_tablet inherit_phone\"  data-padding-pos=\"all\" data-has-bg-color=\"false\" data-bg-color=\"\" data-bg-opacity=\"1\" data-animation=\"\" data-delay=\"0\" >\n\t\t<div class=\"vc_column-inner\" >\n\t\t\t<div class=\"wpb_wrapper\">\n\t\t\t\t<div id=\"fws_69d0bbf7c863b\" data-midnight=\"\" data-column-margin=\"default\" class=\"wpb_row vc_row-fluid vc_row inner_row\"  style=\"\"><div class=\"row-bg-wrap\"> <div class=\"row-bg\" ><\/div> <\/div><div class=\"row_col_wrap_12_inner col span_12  right\">\n\t<div  class=\"vc_col-sm-12 wpb_column column_container vc_column_container col child_column no-extra-padding inherit_tablet inherit_phone\"   data-padding-pos=\"all\" data-has-bg-color=\"false\" data-bg-color=\"\" data-bg-opacity=\"1\" data-animation=\"\" data-delay=\"0\" >\n\t\t<div class=\"vc_column-inner\" >\n\t\t<div class=\"wpb_wrapper\">\n\t\t\t<a class=\"nectar-button jumbo see-through-2  has-icon wpb_animate_when_almost_visible wpb_lightSpeedIn lightSpeedIn\"  role=\"button\" style=\"margin-top: 50px; border-color: #ffffff; color: #ffffff;\"  href=\"https:\/\/mezonlogistics.com\/en_gb\/service-request\/\" data-color-override=\"#ffffff\"  data-hover-color-override=\"#ffffff\" data-hover-text-color-override=\"#000000\"><span>Get Offer<\/span><i  class=\"icon-button-arrow\"><\/i><\/a>\n\t\t<\/div> \n\t<\/div>\n\t<\/div> \n<\/div><\/div>\n\t\t\t<\/div> \n\t\t<\/div>\n\t<\/div> \n<\/div><\/div>","protected":false},"excerpt":{"rendered":"Proje Bazl\u0131 Ta\u015f\u0131mac\u0131l\u0131k \u0130stenilen Her Nokta ve S\u00fcre\u00e7te Sekt\u00f6rlere \u00d6zel \u00c7\u00f6z\u00fcmler Gabari d\u0131\u015f\u0131 y\u00fckler, tehlikeli maddeler ve karma\u015f\u0131k lojistik zorluklar\u0131n\u0131 titizlikle ve mevzuata uygun \u015fekilde y\u00f6netme. \u00d6zg\u00fcn lojistik gereksinimlerinin sorunsuz...","protected":false},"author":1,"featured_media":0,"parent":0,"menu_order":0,"comment_status":"closed","ping_status":"closed","template":"","meta":{"inline_featured_image":false,"footnotes":""},"class_list":["post-75739","page","type-page","status-publish"],"yoast_head":"<!-- This site is optimized with the Yoast SEO Premium plugin v25.6 (Yoast SEO v26.6) - https:\/\/yoast.com\/wordpress\/plugins\/seo\/ -->\n<title>Proje Bazl\u0131 Ta\u015f\u0131mac\u0131l\u0131k - Mezon Lojistik<\/title>\n<meta name=\"robots\" content=\"index, follow, max-snippet:-1, max-image-preview:large, max-video-preview:-1\" \/>\n<link rel=\"canonical\" href=\"https:\/\/mezonlogistics.com\/en_gb\/project-based-transport\/\" \/>\n<meta property=\"og:locale\" content=\"en_GB\" \/>\n<meta property=\"og:type\" content=\"article\" \/>\n<meta property=\"og:title\" content=\"Proje Bazl\u0131 Ta\u015f\u0131mac\u0131l\u0131k\" \/>\n<meta property=\"og:url\" content=\"https:\/\/mezonlogistics.com\/en_gb\/project-based-transport\/\" \/>\n<meta property=\"og:site_name\" content=\"Mezon Lojistik\" \/>\n<meta property=\"article:modified_time\" content=\"2025-10-20T11:22:37+00:00\" \/>\n<meta name=\"twitter:card\" content=\"summary_large_image\" \/>\n<meta name=\"twitter:label1\" content=\"Estimated reading time\" \/>\n\t<meta name=\"twitter:data1\" content=\"3 minutes\" \/>\n<script type=\"application\/ld+json\" class=\"yoast-schema-graph\">{\"@context\":\"https:\/\/schema.org\",\"@graph\":[{\"@type\":\"WebPage\",\"@id\":\"https:\/\/mezonlogistics.com\/proje-bazli-tasimacilik\/\",\"url\":\"https:\/\/mezonlogistics.com\/proje-bazli-tasimacilik\/\",\"name\":\"Proje Bazl\u0131 Ta\u015f\u0131mac\u0131l\u0131k - Mezon Lojistik\",\"isPartOf\":{\"@id\":\"\/#website\"},\"datePublished\":\"2025-10-20T01:07:12+00:00\",\"dateModified\":\"2025-10-20T11:22:37+00:00\",\"breadcrumb\":{\"@id\":\"https:\/\/mezonlogistics.com\/proje-bazli-tasimacilik\/#breadcrumb\"},\"inLanguage\":\"en-GB\",\"potentialAction\":[{\"@type\":\"ReadAction\",\"target\":[\"https:\/\/mezonlogistics.com\/proje-bazli-tasimacilik\/\"]}]},{\"@type\":\"BreadcrumbList\",\"@id\":\"https:\/\/mezonlogistics.com\/proje-bazli-tasimacilik\/#breadcrumb\",\"itemListElement\":[{\"@type\":\"ListItem\",\"position\":1,\"name\":\"Home\",\"item\":\"https:\/\/mezonlogistics.com\/\"},{\"@type\":\"ListItem\",\"position\":2,\"name\":\"Proje Bazl\u0131 Ta\u015f\u0131mac\u0131l\u0131k\"}]},{\"@type\":\"WebSite\",\"@id\":\"\/#website\",\"url\":\"\/\",\"name\":\"Mezon Lojistik\",\"description\":\"Connecting Continents Empowering Trade.\",\"publisher\":{\"@id\":\"\/#organization\"},\"potentialAction\":[{\"@type\":\"SearchAction\",\"target\":{\"@type\":\"EntryPoint\",\"urlTemplate\":\"\/?s={search_term_string}\"},\"query-input\":{\"@type\":\"PropertyValueSpecification\",\"valueRequired\":true,\"valueName\":\"search_term_string\"}}],\"inLanguage\":\"en-GB\"},{\"@type\":\"Organization\",\"@id\":\"\/#organization\",\"name\":\"Mezon Lojistik\",\"alternateName\":\"Mezon\",\"url\":\"\/\",\"logo\":{\"@type\":\"ImageObject\",\"inLanguage\":\"en-GB\",\"@id\":\"\/#\/schema\/logo\/image\/\",\"url\":\"https:\/\/i0.wp.com\/mezonlogistics.com\/wp-content\/uploads\/2025\/11\/mezon_logo_rv.png?fit=2425%2C1016&ssl=1\",\"contentUrl\":\"https:\/\/i0.wp.com\/mezonlogistics.com\/wp-content\/uploads\/2025\/11\/mezon_logo_rv.png?fit=2425%2C1016&ssl=1\",\"width\":2425,\"height\":1016,\"caption\":\"Mezon Lojistik\"},\"image\":{\"@id\":\"\/#\/schema\/logo\/image\/\"},\"email\":\"info@mezonlogistics.com\",\"telephone\":\"+90 216 501 0220\",\"legalName\":\"Mezon Lojistik A.\u015e.\",\"foundingDate\":\"1990-01-19\",\"vatID\":\"6201161310\",\"taxID\":\"6201161310\",\"numberOfEmployees\":{\"@type\":\"QuantitativeValue\",\"minValue\":\"5001\",\"maxValue\":\"10000\"}}]}<\/script>\n<!-- \/ Yoast SEO Premium plugin. -->","yoast_head_json":{"title":"Project Based Transport - Mezon Logistics","robots":{"index":"index","follow":"follow","max-snippet":"max-snippet:-1","max-image-preview":"max-image-preview:large","max-video-preview":"max-video-preview:-1"},"canonical":"https:\/\/mezonlogistics.com\/en_gb\/project-based-transport\/","og_locale":"en_GB","og_type":"article","og_title":"Proje Bazl\u0131 Ta\u015f\u0131mac\u0131l\u0131k","og_url":"https:\/\/mezonlogistics.com\/en_gb\/project-based-transport\/","og_site_name":"Mezon Lojistik","article_modified_time":"2025-10-20T11:22:37+00:00","twitter_card":"summary_large_image","twitter_misc":{"Estimated reading time":"3 minutes"},"schema":{"@context":"https:\/\/schema.org","@graph":[{"@type":"WebPage","@id":"https:\/\/mezonlogistics.com\/proje-bazli-tasimacilik\/","url":"https:\/\/mezonlogistics.com\/proje-bazli-tasimacilik\/","name":"Project Based Transport - Mezon Logistics","isPartOf":{"@id":"\/#website"},"datePublished":"2025-10-20T01:07:12+00:00","dateModified":"2025-10-20T11:22:37+00:00","breadcrumb":{"@id":"https:\/\/mezonlogistics.com\/proje-bazli-tasimacilik\/#breadcrumb"},"inLanguage":"en-GB","potentialAction":[{"@type":"ReadAction","target":["https:\/\/mezonlogistics.com\/proje-bazli-tasimacilik\/"]}]},{"@type":"BreadcrumbList","@id":"https:\/\/mezonlogistics.com\/proje-bazli-tasimacilik\/#breadcrumb","itemListElement":[{"@type":"ListItem","position":1,"name":"Home","item":"https:\/\/mezonlogistics.com\/"},{"@type":"ListItem","position":2,"name":"Proje Bazl\u0131 Ta\u015f\u0131mac\u0131l\u0131k"}]},{"@type":"WebSite","@id":"\/#website","url":"\/","name":"Mezon Logistics","description":"Connecting Continents Empowering Trade.","publisher":{"@id":"\/#organization"},"potentialAction":[{"@type":"SearchAction","target":{"@type":"EntryPoint","urlTemplate":"\/?s={search_term_string}"},"query-input":{"@type":"PropertyValueSpecification","valueRequired":true,"valueName":"search_term_string"}}],"inLanguage":"en-GB"},{"@type":"Organization","@id":"\/#organization","name":"Mezon Logistics","alternateName":"Mezon","url":"\/","logo":{"@type":"ImageObject","inLanguage":"en-GB","@id":"\/#\/schema\/logo\/image\/","url":"https:\/\/i0.wp.com\/mezonlogistics.com\/wp-content\/uploads\/2025\/11\/mezon_logo_rv.png?fit=2425%2C1016&ssl=1","contentUrl":"https:\/\/i0.wp.com\/mezonlogistics.com\/wp-content\/uploads\/2025\/11\/mezon_logo_rv.png?fit=2425%2C1016&ssl=1","width":2425,"height":1016,"caption":"Mezon Lojistik"},"image":{"@id":"\/#\/schema\/logo\/image\/"},"email":"info@mezonlogistics.com","telephone":"+90 216 501 0220","legalName":"Mezon Lojistik A.\u015e.","foundingDate":"1990-01-19","vatID":"6201161310","taxID":"6201161310","numberOfEmployees":{"@type":"QuantitativeValue","minValue":"5001","maxValue":"10000"}}]}},"jetpack_sharing_enabled":true,"_links":{"self":[{"href":"https:\/\/mezonlogistics.com\/en_gb\/wp-json\/wp\/v2\/pages\/75739","targetHints":{"allow":["GET"]}}],"collection":[{"href":"https:\/\/mezonlogistics.com\/en_gb\/wp-json\/wp\/v2\/pages"}],"about":[{"href":"https:\/\/mezonlogistics.com\/en_gb\/wp-json\/wp\/v2\/types\/page"}],"author":[{"embeddable":true,"href":"https:\/\/mezonlogistics.com\/en_gb\/wp-json\/wp\/v2\/users\/1"}],"replies":[{"embeddable":true,"href":"https:\/\/mezonlogistics.com\/en_gb\/wp-json\/wp\/v2\/comments?post=75739"}],"version-history":[{"count":7,"href":"https:\/\/mezonlogistics.com\/en_gb\/wp-json\/wp\/v2\/pages\/75739\/revisions"}],"predecessor-version":[{"id":75804,"href":"https:\/\/mezonlogistics.com\/en_gb\/wp-json\/wp\/v2\/pages\/75739\/revisions\/75804"}],"wp:attachment":[{"href":"https:\/\/mezonlogistics.com\/en_gb\/wp-json\/wp\/v2\/media?parent=75739"}],"curies":[{"name":"wp","href":"https:\/\/api.w.org\/{rel}","templated":true}]}}