{"id":75723,"date":"2025-10-20T02:14:18","date_gmt":"2025-10-19T23:14:18","guid":{"rendered":"https:\/\/test.mezonlogistics.com\/?page_id=75723"},"modified":"2025-10-20T02:46:07","modified_gmt":"2025-10-19T23:46:07","slug":"denizyolu-tasimaciligi","status":"publish","type":"page","link":"https:\/\/mezonlogistics.com\/es\/transporte-maritimo\/","title":{"rendered":"Transporte mar\u00edtimo"},"content":{"rendered":"<div id=\"depo-yonetimi\"  data-column-margin=\"default\" data-midnight=\"light\"  class=\"wpb_row vc_row-fluid vc_row full-width-section\"  style=\"padding-top: 150px; padding-bottom: 150px; \"><div class=\"row-bg-wrap\" data-bg-animation=\"none\" data-bg-animation-delay=\"\" data-bg-overlay=\"true\"><div class=\"inner-wrap row-bg-layer using-image\" ><div class=\"row-bg viewport-desktop using-image\"  style=\"background-image: url(https:\/\/i0.wp.com\/mezonlogistics.com\/wp-content\/uploads\/2025\/10\/sea_transport_img_mzn.webp?fit=1920%2C966&#038;ssl=1); background-position: center center; background-repeat: no-repeat; \"><\/div><\/div><div class=\"row-bg-overlay row-bg-layer\" style=\"background: #000000; background: linear-gradient(90deg,#000000 10%,rgba(255,255,255,0.001) 75%);  opacity: 0.8; background: #000000; background: linear-gradient(90deg,#000000 0%,rgba(255,255,255,0.001) 100%);  opacity: 0.8; \"><\/div><\/div><div class=\"row_col_wrap_12 col span_12 light left\">\n\t<div style=\"margin-top: 5%; \" class=\"vc_col-sm-6 wpb_column column_container vc_column_container col no-extra-padding inherit_tablet inherit_phone\"  data-padding-pos=\"all\" data-has-bg-color=\"false\" data-bg-color=\"\" data-bg-opacity=\"1\" data-animation=\"\" data-delay=\"0\" >\n\t\t<div class=\"vc_column-inner\" >\n\t\t\t<div class=\"wpb_wrapper\">\n\t\t\t\t<div class=\"nectar-split-heading  font_size_4vw\" data-align=\"default\" data-m-align=\"inherit\" data-text-effect=\"letter-reveal-bottom\" data-animation-type=\"line-reveal-by-space\" data-animation-delay=\"0\" data-animation-offset=\"\" data-m-rm-animation=\"\" data-stagger=\"\" data-custom-font-size=\"true\" style=\"font-size: 4.5vw; line-height: 4.95vw;\"><h1 style=\" color: #FFFFFF;\">Transporte mar\u00edtimo<\/h1><\/div>\n\t\t\t<\/div> \n\t\t<\/div>\n\t<\/div> \n\n\t<div  class=\"vc_col-sm-6 wpb_column column_container vc_column_container col no-extra-padding inherit_tablet inherit_phone\"  data-padding-pos=\"all\" data-has-bg-color=\"false\" data-bg-color=\"\" data-bg-opacity=\"1\" data-animation=\"\" data-delay=\"0\" >\n\t\t<div class=\"vc_column-inner\" >\n\t\t\t<div class=\"wpb_wrapper\">\n\t\t\t\t\n\t\t\t<\/div> \n\t\t<\/div>\n\t<\/div> \n<\/div><\/div>\n\t\t<div id=\"fws_69ee4ce262821\"  data-column-margin=\"default\" data-midnight=\"dark\"  class=\"wpb_row vc_row-fluid vc_row\"  style=\"padding-top: 100px; padding-bottom: 0px; \"><div class=\"row-bg-wrap\" data-bg-animation=\"none\" data-bg-animation-delay=\"\" data-bg-overlay=\"false\"><div class=\"inner-wrap row-bg-layer\" ><div class=\"row-bg viewport-desktop\"  style=\"\"><\/div><\/div><\/div><div class=\"row_col_wrap_12 col span_12 dark left\">\n\t<div  class=\"vc_col-sm-12 wpb_column column_container vc_column_container col no-extra-padding inherit_tablet inherit_phone\"  data-padding-pos=\"all\" data-has-bg-color=\"false\" data-bg-color=\"\" data-bg-opacity=\"1\" data-animation=\"\" data-delay=\"0\" >\n\t\t<div class=\"vc_column-inner\" >\n\t\t\t<div class=\"wpb_wrapper\">\n\t\t\t\t<div class=\"nectar-split-heading  font_size_1vw\" data-align=\"default\" data-m-align=\"inherit\" data-text-effect=\"letter-reveal-bottom\" data-animation-type=\"line-reveal-by-space\" data-animation-delay=\"0\" data-animation-offset=\"\" data-m-rm-animation=\"\" data-stagger=\"\" data-custom-font-size=\"true\" style=\"font-size: 1.7vw; line-height: 1.87vw;\"><h4 style=\" color: #55565a;\">Soluciones log\u00edsticas racionales intercontinentales de Mezon<\/h4><\/div>\n<div class=\"wpb_text_column wpb_content_element  vc_custom_1760916360472\" >\n\t<div class=\"wpb_row vc_row vc_row-fluid mk-fullwidth-false attched-false vc_custom_1650856733808 js-master-row mk-grid mk-in-viewport\" data-mk-stretch-content=\"true\">\n<div class=\"vc_col-sm-12 wpb_column column_container _ height-full\">\n<div class=\"vc_custom_1740574413666\">\n<div id=\"text-block-13\" class=\"mk-text-block\">\n<div id=\"text-block-8\" class=\"mk-text-block\">\n<div id=\"text-block-17\" class=\"mk-text-block\">\n<div class=\"wpb_text_column wpb_content_element\">\n<div class=\"wpb_wrapper\">\n<p>En el mundo actual, donde % 80 del comercio mundial se realiza por mar, Mezon, con sus acuerdos con los principales armadores de todo el mundo, su amplia red de agencias y su propiedad&nbsp;<a href=\"http:\/\/www.fiata.com\/\" target=\"_blank\" rel=\"noopener noreferrer\">FIATA<\/a>&nbsp;y&nbsp;<a href=\"http:\/\/www.utikad.org.tr\/\" target=\"_blank\" rel=\"noopener noreferrer\">UTIKAD<\/a>&nbsp;miembros, produce soluciones log\u00edsticas racionales en todos los continentes para muchos clientes de todo el mundo.<\/p>\n<\/div>\n<\/div>\n<div class=\"wpb_text_column wpb_content_element vc_custom_1705576444738\">\n<div class=\"wpb_wrapper\">\n<p>Acuerdos de asociaci\u00f3n y afiliaciones existentes&nbsp;<a href=\"http:\/\/www.htfn.com\/\" target=\"_blank\" rel=\"noopener noreferrer\">HTFN<\/a>&nbsp;y&nbsp;<a href=\"http:\/\/www.wcaworld.com\/\" target=\"_blank\" rel=\"noopener noreferrer\">WCA<\/a>&nbsp;Gracias a su red mundial de agentes, Mezon puede ofrecer servicios de entrega puerta a puerta, despacho de aduanas y distribuci\u00f3n en cualquier parte del mundo.<\/p>\n<p>Al mismo tiempo, con su certificado NVOCC, Mezon imprime sus propias fianzas y realiza acuerdos de contratos de transporte de mercanc\u00edas sin necesidad de otra empresa autorizada, incluidas las entregas de \u00faltima puerta para actividades de transporte mar\u00edtimo en relaci\u00f3n con los Estados Unidos de Am\u00e9rica.<\/p>\n<\/div>\n<\/div>\n<div class=\"wpb_text_column wpb_content_element vc_custom_1705576454606\">\n<div class=\"wpb_wrapper\">\n<p>Mezon ofrece la soluci\u00f3n m\u00e1s id\u00f3nea con opciones intermodales como tierra-mar, mar-aire, mar-aire, mar-ferrocarril, as\u00ed como transportes FCL y LCL en contenedores, planificando todo tipo de posibilidades de combinaci\u00f3n durante el transporte de los productos de los clientes. Adem\u00e1s del transporte puerto a puerto, puerto a puerto, puerta a puerta, puerta a puerta, tambi\u00e9n ofrece consolidaci\u00f3n de productos LCL, servicio de carga en tr\u00e1nsito y servicios de transporte cruzado en el \u00e1mbito de las soluciones de transporte mar\u00edtimo. Mezon crea alternativas de transporte y proporciona ventajas de costes mediante la firma de contratos especiales con agencias navieras de todo el mundo.<\/p>\n<\/div>\n<\/div>\n<div class=\"wpb_text_column wpb_content_element vc_custom_1705576461317\">\n<div class=\"wpb_wrapper\">\n<p>Mezon cuenta con los conocimientos y la infraestructura necesarios para transportar todo tipo de productos con diferentes tipos de contenedores en su flota. Desde productos textiles colgados hasta productos qu\u00edmicos y alimentarios inflamables o no inflamables, Mezon se encarga del transporte de todo tipo de materiales s\u00f3lidos, l\u00edquidos y gaseosos. Adem\u00e1s, en el \u00e1mbito de las soluciones de transporte mar\u00edtimo, ofrece cargas de proyectos de gran tonelaje o fuera de g\u00e1libo, as\u00ed como transporte de carga abierta y servicios de fletamento de buques.<\/p>\n<p>Mezon, que ofrece todo tipo de servicios, desde contenedores especiales como open top, open side, refeer, flat rack, plataforma hasta transporte de contenedores suspendidos, desde contenedores cisterna ISO hasta transporte de contenedores cisterna Flexi seg\u00fan el tipo de producto y sus caracter\u00edsticas, tambi\u00e9n proporciona servicios adicionales como suministro, carga y colocaci\u00f3n de contenedores flexi y suspendidos gracias a su experiencia.<\/p>\n<div class=\"wpb_text_column wpb_content_element\">\n<div class=\"wpb_wrapper\">\n<p><strong>FCL\/LCL<\/strong>&nbsp;Las diferentes opciones de contenedores en funci\u00f3n de las caracter\u00edsticas del producto pueden hacer que la carga se eval\u00fae en parte como FCL (carga de contenedor completo) o LCL (carga de contenedor parcial). En este contexto, Mezon realiza todo tipo de transportes FCL y LCL en contenedores seg\u00fan las caracter\u00edsticas y el volumen del producto.<\/p>\n<\/div>\n<\/div>\n<div class=\"wpb_text_column wpb_content_element vc_custom_1705576601246\">\n<div class=\"wpb_wrapper\">\n<p>Mezon, que tiene la capacidad de ofrecer soluciones integradas gracias a su experiencia e infraestructura, ofrece opciones intermodales como tierra-mar, mar-ferrocarril seg\u00fan los diferentes destinos y necesidades de los clientes.<\/p>\n<\/div>\n<\/div>\n<\/div>\n<\/div>\n<\/div>\n<\/div>\n<\/div>\n<\/div>\n<\/div>\n<\/div>\n<\/div>\n\n\n\n<div id=\"fws_69ee4ce2634e7\" data-midnight=\"\" data-column-margin=\"default\" class=\"wpb_row vc_row-fluid vc_row inner_row\"  style=\"\"><div class=\"row-bg-wrap\"> <div class=\"row-bg\" ><\/div> <\/div><div class=\"row_col_wrap_12_inner col span_12  left\">\n\t<div  class=\"vc_col-sm-4 wpb_column column_container vc_column_container col child_column no-extra-padding inherit_tablet inherit_phone\"   data-padding-pos=\"all\" data-has-bg-color=\"false\" data-bg-color=\"\" data-bg-opacity=\"1\" data-animation=\"\" data-delay=\"0\" >\n\t\t<div class=\"vc_column-inner\" >\n\t\t<div class=\"wpb_wrapper\">\n\t\t\t<div class=\"nectar-split-heading  font_size_1vw\" data-align=\"default\" data-m-align=\"inherit\" data-text-effect=\"letter-reveal-bottom\" data-animation-type=\"line-reveal-by-space\" data-animation-delay=\"0\" data-animation-offset=\"\" data-m-rm-animation=\"\" data-stagger=\"\" data-custom-font-size=\"true\" style=\"font-size: 1.7vw; line-height: 1.87vw;\"><h4 style=\" color: #55565a;\">Tipos de contenedores y cisternas flexibles<\/h4><\/div>\n<div class=\"wpb_text_column wpb_content_element\" >\n\t<ul class=\"mezon-liste\">\n<li>Contenedor de 20<\/li>\n<li>Contenedor de 40<\/li>\n<li>Contenedor c\u00fabico de 40\u2032 de altura<\/li>\n<li>Contenedor abierto de 20\u2032<\/li>\n<li>Contenedor abierto de 40\u2032<\/li>\n<li>Contenedor de estanter\u00eda plana de 20\u2032<\/li>\n<li>Contenedor de estante plano de 40\u2032<\/li>\n<li>Contenedor refrigerado de 20<\/li>\n<li>Tanque ISO<\/li>\n<li>Tanque Flexi<\/li>\n<li>Otros tipos de contenedores<\/li>\n<\/ul>\n<\/div>\n\n\n\n\n\t\t<\/div> \n\t<\/div>\n\t<\/div> \n\n\t<div  class=\"vc_col-sm-8 wpb_column column_container vc_column_container col child_column no-extra-padding inherit_tablet inherit_phone\"   data-padding-pos=\"all\" data-has-bg-color=\"false\" data-bg-color=\"\" data-bg-opacity=\"1\" data-animation=\"\" data-delay=\"0\" >\n\t\t<div class=\"vc_column-inner\" >\n\t\t<div class=\"wpb_wrapper\">\n\t\t\t<div class=\"nectar-split-heading  font_size_1vw\" data-align=\"default\" data-m-align=\"inherit\" data-text-effect=\"letter-reveal-bottom\" data-animation-type=\"line-reveal-by-space\" data-animation-delay=\"0\" data-animation-offset=\"\" data-m-rm-animation=\"\" data-stagger=\"\" data-custom-font-size=\"true\" style=\"font-size: 1.7vw; line-height: 1.87vw;\"><h4 style=\" color: #55565a;\">Soluciones log\u00edsticas intercontinentales<\/h4><\/div>\n<div class=\"wpb_text_column wpb_content_element\" >\n\t<div class=\"wpb_text_column wpb_content_element\">\n<div class=\"wpb_wrapper\">\n<p>Mezon gestiona las operaciones log\u00edsticas de sustancias l\u00edquidas y qu\u00edmicas de forma mucho m\u00e1s r\u00e1pida, segura, respetuosa con el medio ambiente y con los mayores vol\u00famenes posibles gracias a los contenedores de tipo Flexi e ISO Tank incluidos en su flota, adem\u00e1s de los contenedores de tipo est\u00e1ndar y especial a los que presta servicio. Mezon, que sigue dando nuevos pasos en funci\u00f3n de las demandas de sus clientes, proporciona ahorros de costes y tiempo con las aplicaciones que ha implantado.<\/p>\n<\/div>\n<\/div>\n<div class=\"wpb_text_column wpb_content_element\">\n<div class=\"wpb_wrapper\">\n<p>Flexi Tank es un tipo de contenedor que permite utilizar contenedores caja como contenedores cisterna, ahorrando tiempo y costes de carga y descarga. Las cisternas flexi de Mezon, que se utilizan para transportar aceites vegetales l\u00edquidos, zumos de fruta concentrados y productos qu\u00edmicos l\u00edquidos no inflamables, tienen una capacidad de carga de 24.000 litros. Gracias a los transportes en cisternas flexi, que son una alternativa a las cargas convencionales en barriles y contenedores cisterna ISO, Mezon entrega m\u00e1s productos a la vez a los clientes como carga a granel en un entorno m\u00e1s rentable y saludable. Como las cisternas flexi son desechables, tambi\u00e9n se eliminan costes como los de lavado y almacenamiento.<\/p>\n<\/div>\n<\/div>\n<\/div>\n\n\n\n\n\t\t<\/div> \n\t<\/div>\n\t<\/div> \n<\/div><\/div>\n\t\t\t<\/div> \n\t\t<\/div>\n\t<\/div> \n<\/div><\/div>\n\t\t<div id=\"fws_69ee4ce264d14\"  data-column-margin=\"default\" data-midnight=\"light\"  class=\"wpb_row vc_row-fluid vc_row full-width-section vc_row-o-equal-height vc_row-flex vc_row-o-content-middle\"  style=\"padding-top: 80px; padding-bottom: 80px; \"><div class=\"row-bg-wrap\" data-bg-animation=\"zoom-out-slow\" data-bg-animation-delay=\"\" data-bg-overlay=\"true\"><div class=\"inner-wrap row-bg-layer using-image\" ><div class=\"row-bg viewport-desktop using-image using-bg-color\"  style=\"background-image: url(https:\/\/i0.wp.com\/mezonlogistics.com\/wp-content\/uploads\/2025\/10\/sea_transport_img_mzn.webp?fit=1920%2C966&#038;ssl=1); background-position: center center; background-repeat: no-repeat; background-color: #ffffff; \"><\/div><\/div><div class=\"row-bg-overlay row-bg-layer\" style=\"background-color:#282828;  opacity: 0.8; \"><\/div><\/div><div class=\"nectar-shape-divider-wrap no-color\" style=\" height:50px;\"  data-height=\"50\" data-front=\"\" data-style=\"tilt\" data-position=\"top\" ><svg class=\"nectar-shape-divider\" aria-hidden=\"true\" fill=\"\" xmlns=\"http:\/\/www.w3.org\/2000\/svg\" viewbox=\"0 0 100 10\" preserveaspectratio=\"none\"> <polygon points=\"104 10 0 0 0 10\"><\/polygon> <\/svg><\/div><div class=\"row_col_wrap_12 col span_12 light left\">\n\t<div  class=\"vc_col-sm-6 wpb_column column_container vc_column_container col no-extra-padding force-tablet-text-align-center force-phone-text-align-center inherit_tablet inherit_phone\"  data-padding-pos=\"all\" data-has-bg-color=\"false\" data-bg-color=\"\" data-bg-opacity=\"1\" data-animation=\"\" data-delay=\"0\" >\n\t\t<div class=\"vc_column-inner\" >\n\t\t\t<div class=\"wpb_wrapper\">\n\t\t\t\t<div class=\"nectar-highlighted-text\" data-style=\"half_text\" data-exp=\"default\" data-using-custom-color=\"true\" data-animation-delay=\"false\" data-color=\"#ff1053\" data-color-gradient=\"\" style=\"\"><h2>Altos est\u00e1ndares<br \/>\n<strong>Servicios de transporte mar\u00edtimo<\/strong><\/h2>\n<\/div>\n<div class=\"wpb_text_column wpb_content_element  vc_custom_1760888777375\" >\n\t<div class=\"wpb_text_column wpb_content_element\">\n<div class=\"wpb_wrapper\">\n<p>Obtenga una oferta para los altos est\u00e1ndares de calidad de servicio de Mezon.\n<\/p><\/div>\n<\/div>\n<\/div>\n\n\n\n\n\t\t\t<\/div> \n\t\t<\/div>\n\t<\/div> \n\n\t<div  class=\"vc_col-sm-6 wpb_column column_container vc_column_container col no-extra-padding force-tablet-text-align-center force-phone-text-align-center inherit_tablet inherit_phone\"  data-padding-pos=\"all\" data-has-bg-color=\"false\" data-bg-color=\"\" data-bg-opacity=\"1\" data-animation=\"\" data-delay=\"0\" >\n\t\t<div class=\"vc_column-inner\" >\n\t\t\t<div class=\"wpb_wrapper\">\n\t\t\t\t<div id=\"fws_69ee4ce265e5a\" data-midnight=\"\" data-column-margin=\"default\" class=\"wpb_row vc_row-fluid vc_row inner_row\"  style=\"\"><div class=\"row-bg-wrap\"> <div class=\"row-bg\" ><\/div> <\/div><div class=\"row_col_wrap_12_inner col span_12  right\">\n\t<div  class=\"vc_col-sm-12 wpb_column column_container vc_column_container col child_column no-extra-padding inherit_tablet inherit_phone\"   data-padding-pos=\"all\" data-has-bg-color=\"false\" data-bg-color=\"\" data-bg-opacity=\"1\" data-animation=\"\" data-delay=\"0\" >\n\t\t<div class=\"vc_column-inner\" >\n\t\t<div class=\"wpb_wrapper\">\n\t\t\t<a class=\"nectar-button jumbo see-through-2  has-icon wpb_animate_when_almost_visible wpb_lightSpeedIn lightSpeedIn\"  role=\"button\" style=\"margin-top: 50px; border-color: #ffffff; color: #ffffff;\"  href=\"https:\/\/mezonlogistics.com\/es\/solicitud-de-servicio\/\" data-color-override=\"#ffffff\"  data-hover-color-override=\"#ffffff\" data-hover-text-color-override=\"#000000\"><span>Obtener oferta<\/span><i  class=\"icon-button-arrow\"><\/i><\/a>\n\t\t<\/div> \n\t<\/div>\n\t<\/div> \n<\/div><\/div>\n\t\t\t<\/div> \n\t\t<\/div>\n\t<\/div> \n<\/div><\/div>","protected":false},"excerpt":{"rendered":"Denizyolu Ta\u015f\u0131mac\u0131l\u0131\u011f\u0131 Mezon\u2019dan K\u0131talararas\u0131 Ak\u0131lc\u0131 Lojistik \u00c7\u00f6z\u00fcmler D\u00fcnya ticaretinin % 80\u2019inin denizyoluyla ger\u00e7ekle\u015fti\u011fi g\u00fcn\u00fcm\u00fczde Mezon, t\u00fcm d\u00fcnyada s\u00f6z sahibi armat\u00f6rlerle yapt\u0131\u011f\u0131 anla\u015fmalar, geni\u015f acente a\u011f\u0131 ve sahip oldu\u011fu&nbsp;FIATA&nbsp;ve&nbsp;UTIKAD&nbsp;\u00fcyelikleriyle d\u00fcnya genelinde...","protected":false},"author":1,"featured_media":0,"parent":0,"menu_order":0,"comment_status":"closed","ping_status":"closed","template":"","meta":{"inline_featured_image":false,"footnotes":""},"class_list":["post-75723","page","type-page","status-publish"],"yoast_head":"<!-- This site is optimized with the Yoast SEO Premium plugin v25.6 (Yoast SEO v27.3) - https:\/\/yoast.com\/product\/yoast-seo-premium-wordpress\/ -->\n<title>Denizyolu Ta\u015f\u0131mac\u0131l\u0131\u011f\u0131 - Mezon Lojistik<\/title>\n<meta name=\"robots\" content=\"index, follow, max-snippet:-1, max-image-preview:large, max-video-preview:-1\" \/>\n<link rel=\"canonical\" href=\"https:\/\/mezonlogistics.com\/es\/transporte-maritimo\/\" \/>\n<meta property=\"og:locale\" content=\"es_ES\" \/>\n<meta property=\"og:type\" content=\"article\" \/>\n<meta property=\"og:title\" content=\"Denizyolu Ta\u015f\u0131mac\u0131l\u0131\u011f\u0131\" \/>\n<meta property=\"og:url\" content=\"https:\/\/mezonlogistics.com\/es\/transporte-maritimo\/\" \/>\n<meta property=\"og:site_name\" content=\"Mezon Lojistik\" \/>\n<meta property=\"article:modified_time\" content=\"2025-10-19T23:46:07+00:00\" \/>\n<meta name=\"twitter:card\" content=\"summary_large_image\" \/>\n<meta name=\"twitter:label1\" content=\"Tiempo de lectura\" \/>\n\t<meta name=\"twitter:data1\" content=\"2 minutos\" \/>\n<script type=\"application\/ld+json\" class=\"yoast-schema-graph\">{\"@context\":\"https:\\\/\\\/schema.org\",\"@graph\":[{\"@type\":\"WebPage\",\"@id\":\"https:\\\/\\\/mezonlogistics.com\\\/denizyolu-tasimaciligi\\\/\",\"url\":\"https:\\\/\\\/mezonlogistics.com\\\/denizyolu-tasimaciligi\\\/\",\"name\":\"Denizyolu Ta\u015f\u0131mac\u0131l\u0131\u011f\u0131 - Mezon Lojistik\",\"isPartOf\":{\"@id\":\"\\\/#website\"},\"datePublished\":\"2025-10-19T23:14:18+00:00\",\"dateModified\":\"2025-10-19T23:46:07+00:00\",\"breadcrumb\":{\"@id\":\"https:\\\/\\\/mezonlogistics.com\\\/denizyolu-tasimaciligi\\\/#breadcrumb\"},\"inLanguage\":\"es\",\"potentialAction\":[{\"@type\":\"ReadAction\",\"target\":[\"https:\\\/\\\/mezonlogistics.com\\\/denizyolu-tasimaciligi\\\/\"]}]},{\"@type\":\"BreadcrumbList\",\"@id\":\"https:\\\/\\\/mezonlogistics.com\\\/denizyolu-tasimaciligi\\\/#breadcrumb\",\"itemListElement\":[{\"@type\":\"ListItem\",\"position\":1,\"name\":\"Home\",\"item\":\"https:\\\/\\\/mezonlogistics.com\\\/\"},{\"@type\":\"ListItem\",\"position\":2,\"name\":\"Denizyolu Ta\u015f\u0131mac\u0131l\u0131\u011f\u0131\"}]},{\"@type\":\"WebSite\",\"@id\":\"\\\/#website\",\"url\":\"\\\/\",\"name\":\"Mezon Lojistik\",\"description\":\"Connecting Continents Empowering Trade.\",\"publisher\":{\"@id\":\"\\\/#organization\"},\"potentialAction\":[{\"@type\":\"SearchAction\",\"target\":{\"@type\":\"EntryPoint\",\"urlTemplate\":\"\\\/?s={search_term_string}\"},\"query-input\":{\"@type\":\"PropertyValueSpecification\",\"valueRequired\":true,\"valueName\":\"search_term_string\"}}],\"inLanguage\":\"es\"},{\"@type\":\"Organization\",\"@id\":\"\\\/#organization\",\"name\":\"Mezon Lojistik\",\"alternateName\":\"Mezon\",\"url\":\"\\\/\",\"logo\":{\"@type\":\"ImageObject\",\"inLanguage\":\"es\",\"@id\":\"\\\/#\\\/schema\\\/logo\\\/image\\\/\",\"url\":\"https:\\\/\\\/i0.wp.com\\\/mezonlogistics.com\\\/wp-content\\\/uploads\\\/2025\\\/11\\\/mezon_logo_rv.png?fit=2425%2C1016&ssl=1\",\"contentUrl\":\"https:\\\/\\\/i0.wp.com\\\/mezonlogistics.com\\\/wp-content\\\/uploads\\\/2025\\\/11\\\/mezon_logo_rv.png?fit=2425%2C1016&ssl=1\",\"width\":2425,\"height\":1016,\"caption\":\"Mezon Lojistik\"},\"image\":{\"@id\":\"\\\/#\\\/schema\\\/logo\\\/image\\\/\"},\"email\":\"info@mezonlogistics.com\",\"telephone\":\"+90 216 501 0220\",\"legalName\":\"Mezon Lojistik A.\u015e.\",\"foundingDate\":\"1990-01-19\",\"vatID\":\"6201161310\",\"taxID\":\"6201161310\",\"numberOfEmployees\":{\"@type\":\"QuantitativeValue\",\"minValue\":\"5001\",\"maxValue\":\"10000\"}}]}<\/script>\n<!-- \/ Yoast SEO Premium plugin. -->","yoast_head_json":{"title":"Transporte mar\u00edtimo - Mezon Logistics","robots":{"index":"index","follow":"follow","max-snippet":"max-snippet:-1","max-image-preview":"max-image-preview:large","max-video-preview":"max-video-preview:-1"},"canonical":"https:\/\/mezonlogistics.com\/es\/transporte-maritimo\/","og_locale":"es_ES","og_type":"article","og_title":"Denizyolu Ta\u015f\u0131mac\u0131l\u0131\u011f\u0131","og_url":"https:\/\/mezonlogistics.com\/es\/transporte-maritimo\/","og_site_name":"Mezon Lojistik","article_modified_time":"2025-10-19T23:46:07+00:00","twitter_card":"summary_large_image","twitter_misc":{"Tiempo de lectura":"2 minutos"},"schema":{"@context":"https:\/\/schema.org","@graph":[{"@type":"WebPage","@id":"https:\/\/mezonlogistics.com\/denizyolu-tasimaciligi\/","url":"https:\/\/mezonlogistics.com\/denizyolu-tasimaciligi\/","name":"Transporte mar\u00edtimo - Mezon Logistics","isPartOf":{"@id":"\/#website"},"datePublished":"2025-10-19T23:14:18+00:00","dateModified":"2025-10-19T23:46:07+00:00","breadcrumb":{"@id":"https:\/\/mezonlogistics.com\/denizyolu-tasimaciligi\/#breadcrumb"},"inLanguage":"es","potentialAction":[{"@type":"ReadAction","target":["https:\/\/mezonlogistics.com\/denizyolu-tasimaciligi\/"]}]},{"@type":"BreadcrumbList","@id":"https:\/\/mezonlogistics.com\/denizyolu-tasimaciligi\/#breadcrumb","itemListElement":[{"@type":"ListItem","position":1,"name":"Home","item":"https:\/\/mezonlogistics.com\/"},{"@type":"ListItem","position":2,"name":"Denizyolu Ta\u015f\u0131mac\u0131l\u0131\u011f\u0131"}]},{"@type":"WebSite","@id":"\/#website","url":"\/","name":"Mezon Log\u00edstica","description":"Conectando continentes y potenciando el comercio.","publisher":{"@id":"\/#organization"},"potentialAction":[{"@type":"SearchAction","target":{"@type":"EntryPoint","urlTemplate":"\/?s={search_term_string}"},"query-input":{"@type":"PropertyValueSpecification","valueRequired":true,"valueName":"search_term_string"}}],"inLanguage":"es"},{"@type":"Organization","@id":"\/#organization","name":"Mezon Log\u00edstica","alternateName":"Mezon","url":"\/","logo":{"@type":"ImageObject","inLanguage":"es","@id":"\/#\/schema\/logo\/image\/","url":"https:\/\/i0.wp.com\/mezonlogistics.com\/wp-content\/uploads\/2025\/11\/mezon_logo_rv.png?fit=2425%2C1016&ssl=1","contentUrl":"https:\/\/i0.wp.com\/mezonlogistics.com\/wp-content\/uploads\/2025\/11\/mezon_logo_rv.png?fit=2425%2C1016&ssl=1","width":2425,"height":1016,"caption":"Mezon Lojistik"},"image":{"@id":"\/#\/schema\/logo\/image\/"},"email":"info@mezonlogistics.com","telephone":"+90 216 501 0220","legalName":"Mezon Lojistik A.\u015e.","foundingDate":"1990-01-19","vatID":"6201161310","taxID":"6201161310","numberOfEmployees":{"@type":"QuantitativeValue","minValue":"5001","maxValue":"10000"}}]}},"jetpack_sharing_enabled":true,"_links":{"self":[{"href":"https:\/\/mezonlogistics.com\/es\/wp-json\/wp\/v2\/pages\/75723","targetHints":{"allow":["GET"]}}],"collection":[{"href":"https:\/\/mezonlogistics.com\/es\/wp-json\/wp\/v2\/pages"}],"about":[{"href":"https:\/\/mezonlogistics.com\/es\/wp-json\/wp\/v2\/types\/page"}],"author":[{"embeddable":true,"href":"https:\/\/mezonlogistics.com\/es\/wp-json\/wp\/v2\/users\/1"}],"replies":[{"embeddable":true,"href":"https:\/\/mezonlogistics.com\/es\/wp-json\/wp\/v2\/comments?post=75723"}],"version-history":[{"count":6,"href":"https:\/\/mezonlogistics.com\/es\/wp-json\/wp\/v2\/pages\/75723\/revisions"}],"predecessor-version":[{"id":75734,"href":"https:\/\/mezonlogistics.com\/es\/wp-json\/wp\/v2\/pages\/75723\/revisions\/75734"}],"wp:attachment":[{"href":"https:\/\/mezonlogistics.com\/es\/wp-json\/wp\/v2\/media?parent=75723"}],"curies":[{"name":"wp","href":"https:\/\/api.w.org\/{rel}","templated":true}]}}