{"id":75730,"date":"2025-10-20T02:45:10","date_gmt":"2025-10-19T23:45:10","guid":{"rendered":"https:\/\/test.mezonlogistics.com\/?page_id=75730"},"modified":"2025-10-20T03:17:26","modified_gmt":"2025-10-20T00:17:26","slug":"havayolu-tasimaciligi","status":"publish","type":"page","link":"https:\/\/mezonlogistics.com\/es\/transporte-aereo\/","title":{"rendered":"Transporte a\u00e9reo"},"content":{"rendered":"<div id=\"depo-yonetimi\"  data-column-margin=\"default\" data-midnight=\"light\"  class=\"wpb_row vc_row-fluid vc_row full-width-section\"  style=\"padding-top: 150px; padding-bottom: 150px; \"><div class=\"row-bg-wrap\" data-bg-animation=\"none\" data-bg-animation-delay=\"\" data-bg-overlay=\"true\"><div class=\"inner-wrap row-bg-layer using-image\" ><div class=\"row-bg viewport-desktop using-image\"  style=\"background-image: url(https:\/\/i0.wp.com\/mezonlogistics.com\/wp-content\/uploads\/2025\/10\/air_trans_mzn.png?fit=1200%2C657&#038;ssl=1); background-position: center top; background-repeat: no-repeat; \"><\/div><\/div><div class=\"row-bg-overlay row-bg-layer\" style=\"background: #000000; background: linear-gradient(90deg,#000000 10%,rgba(255,255,255,0.001) 75%);  opacity: 0.8; background: #000000; background: linear-gradient(90deg,#000000 0%,rgba(255,255,255,0.001) 100%);  opacity: 0.8; \"><\/div><\/div><div class=\"row_col_wrap_12 col span_12 light left\">\n\t<div style=\"margin-top: 5%; \" class=\"vc_col-sm-6 wpb_column column_container vc_column_container col no-extra-padding inherit_tablet inherit_phone\"  data-padding-pos=\"all\" data-has-bg-color=\"false\" data-bg-color=\"\" data-bg-opacity=\"1\" data-animation=\"\" data-delay=\"0\" >\n\t\t<div class=\"vc_column-inner\" >\n\t\t\t<div class=\"wpb_wrapper\">\n\t\t\t\t<div class=\"nectar-split-heading  font_size_4vw\" data-align=\"default\" data-m-align=\"inherit\" data-text-effect=\"letter-reveal-bottom\" data-animation-type=\"line-reveal-by-space\" data-animation-delay=\"0\" data-animation-offset=\"\" data-m-rm-animation=\"\" data-stagger=\"\" data-custom-font-size=\"true\" style=\"font-size: 4.5vw; line-height: 4.95vw;\"><h1 style=\" color: #FFFFFF;\">Transporte a\u00e9reo<\/h1><\/div>\n\t\t\t<\/div> \n\t\t<\/div>\n\t<\/div> \n\n\t<div  class=\"vc_col-sm-6 wpb_column column_container vc_column_container col no-extra-padding inherit_tablet inherit_phone\"  data-padding-pos=\"all\" data-has-bg-color=\"false\" data-bg-color=\"\" data-bg-opacity=\"1\" data-animation=\"\" data-delay=\"0\" >\n\t\t<div class=\"vc_column-inner\" >\n\t\t\t<div class=\"wpb_wrapper\">\n\t\t\t\t\n\t\t\t<\/div> \n\t\t<\/div>\n\t<\/div> \n<\/div><\/div>\n\t\t<div id=\"fws_69d0ccb195857\"  data-column-margin=\"default\" data-midnight=\"dark\"  class=\"wpb_row vc_row-fluid vc_row\"  style=\"padding-top: 100px; padding-bottom: 0px; \"><div class=\"row-bg-wrap\" data-bg-animation=\"none\" data-bg-animation-delay=\"\" data-bg-overlay=\"false\"><div class=\"inner-wrap row-bg-layer\" ><div class=\"row-bg viewport-desktop\"  style=\"\"><\/div><\/div><\/div><div class=\"row_col_wrap_12 col span_12 dark left\">\n\t<div  class=\"vc_col-sm-12 wpb_column column_container vc_column_container col no-extra-padding inherit_tablet inherit_phone\"  data-padding-pos=\"all\" data-has-bg-color=\"false\" data-bg-color=\"\" data-bg-opacity=\"1\" data-animation=\"\" data-delay=\"0\" >\n\t\t<div class=\"vc_column-inner\" >\n\t\t\t<div class=\"wpb_wrapper\">\n\t\t\t\t<div class=\"nectar-split-heading  font_size_1vw\" data-align=\"default\" data-m-align=\"inherit\" data-text-effect=\"letter-reveal-bottom\" data-animation-type=\"line-reveal-by-space\" data-animation-delay=\"0\" data-animation-offset=\"\" data-m-rm-animation=\"\" data-stagger=\"\" data-custom-font-size=\"true\" style=\"font-size: 1.7vw; line-height: 1.87vw;\"><h4 style=\" color: #55565a;\">El servicio de transporte a\u00e9reo de mayor calidad al coste m\u00e1s asequible en Mezon<\/h4><\/div>\n<div class=\"wpb_text_column wpb_content_element  vc_custom_1760919175775\" >\n\t<div class=\"wpb_row vc_row vc_row-fluid mk-fullwidth-false attched-false vc_custom_1650856733808 js-master-row mk-grid mk-in-viewport\" data-mk-stretch-content=\"true\">\n<div class=\"vc_col-sm-12 wpb_column column_container _ height-full\">\n<div class=\"vc_custom_1740574413666\">\n<div id=\"text-block-13\" class=\"mk-text-block\">\n<div id=\"text-block-8\" class=\"mk-text-block\">\n<div id=\"text-block-17\" class=\"mk-text-block\">\n<div class=\"wpb_text_column wpb_content_element\">\n<div class=\"wpb_wrapper\">\n<p>Mezon ha adoptado el principio de ofrecer la soluci\u00f3n m\u00e1s id\u00f3nea a todo tipo de demandas de transporte de sus clientes. En este contexto, desempe\u00f1a un papel complementario en soluciones de transporte como el a\u00e9reo, el mar\u00edtimo y el ferroviario.<\/p>\n<p>Mezon; con su licencia IATA y su pertenencia a UTIKAD, su amplia red de agencias que cubre todo el mundo y sus acuerdos especiales con las principales compa\u00f1\u00edas a\u00e9reas, Mezon trabaja para ofrecer a sus clientes el mejor servicio de calidad en transporte a\u00e9reo al coste m\u00e1s asequible en 186 pa\u00edses y cerca de 700 localidades.<\/p>\n<\/div>\n<\/div>\n<\/div>\n<\/div>\n<\/div>\n<\/div>\n<\/div>\n<\/div>\n<\/div>\n\n\n\n<div class=\"nectar-split-heading  font_size_1vw\" data-align=\"default\" data-m-align=\"inherit\" data-text-effect=\"letter-reveal-bottom\" data-animation-type=\"line-reveal-by-space\" data-animation-delay=\"0\" data-animation-offset=\"\" data-m-rm-animation=\"\" data-stagger=\"\" data-custom-font-size=\"true\" style=\"font-size: 1.7vw; line-height: 1.87vw;\"><h4 style=\" color: #55565a;\">Sedes establecidas con una amplia red de agencias<\/h4><\/div>\n<div class=\"wpb_text_column wpb_content_element  vc_custom_1760919237458\" >\n\t<div class=\"wpb_row vc_row vc_row-fluid mk-fullwidth-false attched-false vc_custom_1650856733808 js-master-row mk-grid mk-in-viewport\" data-mk-stretch-content=\"true\">\n<div class=\"vc_col-sm-12 wpb_column column_container _ height-full\">\n<div class=\"vc_custom_1740574413666\">\n<div id=\"text-block-13\" class=\"mk-text-block\">\n<div id=\"text-block-8\" class=\"mk-text-block\">\n<div id=\"text-block-17\" class=\"mk-text-block\">\n<div class=\"wpb_text_column wpb_content_element\">\n<div class=\"wpb_wrapper\">\n<div class=\"wpb_text_column wpb_content_element vc_custom_1705579006862\">\n<div class=\"wpb_wrapper\">\n<p>Proporcionando servicios de transporte directo, en tr\u00e1nsito y cruzado entre todos los aeropuertos del mundo, Mezon ofrece alternativas de precios favorables con sus consolas de Extremo Oriente e Inglaterra para las importaciones y de Alemania y Am\u00e9rica para las exportaciones. Mezon ha ampliado sus altos niveles de calidad de servicio con las afiliaciones a HTFN, WCA y NAP y ha reforzado su presencia en Europa, Am\u00e9rica, Asia y \u00c1frica.<\/p>\n<\/div>\n<\/div>\n<\/div>\n<\/div>\n<\/div>\n<\/div>\n<\/div>\n<\/div>\n<\/div>\n<\/div>\n<\/div>\n\n\n\n<div class=\"nectar-split-heading  font_size_1vw\" data-align=\"default\" data-m-align=\"inherit\" data-text-effect=\"letter-reveal-bottom\" data-animation-type=\"line-reveal-by-space\" data-animation-delay=\"0\" data-animation-offset=\"\" data-m-rm-animation=\"\" data-stagger=\"\" data-custom-font-size=\"true\" style=\"font-size: 1.7vw; line-height: 1.87vw;\"><h4 style=\" color: #55565a;\">Excelencia operativa en el transporte a\u00e9reo<\/h4><\/div>\n<div class=\"wpb_text_column wpb_content_element  vc_custom_1760919276528\" >\n\t<div class=\"wpb_row vc_row vc_row-fluid mk-fullwidth-false attched-false vc_custom_1650856733808 js-master-row mk-grid mk-in-viewport\" data-mk-stretch-content=\"true\">\n<div class=\"vc_col-sm-12 wpb_column column_container _ height-full\">\n<div class=\"vc_custom_1740574413666\">\n<div id=\"text-block-13\" class=\"mk-text-block\">\n<div id=\"text-block-8\" class=\"mk-text-block\">\n<div id=\"text-block-17\" class=\"mk-text-block\">\n<div class=\"wpb_text_column wpb_content_element\">\n<div class=\"wpb_wrapper\">\n<div class=\"wpb_text_column wpb_content_element vc_custom_1705579006862\">\n<div class=\"wpb_wrapper\">\n<div class=\"wpb_text_column wpb_content_element vc_custom_1705579032672\">\n<div class=\"wpb_wrapper\">\n<p>Mezon da prioridad a la excelencia operativa para ofrecer el servicio r\u00e1pido que exige el transporte a\u00e9reo. Con su amplia red de agencias y ubicaciones establecidas, ofrece diferentes soluciones para entregar productos en todos los aeropuertos del mundo. Mezon no s\u00f3lo presta servicios de aeropuerto a aeropuerto, sino tambi\u00e9n de puerta a aeropuerto, de aeropuerto a puerta y de puerta a puerta, as\u00ed como servicios de carga en tr\u00e1nsito y servicios de transporte cruzado entre dos pa\u00edses. De acuerdo con las necesidades de los clientes, Mezon tambi\u00e9n ofrece servicios de almacenamiento, manipulaci\u00f3n, distribuci\u00f3n, despacho de aduanas, paletizaci\u00f3n y seguros integrados en el transporte a\u00e9reo.<\/p>\n<\/div>\n<\/div>\n<\/div>\n<\/div>\n<\/div>\n<\/div>\n<\/div>\n<\/div>\n<\/div>\n<\/div>\n<\/div>\n<\/div>\n<\/div>\n\n\n\n<div class=\"nectar-split-heading  font_size_1vw\" data-align=\"default\" data-m-align=\"inherit\" data-text-effect=\"letter-reveal-bottom\" data-animation-type=\"line-reveal-by-space\" data-animation-delay=\"0\" data-animation-offset=\"\" data-m-rm-animation=\"\" data-stagger=\"\" data-custom-font-size=\"true\" style=\"font-size: 1.7vw; line-height: 1.87vw;\"><h4 style=\" color: #55565a;\">Tipos de productos<\/h4><\/div>\n<div class=\"wpb_text_column wpb_content_element  vc_custom_1760919322481\" >\n\t<div class=\"wpb_row vc_row vc_row-fluid mk-fullwidth-false attched-false vc_custom_1650856733808 js-master-row mk-grid mk-in-viewport\" data-mk-stretch-content=\"true\">\n<div class=\"vc_col-sm-12 wpb_column column_container _ height-full\">\n<div class=\"vc_custom_1740574413666\">\n<div id=\"text-block-13\" class=\"mk-text-block\">\n<div id=\"text-block-8\" class=\"mk-text-block\">\n<div id=\"text-block-17\" class=\"mk-text-block\">\n<div class=\"wpb_text_column wpb_content_element\">\n<div class=\"wpb_wrapper\">\n<div class=\"wpb_text_column wpb_content_element vc_custom_1705579006862\">\n<div class=\"wpb_wrapper\">\n<div class=\"wpb_text_column wpb_content_element vc_custom_1705579032672\">\n<div class=\"wpb_wrapper\">\n<div class=\"wpb_text_column wpb_content_element vc_custom_1705579066378\">\n<div class=\"wpb_wrapper\">\n<p>Con sus soluciones de transporte a\u00e9reo, Mezon proporciona un transporte r\u00e1pido y seguro de muchos tipos de productos de diferentes sectores, desde carga general a carga perecedera, desde mercanc\u00edas peligrosas a productos textiles colgados, desde productos de gran tonelaje a productos fuera de g\u00e1libo en el \u00e1mbito del transporte de proyectos, desde animales vivos a transportes de f\u00e1brica, desde transportes especiales con remesas, con servicios directos o ch\u00e1rter.<\/p>\n<\/div>\n<\/div>\n<\/div>\n<\/div>\n<\/div>\n<\/div>\n<\/div>\n<\/div>\n<\/div>\n<\/div>\n<\/div>\n<\/div>\n<\/div>\n<\/div>\n<\/div>\n\n\n\n<div class=\"nectar-split-heading  font_size_1vw\" data-align=\"default\" data-m-align=\"inherit\" data-text-effect=\"letter-reveal-bottom\" data-animation-type=\"line-reveal-by-space\" data-animation-delay=\"0\" data-animation-offset=\"\" data-m-rm-animation=\"\" data-stagger=\"\" data-custom-font-size=\"true\" style=\"font-size: 1.7vw; line-height: 1.87vw;\"><h4 style=\" color: #55565a;\">Tipos de servicio<\/h4><\/div>\n<div class=\"wpb_text_column wpb_content_element  vc_custom_1760919364156\" >\n\t<div class=\"wpb_row vc_row vc_row-fluid mk-fullwidth-false attched-false vc_custom_1650856733808 js-master-row mk-grid mk-in-viewport\" data-mk-stretch-content=\"true\">\n<div class=\"vc_col-sm-12 wpb_column column_container _ height-full\">\n<div class=\"vc_custom_1740574413666\">\n<div id=\"text-block-13\" class=\"mk-text-block\">\n<div id=\"text-block-8\" class=\"mk-text-block\">\n<div id=\"text-block-17\" class=\"mk-text-block\">\n<div class=\"wpb_text_column wpb_content_element\">\n<div class=\"wpb_wrapper\">\n<div class=\"wpb_text_column wpb_content_element vc_custom_1705579006862\">\n<div class=\"wpb_wrapper\">\n<div class=\"wpb_text_column wpb_content_element vc_custom_1705579032672\">\n<div class=\"wpb_wrapper\">\n<div class=\"wpb_text_column wpb_content_element vc_custom_1705579066378\">\n<div class=\"wpb_wrapper\">\n<div class=\"wpb_text_column wpb_content_element vc_custom_1705579093811\">\n<div class=\"wpb_wrapper\">\n<p>Con el objetivo de seguir ampliando su red de servicios de consolidaci\u00f3n en nuevas rutas en soluciones de transporte a\u00e9reo, Mezon ofrece servicios Express con diferentes alternativas de aerol\u00edneas, as\u00ed como servicio Standard seg\u00fan las necesidades de velocidad de sus clientes.<\/p>\n<\/div>\n<\/div>\n<\/div>\n<\/div>\n<\/div>\n<\/div>\n<\/div>\n<\/div>\n<\/div>\n<\/div>\n<\/div>\n<\/div>\n<\/div>\n<\/div>\n<\/div>\n<\/div>\n<\/div>\n\n\n\n<div class=\"nectar-split-heading  font_size_1vw\" data-align=\"default\" data-m-align=\"inherit\" data-text-effect=\"letter-reveal-bottom\" data-animation-type=\"line-reveal-by-space\" data-animation-delay=\"0\" data-animation-offset=\"\" data-m-rm-animation=\"\" data-stagger=\"\" data-custom-font-size=\"true\" style=\"font-size: 1.7vw; line-height: 1.87vw;\"><h4 style=\" color: #55565a;\">Alternativas diferentes y de bajo coste para su planificaci\u00f3n de vuelos<\/h4><\/div>\n<div class=\"wpb_text_column wpb_content_element  vc_custom_1760919405536\" >\n\t<div class=\"wpb_row vc_row vc_row-fluid mk-fullwidth-false attched-false vc_custom_1650856733808 js-master-row mk-grid mk-in-viewport\" data-mk-stretch-content=\"true\">\n<div class=\"vc_col-sm-12 wpb_column column_container _ height-full\">\n<div class=\"vc_custom_1740574413666\">\n<div id=\"text-block-13\" class=\"mk-text-block\">\n<div id=\"text-block-8\" class=\"mk-text-block\">\n<div id=\"text-block-17\" class=\"mk-text-block\">\n<div class=\"wpb_text_column wpb_content_element\">\n<div class=\"wpb_wrapper\">\n<div class=\"wpb_text_column wpb_content_element vc_custom_1705579006862\">\n<div class=\"wpb_wrapper\">\n<div class=\"wpb_text_column wpb_content_element vc_custom_1705579032672\">\n<div class=\"wpb_wrapper\">\n<div class=\"wpb_text_column wpb_content_element vc_custom_1705579066378\">\n<div class=\"wpb_wrapper\">\n<div class=\"wpb_text_column wpb_content_element vc_custom_1705579093811\">\n<div class=\"wpb_wrapper\">\n<div class=\"wpb_text_column wpb_content_element vc_custom_1705579112824\">\n<div class=\"wpb_wrapper\">\n<p>Mezon no s\u00f3lo ofrece diferentes modelos de transporte como tierra-aire, mar-aire con sus centros de consolidaci\u00f3n situados en Europa, Am\u00e9rica y Extremo Oriente y su amplia red de agencias que cubre todo el mundo, sino que tambi\u00e9n proporciona una ventaja de costes al producir diferentes alternativas en la planificaci\u00f3n de vuelos en nombre de sus clientes con el fin de entregar sus productos a sus clientes en las condiciones m\u00e1s favorables en las condiciones de competencia del mercado.<\/p>\n<\/div>\n<\/div>\n<\/div>\n<\/div>\n<\/div>\n<\/div>\n<\/div>\n<\/div>\n<\/div>\n<\/div>\n<\/div>\n<\/div>\n<\/div>\n<\/div>\n<\/div>\n<\/div>\n<\/div>\n<\/div>\n<\/div>\n\n\n\n\n\t\t\t<\/div> \n\t\t<\/div>\n\t<\/div> \n<\/div><\/div>\n\t\t<div id=\"fws_69d0ccb1975c5\"  data-column-margin=\"default\" data-midnight=\"light\"  class=\"wpb_row vc_row-fluid vc_row full-width-section vc_row-o-equal-height vc_row-flex vc_row-o-content-middle\"  style=\"padding-top: 80px; padding-bottom: 80px; \"><div class=\"row-bg-wrap\" data-bg-animation=\"zoom-out-slow\" data-bg-animation-delay=\"\" data-bg-overlay=\"true\"><div class=\"inner-wrap row-bg-layer using-image\" ><div class=\"row-bg viewport-desktop using-image using-bg-color\"  style=\"background-image: url(https:\/\/i0.wp.com\/mezonlogistics.com\/wp-content\/uploads\/2025\/10\/air_trans_mzn.png?fit=1200%2C657&#038;ssl=1); background-position: center top; background-repeat: no-repeat; background-color: #ffffff; \"><\/div><\/div><div class=\"row-bg-overlay row-bg-layer\" style=\"background-color:#282828;  opacity: 0.8; \"><\/div><\/div><div class=\"nectar-shape-divider-wrap no-color\" style=\" height:50px;\"  data-height=\"50\" data-front=\"\" data-style=\"tilt\" data-position=\"top\" ><svg class=\"nectar-shape-divider\" aria-hidden=\"true\" fill=\"\" xmlns=\"http:\/\/www.w3.org\/2000\/svg\" viewbox=\"0 0 100 10\" preserveaspectratio=\"none\"> <polygon points=\"104 10 0 0 0 10\"><\/polygon> <\/svg><\/div><div class=\"row_col_wrap_12 col span_12 light left\">\n\t<div  class=\"vc_col-sm-6 wpb_column column_container vc_column_container col no-extra-padding force-tablet-text-align-center force-phone-text-align-center inherit_tablet inherit_phone\"  data-padding-pos=\"all\" data-has-bg-color=\"false\" data-bg-color=\"\" data-bg-opacity=\"1\" data-animation=\"\" data-delay=\"0\" >\n\t\t<div class=\"vc_column-inner\" >\n\t\t\t<div class=\"wpb_wrapper\">\n\t\t\t\t<div class=\"nectar-highlighted-text\" data-style=\"half_text\" data-exp=\"default\" data-using-custom-color=\"true\" data-animation-delay=\"false\" data-color=\"#ff1053\" data-color-gradient=\"\" style=\"\"><h2>Altos est\u00e1ndares<br \/>\n<strong>Servicios de transporte a\u00e9reo<\/strong><\/h2>\n<\/div>\n<div class=\"wpb_text_column wpb_content_element  vc_custom_1760888777375\" >\n\t<div class=\"wpb_text_column wpb_content_element\">\n<div class=\"wpb_wrapper\">\n<p>Obtenga una oferta para los altos est\u00e1ndares de calidad de servicio de Mezon.\n<\/p><\/div>\n<\/div>\n<\/div>\n\n\n\n\n\t\t\t<\/div> \n\t\t<\/div>\n\t<\/div> \n\n\t<div  class=\"vc_col-sm-6 wpb_column column_container vc_column_container col no-extra-padding force-tablet-text-align-center force-phone-text-align-center inherit_tablet inherit_phone\"  data-padding-pos=\"all\" data-has-bg-color=\"false\" data-bg-color=\"\" data-bg-opacity=\"1\" data-animation=\"\" data-delay=\"0\" >\n\t\t<div class=\"vc_column-inner\" >\n\t\t\t<div class=\"wpb_wrapper\">\n\t\t\t\t<div id=\"fws_69d0ccb1986ca\" data-midnight=\"\" data-column-margin=\"default\" class=\"wpb_row vc_row-fluid vc_row inner_row\"  style=\"\"><div class=\"row-bg-wrap\"> <div class=\"row-bg\" ><\/div> <\/div><div class=\"row_col_wrap_12_inner col span_12  right\">\n\t<div  class=\"vc_col-sm-12 wpb_column column_container vc_column_container col child_column no-extra-padding inherit_tablet inherit_phone\"   data-padding-pos=\"all\" data-has-bg-color=\"false\" data-bg-color=\"\" data-bg-opacity=\"1\" data-animation=\"\" data-delay=\"0\" >\n\t\t<div class=\"vc_column-inner\" >\n\t\t<div class=\"wpb_wrapper\">\n\t\t\t<a class=\"nectar-button jumbo see-through-2  has-icon wpb_animate_when_almost_visible wpb_lightSpeedIn lightSpeedIn\"  role=\"button\" style=\"margin-top: 50px; border-color: #ffffff; color: #ffffff;\"  href=\"https:\/\/mezonlogistics.com\/es\/solicitud-de-servicio\/\" data-color-override=\"#ffffff\"  data-hover-color-override=\"#ffffff\" data-hover-text-color-override=\"#000000\"><span>Obtener oferta<\/span><i  class=\"icon-button-arrow\"><\/i><\/a>\n\t\t<\/div> \n\t<\/div>\n\t<\/div> \n<\/div><\/div>\n\t\t\t<\/div> \n\t\t<\/div>\n\t<\/div> \n<\/div><\/div>","protected":false},"excerpt":{"rendered":"Havayolu Ta\u015f\u0131mac\u0131l\u0131\u011f\u0131 Hava Ta\u015f\u0131mac\u0131l\u0131\u011f\u0131nda En Kaliteli Hizmet, En Uygun Maliyetle Mezon\u2019da Mezon, m\u00fc\u015fterilerinin her t\u00fcrl\u00fc ta\u015f\u0131mac\u0131l\u0131k talebine, en ideal \u00e7\u00f6z\u00fcm\u00fc sunma ilkesini benimsemi\u015ftir. Bu ba\u011flamda havayolu ta\u015f\u0131mac\u0131l\u0131\u011f\u0131, denizyolu ve demiryolu...","protected":false},"author":1,"featured_media":0,"parent":0,"menu_order":0,"comment_status":"closed","ping_status":"closed","template":"","meta":{"inline_featured_image":false,"footnotes":""},"class_list":["post-75730","page","type-page","status-publish"],"yoast_head":"<!-- This site is optimized with the Yoast SEO Premium plugin v25.6 (Yoast SEO v26.6) - https:\/\/yoast.com\/wordpress\/plugins\/seo\/ -->\n<title>Havayolu Ta\u015f\u0131mac\u0131l\u0131\u011f\u0131 - Mezon Lojistik<\/title>\n<meta name=\"robots\" content=\"index, follow, max-snippet:-1, max-image-preview:large, max-video-preview:-1\" \/>\n<link rel=\"canonical\" href=\"https:\/\/mezonlogistics.com\/es\/transporte-aereo\/\" \/>\n<meta property=\"og:locale\" content=\"es_ES\" \/>\n<meta property=\"og:type\" content=\"article\" \/>\n<meta property=\"og:title\" content=\"Havayolu Ta\u015f\u0131mac\u0131l\u0131\u011f\u0131\" \/>\n<meta property=\"og:url\" content=\"https:\/\/mezonlogistics.com\/es\/transporte-aereo\/\" \/>\n<meta property=\"og:site_name\" content=\"Mezon Lojistik\" \/>\n<meta property=\"article:modified_time\" content=\"2025-10-20T00:17:26+00:00\" \/>\n<meta name=\"twitter:card\" content=\"summary_large_image\" \/>\n<meta name=\"twitter:label1\" content=\"Tiempo de lectura\" \/>\n\t<meta name=\"twitter:data1\" content=\"5 minutos\" \/>\n<script type=\"application\/ld+json\" class=\"yoast-schema-graph\">{\"@context\":\"https:\/\/schema.org\",\"@graph\":[{\"@type\":\"WebPage\",\"@id\":\"https:\/\/mezonlogistics.com\/havayolu-tasimaciligi\/\",\"url\":\"https:\/\/mezonlogistics.com\/havayolu-tasimaciligi\/\",\"name\":\"Havayolu Ta\u015f\u0131mac\u0131l\u0131\u011f\u0131 - Mezon Lojistik\",\"isPartOf\":{\"@id\":\"\/#website\"},\"datePublished\":\"2025-10-19T23:45:10+00:00\",\"dateModified\":\"2025-10-20T00:17:26+00:00\",\"breadcrumb\":{\"@id\":\"https:\/\/mezonlogistics.com\/havayolu-tasimaciligi\/#breadcrumb\"},\"inLanguage\":\"es\",\"potentialAction\":[{\"@type\":\"ReadAction\",\"target\":[\"https:\/\/mezonlogistics.com\/havayolu-tasimaciligi\/\"]}]},{\"@type\":\"BreadcrumbList\",\"@id\":\"https:\/\/mezonlogistics.com\/havayolu-tasimaciligi\/#breadcrumb\",\"itemListElement\":[{\"@type\":\"ListItem\",\"position\":1,\"name\":\"Home\",\"item\":\"https:\/\/mezonlogistics.com\/\"},{\"@type\":\"ListItem\",\"position\":2,\"name\":\"Havayolu Ta\u015f\u0131mac\u0131l\u0131\u011f\u0131\"}]},{\"@type\":\"WebSite\",\"@id\":\"\/#website\",\"url\":\"\/\",\"name\":\"Mezon Lojistik\",\"description\":\"Connecting Continents Empowering Trade.\",\"publisher\":{\"@id\":\"\/#organization\"},\"potentialAction\":[{\"@type\":\"SearchAction\",\"target\":{\"@type\":\"EntryPoint\",\"urlTemplate\":\"\/?s={search_term_string}\"},\"query-input\":{\"@type\":\"PropertyValueSpecification\",\"valueRequired\":true,\"valueName\":\"search_term_string\"}}],\"inLanguage\":\"es\"},{\"@type\":\"Organization\",\"@id\":\"\/#organization\",\"name\":\"Mezon Lojistik\",\"alternateName\":\"Mezon\",\"url\":\"\/\",\"logo\":{\"@type\":\"ImageObject\",\"inLanguage\":\"es\",\"@id\":\"\/#\/schema\/logo\/image\/\",\"url\":\"https:\/\/i0.wp.com\/mezonlogistics.com\/wp-content\/uploads\/2025\/11\/mezon_logo_rv.png?fit=2425%2C1016&ssl=1\",\"contentUrl\":\"https:\/\/i0.wp.com\/mezonlogistics.com\/wp-content\/uploads\/2025\/11\/mezon_logo_rv.png?fit=2425%2C1016&ssl=1\",\"width\":2425,\"height\":1016,\"caption\":\"Mezon Lojistik\"},\"image\":{\"@id\":\"\/#\/schema\/logo\/image\/\"},\"email\":\"info@mezonlogistics.com\",\"telephone\":\"+90 216 501 0220\",\"legalName\":\"Mezon Lojistik A.\u015e.\",\"foundingDate\":\"1990-01-19\",\"vatID\":\"6201161310\",\"taxID\":\"6201161310\",\"numberOfEmployees\":{\"@type\":\"QuantitativeValue\",\"minValue\":\"5001\",\"maxValue\":\"10000\"}}]}<\/script>\n<!-- \/ Yoast SEO Premium plugin. -->","yoast_head_json":{"title":"Transporte a\u00e9reo - Mezon Logistics","robots":{"index":"index","follow":"follow","max-snippet":"max-snippet:-1","max-image-preview":"max-image-preview:large","max-video-preview":"max-video-preview:-1"},"canonical":"https:\/\/mezonlogistics.com\/es\/transporte-aereo\/","og_locale":"es_ES","og_type":"article","og_title":"Havayolu Ta\u015f\u0131mac\u0131l\u0131\u011f\u0131","og_url":"https:\/\/mezonlogistics.com\/es\/transporte-aereo\/","og_site_name":"Mezon Lojistik","article_modified_time":"2025-10-20T00:17:26+00:00","twitter_card":"summary_large_image","twitter_misc":{"Tiempo de lectura":"5 minutos"},"schema":{"@context":"https:\/\/schema.org","@graph":[{"@type":"WebPage","@id":"https:\/\/mezonlogistics.com\/havayolu-tasimaciligi\/","url":"https:\/\/mezonlogistics.com\/havayolu-tasimaciligi\/","name":"Transporte a\u00e9reo - Mezon Logistics","isPartOf":{"@id":"\/#website"},"datePublished":"2025-10-19T23:45:10+00:00","dateModified":"2025-10-20T00:17:26+00:00","breadcrumb":{"@id":"https:\/\/mezonlogistics.com\/havayolu-tasimaciligi\/#breadcrumb"},"inLanguage":"es","potentialAction":[{"@type":"ReadAction","target":["https:\/\/mezonlogistics.com\/havayolu-tasimaciligi\/"]}]},{"@type":"BreadcrumbList","@id":"https:\/\/mezonlogistics.com\/havayolu-tasimaciligi\/#breadcrumb","itemListElement":[{"@type":"ListItem","position":1,"name":"Home","item":"https:\/\/mezonlogistics.com\/"},{"@type":"ListItem","position":2,"name":"Havayolu Ta\u015f\u0131mac\u0131l\u0131\u011f\u0131"}]},{"@type":"WebSite","@id":"\/#website","url":"\/","name":"Mezon Log\u00edstica","description":"Conectando continentes y potenciando el comercio.","publisher":{"@id":"\/#organization"},"potentialAction":[{"@type":"SearchAction","target":{"@type":"EntryPoint","urlTemplate":"\/?s={search_term_string}"},"query-input":{"@type":"PropertyValueSpecification","valueRequired":true,"valueName":"search_term_string"}}],"inLanguage":"es"},{"@type":"Organization","@id":"\/#organization","name":"Mezon Log\u00edstica","alternateName":"Mezon","url":"\/","logo":{"@type":"ImageObject","inLanguage":"es","@id":"\/#\/schema\/logo\/image\/","url":"https:\/\/i0.wp.com\/mezonlogistics.com\/wp-content\/uploads\/2025\/11\/mezon_logo_rv.png?fit=2425%2C1016&ssl=1","contentUrl":"https:\/\/i0.wp.com\/mezonlogistics.com\/wp-content\/uploads\/2025\/11\/mezon_logo_rv.png?fit=2425%2C1016&ssl=1","width":2425,"height":1016,"caption":"Mezon Lojistik"},"image":{"@id":"\/#\/schema\/logo\/image\/"},"email":"info@mezonlogistics.com","telephone":"+90 216 501 0220","legalName":"Mezon Lojistik A.\u015e.","foundingDate":"1990-01-19","vatID":"6201161310","taxID":"6201161310","numberOfEmployees":{"@type":"QuantitativeValue","minValue":"5001","maxValue":"10000"}}]}},"jetpack_sharing_enabled":true,"_links":{"self":[{"href":"https:\/\/mezonlogistics.com\/es\/wp-json\/wp\/v2\/pages\/75730","targetHints":{"allow":["GET"]}}],"collection":[{"href":"https:\/\/mezonlogistics.com\/es\/wp-json\/wp\/v2\/pages"}],"about":[{"href":"https:\/\/mezonlogistics.com\/es\/wp-json\/wp\/v2\/types\/page"}],"author":[{"embeddable":true,"href":"https:\/\/mezonlogistics.com\/es\/wp-json\/wp\/v2\/users\/1"}],"replies":[{"embeddable":true,"href":"https:\/\/mezonlogistics.com\/es\/wp-json\/wp\/v2\/comments?post=75730"}],"version-history":[{"count":3,"href":"https:\/\/mezonlogistics.com\/es\/wp-json\/wp\/v2\/pages\/75730\/revisions"}],"predecessor-version":[{"id":75736,"href":"https:\/\/mezonlogistics.com\/es\/wp-json\/wp\/v2\/pages\/75730\/revisions\/75736"}],"wp:attachment":[{"href":"https:\/\/mezonlogistics.com\/es\/wp-json\/wp\/v2\/media?parent=75730"}],"curies":[{"name":"wp","href":"https:\/\/api.w.org\/{rel}","templated":true}]}}