{"id":69876,"date":"2025-03-06T16:12:57","date_gmt":"2025-03-06T13:12:57","guid":{"rendered":"https:\/\/ekol.dev\/?page_id=69876"},"modified":"2025-10-23T14:37:22","modified_gmt":"2025-10-23T11:37:22","slug":"dis-ticaret-ve-tedarik-zinciri","status":"publish","type":"page","link":"https:\/\/mezonlogistics.com\/fr\/commerce-exterieur-et-chaine-dapprovisionnement\/","title":{"rendered":"Conseil en mati\u00e8re de commerce ext\u00e9rieur et de cha\u00eene d'approvisionnement"},"content":{"rendered":"<div id=\"depo-yonetimi\"  data-column-margin=\"default\" data-midnight=\"light\"  class=\"wpb_row vc_row-fluid vc_row full-width-section\"  style=\"padding-top: 150px; padding-bottom: 150px; \"><div class=\"row-bg-wrap\" data-bg-animation=\"none\" data-bg-animation-delay=\"\" data-bg-overlay=\"true\"><div class=\"inner-wrap row-bg-layer using-image\" ><div class=\"row-bg viewport-desktop using-image\"  style=\"background-image: url(https:\/\/i0.wp.com\/mezonlogistics.com\/wp-content\/uploads\/2025\/10\/seaport_containers-scaled.jpeg?fit=2560%2C1706&#038;ssl=1); background-position: center center; background-repeat: no-repeat; \"><\/div><\/div><div class=\"row-bg-overlay row-bg-layer\" style=\"background: #000000; background: linear-gradient(90deg,#000000 10%,rgba(255,255,255,0.001) 75%);  opacity: 0.8; background: #000000; background: linear-gradient(90deg,#000000 0%,rgba(255,255,255,0.001) 100%);  opacity: 0.8; \"><\/div><\/div><div class=\"row_col_wrap_12 col span_12 light left\">\n\t<div style=\"margin-top: 5%; \" class=\"vc_col-sm-8 wpb_column column_container vc_column_container col no-extra-padding inherit_tablet inherit_phone\"  data-padding-pos=\"all\" data-has-bg-color=\"false\" data-bg-color=\"\" data-bg-opacity=\"1\" data-animation=\"\" data-delay=\"0\" >\n\t\t<div class=\"vc_column-inner\" >\n\t\t\t<div class=\"wpb_wrapper\">\n\t\t\t\t<div class=\"nectar-split-heading  font_size_4vw\" data-align=\"default\" data-m-align=\"inherit\" data-text-effect=\"letter-reveal-bottom\" data-animation-type=\"line-reveal-by-space\" data-animation-delay=\"0\" data-animation-offset=\"\" data-m-rm-animation=\"\" data-stagger=\"\" data-custom-font-size=\"true\" style=\"font-size: 4.5vw; line-height: 4.95vw;\"><h1 style=\" color: #FFFFFF;\">Conseil en mati\u00e8re de commerce ext\u00e9rieur et de cha\u00eene d'approvisionnement<\/h1><\/div>\n\t\t\t<\/div> \n\t\t<\/div>\n\t<\/div> \n\n\t<div  class=\"vc_col-sm-4 wpb_column column_container vc_column_container col no-extra-padding inherit_tablet inherit_phone\"  data-padding-pos=\"all\" data-has-bg-color=\"false\" data-bg-color=\"\" data-bg-opacity=\"1\" data-animation=\"\" data-delay=\"0\" >\n\t\t<div class=\"vc_column-inner\" >\n\t\t\t<div class=\"wpb_wrapper\">\n\t\t\t\t\n\t\t\t<\/div> \n\t\t<\/div>\n\t<\/div> \n<\/div><\/div>\n\t\t<div id=\"fws_69ee38318a5d7\"  data-column-margin=\"default\" data-midnight=\"dark\"  class=\"wpb_row vc_row-fluid vc_row\"  style=\"padding-top: 100px; padding-bottom: 0px; \"><div class=\"row-bg-wrap\" data-bg-animation=\"none\" data-bg-animation-delay=\"\" data-bg-overlay=\"false\"><div class=\"inner-wrap row-bg-layer\" ><div class=\"row-bg viewport-desktop\"  style=\"\"><\/div><\/div><\/div><div class=\"row_col_wrap_12 col span_12 dark left\">\n\t<div  class=\"vc_col-sm-12 wpb_column column_container vc_column_container col no-extra-padding inherit_tablet inherit_phone\"  data-padding-pos=\"all\" data-has-bg-color=\"false\" data-bg-color=\"\" data-bg-opacity=\"1\" data-animation=\"\" data-delay=\"0\" >\n\t\t<div class=\"vc_column-inner\" >\n\t\t\t<div class=\"wpb_wrapper\">\n\t\t\t\t<div class=\"nectar-split-heading  font_size_1vw\" data-align=\"default\" data-m-align=\"inherit\" data-text-effect=\"letter-reveal-bottom\" data-animation-type=\"line-reveal-by-space\" data-animation-delay=\"0\" data-animation-offset=\"\" data-m-rm-animation=\"\" data-stagger=\"\" data-custom-font-size=\"true\" style=\"font-size: 1.7vw; line-height: 1.87vw;\"><h4 style=\" color: #55565a;\">Conseil de bout en bout pour les entreprises internationales en mati\u00e8re de conformit\u00e9 r\u00e9glementaire, d'optimisation fiscale et de planification des itin\u00e9raires commerciaux.<\/h4><\/div>\n<div class=\"wpb_text_column wpb_content_element  vc_custom_1760889889891\" >\n\t<div class=\"wpb_row vc_row vc_row-fluid mk-fullwidth-false attched-false vc_custom_1650856733808 js-master-row mk-grid mk-in-viewport\" data-mk-stretch-content=\"true\">\n<div class=\"vc_col-sm-12 wpb_column column_container _ height-full\">\n<div class=\"vc_custom_1740574413666\">\n<div id=\"text-block-13\" class=\"mk-text-block\">\n<div id=\"text-block-8\" class=\"mk-text-block\">\n<div id=\"text-block-17\" class=\"mk-text-block\">\n<div class=\"wpb_text_column wpb_content_element vc_custom_1708905093456\">\n<div class=\"wpb_wrapper\">\n<p>Mezon, gr\u00e2ce \u00e0 son \u00e9quipe d'experts ayant une connaissance et une exp\u00e9rience du commerce ext\u00e9rieur, apporte des solutions rationnelles aux probl\u00e8mes de ses clients concernant les demandes de commerce ext\u00e9rieur, tout en les planifiant de mani\u00e8re permanente et avec le moins de risques possible pour ses clients.<\/p>\n<p>Les frais de fronti\u00e8re, les co\u00fbts horaires et les co\u00fbts variant selon les pays rendent le commerce ext\u00e9rieur plus on\u00e9reux que le commerce national. \u00c0 ce stade, Mezon, en tant que partenaire id\u00e9al du commerce ext\u00e9rieur, vise \u00e0 fournir des services de commerce ext\u00e9rieur \u00e0 forte valeur ajout\u00e9e, sur mesure et \u00e0 moindre co\u00fbt, gr\u00e2ce \u00e0 ses partenaires mondiaux et \u00e0 son personnel exp\u00e9riment\u00e9. Dans un environnement douanier et commercial risqu\u00e9, Mezon travaille en pleine coop\u00e9ration avec ses clients.<\/p>\n<p>Gr\u00e2ce aux conseils de Mezon, ses clients acc\u00e8dent sans h\u00e9sitation \u00e0 de nouveaux march\u00e9s. Garantir l'augmentation de la productivit\u00e9 en calculant les co\u00fbts du commerce ext\u00e9rieur, assurer l'efficacit\u00e9 de la gestion de la communication entre les parties concern\u00e9es par le commerce ext\u00e9rieur, agir conform\u00e9ment \u00e0 la l\u00e9gislation en vigueur et, si n\u00e9cessaire, adapter les syst\u00e8mes de ses clients, ex\u00e9cuter efficacement les op\u00e9rations de commerce ext\u00e9rieur, tels sont les avantages d'une collaboration avec Mezon.\n<\/p><\/div>\n<\/div>\n<\/div>\n<\/div>\n<\/div>\n<\/div>\n<\/div>\n<\/div>\n<\/div>\n\n\n\n\n<div class=\"wpb_text_column wpb_content_element  vc_custom_1760889990628\" >\n\t<ul class=\"mezon-liste\">\n<li>Une \u00e9quipe d\u00e9vou\u00e9e qui poss\u00e8de une expertise approfondie de la l\u00e9gislation du commerce international, des processus douaniers et des strat\u00e9gies de la cha\u00eene d'approvisionnement.<\/li>\n<li>Des solutions logistiques et commerciales sur mesure pour optimiser les op\u00e9rations d'importation et d'exportation, r\u00e9duire les risques et maximiser l'efficacit\u00e9.<\/li>\n<li>Conseil de bout en bout pour les entreprises internationales en mati\u00e8re de conformit\u00e9 r\u00e9glementaire, d'optimisation fiscale et de planification des itin\u00e9raires commerciaux.<\/li>\n<li>Exp\u00e9rience confirm\u00e9e de la gestion de sc\u00e9narios commerciaux complexes et de l'\u00e9laboration de mod\u00e8les de cha\u00eene d'approvisionnement \u00e9volutifs et efficaces pour des op\u00e9rations multinationales.<\/li>\n<\/ul>\n<\/div>\n\n\n\n\n\t\t\t<\/div> \n\t\t<\/div>\n\t<\/div> \n<\/div><\/div>\n\t\t<div id=\"fws_69ee38318b76b\"  data-column-margin=\"default\" data-midnight=\"light\"  class=\"wpb_row vc_row-fluid vc_row full-width-section vc_row-o-equal-height vc_row-flex vc_row-o-content-middle\"  style=\"padding-top: 80px; padding-bottom: 80px; \"><div class=\"row-bg-wrap\" data-bg-animation=\"zoom-out-slow\" data-bg-animation-delay=\"\" data-bg-overlay=\"true\"><div class=\"inner-wrap row-bg-layer using-image\" ><div class=\"row-bg viewport-desktop using-image using-bg-color\"  style=\"background-image: url(https:\/\/i0.wp.com\/mezonlogistics.com\/wp-content\/uploads\/2025\/10\/seaport_containers-scaled.jpeg?fit=2560%2C1706&#038;ssl=1); background-position: center center; background-repeat: no-repeat; background-color: #ffffff; \"><\/div><\/div><div class=\"row-bg-overlay row-bg-layer\" style=\"background-color:#282828;  opacity: 0.8; \"><\/div><\/div><div class=\"nectar-shape-divider-wrap no-color\" style=\" height:50px;\"  data-height=\"50\" data-front=\"\" data-style=\"tilt\" data-position=\"top\" ><svg class=\"nectar-shape-divider\" aria-hidden=\"true\" fill=\"\" xmlns=\"http:\/\/www.w3.org\/2000\/svg\" viewbox=\"0 0 100 10\" preserveaspectratio=\"none\"> <polygon points=\"104 10 0 0 0 10\"><\/polygon> <\/svg><\/div><div class=\"row_col_wrap_12 col span_12 light left\">\n\t<div  class=\"vc_col-sm-8 wpb_column column_container vc_column_container col no-extra-padding force-tablet-text-align-center force-phone-text-align-center inherit_tablet inherit_phone\"  data-padding-pos=\"all\" data-has-bg-color=\"false\" data-bg-color=\"\" data-bg-opacity=\"1\" data-animation=\"\" data-delay=\"0\" >\n\t\t<div class=\"vc_column-inner\" >\n\t\t\t<div class=\"wpb_wrapper\">\n\t\t\t\t<div class=\"nectar-highlighted-text\" data-style=\"half_text\" data-exp=\"default\" data-using-custom-color=\"true\" data-animation-delay=\"false\" data-color=\"#ff1053\" data-color-gradient=\"\" style=\"\"><h2>Des normes \u00e9lev\u00e9es<br \/>\n<strong>Conseil en mati\u00e8re de commerce ext\u00e9rieur et de cha\u00eene d'approvisionnement<\/strong><\/h2>\n<\/div>\n<div class=\"wpb_text_column wpb_content_element  vc_custom_1760888777375\" >\n\t<div class=\"wpb_text_column wpb_content_element\">\n<div class=\"wpb_wrapper\">\n<p>Obtenez une offre pour les normes \u00e9lev\u00e9es de qualit\u00e9 de service de Mezon.\n<\/p><\/div>\n<\/div>\n<\/div>\n\n\n\n\n\t\t\t<\/div> \n\t\t<\/div>\n\t<\/div> \n\n\t<div  class=\"vc_col-sm-4 wpb_column column_container vc_column_container col no-extra-padding force-tablet-text-align-center force-phone-text-align-center inherit_tablet inherit_phone\"  data-padding-pos=\"all\" data-has-bg-color=\"false\" data-bg-color=\"\" data-bg-opacity=\"1\" data-animation=\"\" data-delay=\"0\" >\n\t\t<div class=\"vc_column-inner\" >\n\t\t\t<div class=\"wpb_wrapper\">\n\t\t\t\t<div id=\"fws_69ee38318c8ba\" data-midnight=\"\" data-column-margin=\"default\" class=\"wpb_row vc_row-fluid vc_row inner_row\"  style=\"\"><div class=\"row-bg-wrap\"> <div class=\"row-bg\" ><\/div> <\/div><div class=\"row_col_wrap_12_inner col span_12  right\">\n\t<div  class=\"vc_col-sm-12 wpb_column column_container vc_column_container col child_column no-extra-padding inherit_tablet inherit_phone\"   data-padding-pos=\"all\" data-has-bg-color=\"false\" data-bg-color=\"\" data-bg-opacity=\"1\" data-animation=\"\" data-delay=\"0\" >\n\t\t<div class=\"vc_column-inner\" >\n\t\t<div class=\"wpb_wrapper\">\n\t\t\t<a class=\"nectar-button jumbo see-through-2  has-icon wpb_animate_when_almost_visible wpb_lightSpeedIn lightSpeedIn\"  role=\"button\" style=\"margin-top: 50px; border-color: #ffffff; color: #ffffff;\"  href=\"https:\/\/mezonlogistics.com\/fr\/demande-de-service\/\" data-color-override=\"#ffffff\"  data-hover-color-override=\"#ffffff\" data-hover-text-color-override=\"#000000\"><span>Obtenir une offre<\/span><i  class=\"icon-button-arrow\"><\/i><\/a>\n\t\t<\/div> \n\t<\/div>\n\t<\/div> \n<\/div><\/div>\n\t\t\t<\/div> \n\t\t<\/div>\n\t<\/div> \n<\/div><\/div>","protected":false},"excerpt":{"rendered":"D\u0131\u015f Ticaret ve Tedarik Zinciri Dan\u0131\u015fmanl\u0131\u011f\u0131 K\u00fcresel i\u015fletmeler i\u00e7in mevzuata uyum, vergi optimizasyonu ve ticaret rotas\u0131 planlamas\u0131n\u0131 kapsayan u\u00e7tan uca dan\u0131\u015fmanl\u0131k. D\u0131\u015f ticaretteki bilgi ve sekt\u00f6r birikimine sahip uzman kadrosuyla...","protected":false},"author":1,"featured_media":0,"parent":0,"menu_order":0,"comment_status":"closed","ping_status":"closed","template":"","meta":{"inline_featured_image":false,"footnotes":""},"class_list":["post-69876","page","type-page","status-publish"],"yoast_head":"<!-- This site is optimized with the Yoast SEO Premium plugin v25.6 (Yoast SEO v27.3) - https:\/\/yoast.com\/product\/yoast-seo-premium-wordpress\/ -->\n<title>D\u0131\u015f Ticaret ve Tedarik Zinciri Dan\u0131\u015fmanl\u0131\u011f\u0131 - Mezon Lojistik<\/title>\n<meta name=\"robots\" content=\"index, follow, max-snippet:-1, max-image-preview:large, max-video-preview:-1\" \/>\n<link rel=\"canonical\" href=\"https:\/\/mezonlogistics.com\/fr\/commerce-exterieur-et-chaine-dapprovisionnement\/\" \/>\n<meta property=\"og:locale\" content=\"fr_FR\" \/>\n<meta property=\"og:type\" content=\"article\" \/>\n<meta property=\"og:title\" content=\"D\u0131\u015f Ticaret ve Tedarik Zinciri Dan\u0131\u015fmanl\u0131\u011f\u0131\" \/>\n<meta property=\"og:url\" content=\"https:\/\/mezonlogistics.com\/fr\/commerce-exterieur-et-chaine-dapprovisionnement\/\" \/>\n<meta property=\"og:site_name\" content=\"Mezon Lojistik\" \/>\n<meta property=\"article:modified_time\" content=\"2025-10-23T11:37:22+00:00\" \/>\n<meta name=\"twitter:card\" content=\"summary_large_image\" \/>\n<meta name=\"twitter:label1\" content=\"Dur\u00e9e de lecture estim\u00e9e\" \/>\n\t<meta name=\"twitter:data1\" content=\"2 minutes\" \/>\n<script type=\"application\/ld+json\" class=\"yoast-schema-graph\">{\"@context\":\"https:\\\/\\\/schema.org\",\"@graph\":[{\"@type\":\"WebPage\",\"@id\":\"https:\\\/\\\/mezonlogistics.com\\\/dis-ticaret-ve-tedarik-zinciri\\\/\",\"url\":\"https:\\\/\\\/mezonlogistics.com\\\/dis-ticaret-ve-tedarik-zinciri\\\/\",\"name\":\"D\u0131\u015f Ticaret ve Tedarik Zinciri Dan\u0131\u015fmanl\u0131\u011f\u0131 - Mezon Lojistik\",\"isPartOf\":{\"@id\":\"\\\/#website\"},\"datePublished\":\"2025-03-06T13:12:57+00:00\",\"dateModified\":\"2025-10-23T11:37:22+00:00\",\"breadcrumb\":{\"@id\":\"https:\\\/\\\/mezonlogistics.com\\\/dis-ticaret-ve-tedarik-zinciri\\\/#breadcrumb\"},\"inLanguage\":\"fr-FR\",\"potentialAction\":[{\"@type\":\"ReadAction\",\"target\":[\"https:\\\/\\\/mezonlogistics.com\\\/dis-ticaret-ve-tedarik-zinciri\\\/\"]}]},{\"@type\":\"BreadcrumbList\",\"@id\":\"https:\\\/\\\/mezonlogistics.com\\\/dis-ticaret-ve-tedarik-zinciri\\\/#breadcrumb\",\"itemListElement\":[{\"@type\":\"ListItem\",\"position\":1,\"name\":\"Home\",\"item\":\"https:\\\/\\\/mezonlogistics.com\\\/\"},{\"@type\":\"ListItem\",\"position\":2,\"name\":\"D\u0131\u015f Ticaret ve Tedarik Zinciri Dan\u0131\u015fmanl\u0131\u011f\u0131\"}]},{\"@type\":\"WebSite\",\"@id\":\"\\\/#website\",\"url\":\"\\\/\",\"name\":\"Mezon Lojistik\",\"description\":\"Connecting Continents Empowering Trade.\",\"publisher\":{\"@id\":\"\\\/#organization\"},\"potentialAction\":[{\"@type\":\"SearchAction\",\"target\":{\"@type\":\"EntryPoint\",\"urlTemplate\":\"\\\/?s={search_term_string}\"},\"query-input\":{\"@type\":\"PropertyValueSpecification\",\"valueRequired\":true,\"valueName\":\"search_term_string\"}}],\"inLanguage\":\"fr-FR\"},{\"@type\":\"Organization\",\"@id\":\"\\\/#organization\",\"name\":\"Mezon Lojistik\",\"alternateName\":\"Mezon\",\"url\":\"\\\/\",\"logo\":{\"@type\":\"ImageObject\",\"inLanguage\":\"fr-FR\",\"@id\":\"\\\/#\\\/schema\\\/logo\\\/image\\\/\",\"url\":\"https:\\\/\\\/i0.wp.com\\\/mezonlogistics.com\\\/wp-content\\\/uploads\\\/2025\\\/11\\\/mezon_logo_rv.png?fit=2425%2C1016&ssl=1\",\"contentUrl\":\"https:\\\/\\\/i0.wp.com\\\/mezonlogistics.com\\\/wp-content\\\/uploads\\\/2025\\\/11\\\/mezon_logo_rv.png?fit=2425%2C1016&ssl=1\",\"width\":2425,\"height\":1016,\"caption\":\"Mezon Lojistik\"},\"image\":{\"@id\":\"\\\/#\\\/schema\\\/logo\\\/image\\\/\"},\"email\":\"info@mezonlogistics.com\",\"telephone\":\"+90 216 501 0220\",\"legalName\":\"Mezon Lojistik A.\u015e.\",\"foundingDate\":\"1990-01-19\",\"vatID\":\"6201161310\",\"taxID\":\"6201161310\",\"numberOfEmployees\":{\"@type\":\"QuantitativeValue\",\"minValue\":\"5001\",\"maxValue\":\"10000\"}}]}<\/script>\n<!-- \/ Yoast SEO Premium plugin. -->","yoast_head_json":{"title":"Commerce ext\u00e9rieur et conseil en cha\u00eene d'approvisionnement - Mezon Logistics","robots":{"index":"index","follow":"follow","max-snippet":"max-snippet:-1","max-image-preview":"max-image-preview:large","max-video-preview":"max-video-preview:-1"},"canonical":"https:\/\/mezonlogistics.com\/fr\/commerce-exterieur-et-chaine-dapprovisionnement\/","og_locale":"fr_FR","og_type":"article","og_title":"D\u0131\u015f Ticaret ve Tedarik Zinciri Dan\u0131\u015fmanl\u0131\u011f\u0131","og_url":"https:\/\/mezonlogistics.com\/fr\/commerce-exterieur-et-chaine-dapprovisionnement\/","og_site_name":"Mezon Lojistik","article_modified_time":"2025-10-23T11:37:22+00:00","twitter_card":"summary_large_image","twitter_misc":{"Dur\u00e9e de lecture estim\u00e9e":"2 minutes"},"schema":{"@context":"https:\/\/schema.org","@graph":[{"@type":"WebPage","@id":"https:\/\/mezonlogistics.com\/dis-ticaret-ve-tedarik-zinciri\/","url":"https:\/\/mezonlogistics.com\/dis-ticaret-ve-tedarik-zinciri\/","name":"Commerce ext\u00e9rieur et conseil en cha\u00eene d'approvisionnement - Mezon Logistics","isPartOf":{"@id":"\/#website"},"datePublished":"2025-03-06T13:12:57+00:00","dateModified":"2025-10-23T11:37:22+00:00","breadcrumb":{"@id":"https:\/\/mezonlogistics.com\/dis-ticaret-ve-tedarik-zinciri\/#breadcrumb"},"inLanguage":"fr-FR","potentialAction":[{"@type":"ReadAction","target":["https:\/\/mezonlogistics.com\/dis-ticaret-ve-tedarik-zinciri\/"]}]},{"@type":"BreadcrumbList","@id":"https:\/\/mezonlogistics.com\/dis-ticaret-ve-tedarik-zinciri\/#breadcrumb","itemListElement":[{"@type":"ListItem","position":1,"name":"Home","item":"https:\/\/mezonlogistics.com\/"},{"@type":"ListItem","position":2,"name":"D\u0131\u015f Ticaret ve Tedarik Zinciri Dan\u0131\u015fmanl\u0131\u011f\u0131"}]},{"@type":"WebSite","@id":"\/#website","url":"\/","name":"Logistique Mezon","description":"Connecter les continents, renforcer le commerce.","publisher":{"@id":"\/#organization"},"potentialAction":[{"@type":"SearchAction","target":{"@type":"EntryPoint","urlTemplate":"\/?s={search_term_string}"},"query-input":{"@type":"PropertyValueSpecification","valueRequired":true,"valueName":"search_term_string"}}],"inLanguage":"fr-FR"},{"@type":"Organization","@id":"\/#organization","name":"Logistique Mezon","alternateName":"Mezon","url":"\/","logo":{"@type":"ImageObject","inLanguage":"fr-FR","@id":"\/#\/schema\/logo\/image\/","url":"https:\/\/i0.wp.com\/mezonlogistics.com\/wp-content\/uploads\/2025\/11\/mezon_logo_rv.png?fit=2425%2C1016&ssl=1","contentUrl":"https:\/\/i0.wp.com\/mezonlogistics.com\/wp-content\/uploads\/2025\/11\/mezon_logo_rv.png?fit=2425%2C1016&ssl=1","width":2425,"height":1016,"caption":"Mezon Lojistik"},"image":{"@id":"\/#\/schema\/logo\/image\/"},"email":"info@mezonlogistics.com","telephone":"+90 216 501 0220","legalName":"Mezon Lojistik A.\u015e.","foundingDate":"1990-01-19","vatID":"6201161310","taxID":"6201161310","numberOfEmployees":{"@type":"QuantitativeValue","minValue":"5001","maxValue":"10000"}}]}},"jetpack_sharing_enabled":true,"_links":{"self":[{"href":"https:\/\/mezonlogistics.com\/fr\/wp-json\/wp\/v2\/pages\/69876","targetHints":{"allow":["GET"]}}],"collection":[{"href":"https:\/\/mezonlogistics.com\/fr\/wp-json\/wp\/v2\/pages"}],"about":[{"href":"https:\/\/mezonlogistics.com\/fr\/wp-json\/wp\/v2\/types\/page"}],"author":[{"embeddable":true,"href":"https:\/\/mezonlogistics.com\/fr\/wp-json\/wp\/v2\/users\/1"}],"replies":[{"embeddable":true,"href":"https:\/\/mezonlogistics.com\/fr\/wp-json\/wp\/v2\/comments?post=69876"}],"version-history":[{"count":31,"href":"https:\/\/mezonlogistics.com\/fr\/wp-json\/wp\/v2\/pages\/69876\/revisions"}],"predecessor-version":[{"id":75827,"href":"https:\/\/mezonlogistics.com\/fr\/wp-json\/wp\/v2\/pages\/69876\/revisions\/75827"}],"wp:attachment":[{"href":"https:\/\/mezonlogistics.com\/fr\/wp-json\/wp\/v2\/media?parent=69876"}],"curies":[{"name":"wp","href":"https:\/\/api.w.org\/{rel}","templated":true}]}}