{"id":75723,"date":"2025-10-20T02:14:18","date_gmt":"2025-10-19T23:14:18","guid":{"rendered":"https:\/\/test.mezonlogistics.com\/?page_id=75723"},"modified":"2025-10-20T02:46:07","modified_gmt":"2025-10-19T23:46:07","slug":"denizyolu-tasimaciligi","status":"publish","type":"page","link":"https:\/\/mezonlogistics.com\/fr\/transport-maritime\/","title":{"rendered":"Fret maritime"},"content":{"rendered":"<div id=\"depo-yonetimi\"  data-column-margin=\"default\" data-midnight=\"light\"  class=\"wpb_row vc_row-fluid vc_row full-width-section\"  style=\"padding-top: 150px; padding-bottom: 150px; \"><div class=\"row-bg-wrap\" data-bg-animation=\"none\" data-bg-animation-delay=\"\" data-bg-overlay=\"true\"><div class=\"inner-wrap row-bg-layer using-image\" ><div class=\"row-bg viewport-desktop using-image\"  style=\"background-image: url(https:\/\/i0.wp.com\/mezonlogistics.com\/wp-content\/uploads\/2025\/10\/sea_transport_img_mzn.webp?fit=1920%2C966&#038;ssl=1); background-position: center center; background-repeat: no-repeat; \"><\/div><\/div><div class=\"row-bg-overlay row-bg-layer\" style=\"background: #000000; background: linear-gradient(90deg,#000000 10%,rgba(255,255,255,0.001) 75%);  opacity: 0.8; background: #000000; background: linear-gradient(90deg,#000000 0%,rgba(255,255,255,0.001) 100%);  opacity: 0.8; \"><\/div><\/div><div class=\"row_col_wrap_12 col span_12 light left\">\n\t<div style=\"margin-top: 5%; \" class=\"vc_col-sm-6 wpb_column column_container vc_column_container col no-extra-padding inherit_tablet inherit_phone\"  data-padding-pos=\"all\" data-has-bg-color=\"false\" data-bg-color=\"\" data-bg-opacity=\"1\" data-animation=\"\" data-delay=\"0\" >\n\t\t<div class=\"vc_column-inner\" >\n\t\t\t<div class=\"wpb_wrapper\">\n\t\t\t\t<div class=\"nectar-split-heading  font_size_4vw\" data-align=\"default\" data-m-align=\"inherit\" data-text-effect=\"letter-reveal-bottom\" data-animation-type=\"line-reveal-by-space\" data-animation-delay=\"0\" data-animation-offset=\"\" data-m-rm-animation=\"\" data-stagger=\"\" data-custom-font-size=\"true\" style=\"font-size: 4.5vw; line-height: 4.95vw;\"><h1 style=\" color: #FFFFFF;\">Fret maritime<\/h1><\/div>\n\t\t\t<\/div> \n\t\t<\/div>\n\t<\/div> \n\n\t<div  class=\"vc_col-sm-6 wpb_column column_container vc_column_container col no-extra-padding inherit_tablet inherit_phone\"  data-padding-pos=\"all\" data-has-bg-color=\"false\" data-bg-color=\"\" data-bg-opacity=\"1\" data-animation=\"\" data-delay=\"0\" >\n\t\t<div class=\"vc_column-inner\" >\n\t\t\t<div class=\"wpb_wrapper\">\n\t\t\t\t\n\t\t\t<\/div> \n\t\t<\/div>\n\t<\/div> \n<\/div><\/div>\n\t\t<div id=\"fws_69ee33f3535a6\"  data-column-margin=\"default\" data-midnight=\"dark\"  class=\"wpb_row vc_row-fluid vc_row\"  style=\"padding-top: 100px; padding-bottom: 0px; \"><div class=\"row-bg-wrap\" data-bg-animation=\"none\" data-bg-animation-delay=\"\" data-bg-overlay=\"false\"><div class=\"inner-wrap row-bg-layer\" ><div class=\"row-bg viewport-desktop\"  style=\"\"><\/div><\/div><\/div><div class=\"row_col_wrap_12 col span_12 dark left\">\n\t<div  class=\"vc_col-sm-12 wpb_column column_container vc_column_container col no-extra-padding inherit_tablet inherit_phone\"  data-padding-pos=\"all\" data-has-bg-color=\"false\" data-bg-color=\"\" data-bg-opacity=\"1\" data-animation=\"\" data-delay=\"0\" >\n\t\t<div class=\"vc_column-inner\" >\n\t\t\t<div class=\"wpb_wrapper\">\n\t\t\t\t<div class=\"nectar-split-heading  font_size_1vw\" data-align=\"default\" data-m-align=\"inherit\" data-text-effect=\"letter-reveal-bottom\" data-animation-type=\"line-reveal-by-space\" data-animation-delay=\"0\" data-animation-offset=\"\" data-m-rm-animation=\"\" data-stagger=\"\" data-custom-font-size=\"true\" style=\"font-size: 1.7vw; line-height: 1.87vw;\"><h4 style=\" color: #55565a;\">Solutions logistiques rationnelles intercontinentales de Mezon<\/h4><\/div>\n<div class=\"wpb_text_column wpb_content_element  vc_custom_1760916360472\" >\n\t<div class=\"wpb_row vc_row vc_row-fluid mk-fullwidth-false attched-false vc_custom_1650856733808 js-master-row mk-grid mk-in-viewport\" data-mk-stretch-content=\"true\">\n<div class=\"vc_col-sm-12 wpb_column column_container _ height-full\">\n<div class=\"vc_custom_1740574413666\">\n<div id=\"text-block-13\" class=\"mk-text-block\">\n<div id=\"text-block-8\" class=\"mk-text-block\">\n<div id=\"text-block-17\" class=\"mk-text-block\">\n<div class=\"wpb_text_column wpb_content_element\">\n<div class=\"wpb_wrapper\">\n<p>Dans le monde d'aujourd'hui, o\u00f9 % 80 du commerce mondial s'effectue par voie maritime, Mezon, gr\u00e2ce \u00e0 ses accords avec les principaux armateurs du monde entier, \u00e0 son vaste r\u00e9seau d'agences et \u00e0 son statut de propri\u00e9taire, est en mesure d'offrir un service de qualit\u00e9 \u00e0 ses clients.&nbsp;<a href=\"http:\/\/www.fiata.com\/\" target=\"_blank\" rel=\"noopener noreferrer\">FIATA<\/a>&nbsp;et&nbsp;<a href=\"http:\/\/www.utikad.org.tr\/\" target=\"_blank\" rel=\"noopener noreferrer\">UTIKAD<\/a>&nbsp;elle produit des solutions logistiques rationnelles \u00e0 travers les continents pour de nombreux clients dans le monde entier.<\/p>\n<\/div>\n<\/div>\n<div class=\"wpb_text_column wpb_content_element vc_custom_1705576444738\">\n<div class=\"wpb_wrapper\">\n<p>Accords de partenariat et adh\u00e9sions existants&nbsp;<a href=\"http:\/\/www.htfn.com\/\" target=\"_blank\" rel=\"noopener noreferrer\">HTFN<\/a>&nbsp;et&nbsp;<a href=\"http:\/\/www.wcaworld.com\/\" target=\"_blank\" rel=\"noopener noreferrer\">AOC<\/a>&nbsp;Gr\u00e2ce \u00e0 son r\u00e9seau mondial d'agents, Mezon est en mesure d'offrir des services de livraison porte-\u00e0-porte, de d\u00e9douanement et de distribution partout dans le monde.<\/p>\n<p>En m\u00eame temps, gr\u00e2ce \u00e0 son certificat NVOCC, Mezon imprime ses propres obligations et conclut des contrats de fret sans avoir besoin d'une autre soci\u00e9t\u00e9 agr\u00e9\u00e9e, y compris des livraisons de derni\u00e8re minute pour les activit\u00e9s de transport maritime en rapport avec les \u00c9tats-Unis d'Am\u00e9rique.<\/p>\n<\/div>\n<\/div>\n<div class=\"wpb_text_column wpb_content_element vc_custom_1705576454606\">\n<div class=\"wpb_wrapper\">\n<p>Mezon fournit la solution la plus id\u00e9ale avec des options intermodales telles que terre-mer, mer-air, mer-air, mer-rail ainsi que des transports FCL et LCL sur la base de conteneurs en planifiant toutes sortes de possibilit\u00e9s de combinaison pendant le transport des produits des clients. Outre le transport de port \u00e0 port, de port \u00e0 port, de porte \u00e0 porte, de porte \u00e0 porte, l'entreprise propose \u00e9galement la consolidation de produits LCL, un service de chargement en transit et des services de transport crois\u00e9 dans le cadre de solutions de transport maritime. Mezon cr\u00e9e des alternatives de fret et offre des avantages en termes de co\u00fbts en signant des contrats sp\u00e9ciaux avec des agences maritimes dans le monde entier.<\/p>\n<\/div>\n<\/div>\n<div class=\"wpb_text_column wpb_content_element vc_custom_1705576461317\">\n<div class=\"wpb_wrapper\">\n<p>Mezon dispose des connaissances et de l'infrastructure n\u00e9cessaires pour transporter tous les types de produits, avec diff\u00e9rents types de conteneurs dans sa flotte. Des produits textiles suspendus aux produits chimiques inflammables ou non inflammables et aux produits alimentaires, Mezon assure le transport de toutes les mati\u00e8res solides, liquides et gazeuses. En outre, dans le cadre des solutions de transport maritime, elle propose des chargements de projets \u00e0 fort tonnage ou hors gabarit, ainsi que des services de transport de cargaisons ouvertes et d'affr\u00e8tement de navires.<\/p>\n<p>Mezon, qui propose toutes sortes de services allant des conteneurs sp\u00e9ciaux tels que open top, open side, refeer, flat rack, platform au transport de conteneurs suspendus, du conteneur citerne ISO au transport de conteneur citerne Flexi en fonction du type de produit et de ses caract\u00e9ristiques, offre \u00e9galement des services compl\u00e9mentaires tels que la mise \u00e0 disposition de conteneurs flexi et suspendus, le chargement et la pose gr\u00e2ce \u00e0 son expertise.<\/p>\n<div class=\"wpb_text_column wpb_content_element\">\n<div class=\"wpb_wrapper\">\n<p><strong>FCL\/LCL<\/strong>&nbsp;Les diff\u00e9rentes options de conteneurs en fonction des caract\u00e9ristiques du produit peuvent en partie entra\u00eener l'\u00e9valuation de la cargaison en tant que FCL (full container load) ou LCL (partial container load). Dans ce contexte, Mezon effectue toutes sortes de transports FCL et LCL sur la base de conteneurs en fonction des caract\u00e9ristiques du produit et du volume.<\/p>\n<\/div>\n<\/div>\n<div class=\"wpb_text_column wpb_content_element vc_custom_1705576601246\">\n<div class=\"wpb_wrapper\">\n<p>Mezon, qui a la capacit\u00e9 d'offrir des solutions int\u00e9gr\u00e9es gr\u00e2ce \u00e0 son exp\u00e9rience et \u00e0 son infrastructure d'expertise, propose des options intermodales telles que terre-mer, mer-rail en fonction des diff\u00e9rentes destinations et des besoins des clients.<\/p>\n<\/div>\n<\/div>\n<\/div>\n<\/div>\n<\/div>\n<\/div>\n<\/div>\n<\/div>\n<\/div>\n<\/div>\n<\/div>\n\n\n\n<div id=\"fws_69ee33f3542bc\" data-midnight=\"\" data-column-margin=\"default\" class=\"wpb_row vc_row-fluid vc_row inner_row\"  style=\"\"><div class=\"row-bg-wrap\"> <div class=\"row-bg\" ><\/div> <\/div><div class=\"row_col_wrap_12_inner col span_12  left\">\n\t<div  class=\"vc_col-sm-4 wpb_column column_container vc_column_container col child_column no-extra-padding inherit_tablet inherit_phone\"   data-padding-pos=\"all\" data-has-bg-color=\"false\" data-bg-color=\"\" data-bg-opacity=\"1\" data-animation=\"\" data-delay=\"0\" >\n\t\t<div class=\"vc_column-inner\" >\n\t\t<div class=\"wpb_wrapper\">\n\t\t\t<div class=\"nectar-split-heading  font_size_1vw\" data-align=\"default\" data-m-align=\"inherit\" data-text-effect=\"letter-reveal-bottom\" data-animation-type=\"line-reveal-by-space\" data-animation-delay=\"0\" data-animation-offset=\"\" data-m-rm-animation=\"\" data-stagger=\"\" data-custom-font-size=\"true\" style=\"font-size: 1.7vw; line-height: 1.87vw;\"><h4 style=\" color: #55565a;\">Types de conteneurs et de citernes flexibles<\/h4><\/div>\n<div class=\"wpb_text_column wpb_content_element\" >\n\t<ul class=\"mezon-liste\">\n<li>R\u00e9cipient de 20\u2032<\/li>\n<li>Conteneur de 40\u2032<\/li>\n<li>40\u2032 High Cube Container<\/li>\n<li>20\u2032 Conteneur \u00e0 toit ouvert<\/li>\n<li>40\u2032 Conteneur \u00e0 toit ouvert<\/li>\n<li>20\u2032 Flat Rack Container<\/li>\n<li>40\u2032 Flat Rack Container<\/li>\n<li>20\u2032 Conteneur r\u00e9frig\u00e9r\u00e9<\/li>\n<li>R\u00e9servoir ISO<\/li>\n<li>D\u00e9bardeur Flexi<\/li>\n<li>Autres types de conteneurs<\/li>\n<\/ul>\n<\/div>\n\n\n\n\n\t\t<\/div> \n\t<\/div>\n\t<\/div> \n\n\t<div  class=\"vc_col-sm-8 wpb_column column_container vc_column_container col child_column no-extra-padding inherit_tablet inherit_phone\"   data-padding-pos=\"all\" data-has-bg-color=\"false\" data-bg-color=\"\" data-bg-opacity=\"1\" data-animation=\"\" data-delay=\"0\" >\n\t\t<div class=\"vc_column-inner\" >\n\t\t<div class=\"wpb_wrapper\">\n\t\t\t<div class=\"nectar-split-heading  font_size_1vw\" data-align=\"default\" data-m-align=\"inherit\" data-text-effect=\"letter-reveal-bottom\" data-animation-type=\"line-reveal-by-space\" data-animation-delay=\"0\" data-animation-offset=\"\" data-m-rm-animation=\"\" data-stagger=\"\" data-custom-font-size=\"true\" style=\"font-size: 1.7vw; line-height: 1.87vw;\"><h4 style=\" color: #55565a;\">Solutions logistiques intercontinentales<\/h4><\/div>\n<div class=\"wpb_text_column wpb_content_element\" >\n\t<div class=\"wpb_text_column wpb_content_element\">\n<div class=\"wpb_wrapper\">\n<p>Mezon g\u00e8re les op\u00e9rations logistiques des substances liquides et chimiques de mani\u00e8re plus rapide, plus s\u00fbre, plus \u00e9cologique et avec les volumes les plus \u00e9lev\u00e9s possibles gr\u00e2ce aux conteneurs Flexi et ISO Tank qui font partie de sa flotte, en plus des conteneurs standard et sp\u00e9ciaux qu'elle dessert. Mezon, qui continue \u00e0 prendre de nouvelles mesures en fonction des demandes de ses clients, r\u00e9alise des \u00e9conomies de temps et d'argent gr\u00e2ce aux applications qu'elle a mises en place.<\/p>\n<\/div>\n<\/div>\n<div class=\"wpb_text_column wpb_content_element\">\n<div class=\"wpb_wrapper\">\n<p>Le Flexi Tank est un type de conteneur qui permet d'utiliser des conteneurs-caisses comme conteneurs-citernes, ce qui permet d'\u00e9conomiser du temps et de l'argent lors du chargement et du d\u00e9chargement. Les citernes flexibles de Mezon, utilis\u00e9es pour le transport d'huiles v\u00e9g\u00e9tales liquides, de jus de fruits concentr\u00e9s et de produits chimiques liquides ininflammables, ont une capacit\u00e9 de 24 000 litres. Gr\u00e2ce aux transports en citernes flexibles, qui constituent une alternative aux chargements conventionnels en barils et en conteneurs-citernes ISO, Mezon livre plus de produits \u00e0 la fois \u00e0 ses clients sous forme de marchandises en vrac, dans un environnement plus rentable et plus sain. Les citernes flexibles \u00e9tant jetables, les co\u00fbts de lavage et de stockage sont \u00e9galement \u00e9limin\u00e9s.<\/p>\n<\/div>\n<\/div>\n<\/div>\n\n\n\n\n\t\t<\/div> \n\t<\/div>\n\t<\/div> \n<\/div><\/div>\n\t\t\t<\/div> \n\t\t<\/div>\n\t<\/div> \n<\/div><\/div>\n\t\t<div id=\"fws_69ee33f3559c9\"  data-column-margin=\"default\" data-midnight=\"light\"  class=\"wpb_row vc_row-fluid vc_row full-width-section vc_row-o-equal-height vc_row-flex vc_row-o-content-middle\"  style=\"padding-top: 80px; padding-bottom: 80px; \"><div class=\"row-bg-wrap\" data-bg-animation=\"zoom-out-slow\" data-bg-animation-delay=\"\" data-bg-overlay=\"true\"><div class=\"inner-wrap row-bg-layer using-image\" ><div class=\"row-bg viewport-desktop using-image using-bg-color\"  style=\"background-image: url(https:\/\/i0.wp.com\/mezonlogistics.com\/wp-content\/uploads\/2025\/10\/sea_transport_img_mzn.webp?fit=1920%2C966&#038;ssl=1); background-position: center center; background-repeat: no-repeat; background-color: #ffffff; \"><\/div><\/div><div class=\"row-bg-overlay row-bg-layer\" style=\"background-color:#282828;  opacity: 0.8; \"><\/div><\/div><div class=\"nectar-shape-divider-wrap no-color\" style=\" height:50px;\"  data-height=\"50\" data-front=\"\" data-style=\"tilt\" data-position=\"top\" ><svg class=\"nectar-shape-divider\" aria-hidden=\"true\" fill=\"\" xmlns=\"http:\/\/www.w3.org\/2000\/svg\" viewbox=\"0 0 100 10\" preserveaspectratio=\"none\"> <polygon points=\"104 10 0 0 0 10\"><\/polygon> <\/svg><\/div><div class=\"row_col_wrap_12 col span_12 light left\">\n\t<div  class=\"vc_col-sm-6 wpb_column column_container vc_column_container col no-extra-padding force-tablet-text-align-center force-phone-text-align-center inherit_tablet inherit_phone\"  data-padding-pos=\"all\" data-has-bg-color=\"false\" data-bg-color=\"\" data-bg-opacity=\"1\" data-animation=\"\" data-delay=\"0\" >\n\t\t<div class=\"vc_column-inner\" >\n\t\t\t<div class=\"wpb_wrapper\">\n\t\t\t\t<div class=\"nectar-highlighted-text\" data-style=\"half_text\" data-exp=\"default\" data-using-custom-color=\"true\" data-animation-delay=\"false\" data-color=\"#ff1053\" data-color-gradient=\"\" style=\"\"><h2>Des normes \u00e9lev\u00e9es<br \/>\n<strong>Services de transport maritime<\/strong><\/h2>\n<\/div>\n<div class=\"wpb_text_column wpb_content_element  vc_custom_1760888777375\" >\n\t<div class=\"wpb_text_column wpb_content_element\">\n<div class=\"wpb_wrapper\">\n<p>Obtenez une offre pour les normes \u00e9lev\u00e9es de qualit\u00e9 de service de Mezon.\n<\/p><\/div>\n<\/div>\n<\/div>\n\n\n\n\n\t\t\t<\/div> \n\t\t<\/div>\n\t<\/div> \n\n\t<div  class=\"vc_col-sm-6 wpb_column column_container vc_column_container col no-extra-padding force-tablet-text-align-center force-phone-text-align-center inherit_tablet inherit_phone\"  data-padding-pos=\"all\" data-has-bg-color=\"false\" data-bg-color=\"\" data-bg-opacity=\"1\" data-animation=\"\" data-delay=\"0\" >\n\t\t<div class=\"vc_column-inner\" >\n\t\t\t<div class=\"wpb_wrapper\">\n\t\t\t\t<div id=\"fws_69ee33f3569ea\" data-midnight=\"\" data-column-margin=\"default\" class=\"wpb_row vc_row-fluid vc_row inner_row\"  style=\"\"><div class=\"row-bg-wrap\"> <div class=\"row-bg\" ><\/div> <\/div><div class=\"row_col_wrap_12_inner col span_12  right\">\n\t<div  class=\"vc_col-sm-12 wpb_column column_container vc_column_container col child_column no-extra-padding inherit_tablet inherit_phone\"   data-padding-pos=\"all\" data-has-bg-color=\"false\" data-bg-color=\"\" data-bg-opacity=\"1\" data-animation=\"\" data-delay=\"0\" >\n\t\t<div class=\"vc_column-inner\" >\n\t\t<div class=\"wpb_wrapper\">\n\t\t\t<a class=\"nectar-button jumbo see-through-2  has-icon wpb_animate_when_almost_visible wpb_lightSpeedIn lightSpeedIn\"  role=\"button\" style=\"margin-top: 50px; border-color: #ffffff; color: #ffffff;\"  href=\"https:\/\/mezonlogistics.com\/fr\/demande-de-service\/\" data-color-override=\"#ffffff\"  data-hover-color-override=\"#ffffff\" data-hover-text-color-override=\"#000000\"><span>Obtenir une offre<\/span><i  class=\"icon-button-arrow\"><\/i><\/a>\n\t\t<\/div> \n\t<\/div>\n\t<\/div> \n<\/div><\/div>\n\t\t\t<\/div> \n\t\t<\/div>\n\t<\/div> \n<\/div><\/div>","protected":false},"excerpt":{"rendered":"Denizyolu Ta\u015f\u0131mac\u0131l\u0131\u011f\u0131 Mezon\u2019dan K\u0131talararas\u0131 Ak\u0131lc\u0131 Lojistik \u00c7\u00f6z\u00fcmler D\u00fcnya ticaretinin % 80\u2019inin denizyoluyla ger\u00e7ekle\u015fti\u011fi g\u00fcn\u00fcm\u00fczde Mezon, t\u00fcm d\u00fcnyada s\u00f6z sahibi armat\u00f6rlerle yapt\u0131\u011f\u0131 anla\u015fmalar, geni\u015f acente a\u011f\u0131 ve sahip oldu\u011fu&nbsp;FIATA&nbsp;ve&nbsp;UTIKAD&nbsp;\u00fcyelikleriyle d\u00fcnya genelinde...","protected":false},"author":1,"featured_media":0,"parent":0,"menu_order":0,"comment_status":"closed","ping_status":"closed","template":"","meta":{"inline_featured_image":false,"footnotes":""},"class_list":["post-75723","page","type-page","status-publish"],"yoast_head":"<!-- This site is optimized with the Yoast SEO Premium plugin v25.6 (Yoast SEO v27.3) - https:\/\/yoast.com\/product\/yoast-seo-premium-wordpress\/ -->\n<title>Denizyolu Ta\u015f\u0131mac\u0131l\u0131\u011f\u0131 - Mezon Lojistik<\/title>\n<meta name=\"robots\" content=\"index, follow, max-snippet:-1, max-image-preview:large, max-video-preview:-1\" \/>\n<link rel=\"canonical\" href=\"https:\/\/mezonlogistics.com\/fr\/transport-maritime\/\" \/>\n<meta property=\"og:locale\" content=\"fr_FR\" \/>\n<meta property=\"og:type\" content=\"article\" \/>\n<meta property=\"og:title\" content=\"Denizyolu Ta\u015f\u0131mac\u0131l\u0131\u011f\u0131\" \/>\n<meta property=\"og:url\" content=\"https:\/\/mezonlogistics.com\/fr\/transport-maritime\/\" \/>\n<meta property=\"og:site_name\" content=\"Mezon Lojistik\" \/>\n<meta property=\"article:modified_time\" content=\"2025-10-19T23:46:07+00:00\" \/>\n<meta name=\"twitter:card\" content=\"summary_large_image\" \/>\n<meta name=\"twitter:label1\" content=\"Dur\u00e9e de lecture estim\u00e9e\" \/>\n\t<meta name=\"twitter:data1\" content=\"2 minutes\" \/>\n<script type=\"application\/ld+json\" class=\"yoast-schema-graph\">{\"@context\":\"https:\\\/\\\/schema.org\",\"@graph\":[{\"@type\":\"WebPage\",\"@id\":\"https:\\\/\\\/mezonlogistics.com\\\/denizyolu-tasimaciligi\\\/\",\"url\":\"https:\\\/\\\/mezonlogistics.com\\\/denizyolu-tasimaciligi\\\/\",\"name\":\"Denizyolu Ta\u015f\u0131mac\u0131l\u0131\u011f\u0131 - Mezon Lojistik\",\"isPartOf\":{\"@id\":\"\\\/#website\"},\"datePublished\":\"2025-10-19T23:14:18+00:00\",\"dateModified\":\"2025-10-19T23:46:07+00:00\",\"breadcrumb\":{\"@id\":\"https:\\\/\\\/mezonlogistics.com\\\/denizyolu-tasimaciligi\\\/#breadcrumb\"},\"inLanguage\":\"fr-FR\",\"potentialAction\":[{\"@type\":\"ReadAction\",\"target\":[\"https:\\\/\\\/mezonlogistics.com\\\/denizyolu-tasimaciligi\\\/\"]}]},{\"@type\":\"BreadcrumbList\",\"@id\":\"https:\\\/\\\/mezonlogistics.com\\\/denizyolu-tasimaciligi\\\/#breadcrumb\",\"itemListElement\":[{\"@type\":\"ListItem\",\"position\":1,\"name\":\"Home\",\"item\":\"https:\\\/\\\/mezonlogistics.com\\\/\"},{\"@type\":\"ListItem\",\"position\":2,\"name\":\"Denizyolu Ta\u015f\u0131mac\u0131l\u0131\u011f\u0131\"}]},{\"@type\":\"WebSite\",\"@id\":\"\\\/#website\",\"url\":\"\\\/\",\"name\":\"Mezon Lojistik\",\"description\":\"Connecting Continents Empowering Trade.\",\"publisher\":{\"@id\":\"\\\/#organization\"},\"potentialAction\":[{\"@type\":\"SearchAction\",\"target\":{\"@type\":\"EntryPoint\",\"urlTemplate\":\"\\\/?s={search_term_string}\"},\"query-input\":{\"@type\":\"PropertyValueSpecification\",\"valueRequired\":true,\"valueName\":\"search_term_string\"}}],\"inLanguage\":\"fr-FR\"},{\"@type\":\"Organization\",\"@id\":\"\\\/#organization\",\"name\":\"Mezon Lojistik\",\"alternateName\":\"Mezon\",\"url\":\"\\\/\",\"logo\":{\"@type\":\"ImageObject\",\"inLanguage\":\"fr-FR\",\"@id\":\"\\\/#\\\/schema\\\/logo\\\/image\\\/\",\"url\":\"https:\\\/\\\/i0.wp.com\\\/mezonlogistics.com\\\/wp-content\\\/uploads\\\/2025\\\/11\\\/mezon_logo_rv.png?fit=2425%2C1016&ssl=1\",\"contentUrl\":\"https:\\\/\\\/i0.wp.com\\\/mezonlogistics.com\\\/wp-content\\\/uploads\\\/2025\\\/11\\\/mezon_logo_rv.png?fit=2425%2C1016&ssl=1\",\"width\":2425,\"height\":1016,\"caption\":\"Mezon Lojistik\"},\"image\":{\"@id\":\"\\\/#\\\/schema\\\/logo\\\/image\\\/\"},\"email\":\"info@mezonlogistics.com\",\"telephone\":\"+90 216 501 0220\",\"legalName\":\"Mezon Lojistik A.\u015e.\",\"foundingDate\":\"1990-01-19\",\"vatID\":\"6201161310\",\"taxID\":\"6201161310\",\"numberOfEmployees\":{\"@type\":\"QuantitativeValue\",\"minValue\":\"5001\",\"maxValue\":\"10000\"}}]}<\/script>\n<!-- \/ Yoast SEO Premium plugin. -->","yoast_head_json":{"title":"Fret maritime - Mezon Logistics","robots":{"index":"index","follow":"follow","max-snippet":"max-snippet:-1","max-image-preview":"max-image-preview:large","max-video-preview":"max-video-preview:-1"},"canonical":"https:\/\/mezonlogistics.com\/fr\/transport-maritime\/","og_locale":"fr_FR","og_type":"article","og_title":"Denizyolu Ta\u015f\u0131mac\u0131l\u0131\u011f\u0131","og_url":"https:\/\/mezonlogistics.com\/fr\/transport-maritime\/","og_site_name":"Mezon Lojistik","article_modified_time":"2025-10-19T23:46:07+00:00","twitter_card":"summary_large_image","twitter_misc":{"Dur\u00e9e de lecture estim\u00e9e":"2 minutes"},"schema":{"@context":"https:\/\/schema.org","@graph":[{"@type":"WebPage","@id":"https:\/\/mezonlogistics.com\/denizyolu-tasimaciligi\/","url":"https:\/\/mezonlogistics.com\/denizyolu-tasimaciligi\/","name":"Fret maritime - Mezon Logistics","isPartOf":{"@id":"\/#website"},"datePublished":"2025-10-19T23:14:18+00:00","dateModified":"2025-10-19T23:46:07+00:00","breadcrumb":{"@id":"https:\/\/mezonlogistics.com\/denizyolu-tasimaciligi\/#breadcrumb"},"inLanguage":"fr-FR","potentialAction":[{"@type":"ReadAction","target":["https:\/\/mezonlogistics.com\/denizyolu-tasimaciligi\/"]}]},{"@type":"BreadcrumbList","@id":"https:\/\/mezonlogistics.com\/denizyolu-tasimaciligi\/#breadcrumb","itemListElement":[{"@type":"ListItem","position":1,"name":"Home","item":"https:\/\/mezonlogistics.com\/"},{"@type":"ListItem","position":2,"name":"Denizyolu Ta\u015f\u0131mac\u0131l\u0131\u011f\u0131"}]},{"@type":"WebSite","@id":"\/#website","url":"\/","name":"Logistique Mezon","description":"Connecter les continents, renforcer le commerce.","publisher":{"@id":"\/#organization"},"potentialAction":[{"@type":"SearchAction","target":{"@type":"EntryPoint","urlTemplate":"\/?s={search_term_string}"},"query-input":{"@type":"PropertyValueSpecification","valueRequired":true,"valueName":"search_term_string"}}],"inLanguage":"fr-FR"},{"@type":"Organization","@id":"\/#organization","name":"Logistique Mezon","alternateName":"Mezon","url":"\/","logo":{"@type":"ImageObject","inLanguage":"fr-FR","@id":"\/#\/schema\/logo\/image\/","url":"https:\/\/i0.wp.com\/mezonlogistics.com\/wp-content\/uploads\/2025\/11\/mezon_logo_rv.png?fit=2425%2C1016&ssl=1","contentUrl":"https:\/\/i0.wp.com\/mezonlogistics.com\/wp-content\/uploads\/2025\/11\/mezon_logo_rv.png?fit=2425%2C1016&ssl=1","width":2425,"height":1016,"caption":"Mezon Lojistik"},"image":{"@id":"\/#\/schema\/logo\/image\/"},"email":"info@mezonlogistics.com","telephone":"+90 216 501 0220","legalName":"Mezon Lojistik A.\u015e.","foundingDate":"1990-01-19","vatID":"6201161310","taxID":"6201161310","numberOfEmployees":{"@type":"QuantitativeValue","minValue":"5001","maxValue":"10000"}}]}},"jetpack_sharing_enabled":true,"_links":{"self":[{"href":"https:\/\/mezonlogistics.com\/fr\/wp-json\/wp\/v2\/pages\/75723","targetHints":{"allow":["GET"]}}],"collection":[{"href":"https:\/\/mezonlogistics.com\/fr\/wp-json\/wp\/v2\/pages"}],"about":[{"href":"https:\/\/mezonlogistics.com\/fr\/wp-json\/wp\/v2\/types\/page"}],"author":[{"embeddable":true,"href":"https:\/\/mezonlogistics.com\/fr\/wp-json\/wp\/v2\/users\/1"}],"replies":[{"embeddable":true,"href":"https:\/\/mezonlogistics.com\/fr\/wp-json\/wp\/v2\/comments?post=75723"}],"version-history":[{"count":6,"href":"https:\/\/mezonlogistics.com\/fr\/wp-json\/wp\/v2\/pages\/75723\/revisions"}],"predecessor-version":[{"id":75734,"href":"https:\/\/mezonlogistics.com\/fr\/wp-json\/wp\/v2\/pages\/75723\/revisions\/75734"}],"wp:attachment":[{"href":"https:\/\/mezonlogistics.com\/fr\/wp-json\/wp\/v2\/media?parent=75723"}],"curies":[{"name":"wp","href":"https:\/\/api.w.org\/{rel}","templated":true}]}}