{"id":6,"date":"2021-11-14T01:42:25","date_gmt":"2021-11-14T01:42:25","guid":{"rendered":"https:\/\/themenectar.com\/salient\/architect\/?page_id=6"},"modified":"2025-11-28T17:07:29","modified_gmt":"2025-11-28T14:07:29","slug":"kurumsal","status":"publish","type":"page","link":"https:\/\/mezonlogistics.com\/it\/aziendale\/","title":{"rendered":"Azienda"},"content":{"rendered":"<div id=\"fws_69deb24c0219b\"  data-column-margin=\"default\" data-midnight=\"dark\" data-top-percent=\"5%\" data-bottom-percent=\"5%\"  class=\"wpb_row vc_row-fluid vc_row full-width-content vc_row-o-equal-height vc_row-flex vc_row-o-content-middle  zindex-set right_padding_6pct left_padding_6pct top_padding_tablet_20pct top_padding_phone_25pct\"  style=\"padding-top: calc(100vw * 0.05); padding-bottom: calc(100vw * 0.05);  z-index: 100;\"><div class=\"row-bg-wrap\" data-bg-animation=\"fade-in\" data-bg-animation-delay=\"\" data-bg-overlay=\"false\"><div class=\"inner-wrap row-bg-layer\" ><div class=\"row-bg viewport-desktop\"  style=\"\"><\/div><\/div><\/div><div class=\"row_col_wrap_12 col span_12 dark left\">\n\t<div  class=\"vc_col-sm-6 wpb_column column_container vc_column_container col no-extra-padding inherit_tablet inherit_phone\"  data-padding-pos=\"all\" data-has-bg-color=\"false\" data-bg-color=\"\" data-bg-opacity=\"1\" data-animation=\"\" data-delay=\"0\" >\n\t\t<div class=\"vc_column-inner\" >\n\t\t\t<div class=\"wpb_wrapper\">\n\t\t\t\t<div id=\"fws_69deb24c02dd2\" data-midnight=\"\" data-column-margin=\"default\" class=\"wpb_row vc_row-fluid vc_row inner_row vc_row-o-equal-height vc_row-flex vc_row-o-content-middle\"  style=\"\"><div class=\"row-bg-wrap\"> <div class=\"row-bg\" ><\/div> <\/div><div class=\"row_col_wrap_12_inner col span_12  left\">\n\t<div  class=\"vc_col-sm-12 vc_col-md-9 wpb_column column_container vc_column_container col child_column no-extra-padding bottom_margin_tablet_20px inherit_tablet inherit_phone\"    data-t-w-inherits=\"small_desktop\" data-padding-pos=\"all\" data-has-bg-color=\"false\" data-bg-color=\"\" data-bg-opacity=\"1\" data-animation=\"\" data-delay=\"0\" >\n\t\t<div class=\"vc_column-inner\" >\n\t\t<div class=\"wpb_wrapper\">\n\t\t\t<div class=\"nectar-split-heading  font_size_5vw font_size_tablet_9vw font_size_phone_10vw font_line_height_8vw\" data-align=\"default\" data-m-align=\"inherit\" data-text-effect=\"letter-reveal-bottom\" data-animation-type=\"line-reveal-by-space\" data-animation-delay=\"0\" data-animation-offset=\"\" data-m-rm-animation=\"true\" data-stagger=\"true\" data-custom-font-size=\"true\" style=\"font-size: 5.5vw; line-height: 6.05vw;\"><h1 style=\" color: #55565a;\">Chi siamo<\/h1><\/div>\n\t\t<\/div> \n\t<\/div>\n\t<\/div> \n<\/div><\/div>\n\t\t\t<\/div> \n\t\t<\/div>\n\t<\/div> \n\n\t<div  class=\"vc_col-sm-6 wpb_column column_container vc_column_container col no-extra-padding inherit_tablet inherit_phone\"  data-padding-pos=\"all\" data-has-bg-color=\"false\" data-bg-color=\"\" data-bg-opacity=\"1\" data-animation=\"\" data-delay=\"0\" >\n\t\t<div class=\"vc_column-inner\" >\n\t\t\t<div class=\"wpb_wrapper\">\n\t\t\t\t<div class=\"nectar-video-box\" data-color=\"accent-color\" data-mouse-style=\"default\" data-mouse-icon-color=\"\" data-play-button-size=\"default\" data-border-radius=\"none\" data-hover=\"default\" data-shadow=\"\"><div class=\"inner-wrap\"><a href=\"https:\/\/youtu.be\/JRhtvryqtEg\"  rel=\"nofollow\" class=\"full-link pp\"><span class=\"screen-reader-text\">Play Video<\/span><\/a><img loading=\"lazy\" decoding=\"async\" width=\"1200\" height=\"669\" src=\"https:\/\/i0.wp.com\/mezonlogistics.com\/wp-content\/uploads\/2025\/11\/Ekran-Resmi-2025-11-28-16.59.58.png?fit=1200%2C669&amp;ssl=1\" class=\"attachment-full size-full\" alt=\"\" srcset=\"https:\/\/i0.wp.com\/mezonlogistics.com\/wp-content\/uploads\/2025\/11\/Ekran-Resmi-2025-11-28-16.59.58.png?w=1200&amp;ssl=1 1200w, https:\/\/i0.wp.com\/mezonlogistics.com\/wp-content\/uploads\/2025\/11\/Ekran-Resmi-2025-11-28-16.59.58.png?resize=300%2C167&amp;ssl=1 300w, https:\/\/i0.wp.com\/mezonlogistics.com\/wp-content\/uploads\/2025\/11\/Ekran-Resmi-2025-11-28-16.59.58.png?resize=1024%2C571&amp;ssl=1 1024w, https:\/\/i0.wp.com\/mezonlogistics.com\/wp-content\/uploads\/2025\/11\/Ekran-Resmi-2025-11-28-16.59.58.png?resize=768%2C428&amp;ssl=1 768w, https:\/\/i0.wp.com\/mezonlogistics.com\/wp-content\/uploads\/2025\/11\/Ekran-Resmi-2025-11-28-16.59.58.png?resize=18%2C10&amp;ssl=1 18w\" sizes=\"auto, (max-width: 1080px) 100vw, 1080px\" \/><a href=\"https:\/\/youtu.be\/JRhtvryqtEg\"  rel=\"nofollow\"  data-style=\"default\" data-parent-hover=\"\" data-font-style=\"p\" data-color=\"default\" class=\"play_button_mouse_follow large nectar_video_lightbox pp\"><span><span class=\"screen-reader-text\">Play Video<\/span><span class=\"play\"><span class=\"inner-wrap inner\"><svg role=\"none\" version=\"1.1\"\n\t xmlns=\"http:\/\/www.w3.org\/2000\/svg\" xmlns:xlink=\"http:\/\/www.w3.org\/1999\/xlink\" width=\"600px\" height=\"800px\" x=\"0px\" y=\"0px\" viewbox=\"0 0 600 800\" enable-background=\"new 0 0 600 800\" xml:space=\"preserve\"><path fill=\"none\" d=\"M0-1.79v800L600,395L0-1.79z\"><\/path> <\/svg><\/span><\/span><\/span><\/a><\/div><\/div>\n\t\t\t<\/div> \n\t\t<\/div>\n\t<\/div> \n<\/div><\/div>\n\t\t<div id=\"fws_69deb24c04bf5\"  data-column-margin=\"default\" data-midnight=\"dark\"  class=\"wpb_row vc_row-fluid vc_row  right_padding_50px left_padding_50px\"  style=\"padding-top: 0px; padding-bottom: 0px; \"><div class=\"row-bg-wrap\" data-bg-animation=\"none\" data-bg-animation-delay=\"\" data-bg-overlay=\"false\"><div class=\"inner-wrap row-bg-layer\" ><div class=\"row-bg viewport-desktop\"  style=\"\"><\/div><\/div><\/div><div class=\"row_col_wrap_12 col span_12 dark left\">\n\t<div  class=\"vc_col-sm-12 wpb_column column_container vc_column_container col no-extra-padding inherit_tablet inherit_phone\"  data-padding-pos=\"all\" data-has-bg-color=\"false\" data-bg-color=\"\" data-bg-opacity=\"1\" data-animation=\"\" data-delay=\"0\" >\n\t\t<div class=\"vc_column-inner\" >\n\t\t\t<div class=\"wpb_wrapper\">\n\t\t\t\t\n<div class=\"wpb_text_column wpb_content_element  vc_custom_1760686909037\" >\n\t<h2><b>Per conoscerci meglio...<\/b><\/h2>\n<\/div>\n\n\n\n\n<div class=\"wpb_text_column wpb_content_element  vc_custom_1763385113729\" >\n\t<p data-start=\"0\" data-end=\"366\" style=\"text-align:justify;\">Mezon Logistics \u00e8 un fornitore di logistica globale specializzato in soluzioni di trasporto internazionale end-to-end e senza soluzione di continuit\u00e0. Con una solida rete di operazioni che si estende in Europa, Turchia, Asia Centrale e nella regione della CSI (Comunit\u00e0 degli Stati Indipendenti), offriamo servizi logistici gestiti di alta precisione che consentono alle aziende di espandere con fiducia la loro portata globale.<\/p>\n<p data-start=\"368\" data-end=\"754\">Forti di un know-how decennale e di un team di professionisti esperti, garantiamo un flusso di merci senza soluzione di continuit\u00e0 attraverso complessi corridoi commerciali internazionali. Le nostre soluzioni sono pi\u00f9 di un semplice trasporto: ottimizziamo le catene di approvvigionamento, riduciamo i rischi e aumentiamo l'efficienza, in modo da gestire la logistica mentre i nostri clienti si concentrano sulla crescita.<\/p>\n<p data-start=\"756\" data-end=\"911\" data-is-last-node=\"\" data-is-only-node=\"\">In Mezon Logistics non ci limitiamo a trasportare merci: progettiamo soluzioni, costruiamo partnership commerciali durature e ridefiniamo gli standard logistici internazionali.<\/p>\n<\/div>\n\n\n\n\n\t\t\t<\/div> \n\t\t<\/div>\n\t<\/div> \n<\/div><\/div>\n\t\t<div id=\"misyonumuz\"  data-column-margin=\"none\" data-midnight=\"dark\" data-top-percent=\"5%\" data-bottom-percent=\"5%\"  class=\"wpb_row vc_row-fluid vc_row full-width-section has-row-bg-color  top_margin_100px bottom_margin_100px right_padding_6pct left_padding_6pct top_padding_tablet_10pct bottom_padding_tablet_20pct\"  style=\"padding-top: calc(100vw * 0.05); padding-bottom: calc(100vw * 0.05); --row-bg-color: #1E73BE;\"><div class=\"row-bg-wrap\" data-bg-animation=\"none\" data-bg-animation-delay=\"\" data-bg-overlay=\"false\"><div class=\"inner-wrap row-bg-layer\" ><div class=\"row-bg viewport-desktop using-bg-color\"  style=\"background-color: #1E73BE; \"><\/div><\/div><\/div><div class=\"nectar-shape-divider-wrap no-color\" style=\" height:50px;\"  data-height=\"50\" data-front=\"\" data-style=\"tilt_alt\" data-position=\"top\" ><svg class=\"nectar-shape-divider\" aria-hidden=\"true\" fill=\"\" xmlns=\"http:\/\/www.w3.org\/2000\/svg\" viewbox=\"0 0 100 10\" preserveaspectratio=\"none\"> <polygon points=\"100 10 100 0 -4 10\"><\/polygon> <\/svg><\/div><div class=\"nectar-shape-divider-wrap no-color\" style=\" height:50px;\"  data-height=\"50\" data-front=\"\" data-style=\"tilt_alt\" data-position=\"bottom\" ><svg class=\"nectar-shape-divider\" aria-hidden=\"true\" fill=\"\" xmlns=\"http:\/\/www.w3.org\/2000\/svg\" viewbox=\"0 0 100 10\" preserveaspectratio=\"none\"> <polygon points=\"100 10 100 0 -4 10\"><\/polygon> <\/svg><\/div><div class=\"row_col_wrap_12 col span_12 dark center\">\n\t<div  class=\"vc_col-sm-12 wpb_column column_container vc_column_container col no-extra-padding inherit_tablet inherit_phone\"  data-padding-pos=\"all\" data-has-bg-color=\"false\" data-bg-color=\"\" data-bg-opacity=\"1\" data-animation=\"\" data-delay=\"0\" >\n\t\t<div class=\"vc_column-inner\" >\n\t\t\t<div class=\"wpb_wrapper\">\n\t\t\t\t<div id=\"fws_69deb24c074c5\" data-midnight=\"\" data-column-margin=\"none\" class=\"wpb_row vc_row-fluid vc_row inner_row vc_row-o-equal-height vc_row-flex vc_row-o-content-middle\"  style=\"\"><div class=\"row-bg-wrap\"> <div class=\"row-bg\" ><\/div> <\/div><div class=\"row_col_wrap_12_inner col span_12  center\">\n\t<div style=\" color: #ffffff;\" class=\"vc_col-sm-12 vc_col-xs-10 wpb_column column_container vc_column_container col child_column has-animation no-extra-padding el_spacing_0px inherit_tablet inherit_phone\" data-cfc=\"true\"  data-padding-pos=\"all\" data-has-bg-color=\"false\" data-bg-color=\"\" data-bg-opacity=\"1\" data-animation=\"fade-in-from-bottom\" data-delay=\"0\" >\n\t\t<div class=\"vc_column-inner\" >\n\t\t<div class=\"wpb_wrapper\">\n\t\t\t<div class=\"nectar-split-heading  font_size_2vw font_size_tablet_8vw font_size_phone_8vw font_line_height_2px\" data-align=\"center\" data-m-align=\"inherit\" data-text-effect=\"letter-reveal-bottom\" data-animation-type=\"line-reveal-by-space\" data-animation-delay=\"0\" data-animation-offset=\"\" data-m-rm-animation=\"\" data-stagger=\"true\" data-custom-font-size=\"true\" style=\"font-size: 2.5vw; line-height: 2.75vw;\"><h1 style=\" color: #ffffff;\">La nostra missione<\/h1><\/div><div class=\"nectar-highlighted-text font_size_28px font_line_height_2px\" data-style=\"scribble\" data-exp=\"default\" data-user-color=\"true\" style=\"color: #ffffff;\" data-using-custom-color=\"false\" data-animation-delay=\"false\" data-color=\"\" data-color-gradient=\"\"><p style=\"text-align: justify\" data-start=\"0\" data-end=\"337\">Fornire soluzioni logistiche integrate, intelligenti e sostenibili che vadano oltre il trasporto. Grazie alla nostra profonda esperienza nel settore, alla tecnologia avanzata e alle partnership strategiche, puntiamo a ottimizzare le catene di fornitura, a ridurre al minimo i rischi operativi e ad aumentare l'efficienza dei nostri clienti.<\/p>\n<p data-start=\"0\" data-end=\"337\">\n<p style=\"text-align: justify\" data-start=\"339\" data-end=\"728\">Ci impegniamo a fornire soluzioni su misura per le complesse esigenze del commercio internazionale e della logistica, sfruttando la nostra profonda conoscenza della legislazione sul commercio estero, dei processi doganali e delle dinamiche del mercato regionale. Il nostro obiettivo \u00e8 creare valore a lungo termine per i nostri clienti attraverso operazioni efficienti dal punto di vista dei costi, affidabili e conformi in Europa, Turchia, CSI (Comunit\u00e0 degli Stati Indipendenti) e Asia.<\/p>\n<p data-start=\"339\" data-end=\"728\">\n<p style=\"text-align: justify\" data-start=\"730\" data-end=\"941\" data-is-last-node=\"\" data-is-only-node=\"\">Combinando un approccio incentrato sul cliente con l'eccellenza operativa, aiutiamo le aziende a crescere su scala globale mantenendo catene di fornitura senza interruzioni, efficienti e prive di rischi.<\/p>\n<\/div>\n\t\t<\/div> \n\t<\/div>\n\t<\/div> \n<\/div><\/div>\n\t\t\t<\/div> \n\t\t<\/div>\n\t<\/div> \n<\/div><\/div>\n\t\t<div id=\"fws_69deb24c0856f\"  data-column-margin=\"custom\" data-midnight=\"dark\" data-top-percent=\"8%\" data-bottom-percent=\"8%\"  class=\"wpb_row vc_row-fluid vc_row full-width-section  column-margin-5pct\"  style=\"padding-top: calc(100vw * 0.08); padding-bottom: calc(100vw * 0.08); \"><div class=\"row-bg-wrap\" data-bg-animation=\"none\" data-bg-animation-delay=\"\" data-bg-overlay=\"false\"><div class=\"inner-wrap row-bg-layer\" ><div class=\"row-bg viewport-desktop\"  style=\"\"><\/div><\/div><\/div><div class=\"row_col_wrap_12 col span_12 dark left\">\n\t<div style=\"\" class=\"vc_col-sm-4 vc_col-xs-3 vc_hidden-xs wpb_column column_container vc_column_container col nectar-sticky-column-css no-extra-padding inherit_tablet inherit_phone mask_shape_parallelogram mask_size_cover\" data-using-bg=\"true\" data-bg-cover=\"true\" data-padding-pos=\"all\" data-has-bg-color=\"false\" data-bg-color=\"\" data-bg-opacity=\"1\" data-animation=\"\" data-delay=\"0\" >\n\t\t<div class=\"n-sticky\"><div class=\"vc_column-inner\" ><div class=\"column-image-bg-wrap column-bg-layer viewport-desktop\" data-bg-pos=\"center center\" data-bg-animation=\"none\" data-bg-overlay=\"false\"><div class=\"inner-wrap\"><div class=\"column-image-bg\" style=\" background-image: url('https:\/\/i0.wp.com\/mezonlogistics.com\/wp-content\/uploads\/2025\/11\/vision_img.jpg?fit=2000%2C2000&#038;ssl=1'); \"><\/div><\/div><\/div>\n\t\t\t<div class=\"wpb_wrapper\">\n\t\t\t\t<div class=\"divider-wrap height_tablet_35vw height_phone_25vw\" data-alignment=\"default\"><div style=\"height: 45vh;\" class=\"divider\"><\/div><\/div>\n\t\t\t<\/div> \n\t\t<\/div><\/div>\n\t<\/div> \n\n\t<div  class=\"vc_col-sm-8 wpb_column column_container vc_column_container col no-extra-padding el_spacing_10px inherit_tablet inherit_phone\"  data-t-w-inherits=\"small_desktop\" data-padding-pos=\"all\" data-has-bg-color=\"false\" data-bg-color=\"\" data-bg-opacity=\"1\" data-animation=\"\" data-delay=\"0\" >\n\t\t<div class=\"vc_column-inner\" >\n\t\t\t<div class=\"wpb_wrapper\">\n\t\t\t\t<div class=\"nectar-split-heading  font_size_5vw font_size_tablet_8vw font_size_phone_7vw font_line_height_7vw\" data-align=\"default\" data-m-align=\"inherit\" data-text-effect=\"letter-reveal-bottom\" data-animation-type=\"line-reveal-by-space\" data-animation-delay=\"0\" data-animation-offset=\"\" data-m-rm-animation=\"\" data-stagger=\"true\" data-custom-font-size=\"true\" style=\"font-size: 5vw; line-height: 5.5vw;\"><h1 style=\" color: #55565a;\">La nostra visione<\/h1><\/div><div class=\"nectar-split-heading  font_size_1vw font_size_max_90px font_size_tablet_7vw font_size_phone_25px font_line_height_1-5  manifesto-bosluk custom-trigger scroll-timeline\" data-align=\"default\" data-m-align=\"inherit\" data-text-effect=\"scroll-opacity-reveal\" data-animation-type=\"line-reveal-by-space\" data-animation-delay=\"0\" data-animation-offset=\"\" data-m-rm-animation=\"\" data-stagger=\"true\" data-custom-font-size=\"true\" style=\"font-size: 1.5vw; line-height: 1.65vw;\"><h3 >Mezon Logistics mira a diventare un fornitore di logistica leader a livello mondiale, riconosciuto per la sua competenza, affidabilit\u00e0 e innovazione. Il nostro obiettivo \u00e8 rafforzare la nostra leadership nei mercati logistici europei e asiatici e posizionarci come partner commerciale di fiducia per il commercio internazionale e la gestione della supply chain.<\/h3><\/div><div class=\"nectar-split-heading  font_size_1vw font_size_max_90px font_size_tablet_7vw font_size_phone_25px font_line_height_1-5  manifesto-bosluk custom-trigger scroll-timeline\" data-align=\"default\" data-m-align=\"inherit\" data-text-effect=\"scroll-opacity-reveal\" data-animation-type=\"line-reveal-by-space\" data-animation-delay=\"0\" data-animation-offset=\"\" data-m-rm-animation=\"\" data-stagger=\"true\" data-custom-font-size=\"true\" style=\"font-size: 1.5vw; line-height: 1.65vw;\"><h3 >Stiamo cercando di ridefinire l'eccellenza nella logistica in questi modi:<\/h3><\/div><div class=\"nectar-split-heading  font_size_1vw font_size_max_90px font_size_tablet_7vw font_size_phone_25px font_line_height_1-5  manifesto-bosluk custom-trigger scroll-timeline\" data-align=\"default\" data-m-align=\"inherit\" data-text-effect=\"scroll-opacity-reveal\" data-animation-type=\"line-reveal-by-space\" data-animation-delay=\"0\" data-animation-offset=\"\" data-m-rm-animation=\"\" data-stagger=\"true\" data-custom-font-size=\"true\" style=\"font-size: 1.5vw; line-height: 1.65vw;\"><h3 >Unire l'Oriente e l'Occidente con soluzioni di trasporto e commercio senza soluzione di continuit\u00e0,<\/h3><\/div><div class=\"nectar-split-heading  font_size_1vw font_size_max_90px font_size_tablet_7vw font_size_phone_25px font_line_height_1-5  manifesto-bosluk custom-trigger scroll-timeline\" data-align=\"default\" data-m-align=\"inherit\" data-text-effect=\"scroll-opacity-reveal\" data-animation-type=\"line-reveal-by-space\" data-animation-delay=\"0\" data-animation-offset=\"\" data-m-rm-animation=\"\" data-stagger=\"true\" data-custom-font-size=\"true\" style=\"font-size: 1.5vw; line-height: 1.65vw;\"><h3 >Utilizzando una tecnologia avanzata per la visibilit\u00e0 in tempo reale e l'efficienza operativa,<\/h3><\/div><div class=\"nectar-split-heading  font_size_1vw font_size_max_90px font_size_tablet_7vw font_size_phone_25px font_line_height_1-5  manifesto-bosluk custom-trigger scroll-timeline\" data-align=\"default\" data-m-align=\"inherit\" data-text-effect=\"scroll-opacity-reveal\" data-animation-type=\"line-reveal-by-space\" data-animation-delay=\"0\" data-animation-offset=\"\" data-m-rm-animation=\"\" data-stagger=\"true\" data-custom-font-size=\"true\" style=\"font-size: 1.5vw; line-height: 1.65vw;\"><h3 >Costruire partnership strategiche a lungo termine basate su fiducia, competenza e successo dei clienti,<\/h3><\/div><div class=\"nectar-split-heading  font_size_1vw font_size_max_90px font_size_tablet_7vw font_size_phone_25px font_line_height_1-5  manifesto-bosluk custom-trigger scroll-timeline\" data-align=\"default\" data-m-align=\"inherit\" data-text-effect=\"scroll-opacity-reveal\" data-animation-type=\"line-reveal-by-space\" data-animation-delay=\"0\" data-animation-offset=\"\" data-m-rm-animation=\"\" data-stagger=\"true\" data-custom-font-size=\"true\" style=\"font-size: 1.5vw; line-height: 1.65vw;\"><h3 >Sviluppare soluzioni logistiche pronte per il futuro con una comprensione della sostenibilit\u00e0 e della responsabilit\u00e0 ambientale.<\/h3><\/div><div class=\"nectar-split-heading  font_size_1vw font_size_max_90px font_size_tablet_7vw font_size_phone_25px font_line_height_1-5  manifesto-bosluk custom-trigger scroll-timeline\" data-align=\"default\" data-m-align=\"inherit\" data-text-effect=\"scroll-opacity-reveal\" data-animation-type=\"line-reveal-by-space\" data-animation-delay=\"0\" data-animation-offset=\"\" data-m-rm-animation=\"\" data-stagger=\"true\" data-custom-font-size=\"true\" style=\"font-size: 1.5vw; line-height: 1.65vw;\"><h3 >Il nostro obiettivo \u00e8 quello di stabilire nuovi standard nel commercio e nella logistica globale, adattandoci costantemente alle tendenze del settore e ai cambiamenti legislativi, e di garantire che i nostri clienti possano agire in modo sicuro ed efficace sui mercati internazionali.<\/h3><\/div><div class=\"divider-wrap\" data-alignment=\"default\"><div style=\"height: 3vw;\" class=\"divider\"><\/div><\/div><div class=\"divider-wrap\" data-alignment=\"default\"><div style=\"height: 250px;\" class=\"divider\"><\/div><\/div>\n\t\t\t<\/div> \n\t\t<\/div>\n\t<\/div> \n<\/div><\/div>","protected":false},"excerpt":{"rendered":"Hakk\u0131m\u0131zda Play VideoPlay Video Bizi yak\u0131ndan tan\u0131y\u0131n... Mezon Lojistik, kesintisiz ve u\u00e7tan uca uluslararas\u0131 ta\u015f\u0131mac\u0131l\u0131k \u00e7\u00f6z\u00fcmlerinde uzmanla\u015fm\u0131\u015f k\u00fcresel bir lojistik sa\u011flay\u0131c\u0131s\u0131d\u0131r. Avrupa, T\u00fcrkiye, Orta Asya ve BDT (Ba\u011f\u0131ms\u0131z Devletler Toplulu\u011fu)...","protected":false},"author":1,"featured_media":0,"parent":0,"menu_order":0,"comment_status":"closed","ping_status":"closed","template":"","meta":{"inline_featured_image":false,"footnotes":""},"class_list":["post-6","page","type-page","status-publish"],"yoast_head":"<!-- This site is optimized with the Yoast SEO Premium plugin v25.6 (Yoast SEO v27.3) - https:\/\/yoast.com\/product\/yoast-seo-premium-wordpress\/ -->\n<title>Kurumsal - Mezon Lojistik<\/title>\n<meta name=\"robots\" content=\"index, follow, max-snippet:-1, max-image-preview:large, max-video-preview:-1\" \/>\n<link rel=\"canonical\" href=\"https:\/\/mezonlogistics.com\/it\/aziendale\/\" \/>\n<meta property=\"og:locale\" content=\"it_IT\" \/>\n<meta property=\"og:type\" content=\"article\" \/>\n<meta property=\"og:title\" content=\"Kurumsal\" \/>\n<meta property=\"og:url\" content=\"https:\/\/mezonlogistics.com\/it\/aziendale\/\" \/>\n<meta property=\"og:site_name\" content=\"Mezon Lojistik\" \/>\n<meta property=\"article:modified_time\" content=\"2025-11-28T14:07:29+00:00\" \/>\n<meta name=\"twitter:card\" content=\"summary_large_image\" \/>\n<script type=\"application\/ld+json\" class=\"yoast-schema-graph\">{\"@context\":\"https:\\\/\\\/schema.org\",\"@graph\":[{\"@type\":\"WebPage\",\"@id\":\"https:\\\/\\\/mezonlogistics.com\\\/kurumsal\\\/\",\"url\":\"https:\\\/\\\/mezonlogistics.com\\\/kurumsal\\\/\",\"name\":\"Kurumsal - Mezon Lojistik\",\"isPartOf\":{\"@id\":\"\\\/#website\"},\"datePublished\":\"2021-11-14T01:42:25+00:00\",\"dateModified\":\"2025-11-28T14:07:29+00:00\",\"breadcrumb\":{\"@id\":\"https:\\\/\\\/mezonlogistics.com\\\/kurumsal\\\/#breadcrumb\"},\"inLanguage\":\"it-IT\",\"potentialAction\":[{\"@type\":\"ReadAction\",\"target\":[\"https:\\\/\\\/mezonlogistics.com\\\/kurumsal\\\/\"]}]},{\"@type\":\"BreadcrumbList\",\"@id\":\"https:\\\/\\\/mezonlogistics.com\\\/kurumsal\\\/#breadcrumb\",\"itemListElement\":[{\"@type\":\"ListItem\",\"position\":1,\"name\":\"Home\",\"item\":\"https:\\\/\\\/mezonlogistics.com\\\/\"},{\"@type\":\"ListItem\",\"position\":2,\"name\":\"Kurumsal\"}]},{\"@type\":\"WebSite\",\"@id\":\"\\\/#website\",\"url\":\"\\\/\",\"name\":\"Mezon Lojistik\",\"description\":\"Connecting Continents Empowering Trade.\",\"publisher\":{\"@id\":\"\\\/#organization\"},\"potentialAction\":[{\"@type\":\"SearchAction\",\"target\":{\"@type\":\"EntryPoint\",\"urlTemplate\":\"\\\/?s={search_term_string}\"},\"query-input\":{\"@type\":\"PropertyValueSpecification\",\"valueRequired\":true,\"valueName\":\"search_term_string\"}}],\"inLanguage\":\"it-IT\"},{\"@type\":\"Organization\",\"@id\":\"\\\/#organization\",\"name\":\"Mezon Lojistik\",\"alternateName\":\"Mezon\",\"url\":\"\\\/\",\"logo\":{\"@type\":\"ImageObject\",\"inLanguage\":\"it-IT\",\"@id\":\"\\\/#\\\/schema\\\/logo\\\/image\\\/\",\"url\":\"https:\\\/\\\/i0.wp.com\\\/mezonlogistics.com\\\/wp-content\\\/uploads\\\/2025\\\/11\\\/mezon_logo_rv.png?fit=2425%2C1016&ssl=1\",\"contentUrl\":\"https:\\\/\\\/i0.wp.com\\\/mezonlogistics.com\\\/wp-content\\\/uploads\\\/2025\\\/11\\\/mezon_logo_rv.png?fit=2425%2C1016&ssl=1\",\"width\":2425,\"height\":1016,\"caption\":\"Mezon Lojistik\"},\"image\":{\"@id\":\"\\\/#\\\/schema\\\/logo\\\/image\\\/\"},\"email\":\"info@mezonlogistics.com\",\"telephone\":\"+90 216 501 0220\",\"legalName\":\"Mezon Lojistik A.\u015e.\",\"foundingDate\":\"1990-01-19\",\"vatID\":\"6201161310\",\"taxID\":\"6201161310\",\"numberOfEmployees\":{\"@type\":\"QuantitativeValue\",\"minValue\":\"5001\",\"maxValue\":\"10000\"}}]}<\/script>\n<!-- \/ Yoast SEO Premium plugin. -->","yoast_head_json":{"title":"Azienda - Mezon Logistics","robots":{"index":"index","follow":"follow","max-snippet":"max-snippet:-1","max-image-preview":"max-image-preview:large","max-video-preview":"max-video-preview:-1"},"canonical":"https:\/\/mezonlogistics.com\/it\/aziendale\/","og_locale":"it_IT","og_type":"article","og_title":"Kurumsal","og_url":"https:\/\/mezonlogistics.com\/it\/aziendale\/","og_site_name":"Mezon Lojistik","article_modified_time":"2025-11-28T14:07:29+00:00","twitter_card":"summary_large_image","schema":{"@context":"https:\/\/schema.org","@graph":[{"@type":"WebPage","@id":"https:\/\/mezonlogistics.com\/kurumsal\/","url":"https:\/\/mezonlogistics.com\/kurumsal\/","name":"Azienda - Mezon Logistics","isPartOf":{"@id":"\/#website"},"datePublished":"2021-11-14T01:42:25+00:00","dateModified":"2025-11-28T14:07:29+00:00","breadcrumb":{"@id":"https:\/\/mezonlogistics.com\/kurumsal\/#breadcrumb"},"inLanguage":"it-IT","potentialAction":[{"@type":"ReadAction","target":["https:\/\/mezonlogistics.com\/kurumsal\/"]}]},{"@type":"BreadcrumbList","@id":"https:\/\/mezonlogistics.com\/kurumsal\/#breadcrumb","itemListElement":[{"@type":"ListItem","position":1,"name":"Home","item":"https:\/\/mezonlogistics.com\/"},{"@type":"ListItem","position":2,"name":"Kurumsal"}]},{"@type":"WebSite","@id":"\/#website","url":"\/","name":"Mezon Logistica","description":"Collegare i continenti per dare forza al commercio.","publisher":{"@id":"\/#organization"},"potentialAction":[{"@type":"SearchAction","target":{"@type":"EntryPoint","urlTemplate":"\/?s={search_term_string}"},"query-input":{"@type":"PropertyValueSpecification","valueRequired":true,"valueName":"search_term_string"}}],"inLanguage":"it-IT"},{"@type":"Organization","@id":"\/#organization","name":"Mezon Logistica","alternateName":"Mezon","url":"\/","logo":{"@type":"ImageObject","inLanguage":"it-IT","@id":"\/#\/schema\/logo\/image\/","url":"https:\/\/i0.wp.com\/mezonlogistics.com\/wp-content\/uploads\/2025\/11\/mezon_logo_rv.png?fit=2425%2C1016&ssl=1","contentUrl":"https:\/\/i0.wp.com\/mezonlogistics.com\/wp-content\/uploads\/2025\/11\/mezon_logo_rv.png?fit=2425%2C1016&ssl=1","width":2425,"height":1016,"caption":"Mezon Lojistik"},"image":{"@id":"\/#\/schema\/logo\/image\/"},"email":"info@mezonlogistics.com","telephone":"+90 216 501 0220","legalName":"Mezon Lojistik A.\u015e.","foundingDate":"1990-01-19","vatID":"6201161310","taxID":"6201161310","numberOfEmployees":{"@type":"QuantitativeValue","minValue":"5001","maxValue":"10000"}}]}},"jetpack_sharing_enabled":true,"_links":{"self":[{"href":"https:\/\/mezonlogistics.com\/it\/wp-json\/wp\/v2\/pages\/6","targetHints":{"allow":["GET"]}}],"collection":[{"href":"https:\/\/mezonlogistics.com\/it\/wp-json\/wp\/v2\/pages"}],"about":[{"href":"https:\/\/mezonlogistics.com\/it\/wp-json\/wp\/v2\/types\/page"}],"author":[{"embeddable":true,"href":"https:\/\/mezonlogistics.com\/it\/wp-json\/wp\/v2\/users\/1"}],"replies":[{"embeddable":true,"href":"https:\/\/mezonlogistics.com\/it\/wp-json\/wp\/v2\/comments?post=6"}],"version-history":[{"count":151,"href":"https:\/\/mezonlogistics.com\/it\/wp-json\/wp\/v2\/pages\/6\/revisions"}],"predecessor-version":[{"id":75935,"href":"https:\/\/mezonlogistics.com\/it\/wp-json\/wp\/v2\/pages\/6\/revisions\/75935"}],"wp:attachment":[{"href":"https:\/\/mezonlogistics.com\/it\/wp-json\/wp\/v2\/media?parent=6"}],"curies":[{"name":"wp","href":"https:\/\/api.w.org\/{rel}","templated":true}]}}