{"id":69795,"date":"2025-03-03T14:28:10","date_gmt":"2025-03-03T11:28:10","guid":{"rendered":"https:\/\/ekol.dev\/?page_id=69795"},"modified":"2025-10-21T15:03:26","modified_gmt":"2025-10-21T12:03:26","slug":"sorun-bildir","status":"publish","type":"page","link":"https:\/\/mezonlogistics.com\/it\/segnalare-un-problema\/","title":{"rendered":"Segnalare un problema"},"content":{"rendered":"<div class=\"nectar-sticky-row-wrap nectar-sticky-row-wrap--top\">\n\t\t<div id=\"fws_69f4742748692\"  data-column-margin=\"default\" data-midnight=\"dark\"  class=\"wpb_row vc_row-fluid vc_row full-width-content vc_row-o-equal-height vc_row-flex vc_row-o-content-middle\"  style=\"padding-top: 0px; padding-bottom: 0px; \"><div class=\"row-bg-wrap\" data-bg-animation=\"fade-in\" data-bg-animation-delay=\"\" data-bg-overlay=\"false\"><div class=\"inner-wrap row-bg-layer\" ><div class=\"row-bg viewport-desktop\"  style=\"\"><\/div><\/div><\/div><div class=\"row_col_wrap_12 col span_12 dark left\">\n\t<div style=\"\" class=\"vc_col-sm-6 bg-position wpb_column column_container vc_column_container col centered-text nectar-sticky-column padding-10-percent el_spacing_0px inherit_tablet inherit_phone \" data-using-bg=\"true\" data-padding-pos=\"all\" data-has-bg-color=\"false\" data-bg-color=\"\" data-bg-opacity=\"1\" data-animation=\"\" data-delay=\"0\" >\n\t\t<div class=\"vc_column-inner\" ><div class=\"column-image-bg-wrap column-bg-layer viewport-desktop\" data-bg-pos=\"center center\" data-bg-animation=\"none\" data-bg-overlay=\"false\"><div class=\"inner-wrap\"><div class=\"column-image-bg\" style=\" background-image: url('https:\/\/i0.wp.com\/mezonlogistics.com\/wp-content\/uploads\/2025\/03\/bg_sorun_bildir.png?fit=2083%2C2083&#038;ssl=1'); \"><\/div><\/div><\/div>\n\t\t\t<div class=\"wpb_wrapper\">\n\t\t\t\t<div class=\"img-with-aniamtion-wrap \" data-max-width=\"100%\" data-max-width-mobile=\"default\" data-shadow=\"none\" data-animation=\"fade-in\" >\n      <div class=\"inner\">\n        <div class=\"hover-wrap\"> \n          <div class=\"hover-wrap-inner\">\n            <img loading=\"lazy\" decoding=\"async\" class=\"img-with-animation skip-lazy\" data-delay=\"0\" height=\"1500\" width=\"1291\" data-animation=\"fade-in\" src=\"https:\/\/i0.wp.com\/mezonlogistics.com\/wp-content\/uploads\/2025\/10\/bug_request_form_mzn.png?fit=1291%2C1500&#038;ssl=1\" alt=\"\" srcset=\"https:\/\/i0.wp.com\/mezonlogistics.com\/wp-content\/uploads\/2025\/10\/bug_request_form_mzn.png?w=1291&ssl=1 1291w, https:\/\/i0.wp.com\/mezonlogistics.com\/wp-content\/uploads\/2025\/10\/bug_request_form_mzn.png?resize=258%2C300&ssl=1 258w, https:\/\/i0.wp.com\/mezonlogistics.com\/wp-content\/uploads\/2025\/10\/bug_request_form_mzn.png?resize=881%2C1024&ssl=1 881w, https:\/\/i0.wp.com\/mezonlogistics.com\/wp-content\/uploads\/2025\/10\/bug_request_form_mzn.png?resize=768%2C892&ssl=1 768w, https:\/\/i0.wp.com\/mezonlogistics.com\/wp-content\/uploads\/2025\/10\/bug_request_form_mzn.png?resize=10%2C12&ssl=1 10w\" sizes=\"auto, (max-width: 1080px) 100vw, 1080px\" \/>\n          <\/div>\n        <\/div>\n        \n      <\/div>\n    <\/div>\n\t\t\t<\/div> \n\t\t<\/div>\n\t<\/div> \n\n\t<div style=\"\" class=\"vc_col-sm-6 wpb_column column_container vc_column_container col padding-6-percent inherit_tablet inherit_phone \" data-using-bg=\"true\" data-padding-pos=\"all\" data-has-bg-color=\"true\" data-bg-color=\"#ffffff\" data-bg-opacity=\"1\" data-animation=\"\" data-delay=\"0\" >\n\t\t<div class=\"vc_column-inner\" ><div class=\"column-bg-overlay-wrap column-bg-layer\" data-bg-animation=\"none\"><div class=\"column-bg-overlay\" style=\"opacity: 1; background-color: #ffffff;\"><\/div><\/div>\n\t\t\t<div class=\"wpb_wrapper\">\n\t\t\t\t<div class=\"nectar-split-heading  font_size_2vw \" data-align=\"default\" data-m-align=\"inherit\" data-text-effect=\"letter-reveal-bottom\" data-animation-type=\"line-reveal-by-space\" data-animation-delay=\"0\" data-animation-offset=\"\" data-m-rm-animation=\"\" data-stagger=\"\" data-custom-font-size=\"true\" style=\"font-size: 2.8vw; line-height: 3.08vw;\"><h1 style=\" color: #55565a;\">Sorun Bildir<\/h1><\/div><h2 style=\"font-size: 20px;text-align: left\" class=\"vc_custom_heading vc_do_custom_heading\" ><strong>Bir aksilik mi var?<\/strong> Daha iyi bir deneyim i\u00e7in geri bildirimde bulunun.<\/h2><div class=\"divider-wrap\" data-alignment=\"default\"><div style=\"height: 10px;\" class=\"divider\"><\/div><\/div><div class=\"divider-wrap\" data-alignment=\"default\"><div style=\"height: 5px;\" class=\"divider\"><\/div><\/div><div class=\"wpforms-container wpforms-container-full wpforms-render-modern\" id=\"wpforms-69805\"><form id=\"wpforms-form-69805\" class=\"wpforms-validate wpforms-form wpforms-ajax-form\" data-formid=\"69805\" method=\"post\" enctype=\"multipart\/form-data\" action=\"\/it\/wp-json\/wp\/v2\/pages\/69795?wpforms_form_id=69805\" data-token=\"8eefdcbcae48cf484654e9b197d4b7a0\" data-token-time=\"1777628199\"><noscript class=\"wpforms-error-noscript\">Abilita JavaScript nel browser per completare questo modulo.<\/noscript><div class=\"wpforms-hidden\" id=\"wpforms-error-noscript\">Abilita JavaScript nel browser per completare questo modulo.<\/div><div class=\"wpforms-field-container\"><div id=\"wpforms-69805-field_2-container\" class=\"wpforms-field wpforms-field-name\" data-field-id=\"2\"><label class=\"wpforms-field-label wpforms-label-hide\" for=\"wpforms-69805-field_2\" aria-hidden=\"false\">Ad Soyad <span class=\"wpforms-required-label\" aria-hidden=\"true\">*<\/span><\/label><input type=\"text\" id=\"wpforms-69805-field_2\" class=\"wpforms-field-large wpforms-field-required\" name=\"wpforms[fields][2]\" placeholder=\"Ad Soyad*\" aria-errormessage=\"wpforms-69805-field_2-error\" required><\/div><div id=\"wpforms-69805-field_5-container\" class=\"wpforms-field wpforms-field-email\" data-field-id=\"5\"><label class=\"wpforms-field-label wpforms-label-hide\" for=\"wpforms-69805-field_5\" aria-hidden=\"false\">E-Posta <span class=\"wpforms-required-label\" aria-hidden=\"true\">*<\/span><\/label><input type=\"email\" id=\"wpforms-69805-field_5\" class=\"wpforms-field-large wpforms-field-required\" name=\"wpforms[fields][5]\" placeholder=\"E-Posta*\" spellcheck=\"false\" aria-errormessage=\"wpforms-69805-field_5-error\" required><\/div><div id=\"wpforms-69805-field_6-container\" class=\"wpforms-field wpforms-field-phone\" data-field-id=\"6\"><label class=\"wpforms-field-label wpforms-label-hide\" for=\"wpforms-69805-field_6\" aria-hidden=\"false\">Telefon <span class=\"wpforms-required-label\" aria-hidden=\"true\">*<\/span><\/label><input type=\"tel\" id=\"wpforms-69805-field_6\" class=\"wpforms-field-large wpforms-field-required wpforms-smart-phone-field\" data-rule-smart-phone-field=\"true\" name=\"wpforms[fields][6]\" placeholder=\"Telefon*\" aria-label=\"Telefon\" aria-errormessage=\"wpforms-69805-field_6-error\" required><\/div><div id=\"wpforms-69805-field_12-container\" class=\"wpforms-field wpforms-field-url\" data-field-id=\"12\"><label class=\"wpforms-field-label wpforms-label-hide\" for=\"wpforms-69805-field_12\" aria-hidden=\"false\">Sorun Ya\u015fad\u0131\u011f\u0131n\u0131z Sayfan\u0131n URL Adresi* <span class=\"wpforms-required-label\" aria-hidden=\"true\">*<\/span><\/label><input type=\"url\" id=\"wpforms-69805-field_12\" class=\"wpforms-field-large wpforms-field-required\" name=\"wpforms[fields][12]\" placeholder=\"Sorun Ya\u015fad\u0131\u011f\u0131n\u0131z Sayfan\u0131n URL Adresi*\" aria-errormessage=\"wpforms-69805-field_12-error\" aria-describedby=\"wpforms-69805-field_12-description\" required><div id=\"wpforms-69805-field_12-description\" class=\"wpforms-field-description\"><strong>https:\/\/<\/strong> ile ba\u015flayan ba\u011flant\u0131y\u0131 buraya ekleyiniz.<\/div><\/div><div id=\"wpforms-69805-field_3-container\" class=\"wpforms-field wpforms-field-textarea\" data-field-id=\"3\"><label class=\"wpforms-field-label wpforms-label-hide\" for=\"wpforms-69805-field_3\" aria-hidden=\"false\">Ya\u015fad\u0131\u011f\u0131n\u0131z sorun hakk\u0131nda bize biraz bahsedin <span class=\"wpforms-required-label\" aria-hidden=\"true\">*<\/span><\/label><textarea id=\"wpforms-69805-field_3\" class=\"wpforms-field-medium wpforms-field-required\" name=\"wpforms[fields][3]\" placeholder=\"Ya\u015fad\u0131\u011f\u0131n\u0131z sorun hakk\u0131nda bize detay verin...*\" aria-errormessage=\"wpforms-69805-field_3-error\" required><\/textarea><\/div><div id=\"wpforms-69805-field_11-container\" class=\"wpforms-field wpforms-field-file-upload\" data-field-id=\"11\"><label class=\"wpforms-field-label\" for=\"wpforms-69805-field_11\">Soruna Dair Ekran G\u00f6r\u00fcnt\u00fcs\u00fc Ekleyin <span class=\"wpforms-required-label\" aria-hidden=\"true\">*<\/span><\/label><div\n\t\tclass=\"wpforms-uploader\"\n\t\tdata-field-id=\"11\"\n\t\tdata-form-id=\"69805\"\n\t\tdata-input-name=\"wpforms_69805_11\"\n\t\tdata-extensions=\"jpg,png,jpeg,pdf,gif,heic\"\n\t\tdata-max-size=\"10485760\"\n\t\tdata-max-file-number=\"1\"\n\t\tdata-post-max-size=\"4294967296\"\n\t\tdata-max-parallel-uploads=\"4\"\n\t\tdata-parallel-uploads=\"true\"\n\t\tdata-file-chunk-size=\"2097152\">\n\t<div class=\"dz-message\">\n\t\t<svg viewBox=\"0 0 1024 1024\" focusable=\"false\" data-icon=\"inbox\" width=\"50px\" height=\"50px\" fill=\"currentColor\" aria-hidden=\"true\">\n\t\t\t<path d=\"M885.2 446.3l-.2-.8-112.2-285.1c-5-16.1-19.9-27.2-36.8-27.2H281.2c-17 0-32.1 11.3-36.9 27.6L139.4 443l-.3.7-.2.8c-1.3 4.9-1.7 9.9-1 14.8-.1 1.6-.2 3.2-.2 4.8V830a60.9 60.9 0 0 0 60.8 60.8h627.2c33.5 0 60.8-27.3 60.9-60.8V464.1c0-1.3 0-2.6-.1-3.7.4-4.9 0-9.6-1.3-14.1zm-295.8-43l-.3 15.7c-.8 44.9-31.8 75.1-77.1 75.1-22.1 0-41.1-7.1-54.8-20.6S436 441.2 435.6 419l-.3-15.7H229.5L309 210h399.2l81.7 193.3H589.4zm-375 76.8h157.3c24.3 57.1 76 90.8 140.4 90.8 33.7 0 65-9.4 90.3-27.2 22.2-15.6 39.5-37.4 50.7-63.6h156.5V814H214.4V480.1z\"><\/path>\n\t\t<\/svg>\n\t\t<span class=\"modern-title\">Click or drag a file to this area to upload.<\/span>\n\n\t\t\t<\/div>\n<\/div>\n<input\n\t\ttype=\"text\"\n\t\tautocomplete=\"off\"\n\t\treadonly\n\t\tclass=\"dropzone-input\"\n\t\tstyle=\"position:absolute!important;clip:rect(0,0,0,0)!important;height:1px!important;width:1px!important;border:0!important;overflow:hidden!important;padding:0!important;margin:0!important;\"\n\t\tid=\"wpforms-69805-field_11\"\n\t\tname=\"wpforms_69805_11\" required\t\tvalue=\"\">\n<div id=\"wpforms-69805-field_11-description\" class=\"wpforms-field-description\">Sadece .jpg, .png, .jpeg, .pdf, .gif ve .heic formatlar\u0131 ge\u00e7erlidir. 10 MB ile s\u0131n\u0131rl\u0131d\u0131r.<\/div><\/div><div id=\"wpforms-69805-field_13-container\" class=\"wpforms-field wpforms-field-html\" data-field-id=\"13\"><div id=\"wpforms-69805-field_13\" aria-errormessage=\"wpforms-69805-field_13-error\">Payla\u015fm\u0131\u015f oldu\u011funuz ki\u015fisel verileriniz, veri sorumlusu s\u0131fat\u0131yla Mezon Lojistik A.\u015e.\r\n(\u201cMezon Lojistik\u201d) taraf\u0131ndan, Ki\u015fisel Verilerin Korunmas\u0131 Kanunu kapsam\u0131nda; ileti\u015fim\r\nfaaliyetlerinin y\u00fcr\u00fct\u00fclmesi, talep\/\u015fikayetlerin takibi ama\u00e7lar\u0131 ba\u015fta olmak \u00fczere\r\nAyd\u0131nlatma Metni\u2019nde belirtilen di\u011fer ama\u00e7larla s\u0131n\u0131rl\u0131 olarak i\u015flenecek olup ayr\u0131nt\u0131l\u0131\r\nbilgi i\u00e7in <a href=\"\/kisisel-verilerin-islenmesi\">Ayd\u0131nlatma Metni<\/a>'ni inceleyebilirsiniz.\r\n<br \/><br \/>\r\nFormda yer alan, serbest\u00e7e veri giri\u015fi yap\u0131labilecek alanlara \u00f6zel nitelikli ki\u015fisel\r\nverilerinizin veya veri i\u015fleme ama\u00e7lar\u0131m\u0131z\u0131n d\u0131\u015f\u0131nda kalan ki\u015fisel verilerinizin girilerek\r\nMezon Lojistik\u2019e aktar\u0131lmas\u0131 durumunda ilgili verilerin i\u015flenmesine a\u00e7\u0131k r\u0131za verdi\u011finiz\r\nkabul edilmektedir.<\/div><\/div><\/div><!-- .wpforms-field-container --><div class=\"wpforms-submit-container\" ><input type=\"hidden\" name=\"wpforms[id]\" value=\"69805\"><input type=\"hidden\" name=\"page_title\" value=\"\"><input type=\"hidden\" name=\"page_url\" value=\"https:\/\/mezonlogistics.com\/it\/wp-json\/wp\/v2\/pages\/69795\"><button type=\"submit\" name=\"wpforms[submit]\" id=\"wpforms-submit-69805\" class=\"wpforms-submit\" data-alt-text=\"G\u00f6nderiliyor...\" data-submit-text=\"Sorunu Bildir\" aria-live=\"assertive\" value=\"wpforms-submit\">Sorunu Bildir<\/button><img loading=\"lazy\" decoding=\"async\" src=\"https:\/\/mezonlogistics.com\/wp-content\/plugins\/wpforms\/assets\/images\/submit-spin.svg\" class=\"wpforms-submit-spinner\" style=\"display: none;\" width=\"26\" height=\"26\" alt=\"Caricamento\"><\/div><\/form><\/div>  <!-- .wpforms-container --><div class=\"divider-wrap\" data-alignment=\"default\"><div style=\"height: 50px;\" class=\"divider\"><\/div><\/div><div class=\"divider-wrap\" data-alignment=\"default\"><div style=\"height: 10px;\" class=\"divider\"><\/div><\/div><div class=\"divider-wrap\" data-alignment=\"default\"><div style=\"height: 5px;\" class=\"divider\"><\/div><\/div><div class=\"divider-wrap\" data-alignment=\"default\"><div style=\"height: 10px;\" class=\"divider\"><\/div><\/div><div class=\"divider-wrap\" data-alignment=\"default\"><div style=\"height: 5px;\" class=\"divider\"><\/div><\/div>\n\t\t\t<\/div> \n\t\t<\/div>\n\t<\/div> \n<\/div><\/div><\/div>\n","protected":false},"excerpt":{"rendered":"Sorun BildirBir aksilik mi var? Daha iyi bir deneyim i\u00e7in geri bildirimde bulunun.Abilita JavaScript nel browser per completare questo modulo.Abilita JavaScript nel browser per completare questo modulo.Ad Soyad *E-Posta *Telefon...","protected":false},"author":1,"featured_media":0,"parent":0,"menu_order":0,"comment_status":"closed","ping_status":"closed","template":"","meta":{"inline_featured_image":false,"footnotes":""},"class_list":["post-69795","page","type-page","status-publish"],"yoast_head":"<!-- This site is optimized with the Yoast SEO Premium plugin v25.6 (Yoast SEO v27.3) - https:\/\/yoast.com\/product\/yoast-seo-premium-wordpress\/ -->\n<title>Sorun Bildir - Mezon Lojistik<\/title>\n<meta name=\"robots\" content=\"index, follow, max-snippet:-1, max-image-preview:large, max-video-preview:-1\" \/>\n<link rel=\"canonical\" href=\"https:\/\/mezonlogistics.com\/it\/segnalare-un-problema\/\" \/>\n<meta property=\"og:locale\" content=\"it_IT\" \/>\n<meta property=\"og:type\" content=\"article\" \/>\n<meta property=\"og:title\" content=\"Sorun Bildir\" \/>\n<meta property=\"og:url\" content=\"https:\/\/mezonlogistics.com\/it\/segnalare-un-problema\/\" \/>\n<meta property=\"og:site_name\" content=\"Mezon Lojistik\" \/>\n<meta property=\"article:modified_time\" content=\"2025-10-21T12:03:26+00:00\" \/>\n<meta name=\"twitter:card\" content=\"summary_large_image\" \/>\n<script type=\"application\/ld+json\" class=\"yoast-schema-graph\">{\"@context\":\"https:\\\/\\\/schema.org\",\"@graph\":[{\"@type\":\"WebPage\",\"@id\":\"https:\\\/\\\/mezonlogistics.com\\\/sorun-bildir\\\/\",\"url\":\"https:\\\/\\\/mezonlogistics.com\\\/sorun-bildir\\\/\",\"name\":\"Sorun Bildir - Mezon Lojistik\",\"isPartOf\":{\"@id\":\"\\\/#website\"},\"datePublished\":\"2025-03-03T11:28:10+00:00\",\"dateModified\":\"2025-10-21T12:03:26+00:00\",\"breadcrumb\":{\"@id\":\"https:\\\/\\\/mezonlogistics.com\\\/sorun-bildir\\\/#breadcrumb\"},\"inLanguage\":\"it-IT\",\"potentialAction\":[{\"@type\":\"ReadAction\",\"target\":[\"https:\\\/\\\/mezonlogistics.com\\\/sorun-bildir\\\/\"]}]},{\"@type\":\"BreadcrumbList\",\"@id\":\"https:\\\/\\\/mezonlogistics.com\\\/sorun-bildir\\\/#breadcrumb\",\"itemListElement\":[{\"@type\":\"ListItem\",\"position\":1,\"name\":\"Home\",\"item\":\"https:\\\/\\\/mezonlogistics.com\\\/\"},{\"@type\":\"ListItem\",\"position\":2,\"name\":\"Sorun Bildir\"}]},{\"@type\":\"WebSite\",\"@id\":\"\\\/#website\",\"url\":\"\\\/\",\"name\":\"Mezon Lojistik\",\"description\":\"Connecting Continents Empowering Trade.\",\"publisher\":{\"@id\":\"\\\/#organization\"},\"potentialAction\":[{\"@type\":\"SearchAction\",\"target\":{\"@type\":\"EntryPoint\",\"urlTemplate\":\"\\\/?s={search_term_string}\"},\"query-input\":{\"@type\":\"PropertyValueSpecification\",\"valueRequired\":true,\"valueName\":\"search_term_string\"}}],\"inLanguage\":\"it-IT\"},{\"@type\":\"Organization\",\"@id\":\"\\\/#organization\",\"name\":\"Mezon Lojistik\",\"alternateName\":\"Mezon\",\"url\":\"\\\/\",\"logo\":{\"@type\":\"ImageObject\",\"inLanguage\":\"it-IT\",\"@id\":\"\\\/#\\\/schema\\\/logo\\\/image\\\/\",\"url\":\"https:\\\/\\\/i0.wp.com\\\/mezonlogistics.com\\\/wp-content\\\/uploads\\\/2025\\\/11\\\/mezon_logo_rv.png?fit=2425%2C1016&ssl=1\",\"contentUrl\":\"https:\\\/\\\/i0.wp.com\\\/mezonlogistics.com\\\/wp-content\\\/uploads\\\/2025\\\/11\\\/mezon_logo_rv.png?fit=2425%2C1016&ssl=1\",\"width\":2425,\"height\":1016,\"caption\":\"Mezon Lojistik\"},\"image\":{\"@id\":\"\\\/#\\\/schema\\\/logo\\\/image\\\/\"},\"email\":\"info@mezonlogistics.com\",\"telephone\":\"+90 216 501 0220\",\"legalName\":\"Mezon Lojistik A.\u015e.\",\"foundingDate\":\"1990-01-19\",\"vatID\":\"6201161310\",\"taxID\":\"6201161310\",\"numberOfEmployees\":{\"@type\":\"QuantitativeValue\",\"minValue\":\"5001\",\"maxValue\":\"10000\"}}]}<\/script>\n<!-- \/ Yoast SEO Premium plugin. -->","yoast_head_json":{"title":"Segnala un problema - Mezon Logistics","robots":{"index":"index","follow":"follow","max-snippet":"max-snippet:-1","max-image-preview":"max-image-preview:large","max-video-preview":"max-video-preview:-1"},"canonical":"https:\/\/mezonlogistics.com\/it\/segnalare-un-problema\/","og_locale":"it_IT","og_type":"article","og_title":"Sorun Bildir","og_url":"https:\/\/mezonlogistics.com\/it\/segnalare-un-problema\/","og_site_name":"Mezon Lojistik","article_modified_time":"2025-10-21T12:03:26+00:00","twitter_card":"summary_large_image","schema":{"@context":"https:\/\/schema.org","@graph":[{"@type":"WebPage","@id":"https:\/\/mezonlogistics.com\/sorun-bildir\/","url":"https:\/\/mezonlogistics.com\/sorun-bildir\/","name":"Segnala un problema - Mezon Logistics","isPartOf":{"@id":"\/#website"},"datePublished":"2025-03-03T11:28:10+00:00","dateModified":"2025-10-21T12:03:26+00:00","breadcrumb":{"@id":"https:\/\/mezonlogistics.com\/sorun-bildir\/#breadcrumb"},"inLanguage":"it-IT","potentialAction":[{"@type":"ReadAction","target":["https:\/\/mezonlogistics.com\/sorun-bildir\/"]}]},{"@type":"BreadcrumbList","@id":"https:\/\/mezonlogistics.com\/sorun-bildir\/#breadcrumb","itemListElement":[{"@type":"ListItem","position":1,"name":"Home","item":"https:\/\/mezonlogistics.com\/"},{"@type":"ListItem","position":2,"name":"Sorun Bildir"}]},{"@type":"WebSite","@id":"\/#website","url":"\/","name":"Mezon Logistica","description":"Collegare i continenti per dare forza al commercio.","publisher":{"@id":"\/#organization"},"potentialAction":[{"@type":"SearchAction","target":{"@type":"EntryPoint","urlTemplate":"\/?s={search_term_string}"},"query-input":{"@type":"PropertyValueSpecification","valueRequired":true,"valueName":"search_term_string"}}],"inLanguage":"it-IT"},{"@type":"Organization","@id":"\/#organization","name":"Mezon Logistica","alternateName":"Mezon","url":"\/","logo":{"@type":"ImageObject","inLanguage":"it-IT","@id":"\/#\/schema\/logo\/image\/","url":"https:\/\/i0.wp.com\/mezonlogistics.com\/wp-content\/uploads\/2025\/11\/mezon_logo_rv.png?fit=2425%2C1016&ssl=1","contentUrl":"https:\/\/i0.wp.com\/mezonlogistics.com\/wp-content\/uploads\/2025\/11\/mezon_logo_rv.png?fit=2425%2C1016&ssl=1","width":2425,"height":1016,"caption":"Mezon Lojistik"},"image":{"@id":"\/#\/schema\/logo\/image\/"},"email":"info@mezonlogistics.com","telephone":"+90 216 501 0220","legalName":"Mezon Lojistik A.\u015e.","foundingDate":"1990-01-19","vatID":"6201161310","taxID":"6201161310","numberOfEmployees":{"@type":"QuantitativeValue","minValue":"5001","maxValue":"10000"}}]}},"jetpack_sharing_enabled":true,"_links":{"self":[{"href":"https:\/\/mezonlogistics.com\/it\/wp-json\/wp\/v2\/pages\/69795","targetHints":{"allow":["GET"]}}],"collection":[{"href":"https:\/\/mezonlogistics.com\/it\/wp-json\/wp\/v2\/pages"}],"about":[{"href":"https:\/\/mezonlogistics.com\/it\/wp-json\/wp\/v2\/types\/page"}],"author":[{"embeddable":true,"href":"https:\/\/mezonlogistics.com\/it\/wp-json\/wp\/v2\/users\/1"}],"replies":[{"embeddable":true,"href":"https:\/\/mezonlogistics.com\/it\/wp-json\/wp\/v2\/comments?post=69795"}],"version-history":[{"count":17,"href":"https:\/\/mezonlogistics.com\/it\/wp-json\/wp\/v2\/pages\/69795\/revisions"}],"predecessor-version":[{"id":75810,"href":"https:\/\/mezonlogistics.com\/it\/wp-json\/wp\/v2\/pages\/69795\/revisions\/75810"}],"wp:attachment":[{"href":"https:\/\/mezonlogistics.com\/it\/wp-json\/wp\/v2\/media?parent=69795"}],"curies":[{"name":"wp","href":"https:\/\/api.w.org\/{rel}","templated":true}]}}