{"id":71302,"date":"2025-04-08T10:33:40","date_gmt":"2025-04-08T07:33:40","guid":{"rendered":"https:\/\/ekol.dev\/?page_id=71302"},"modified":"2025-10-19T20:15:36","modified_gmt":"2025-10-19T17:15:36","slug":"gumrukleme","status":"publish","type":"page","link":"https:\/\/mezonlogistics.com\/it\/sdoganamento\/","title":{"rendered":"Sdoganamento"},"content":{"rendered":"<div id=\"saglik-lojistigi\"  data-column-margin=\"default\" data-midnight=\"light\"  class=\"wpb_row vc_row-fluid vc_row full-width-section\"  style=\"padding-top: 150px; padding-bottom: 150px; \"><div class=\"row-bg-wrap\" data-bg-animation=\"none\" data-bg-animation-delay=\"\" data-bg-overlay=\"true\"><div class=\"inner-wrap row-bg-layer using-image\" ><div class=\"row-bg viewport-desktop using-image\"  style=\"background-image: url(https:\/\/i0.wp.com\/mezonlogistics.com\/wp-content\/uploads\/2025\/10\/gumrukleme_sef_ph_mzn.webp?fit=1264%2C711&#038;ssl=1); background-position: center center; background-repeat: no-repeat; \"><\/div><\/div><div class=\"row-bg-overlay row-bg-layer\" style=\"background: #000000; background: linear-gradient(90deg,#000000 10%,rgba(255,255,255,0.001) 75%);  opacity: 0.8; background: #000000; background: linear-gradient(90deg,#000000 0%,rgba(255,255,255,0.001) 100%);  opacity: 0.8; \"><\/div><\/div><div class=\"row_col_wrap_12 col span_12 light left\">\n\t<div style=\"margin-top: 3%; \" class=\"vc_col-sm-6 wpb_column column_container vc_column_container col no-extra-padding top_margin_phone_0px inherit_tablet inherit_phone\"  data-padding-pos=\"all\" data-has-bg-color=\"false\" data-bg-color=\"\" data-bg-opacity=\"1\" data-animation=\"\" data-delay=\"0\" >\n\t\t<div class=\"vc_column-inner\" >\n\t\t\t<div class=\"wpb_wrapper\">\n\t\t\t\t<div class=\"nectar-split-heading  font_size_4vw\" data-align=\"default\" data-m-align=\"inherit\" data-text-effect=\"letter-reveal-bottom\" data-animation-type=\"line-reveal-by-space\" data-animation-delay=\"0\" data-animation-offset=\"\" data-m-rm-animation=\"\" data-stagger=\"\" data-custom-font-size=\"true\" style=\"font-size: 4.5vw; line-height: 4.95vw;\"><h1 style=\" color: #FFFFFF;\">Sdoganamento<\/h1><\/div>\n\t\t\t<\/div> \n\t\t<\/div>\n\t<\/div> \n\n\t<div  class=\"vc_col-sm-6 wpb_column column_container vc_column_container col no-extra-padding inherit_tablet inherit_phone\"  data-padding-pos=\"all\" data-has-bg-color=\"false\" data-bg-color=\"\" data-bg-opacity=\"1\" data-animation=\"\" data-delay=\"0\" >\n\t\t<div class=\"vc_column-inner\" >\n\t\t\t<div class=\"wpb_wrapper\">\n\t\t\t\t\n\t\t\t<\/div> \n\t\t<\/div>\n\t<\/div> \n<\/div><\/div>\n\t\t<div id=\"ulusal-dagitim\"  data-column-margin=\"default\" data-midnight=\"dark\"  class=\"wpb_row vc_row-fluid vc_row\"  style=\"padding-top: 100px; padding-bottom: 0px; \"><div class=\"row-bg-wrap\" data-bg-animation=\"none\" data-bg-animation-delay=\"\" data-bg-overlay=\"false\"><div class=\"inner-wrap row-bg-layer\" ><div class=\"row-bg viewport-desktop\"  style=\"\"><\/div><\/div><\/div><div class=\"row_col_wrap_12 col span_12 dark left\">\n\t<div  class=\"vc_col-sm-12 wpb_column column_container vc_column_container col no-extra-padding inherit_tablet inherit_phone\"  data-padding-pos=\"all\" data-has-bg-color=\"false\" data-bg-color=\"\" data-bg-opacity=\"1\" data-animation=\"\" data-delay=\"0\" >\n\t\t<div class=\"vc_column-inner\" >\n\t\t\t<div class=\"wpb_wrapper\">\n\t\t\t\t<div class=\"nectar-split-heading  font_size_2vw\" data-align=\"default\" data-m-align=\"inherit\" data-text-effect=\"letter-reveal-bottom\" data-animation-type=\"line-reveal-by-space\" data-animation-delay=\"0\" data-animation-offset=\"\" data-m-rm-animation=\"\" data-stagger=\"\" data-custom-font-size=\"true\" style=\"font-size: 2.5vw; line-height: 2.75vw;\"><h1 style=\" color: #55565a;\">Mezon offre ai suoi clienti una consulenza di alto livello in materia di sdoganamento<\/h1><\/div>\n<div class=\"wpb_text_column wpb_content_element  vc_custom_1760894119084\" >\n\t<ul class=\"mezon-liste\">\n<li>Servizi completi di intermediazione e sdoganamento per garantire un attraversamento delle frontiere rapido e senza intoppi.<\/li>\n<li data-start=\"112\" data-end=\"241\">\n<p data-start=\"114\" data-end=\"241\">Competenza nella legislazione sul commercio internazionale; capacit\u00e0 di ridurre al minimo i ritardi burocratici e ottimizzare i processi doganali.<\/p>\n<\/li>\n<li data-start=\"242\" data-end=\"372\">\n<p data-start=\"244\" data-end=\"372\">Forti relazioni con le autorit\u00e0 doganali che ci permettono di sviluppare soluzioni proattive per la conformit\u00e0 normativa nei principali mercati globali.<\/p>\n<\/li>\n<li data-start=\"242\" data-end=\"372\">\n<p data-start=\"244\" data-end=\"372\">Integrazione perfetta con i nostri servizi di trasporto; logistica fluida dall'origine alla destinazione finale.<\/p>\n<div class=\"text-base my-auto mx-auto pb-10 &#091;--thread-content-margin:--spacing(4)&#093; thread-sm:&#091;--thread-content-margin:--spacing(6)&#093; thread-lg:&#091;--thread-content-margin:--spacing(16)&#093; px-(--thread-content-margin)\">\n<div class=\"&#091;--thread-content-max-width:40rem&#093; thread-lg:&#091;--thread-content-max-width:48rem&#093; mx-auto max-w-(--thread-content-max-width) flex-1 group\/turn-messages focus-visible:outline-hidden relative flex w-full min-w-0 flex-col agent-turn\" tabindex=\"-1\">\n<div class=\"flex max-w-full flex-col grow\">\n<div class=\"min-h-8 text-message relative flex w-full flex-col items-end gap-2 text-start break-words whitespace-normal &#091;.text-message+&amp;&#093;:mt-1\" dir=\"auto\" data-message-author-role=\"assistant\" data-message-id=\"4219f06c-c38e-42aa-91c5-c0d4a2621c7b\" data-message-model-slug=\"gpt-5-thinking\">\n<div class=\"flex w-full flex-col gap-1 empty:hidden first:pt-&#091;1px&#093;\">\n<div class=\"markdown prose dark:prose-invert w-full break-words dark markdown-new-styling\"><\/div>\n<\/div>\n<\/div>\n<\/div>\n<\/div>\n<\/div>\n<\/li>\n<\/ul>\n<\/div>\n\n\n\n\n<div class=\"wpb_text_column wpb_content_element  vc_custom_1760893541192\" >\n\t<div class=\"wpb_row vc_row vc_row-fluid mk-fullwidth-false attched-false vc_custom_1650856733808 js-master-row mk-grid mk-in-viewport\" data-mk-stretch-content=\"true\">\n<div class=\"vc_col-sm-12 wpb_column column_container _ height-full\">\n<div class=\"vc_custom_1740574413666\">\n<div id=\"text-block-13\" class=\"mk-text-block\">\n<div id=\"text-block-8\" class=\"mk-text-block\">\n<p>Mezon offre ai propri clienti le soluzioni pi\u00f9 adatte alle loro esigenze di sdoganamento. Tra le soluzioni offerte da Mezon nell'ambito dei servizi di sdoganamento vi sono servizi come la tracciabilit\u00e0 dei documenti di autorizzazione e la consulenza sul commercio estero, l'outsourcing, la reportistica avanzata.<\/p>\n<\/div>\n<\/div>\n<\/div>\n<\/div>\n<\/div>\n<\/div>\n\n\n\n<div class=\"nectar-split-heading  font_size_1vw\" data-align=\"default\" data-m-align=\"inherit\" data-text-effect=\"letter-reveal-bottom\" data-animation-type=\"line-reveal-by-space\" data-animation-delay=\"0\" data-animation-offset=\"\" data-m-rm-animation=\"\" data-stagger=\"\" data-custom-font-size=\"true\" style=\"font-size: 1.7vw; line-height: 1.87vw;\"><h3 style=\" color: #55565a;\">Documenti di autorizzazione e consulenza per il commercio estero<\/h3><\/div>\n<div class=\"wpb_text_column wpb_content_element  vc_custom_1760893620724\" >\n\t<div class=\"wpb_row vc_row vc_row-fluid mk-fullwidth-false attched-false vc_custom_1650856733808 js-master-row mk-grid mk-in-viewport\" data-mk-stretch-content=\"true\">\n<div class=\"vc_col-sm-12 wpb_column column_container _ height-full\">\n<div class=\"vc_custom_1740574413666\">\n<div id=\"text-block-13\" class=\"mk-text-block\">\n<div id=\"text-block-8\" class=\"mk-text-block\">\n<p>Si assicura che tutti i tipi di permessi e autorizzazioni necessari per la realizzazione delle transazioni commerciali con l'estero siano seguiti e finalizzati.<\/p>\n<p>Le informazioni istantanee e aggiornate sull'evoluzione delle disposizioni e delle pratiche legislative vengono trasmesse in modo semplice e comprensibile e la legislazione pertinente viene condivisa per via elettronica.<\/p>\n<\/div>\n<\/div>\n<\/div>\n<\/div>\n<\/div>\n<\/div>\n\n\n\n<div class=\"nectar-split-heading  font_size_1vw\" data-align=\"default\" data-m-align=\"inherit\" data-text-effect=\"letter-reveal-bottom\" data-animation-type=\"line-reveal-by-space\" data-animation-delay=\"0\" data-animation-offset=\"\" data-m-rm-animation=\"\" data-stagger=\"\" data-custom-font-size=\"true\" style=\"font-size: 1.7vw; line-height: 1.87vw;\"><h3 style=\" color: #55565a;\">Outsourcing<\/h3><\/div>\n<div class=\"wpb_text_column wpb_content_element  vc_custom_1760893693189\" >\n\t<div class=\"wpb_row vc_row vc_row-fluid mk-fullwidth-false attched-false vc_custom_1650856733808 js-master-row mk-grid mk-in-viewport\" data-mk-stretch-content=\"true\">\n<div class=\"vc_col-sm-12 wpb_column column_container _ height-full\">\n<div class=\"vc_custom_1740574413666\">\n<div id=\"text-block-13\" class=\"mk-text-block\">\n<div id=\"text-block-8\" class=\"mk-text-block\">\n<div class=\"wpb_text_column wpb_content_element vc_custom_1705581127457\">\n<div class=\"wpb_wrapper\">\n<p>Il posizionamento del personale esperto di Mezon nei dipartimenti di commercio estero delle aziende non solo garantisce l'instaurazione di una comunicazione che assicura la rapida finalizzazione delle transazioni commerciali con l'estero, ma crea anche l'opportunit\u00e0 di un follow-up operativo grazie a membri del team con elevate conoscenze.<\/p>\n<\/div>\n<\/div>\n<\/div>\n<\/div>\n<\/div>\n<\/div>\n<\/div>\n<\/div>\n\n\n\n<div class=\"nectar-split-heading  font_size_1vw\" data-align=\"default\" data-m-align=\"inherit\" data-text-effect=\"letter-reveal-bottom\" data-animation-type=\"line-reveal-by-space\" data-animation-delay=\"0\" data-animation-offset=\"\" data-m-rm-animation=\"\" data-stagger=\"\" data-custom-font-size=\"true\" style=\"font-size: 1.7vw; line-height: 1.87vw;\"><h3 style=\" color: #55565a;\">Sistema di reporting avanzato per i processi di sdoganamento<\/h3><\/div>\n<div class=\"wpb_text_column wpb_content_element  vc_custom_1760893815748\" >\n\t<div class=\"wpb_row vc_row vc_row-fluid mk-fullwidth-false attched-false vc_custom_1650856733808 js-master-row mk-grid mk-in-viewport\" data-mk-stretch-content=\"true\">\n<div class=\"vc_col-sm-12 wpb_column column_container _ height-full\">\n<div class=\"vc_custom_1740574413666\">\n<div id=\"text-block-13\" class=\"mk-text-block\">\n<div id=\"text-block-8\" class=\"mk-text-block\">\n<div class=\"wpb_text_column wpb_content_element vc_custom_1705581127457\">\n<div class=\"wpb_wrapper\">\n<div class=\"wpb_text_column wpb_content_element vc_custom_1705581168429\">\n<div class=\"wpb_wrapper\">\n<p>Grazie alle tecnologie avanzate dei sistemi informativi di Mezon, vengono creati moduli di reportistica flessibili, in grado di soddisfare ogni tipo di aspettativa dei clienti in merito ai processi di sdoganamento. Il portale web (quadronet), che \u00e8 uno dei servizi offerti da Mezon ai suoi clienti, fornisce sviluppo interno e miglioramento continuo, visibilit\u00e0 e trasparenza sulle operazioni doganali. Tra i suoi vantaggi vi sono il monitoraggio delle operazioni in corso e dello stato delle dichiarazioni, l'accessibilit\u00e0 a tutti i tipi di report e la possibilit\u00e0 di personalizzazione a seconda dell'utente.<\/p>\n<\/div>\n<\/div>\n<\/div>\n<\/div>\n<\/div>\n<\/div>\n<\/div>\n<\/div>\n<\/div>\n<\/div>\n\n\n\n<div class=\"nectar-split-heading  font_size_1vw\" data-align=\"default\" data-m-align=\"inherit\" data-text-effect=\"letter-reveal-bottom\" data-animation-type=\"line-reveal-by-space\" data-animation-delay=\"0\" data-animation-offset=\"\" data-m-rm-animation=\"\" data-stagger=\"\" data-custom-font-size=\"true\" style=\"font-size: 1.7vw; line-height: 1.87vw;\"><h3 style=\" color: #55565a;\">Programmazione<\/h3><\/div>\n<div class=\"wpb_text_column wpb_content_element  vc_custom_1760893843697\" >\n\t<div class=\"wpb_row vc_row vc_row-fluid mk-fullwidth-false attched-false vc_custom_1650856733808 js-master-row mk-grid mk-in-viewport\" data-mk-stretch-content=\"true\">\n<div class=\"vc_col-sm-12 wpb_column column_container _ height-full\">\n<div class=\"vc_custom_1740574413666\">\n<div id=\"text-block-13\" class=\"mk-text-block\">\n<div id=\"text-block-8\" class=\"mk-text-block\">\n<div class=\"wpb_text_column wpb_content_element vc_custom_1705581127457\">\n<div class=\"wpb_wrapper\">\n<div class=\"wpb_text_column wpb_content_element vc_custom_1705581168429\">\n<div class=\"wpb_wrapper\">\n<p>Vengono esaminate le specifiche dei prodotti da assoggettare alla legislazione sul commercio estero e viene determinata la posizione appropriata nel tariffario doganale.<\/p>\n<\/div>\n<\/div>\n<\/div>\n<\/div>\n<\/div>\n<\/div>\n<\/div>\n<\/div>\n<\/div>\n<\/div>\n\n\n\n\n\t\t\t<\/div> \n\t\t<\/div>\n\t<\/div> \n<\/div><\/div>\n\t\t<div id=\"fws_69ee38408abaf\"  data-column-margin=\"default\" data-midnight=\"light\"  class=\"wpb_row vc_row-fluid vc_row full-width-section vc_row-o-equal-height vc_row-flex vc_row-o-content-middle\"  style=\"padding-top: 80px; padding-bottom: 80px; \"><div class=\"row-bg-wrap\" data-bg-animation=\"zoom-out-slow\" data-bg-animation-delay=\"\" data-bg-overlay=\"true\"><div class=\"inner-wrap row-bg-layer using-image\" ><div class=\"row-bg viewport-desktop using-image\"  style=\"background-image: url(https:\/\/i0.wp.com\/mezonlogistics.com\/wp-content\/uploads\/2025\/10\/gumrukleme_sef_ph_mzn.webp?fit=1264%2C711&#038;ssl=1); background-position: center center; background-repeat: no-repeat; \"><\/div><\/div><div class=\"row-bg-overlay row-bg-layer\" style=\"background-color:#282828;  opacity: 0.8; \"><\/div><\/div><div class=\"nectar-shape-divider-wrap no-color\" style=\" height:50px;\"  data-height=\"50\" data-front=\"\" data-style=\"tilt\" data-position=\"top\" ><svg class=\"nectar-shape-divider\" aria-hidden=\"true\" fill=\"\" xmlns=\"http:\/\/www.w3.org\/2000\/svg\" viewbox=\"0 0 100 10\" preserveaspectratio=\"none\"> <polygon points=\"104 10 0 0 0 10\"><\/polygon> <\/svg><\/div><div class=\"row_col_wrap_12 col span_12 light left\">\n\t<div  class=\"vc_col-sm-5 wpb_column column_container vc_column_container col no-extra-padding force-tablet-text-align-center force-phone-text-align-center inherit_tablet inherit_phone\"  data-padding-pos=\"all\" data-has-bg-color=\"false\" data-bg-color=\"\" data-bg-opacity=\"1\" data-animation=\"\" data-delay=\"0\" >\n\t\t<div class=\"vc_column-inner\" >\n\t\t\t<div class=\"wpb_wrapper\">\n\t\t\t\t<div class=\"nectar-highlighted-text\" data-style=\"half_text\" data-exp=\"default\" data-using-custom-color=\"true\" data-animation-delay=\"false\" data-color=\"#ff1053\" data-color-gradient=\"\" style=\"\"><h2>Standard elevati<br \/>\n<strong>Servizio di sdoganamento<\/strong><\/h2>\n<\/div>\n<div class=\"wpb_text_column wpb_content_element  vc_custom_1760893288158\" >\n\t<div class=\"wpb_text_column wpb_content_element\">\n<div class=\"wpb_wrapper\">\n<p>Ricevete un'offerta per gli elevati standard di qualit\u00e0 del servizio di Mezon.<\/p>\n<\/div>\n<\/div>\n<\/div>\n\n\n\n\n\t\t\t<\/div> \n\t\t<\/div>\n\t<\/div> \n\n\t<div  class=\"vc_col-sm-1 wpb_column column_container vc_column_container col no-extra-padding force-tablet-text-align-center force-phone-text-align-center inherit_tablet inherit_phone\"  data-padding-pos=\"all\" data-has-bg-color=\"false\" data-bg-color=\"\" data-bg-opacity=\"1\" data-animation=\"\" data-delay=\"0\" >\n\t\t<div class=\"vc_column-inner\" >\n\t\t\t<div class=\"wpb_wrapper\">\n\t\t\t\t\n\t\t\t<\/div> \n\t\t<\/div>\n\t<\/div> \n\n\t<div  class=\"vc_col-sm-6 wpb_column column_container vc_column_container col no-extra-padding force-tablet-text-align-center force-phone-text-align-center inherit_tablet inherit_phone\"  data-padding-pos=\"all\" data-has-bg-color=\"false\" data-bg-color=\"\" data-bg-opacity=\"1\" data-animation=\"\" data-delay=\"0\" >\n\t\t<div class=\"vc_column-inner\" >\n\t\t\t<div class=\"wpb_wrapper\">\n\t\t\t\t<div id=\"fws_69ee38408c054\" data-midnight=\"\" data-column-margin=\"default\" class=\"wpb_row vc_row-fluid vc_row inner_row\"  style=\"\"><div class=\"row-bg-wrap\"> <div class=\"row-bg\" ><\/div> <\/div><div class=\"row_col_wrap_12_inner col span_12  right\">\n\t<div  class=\"vc_col-sm-12 wpb_column column_container vc_column_container col child_column no-extra-padding inherit_tablet inherit_phone\"   data-padding-pos=\"all\" data-has-bg-color=\"false\" data-bg-color=\"\" data-bg-opacity=\"1\" data-animation=\"\" data-delay=\"0\" >\n\t\t<div class=\"vc_column-inner\" >\n\t\t<div class=\"wpb_wrapper\">\n\t\t\t<a class=\"nectar-button jumbo see-through-2  has-icon wpb_animate_when_almost_visible wpb_lightSpeedIn lightSpeedIn\"  role=\"button\" style=\"margin-top: 50px; border-color: #ffffff; color: #ffffff;\"  href=\"https:\/\/mezonlogistics.com\/it\/richiesta-di-servizio\/\" data-color-override=\"#ffffff\"  data-hover-color-override=\"#ffffff\" data-hover-text-color-override=\"#000000\"><span>Ottenere l'offerta<\/span><i  class=\"icon-button-arrow\"><\/i><\/a>\n\t\t<\/div> \n\t<\/div>\n\t<\/div> \n<\/div><\/div>\n\t\t\t<\/div> \n\t\t<\/div>\n\t<\/div> \n<\/div><\/div>","protected":false},"excerpt":{"rendered":"G\u00fcmr\u00fckleme Mezon M\u00fc\u015fterilerine \u00dcst D\u00fczey G\u00fcmr\u00fckleme Dan\u0131\u015fmanl\u0131\u011f\u0131 Sunar Sorunsuz ve h\u0131zland\u0131r\u0131lm\u0131\u015f s\u0131n\u0131r ge\u00e7i\u015flerini sa\u011flayan kapsaml\u0131 g\u00fcmr\u00fck m\u00fc\u015favirli\u011fi ve g\u00fcmr\u00fckleme hizmetleri. Uluslararas\u0131 ticaret mevzuat\u0131nda uzmanl\u0131k; b\u00fcrokratik gecikmeleri en aza indirip g\u00fcmr\u00fck...","protected":false},"author":1,"featured_media":0,"parent":0,"menu_order":0,"comment_status":"closed","ping_status":"closed","template":"","meta":{"inline_featured_image":false,"footnotes":""},"class_list":["post-71302","page","type-page","status-publish"],"yoast_head":"<!-- This site is optimized with the Yoast SEO Premium plugin v25.6 (Yoast SEO v27.3) - https:\/\/yoast.com\/product\/yoast-seo-premium-wordpress\/ -->\n<title>G\u00fcmr\u00fckleme - Mezon Lojistik<\/title>\n<meta name=\"robots\" content=\"index, follow, max-snippet:-1, max-image-preview:large, max-video-preview:-1\" \/>\n<link rel=\"canonical\" href=\"https:\/\/mezonlogistics.com\/it\/sdoganamento\/\" \/>\n<meta property=\"og:locale\" content=\"it_IT\" \/>\n<meta property=\"og:type\" content=\"article\" \/>\n<meta property=\"og:title\" content=\"G\u00fcmr\u00fckleme\" \/>\n<meta property=\"og:url\" content=\"https:\/\/mezonlogistics.com\/it\/sdoganamento\/\" \/>\n<meta property=\"og:site_name\" content=\"Mezon Lojistik\" \/>\n<meta property=\"article:modified_time\" content=\"2025-10-19T17:15:36+00:00\" \/>\n<meta name=\"twitter:card\" content=\"summary_large_image\" \/>\n<meta name=\"twitter:label1\" content=\"Tempo di lettura stimato\" \/>\n\t<meta name=\"twitter:data1\" content=\"4 minuti\" \/>\n<script type=\"application\/ld+json\" class=\"yoast-schema-graph\">{\"@context\":\"https:\\\/\\\/schema.org\",\"@graph\":[{\"@type\":\"WebPage\",\"@id\":\"https:\\\/\\\/mezonlogistics.com\\\/gumrukleme\\\/\",\"url\":\"https:\\\/\\\/mezonlogistics.com\\\/gumrukleme\\\/\",\"name\":\"G\u00fcmr\u00fckleme - Mezon Lojistik\",\"isPartOf\":{\"@id\":\"\\\/#website\"},\"datePublished\":\"2025-04-08T07:33:40+00:00\",\"dateModified\":\"2025-10-19T17:15:36+00:00\",\"breadcrumb\":{\"@id\":\"https:\\\/\\\/mezonlogistics.com\\\/gumrukleme\\\/#breadcrumb\"},\"inLanguage\":\"it-IT\",\"potentialAction\":[{\"@type\":\"ReadAction\",\"target\":[\"https:\\\/\\\/mezonlogistics.com\\\/gumrukleme\\\/\"]}]},{\"@type\":\"BreadcrumbList\",\"@id\":\"https:\\\/\\\/mezonlogistics.com\\\/gumrukleme\\\/#breadcrumb\",\"itemListElement\":[{\"@type\":\"ListItem\",\"position\":1,\"name\":\"Home\",\"item\":\"https:\\\/\\\/mezonlogistics.com\\\/\"},{\"@type\":\"ListItem\",\"position\":2,\"name\":\"G\u00fcmr\u00fckleme\"}]},{\"@type\":\"WebSite\",\"@id\":\"\\\/#website\",\"url\":\"\\\/\",\"name\":\"Mezon Lojistik\",\"description\":\"Connecting Continents Empowering Trade.\",\"publisher\":{\"@id\":\"\\\/#organization\"},\"potentialAction\":[{\"@type\":\"SearchAction\",\"target\":{\"@type\":\"EntryPoint\",\"urlTemplate\":\"\\\/?s={search_term_string}\"},\"query-input\":{\"@type\":\"PropertyValueSpecification\",\"valueRequired\":true,\"valueName\":\"search_term_string\"}}],\"inLanguage\":\"it-IT\"},{\"@type\":\"Organization\",\"@id\":\"\\\/#organization\",\"name\":\"Mezon Lojistik\",\"alternateName\":\"Mezon\",\"url\":\"\\\/\",\"logo\":{\"@type\":\"ImageObject\",\"inLanguage\":\"it-IT\",\"@id\":\"\\\/#\\\/schema\\\/logo\\\/image\\\/\",\"url\":\"https:\\\/\\\/i0.wp.com\\\/mezonlogistics.com\\\/wp-content\\\/uploads\\\/2025\\\/11\\\/mezon_logo_rv.png?fit=2425%2C1016&ssl=1\",\"contentUrl\":\"https:\\\/\\\/i0.wp.com\\\/mezonlogistics.com\\\/wp-content\\\/uploads\\\/2025\\\/11\\\/mezon_logo_rv.png?fit=2425%2C1016&ssl=1\",\"width\":2425,\"height\":1016,\"caption\":\"Mezon Lojistik\"},\"image\":{\"@id\":\"\\\/#\\\/schema\\\/logo\\\/image\\\/\"},\"email\":\"info@mezonlogistics.com\",\"telephone\":\"+90 216 501 0220\",\"legalName\":\"Mezon Lojistik A.\u015e.\",\"foundingDate\":\"1990-01-19\",\"vatID\":\"6201161310\",\"taxID\":\"6201161310\",\"numberOfEmployees\":{\"@type\":\"QuantitativeValue\",\"minValue\":\"5001\",\"maxValue\":\"10000\"}}]}<\/script>\n<!-- \/ Yoast SEO Premium plugin. -->","yoast_head_json":{"title":"Sdoganamento - Mezon Logistics","robots":{"index":"index","follow":"follow","max-snippet":"max-snippet:-1","max-image-preview":"max-image-preview:large","max-video-preview":"max-video-preview:-1"},"canonical":"https:\/\/mezonlogistics.com\/it\/sdoganamento\/","og_locale":"it_IT","og_type":"article","og_title":"G\u00fcmr\u00fckleme","og_url":"https:\/\/mezonlogistics.com\/it\/sdoganamento\/","og_site_name":"Mezon Lojistik","article_modified_time":"2025-10-19T17:15:36+00:00","twitter_card":"summary_large_image","twitter_misc":{"Tempo di lettura stimato":"4 minuti"},"schema":{"@context":"https:\/\/schema.org","@graph":[{"@type":"WebPage","@id":"https:\/\/mezonlogistics.com\/gumrukleme\/","url":"https:\/\/mezonlogistics.com\/gumrukleme\/","name":"Sdoganamento - Mezon Logistics","isPartOf":{"@id":"\/#website"},"datePublished":"2025-04-08T07:33:40+00:00","dateModified":"2025-10-19T17:15:36+00:00","breadcrumb":{"@id":"https:\/\/mezonlogistics.com\/gumrukleme\/#breadcrumb"},"inLanguage":"it-IT","potentialAction":[{"@type":"ReadAction","target":["https:\/\/mezonlogistics.com\/gumrukleme\/"]}]},{"@type":"BreadcrumbList","@id":"https:\/\/mezonlogistics.com\/gumrukleme\/#breadcrumb","itemListElement":[{"@type":"ListItem","position":1,"name":"Home","item":"https:\/\/mezonlogistics.com\/"},{"@type":"ListItem","position":2,"name":"G\u00fcmr\u00fckleme"}]},{"@type":"WebSite","@id":"\/#website","url":"\/","name":"Mezon Logistica","description":"Collegare i continenti per dare forza al commercio.","publisher":{"@id":"\/#organization"},"potentialAction":[{"@type":"SearchAction","target":{"@type":"EntryPoint","urlTemplate":"\/?s={search_term_string}"},"query-input":{"@type":"PropertyValueSpecification","valueRequired":true,"valueName":"search_term_string"}}],"inLanguage":"it-IT"},{"@type":"Organization","@id":"\/#organization","name":"Mezon Logistica","alternateName":"Mezon","url":"\/","logo":{"@type":"ImageObject","inLanguage":"it-IT","@id":"\/#\/schema\/logo\/image\/","url":"https:\/\/i0.wp.com\/mezonlogistics.com\/wp-content\/uploads\/2025\/11\/mezon_logo_rv.png?fit=2425%2C1016&ssl=1","contentUrl":"https:\/\/i0.wp.com\/mezonlogistics.com\/wp-content\/uploads\/2025\/11\/mezon_logo_rv.png?fit=2425%2C1016&ssl=1","width":2425,"height":1016,"caption":"Mezon Lojistik"},"image":{"@id":"\/#\/schema\/logo\/image\/"},"email":"info@mezonlogistics.com","telephone":"+90 216 501 0220","legalName":"Mezon Lojistik A.\u015e.","foundingDate":"1990-01-19","vatID":"6201161310","taxID":"6201161310","numberOfEmployees":{"@type":"QuantitativeValue","minValue":"5001","maxValue":"10000"}}]}},"jetpack_sharing_enabled":true,"_links":{"self":[{"href":"https:\/\/mezonlogistics.com\/it\/wp-json\/wp\/v2\/pages\/71302","targetHints":{"allow":["GET"]}}],"collection":[{"href":"https:\/\/mezonlogistics.com\/it\/wp-json\/wp\/v2\/pages"}],"about":[{"href":"https:\/\/mezonlogistics.com\/it\/wp-json\/wp\/v2\/types\/page"}],"author":[{"embeddable":true,"href":"https:\/\/mezonlogistics.com\/it\/wp-json\/wp\/v2\/users\/1"}],"replies":[{"embeddable":true,"href":"https:\/\/mezonlogistics.com\/it\/wp-json\/wp\/v2\/comments?post=71302"}],"version-history":[{"count":15,"href":"https:\/\/mezonlogistics.com\/it\/wp-json\/wp\/v2\/pages\/71302\/revisions"}],"predecessor-version":[{"id":75716,"href":"https:\/\/mezonlogistics.com\/it\/wp-json\/wp\/v2\/pages\/71302\/revisions\/75716"}],"wp:attachment":[{"href":"https:\/\/mezonlogistics.com\/it\/wp-json\/wp\/v2\/media?parent=71302"}],"curies":[{"name":"wp","href":"https:\/\/api.w.org\/{rel}","templated":true}]}}