{"id":69603,"date":"2025-02-17T17:18:20","date_gmt":"2025-02-17T14:18:20","guid":{"rendered":"https:\/\/ekol.dev\/?page_id=69603"},"modified":"2025-11-25T16:15:20","modified_gmt":"2025-11-25T13:15:20","slug":"sizi-dinliyoruz","status":"publish","type":"page","link":"https:\/\/mezonlogistics.com\/ru\/\u043c\u044b-\u0441\u043b\u0443\u0448\u0430\u0435\u043c-\u0432\u0430\u0441\/","title":{"rendered":"\u041c\u044b \u0441\u043b\u0443\u0448\u0430\u0435\u043c \u0432\u0430\u0441"},"content":{"rendered":"\n\t\t<div id=\"fws_69e1eab1ac9a4\"  data-column-margin=\"default\" data-midnight=\"dark\"  class=\"wpb_row vc_row-fluid vc_row full-width-content vc_row-o-equal-height vc_row-flex vc_row-o-content-middle\"  style=\"padding-top: 0px; padding-bottom: 0px; \"><div class=\"row-bg-wrap\" data-bg-animation=\"fade-in\" data-bg-animation-delay=\"\" data-bg-overlay=\"false\"><div class=\"inner-wrap row-bg-layer\" ><div class=\"row-bg viewport-desktop\"  style=\"\"><\/div><\/div><\/div><div class=\"row_col_wrap_12 col span_12 dark left\">\n\t<div style=\"\" class=\"vc_col-sm-6 vc_hidden-sm vc_hidden-xs bg-position wpb_column column_container vc_column_container col centered-text nectar-sticky-column padding-10-percent el_spacing_0px inherit_tablet inherit_phone bg_img_front \" data-using-bg=\"true\" data-bg-cover=\"true\" data-padding-pos=\"all\" data-has-bg-color=\"false\" data-bg-color=\"\" data-bg-opacity=\"1\" data-animation=\"\" data-delay=\"0\" >\n\t\t<div class=\"vc_column-inner\" ><div class=\"column-image-bg-wrap column-bg-layer viewport-desktop\" data-bg-pos=\"center center\" data-bg-animation=\"none\" data-bg-overlay=\"false\"><div class=\"inner-wrap\"><div class=\"column-image-bg\" style=\" background-image: url('https:\/\/i0.wp.com\/mezonlogistics.com\/wp-content\/uploads\/2025\/11\/we_are_listening_mezon.jpg?fit=2507%2C1673&#038;ssl=1'); \"><\/div><\/div><\/div>\n\t\t\t<div class=\"wpb_wrapper\">\n\t\t\t\t\n\t\t\t<\/div> \n\t\t<\/div>\n\t<\/div> \n\n\t<div style=\"\" class=\"vc_col-sm-6 wpb_column column_container vc_column_container col padding-6-percent top_margin_phone_100px inherit_tablet inherit_phone \" data-using-bg=\"true\" data-padding-pos=\"all\" data-has-bg-color=\"true\" data-bg-color=\"#ffffff\" data-bg-opacity=\"1\" data-animation=\"\" data-delay=\"0\" >\n\t\t<div class=\"vc_column-inner\" ><div class=\"column-bg-overlay-wrap column-bg-layer\" data-bg-animation=\"none\"><div class=\"column-bg-overlay\" style=\"opacity: 1; background-color: #ffffff;\"><\/div><\/div>\n\t\t\t<div class=\"wpb_wrapper\">\n\t\t\t\t\n<div class=\"wpb_text_column wpb_content_element \" >\n\t<h3>\u00d6neri, Te\u015fekk\u00fcr ve \u015eikayet konular\u0131n\u0131zda<\/h3>\n<\/div>\n\n\n\n<div class=\"nectar-split-heading  font_size_2vw \" data-align=\"default\" data-m-align=\"inherit\" data-text-effect=\"letter-reveal-bottom\" data-animation-type=\"line-reveal-by-space\" data-animation-delay=\"0\" data-animation-offset=\"\" data-m-rm-animation=\"\" data-stagger=\"\" data-custom-font-size=\"true\" style=\"font-size: 2.8vw; line-height: 3.08vw;\"><h1 style=\" color: #55565a;\">Sizi Dinleyen bir Mezon var!<\/h1><\/div><div class=\"divider-wrap\" data-alignment=\"default\"><div style=\"height: 10px;\" class=\"divider\"><\/div><\/div><div class=\"divider-wrap\" data-alignment=\"default\"><div style=\"height: 5px;\" class=\"divider\"><\/div><\/div><div class=\"wpforms-container wpforms-container-full wpforms-render-modern\" id=\"wpforms-69589\"><form id=\"wpforms-form-69589\" class=\"wpforms-validate wpforms-form wpforms-ajax-form\" data-formid=\"69589\" method=\"post\" enctype=\"multipart\/form-data\" action=\"\/ru\/wp-json\/wp\/v2\/pages\/69603\" data-token=\"cf3bc4c1ce6053fa6694507e351c1632\" data-token-time=\"1776413361\"><noscript class=\"wpforms-error-noscript\">\u0414\u043b\u044f \u0437\u0430\u043f\u043e\u043b\u043d\u0435\u043d\u0438\u044f \u0434\u0430\u043d\u043d\u043e\u0439 \u0444\u043e\u0440\u043c\u044b \u0432\u043a\u043b\u044e\u0447\u0438\u0442\u0435 JavaScript \u0432 \u0431\u0440\u0430\u0443\u0437\u0435\u0440\u0435.<\/noscript><div class=\"wpforms-hidden\" id=\"wpforms-error-noscript\">\u0414\u043b\u044f \u0437\u0430\u043f\u043e\u043b\u043d\u0435\u043d\u0438\u044f \u0434\u0430\u043d\u043d\u043e\u0439 \u0444\u043e\u0440\u043c\u044b \u0432\u043a\u043b\u044e\u0447\u0438\u0442\u0435 JavaScript \u0432 \u0431\u0440\u0430\u0443\u0437\u0435\u0440\u0435.<\/div><div class=\"wpforms-field-container\"><div id=\"wpforms-69589-field_2-container\" class=\"wpforms-field wpforms-field-name\" data-field-id=\"2\"><label class=\"wpforms-field-label wpforms-label-hide\" for=\"wpforms-69589-field_2\" aria-hidden=\"false\">Ad Soyad <span class=\"wpforms-required-label\" aria-hidden=\"true\">*<\/span><\/label><input type=\"text\" id=\"wpforms-69589-field_2\" class=\"wpforms-field-large wpforms-field-required\" name=\"wpforms[fields][2]\" placeholder=\"Ad Soyad*\" aria-errormessage=\"wpforms-69589-field_2-error\" required><\/div><div id=\"wpforms-69589-field_1-container\" class=\"wpforms-field wpforms-field-text\" data-field-id=\"1\"><label class=\"wpforms-field-label wpforms-label-hide\" for=\"wpforms-69589-field_1\" aria-hidden=\"false\">Firma <span class=\"wpforms-required-label\" aria-hidden=\"true\">*<\/span><\/label><input type=\"text\" id=\"wpforms-69589-field_1\" class=\"wpforms-field-large wpforms-field-required\" name=\"wpforms[fields][1]\" placeholder=\"Firma*\" aria-errormessage=\"wpforms-69589-field_1-error\" required><\/div><div id=\"wpforms-69589-field_5-container\" class=\"wpforms-field wpforms-field-email\" data-field-id=\"5\"><label class=\"wpforms-field-label wpforms-label-hide\" for=\"wpforms-69589-field_5\" aria-hidden=\"false\">E-Posta <span class=\"wpforms-required-label\" aria-hidden=\"true\">*<\/span><\/label><input type=\"email\" id=\"wpforms-69589-field_5\" class=\"wpforms-field-large wpforms-field-required\" name=\"wpforms[fields][5]\" placeholder=\"E-Posta*\" spellcheck=\"false\" aria-errormessage=\"wpforms-69589-field_5-error\" required><\/div><div id=\"wpforms-69589-field_6-container\" class=\"wpforms-field wpforms-field-phone\" data-field-id=\"6\"><label class=\"wpforms-field-label wpforms-label-hide\" for=\"wpforms-69589-field_6\" aria-hidden=\"false\">Telefon <span class=\"wpforms-required-label\" aria-hidden=\"true\">*<\/span><\/label><input type=\"tel\" id=\"wpforms-69589-field_6\" class=\"wpforms-field-large wpforms-field-required wpforms-smart-phone-field\" data-rule-smart-phone-field=\"true\" name=\"wpforms[fields][6]\" placeholder=\"Telefon*\" aria-label=\"Telefon\" aria-errormessage=\"wpforms-69589-field_6-error\" required><\/div><div id=\"wpforms-69589-field_9-container\" class=\"wpforms-field wpforms-field-select wpforms-field-select-style-classic\" data-field-id=\"9\"><label class=\"wpforms-field-label wpforms-label-hide\" for=\"wpforms-69589-field_9\" aria-hidden=\"false\">Mesaj T\u00fcr\u00fc <span class=\"wpforms-required-label\" aria-hidden=\"true\">*<\/span><\/label><select id=\"wpforms-69589-field_9\" class=\"wpforms-field-large wpforms-field-required\" name=\"wpforms[fields][9]\" required=\"required\"><option value=\"\" class=\"placeholder\" disabled  selected='selected'>Mesaj Konusu*<\/option><option value=\"\u00d6neri\" >\u00d6neri<\/option><option value=\"Te\u015fekk\u00fcr\" >Te\u015fekk\u00fcr<\/option><option value=\"\u015eikayet\" >\u015eikayet<\/option><\/select><\/div><div id=\"wpforms-69589-field_8-container\" class=\"wpforms-field wpforms-field-text\" data-field-id=\"8\"><label class=\"wpforms-field-label wpforms-label-hide\" for=\"wpforms-69589-field_8\" aria-hidden=\"false\">Konu <span class=\"wpforms-required-label\" aria-hidden=\"true\">*<\/span><\/label><input type=\"text\" id=\"wpforms-69589-field_8\" class=\"wpforms-field-large wpforms-field-required\" name=\"wpforms[fields][8]\" placeholder=\"Konu*\" aria-errormessage=\"wpforms-69589-field_8-error\" required><\/div><div id=\"wpforms-69589-field_3-container\" class=\"wpforms-field wpforms-field-textarea\" data-field-id=\"3\"><label class=\"wpforms-field-label wpforms-label-hide\" for=\"wpforms-69589-field_3\" aria-hidden=\"false\">Mesaj\u0131n\u0131z <span class=\"wpforms-required-label\" aria-hidden=\"true\">*<\/span><\/label><textarea id=\"wpforms-69589-field_3\" class=\"wpforms-field-medium wpforms-field-required\" name=\"wpforms[fields][3]\" placeholder=\"Mesaj\u0131n\u0131z*\" aria-errormessage=\"wpforms-69589-field_3-error\" required><\/textarea><\/div><div id=\"wpforms-69589-field_10-container\" class=\"wpforms-field wpforms-field-html\" data-field-id=\"10\"><div id=\"wpforms-69589-field_10\" aria-errormessage=\"wpforms-69589-field_10-error\">Payla\u015fm\u0131\u015f oldu\u011funuz ki\u015fisel verileriniz veri sorumlusu s\u0131fat\u0131yla Mezon Lojistik A.\u015e.\r\n(\u201cMezon Lojistik\u201d) taraf\u0131ndan, Ki\u015fisel Verilerin Korunmas\u0131 Kanunu kapsam\u0131nda; talep\/\u015fikayetlerin takibi ve ileti\u015fim s\u00fcre\u00e7lerinin y\u00fcr\u00fct\u00fclmesi ama\u00e7lar\u0131 ba\u015fta olmak\r\n\u00fczere Ayd\u0131nlatma Metni\u2019nde belirtilen di\u011fer ama\u00e7larla s\u0131n\u0131rl\u0131 olarak i\u015flenecek olup\r\nayr\u0131nt\u0131l\u0131 bilgi i\u00e7in <a href=\"\/kisisel-verilerin-islenmesi\">Ayd\u0131nlatma Metni<\/a>'ni inceleyebilirsiniz.\r\n<br \/><br \/>\r\nFormda yer alan, serbest\u00e7e veri giri\u015fi yap\u0131labilecek alanlara, \u00f6zel nitelikli ki\u015fisel\r\nverilerinizin veya veri i\u015fleme ama\u00e7lar\u0131m\u0131z\u0131n d\u0131\u015f\u0131nda kalan ki\u015fisel verilerinizin girilerek\r\nMezon Lojistik\u2019e aktar\u0131lmas\u0131 durumunda ilgili verilerin i\u015flenmesine a\u00e7\u0131k r\u0131za verdi\u011finiz\r\nkabul edilmektedir.<\/div><\/div><\/div><!-- .wpforms-field-container --><div class=\"wpforms-submit-container\" ><input type=\"hidden\" name=\"wpforms[id]\" value=\"69589\"><input type=\"hidden\" name=\"page_title\" value=\"\"><input type=\"hidden\" name=\"page_url\" value=\"https:\/\/mezonlogistics.com\/ru\/wp-json\/wp\/v2\/pages\/69603\"><button type=\"submit\" name=\"wpforms[submit]\" id=\"wpforms-submit-69589\" class=\"wpforms-submit\" data-alt-text=\"G\u00f6nderiliyor...\" data-submit-text=\"G\u00f6nder\" aria-live=\"assertive\" value=\"wpforms-submit\">G\u00f6nder<\/button><img loading=\"lazy\" decoding=\"async\" src=\"https:\/\/mezonlogistics.com\/wp-content\/plugins\/wpforms\/assets\/images\/submit-spin.svg\" class=\"wpforms-submit-spinner\" style=\"display: none;\" width=\"26\" height=\"26\" alt=\"\u0417\u0430\u0433\u0440\u0443\u0437\u043a\u0430\"><\/div><\/form><\/div>  <!-- .wpforms-container --><div class=\"divider-wrap\" data-alignment=\"default\"><div style=\"height: 50px;\" class=\"divider\"><\/div><\/div><div class=\"divider-wrap\" data-alignment=\"default\"><div style=\"height: 10px;\" class=\"divider\"><\/div><\/div><div class=\"divider-wrap\" data-alignment=\"default\"><div style=\"height: 5px;\" class=\"divider\"><\/div><\/div><div class=\"divider-wrap\" data-alignment=\"default\"><div style=\"height: 10px;\" class=\"divider\"><\/div><\/div><div class=\"divider-wrap\" data-alignment=\"default\"><div style=\"height: 5px;\" class=\"divider\"><\/div><\/div>\n\t\t\t<\/div> \n\t\t<\/div>\n\t<\/div> \n<\/div><\/div>\n","protected":false},"excerpt":{"rendered":"\u00d6neri, Te\u015fekk\u00fcr ve \u015eikayet konular\u0131n\u0131zda Sizi Dinleyen bir Mezon var!\u0414\u043b\u044f \u0437\u0430\u043f\u043e\u043b\u043d\u0435\u043d\u0438\u044f \u0434\u0430\u043d\u043d\u043e\u0439 \u0444\u043e\u0440\u043c\u044b \u0432\u043a\u043b\u044e\u0447\u0438\u0442\u0435 JavaScript \u0432 \u0431\u0440\u0430\u0443\u0437\u0435\u0440\u0435.\u0414\u043b\u044f \u0437\u0430\u043f\u043e\u043b\u043d\u0435\u043d\u0438\u044f \u0434\u0430\u043d\u043d\u043e\u0439 \u0444\u043e\u0440\u043c\u044b \u0432\u043a\u043b\u044e\u0447\u0438\u0442\u0435 JavaScript \u0432 \u0431\u0440\u0430\u0443\u0437\u0435\u0440\u0435.Ad Soyad *Firma *E-Posta *Telefon *Mesaj T\u00fcr\u00fc...","protected":false},"author":1,"featured_media":0,"parent":0,"menu_order":0,"comment_status":"closed","ping_status":"closed","template":"","meta":{"inline_featured_image":false,"footnotes":""},"class_list":["post-69603","page","type-page","status-publish"],"yoast_head":"<!-- This site is optimized with the Yoast SEO Premium plugin v25.6 (Yoast SEO v27.3) - https:\/\/yoast.com\/product\/yoast-seo-premium-wordpress\/ -->\n<title>Sizi Dinliyoruz - Mezon Lojistik<\/title>\n<meta name=\"robots\" content=\"index, follow, max-snippet:-1, max-image-preview:large, max-video-preview:-1\" \/>\n<link rel=\"canonical\" href=\"https:\/\/mezonlogistics.com\/ru\/\u043c\u044b-\u0441\u043b\u0443\u0448\u0430\u0435\u043c-\u0432\u0430\u0441\/\" \/>\n<meta property=\"og:locale\" content=\"ru_RU\" \/>\n<meta property=\"og:type\" content=\"article\" \/>\n<meta property=\"og:title\" content=\"Sizi Dinliyoruz\" \/>\n<meta property=\"og:url\" content=\"https:\/\/mezonlogistics.com\/ru\/\u043c\u044b-\u0441\u043b\u0443\u0448\u0430\u0435\u043c-\u0432\u0430\u0441\/\" \/>\n<meta property=\"og:site_name\" content=\"Mezon Lojistik\" \/>\n<meta property=\"article:modified_time\" content=\"2025-11-25T13:15:20+00:00\" \/>\n<meta name=\"twitter:card\" content=\"summary_large_image\" \/>\n<script type=\"application\/ld+json\" class=\"yoast-schema-graph\">{\"@context\":\"https:\\\/\\\/schema.org\",\"@graph\":[{\"@type\":\"WebPage\",\"@id\":\"https:\\\/\\\/mezonlogistics.com\\\/sizi-dinliyoruz\\\/\",\"url\":\"https:\\\/\\\/mezonlogistics.com\\\/sizi-dinliyoruz\\\/\",\"name\":\"Sizi Dinliyoruz - Mezon Lojistik\",\"isPartOf\":{\"@id\":\"\\\/#website\"},\"datePublished\":\"2025-02-17T14:18:20+00:00\",\"dateModified\":\"2025-11-25T13:15:20+00:00\",\"breadcrumb\":{\"@id\":\"https:\\\/\\\/mezonlogistics.com\\\/sizi-dinliyoruz\\\/#breadcrumb\"},\"inLanguage\":\"ru-RU\",\"potentialAction\":[{\"@type\":\"ReadAction\",\"target\":[\"https:\\\/\\\/mezonlogistics.com\\\/sizi-dinliyoruz\\\/\"]}]},{\"@type\":\"BreadcrumbList\",\"@id\":\"https:\\\/\\\/mezonlogistics.com\\\/sizi-dinliyoruz\\\/#breadcrumb\",\"itemListElement\":[{\"@type\":\"ListItem\",\"position\":1,\"name\":\"Home\",\"item\":\"https:\\\/\\\/mezonlogistics.com\\\/\"},{\"@type\":\"ListItem\",\"position\":2,\"name\":\"Sizi Dinliyoruz\"}]},{\"@type\":\"WebSite\",\"@id\":\"\\\/#website\",\"url\":\"\\\/\",\"name\":\"Mezon Lojistik\",\"description\":\"Connecting Continents Empowering Trade.\",\"publisher\":{\"@id\":\"\\\/#organization\"},\"potentialAction\":[{\"@type\":\"SearchAction\",\"target\":{\"@type\":\"EntryPoint\",\"urlTemplate\":\"\\\/?s={search_term_string}\"},\"query-input\":{\"@type\":\"PropertyValueSpecification\",\"valueRequired\":true,\"valueName\":\"search_term_string\"}}],\"inLanguage\":\"ru-RU\"},{\"@type\":\"Organization\",\"@id\":\"\\\/#organization\",\"name\":\"Mezon Lojistik\",\"alternateName\":\"Mezon\",\"url\":\"\\\/\",\"logo\":{\"@type\":\"ImageObject\",\"inLanguage\":\"ru-RU\",\"@id\":\"\\\/#\\\/schema\\\/logo\\\/image\\\/\",\"url\":\"https:\\\/\\\/i0.wp.com\\\/mezonlogistics.com\\\/wp-content\\\/uploads\\\/2025\\\/11\\\/mezon_logo_rv.png?fit=2425%2C1016&ssl=1\",\"contentUrl\":\"https:\\\/\\\/i0.wp.com\\\/mezonlogistics.com\\\/wp-content\\\/uploads\\\/2025\\\/11\\\/mezon_logo_rv.png?fit=2425%2C1016&ssl=1\",\"width\":2425,\"height\":1016,\"caption\":\"Mezon Lojistik\"},\"image\":{\"@id\":\"\\\/#\\\/schema\\\/logo\\\/image\\\/\"},\"email\":\"info@mezonlogistics.com\",\"telephone\":\"+90 216 501 0220\",\"legalName\":\"Mezon Lojistik A.\u015e.\",\"foundingDate\":\"1990-01-19\",\"vatID\":\"6201161310\",\"taxID\":\"6201161310\",\"numberOfEmployees\":{\"@type\":\"QuantitativeValue\",\"minValue\":\"5001\",\"maxValue\":\"10000\"}}]}<\/script>\n<!-- \/ Yoast SEO Premium plugin. -->","yoast_head_json":{"title":"\u041c\u044b \u0441\u043b\u0443\u0448\u0430\u0435\u043c \u0432\u0430\u0441 - \u041c\u0435\u0437\u043e\u043d \u041b\u043e\u0433\u0438\u0441\u0442\u0438\u043a","robots":{"index":"index","follow":"follow","max-snippet":"max-snippet:-1","max-image-preview":"max-image-preview:large","max-video-preview":"max-video-preview:-1"},"canonical":"https:\/\/mezonlogistics.com\/ru\/\u043c\u044b-\u0441\u043b\u0443\u0448\u0430\u0435\u043c-\u0432\u0430\u0441\/","og_locale":"ru_RU","og_type":"article","og_title":"Sizi Dinliyoruz","og_url":"https:\/\/mezonlogistics.com\/ru\/\u043c\u044b-\u0441\u043b\u0443\u0448\u0430\u0435\u043c-\u0432\u0430\u0441\/","og_site_name":"Mezon Lojistik","article_modified_time":"2025-11-25T13:15:20+00:00","twitter_card":"summary_large_image","schema":{"@context":"https:\/\/schema.org","@graph":[{"@type":"WebPage","@id":"https:\/\/mezonlogistics.com\/sizi-dinliyoruz\/","url":"https:\/\/mezonlogistics.com\/sizi-dinliyoruz\/","name":"\u041c\u044b \u0441\u043b\u0443\u0448\u0430\u0435\u043c \u0432\u0430\u0441 - \u041c\u0435\u0437\u043e\u043d \u041b\u043e\u0433\u0438\u0441\u0442\u0438\u043a","isPartOf":{"@id":"\/#website"},"datePublished":"2025-02-17T14:18:20+00:00","dateModified":"2025-11-25T13:15:20+00:00","breadcrumb":{"@id":"https:\/\/mezonlogistics.com\/sizi-dinliyoruz\/#breadcrumb"},"inLanguage":"ru-RU","potentialAction":[{"@type":"ReadAction","target":["https:\/\/mezonlogistics.com\/sizi-dinliyoruz\/"]}]},{"@type":"BreadcrumbList","@id":"https:\/\/mezonlogistics.com\/sizi-dinliyoruz\/#breadcrumb","itemListElement":[{"@type":"ListItem","position":1,"name":"Home","item":"https:\/\/mezonlogistics.com\/"},{"@type":"ListItem","position":2,"name":"Sizi Dinliyoruz"}]},{"@type":"WebSite","@id":"\/#website","url":"\/","name":"\u041c\u0435\u0437\u043e\u043d \u041b\u043e\u0433\u0438\u0441\u0442\u0438\u043a","description":"\u0421\u043e\u0435\u0434\u0438\u043d\u044f\u044f \u043a\u043e\u043d\u0442\u0438\u043d\u0435\u043d\u0442\u044b, \u0440\u0430\u0441\u0448\u0438\u0440\u044f\u044f \u0432\u043e\u0437\u043c\u043e\u0436\u043d\u043e\u0441\u0442\u0438 \u0442\u043e\u0440\u0433\u043e\u0432\u043b\u0438.","publisher":{"@id":"\/#organization"},"potentialAction":[{"@type":"SearchAction","target":{"@type":"EntryPoint","urlTemplate":"\/?s={search_term_string}"},"query-input":{"@type":"PropertyValueSpecification","valueRequired":true,"valueName":"search_term_string"}}],"inLanguage":"ru-RU"},{"@type":"Organization","@id":"\/#organization","name":"\u041c\u0435\u0437\u043e\u043d \u041b\u043e\u0433\u0438\u0441\u0442\u0438\u043a","alternateName":"Mezon","url":"\/","logo":{"@type":"ImageObject","inLanguage":"ru-RU","@id":"\/#\/schema\/logo\/image\/","url":"https:\/\/i0.wp.com\/mezonlogistics.com\/wp-content\/uploads\/2025\/11\/mezon_logo_rv.png?fit=2425%2C1016&ssl=1","contentUrl":"https:\/\/i0.wp.com\/mezonlogistics.com\/wp-content\/uploads\/2025\/11\/mezon_logo_rv.png?fit=2425%2C1016&ssl=1","width":2425,"height":1016,"caption":"Mezon Lojistik"},"image":{"@id":"\/#\/schema\/logo\/image\/"},"email":"info@mezonlogistics.com","telephone":"+90 216 501 0220","legalName":"Mezon Lojistik A.\u015e.","foundingDate":"1990-01-19","vatID":"6201161310","taxID":"6201161310","numberOfEmployees":{"@type":"QuantitativeValue","minValue":"5001","maxValue":"10000"}}]}},"jetpack_sharing_enabled":true,"_links":{"self":[{"href":"https:\/\/mezonlogistics.com\/ru\/wp-json\/wp\/v2\/pages\/69603","targetHints":{"allow":["GET"]}}],"collection":[{"href":"https:\/\/mezonlogistics.com\/ru\/wp-json\/wp\/v2\/pages"}],"about":[{"href":"https:\/\/mezonlogistics.com\/ru\/wp-json\/wp\/v2\/types\/page"}],"author":[{"embeddable":true,"href":"https:\/\/mezonlogistics.com\/ru\/wp-json\/wp\/v2\/users\/1"}],"replies":[{"embeddable":true,"href":"https:\/\/mezonlogistics.com\/ru\/wp-json\/wp\/v2\/comments?post=69603"}],"version-history":[{"count":17,"href":"https:\/\/mezonlogistics.com\/ru\/wp-json\/wp\/v2\/pages\/69603\/revisions"}],"predecessor-version":[{"id":75921,"href":"https:\/\/mezonlogistics.com\/ru\/wp-json\/wp\/v2\/pages\/69603\/revisions\/75921"}],"wp:attachment":[{"href":"https:\/\/mezonlogistics.com\/ru\/wp-json\/wp\/v2\/media?parent=69603"}],"curies":[{"name":"wp","href":"https:\/\/api.w.org\/{rel}","templated":true}]}}