{"id":69876,"date":"2025-03-06T16:12:57","date_gmt":"2025-03-06T13:12:57","guid":{"rendered":"https:\/\/ekol.dev\/?page_id=69876"},"modified":"2025-10-23T14:37:22","modified_gmt":"2025-10-23T11:37:22","slug":"dis-ticaret-ve-tedarik-zinciri","status":"publish","type":"page","link":"https:\/\/mezonlogistics.com\/zh\/\u5916\u8d38\u548c\u4f9b\u5e94\u94fe\/","title":{"rendered":"\u5916\u8d38\u548c\u4f9b\u5e94\u94fe\u54a8\u8be2"},"content":{"rendered":"<div id=\"depo-yonetimi\"  data-column-margin=\"default\" data-midnight=\"light\"  class=\"wpb_row vc_row-fluid vc_row full-width-section\"  style=\"padding-top: 150px; padding-bottom: 150px; \"><div class=\"row-bg-wrap\" data-bg-animation=\"none\" data-bg-animation-delay=\"\" data-bg-overlay=\"true\"><div class=\"inner-wrap row-bg-layer using-image\" ><div class=\"row-bg viewport-desktop using-image\"  style=\"background-image: url(https:\/\/i0.wp.com\/mezonlogistics.com\/wp-content\/uploads\/2025\/10\/seaport_containers-scaled.jpeg?fit=2560%2C1706&#038;ssl=1); background-position: center center; background-repeat: no-repeat; \"><\/div><\/div><div class=\"row-bg-overlay row-bg-layer\" style=\"background: #000000; background: linear-gradient(90deg,#000000 10%,rgba(255,255,255,0.001) 75%);  opacity: 0.8; background: #000000; background: linear-gradient(90deg,#000000 0%,rgba(255,255,255,0.001) 100%);  opacity: 0.8; \"><\/div><\/div><div class=\"row_col_wrap_12 col span_12 light left\">\n\t<div style=\"margin-top: 5%; \" class=\"vc_col-sm-8 wpb_column column_container vc_column_container col no-extra-padding inherit_tablet inherit_phone\"  data-padding-pos=\"all\" data-has-bg-color=\"false\" data-bg-color=\"\" data-bg-opacity=\"1\" data-animation=\"\" data-delay=\"0\" >\n\t\t<div class=\"vc_column-inner\" >\n\t\t\t<div class=\"wpb_wrapper\">\n\t\t\t\t<div class=\"nectar-split-heading  font_size_4vw\" data-align=\"default\" data-m-align=\"inherit\" data-text-effect=\"letter-reveal-bottom\" data-animation-type=\"line-reveal-by-space\" data-animation-delay=\"0\" data-animation-offset=\"\" data-m-rm-animation=\"\" data-stagger=\"\" data-custom-font-size=\"true\" style=\"font-size: 4.5vw; line-height: 4.95vw;\"><h1 style=\" color: #FFFFFF;\">\u5916\u8d38\u548c\u4f9b\u5e94\u94fe\u54a8\u8be2<\/h1><\/div>\n\t\t\t<\/div> \n\t\t<\/div>\n\t<\/div> \n\n\t<div  class=\"vc_col-sm-4 wpb_column column_container vc_column_container col no-extra-padding inherit_tablet inherit_phone\"  data-padding-pos=\"all\" data-has-bg-color=\"false\" data-bg-color=\"\" data-bg-opacity=\"1\" data-animation=\"\" data-delay=\"0\" >\n\t\t<div class=\"vc_column-inner\" >\n\t\t\t<div class=\"wpb_wrapper\">\n\t\t\t\t\n\t\t\t<\/div> \n\t\t<\/div>\n\t<\/div> \n<\/div><\/div>\n\t\t<div id=\"fws_69ee389260d76\"  data-column-margin=\"default\" data-midnight=\"dark\"  class=\"wpb_row vc_row-fluid vc_row\"  style=\"padding-top: 100px; padding-bottom: 0px; \"><div class=\"row-bg-wrap\" data-bg-animation=\"none\" data-bg-animation-delay=\"\" data-bg-overlay=\"false\"><div class=\"inner-wrap row-bg-layer\" ><div class=\"row-bg viewport-desktop\"  style=\"\"><\/div><\/div><\/div><div class=\"row_col_wrap_12 col span_12 dark left\">\n\t<div  class=\"vc_col-sm-12 wpb_column column_container vc_column_container col no-extra-padding inherit_tablet inherit_phone\"  data-padding-pos=\"all\" data-has-bg-color=\"false\" data-bg-color=\"\" data-bg-opacity=\"1\" data-animation=\"\" data-delay=\"0\" >\n\t\t<div class=\"vc_column-inner\" >\n\t\t\t<div class=\"wpb_wrapper\">\n\t\t\t\t<div class=\"nectar-split-heading  font_size_1vw\" data-align=\"default\" data-m-align=\"inherit\" data-text-effect=\"letter-reveal-bottom\" data-animation-type=\"line-reveal-by-space\" data-animation-delay=\"0\" data-animation-offset=\"\" data-m-rm-animation=\"\" data-stagger=\"\" data-custom-font-size=\"true\" style=\"font-size: 1.7vw; line-height: 1.87vw;\"><h4 style=\" color: #55565a;\">\u4e3a\u5168\u7403\u4f01\u4e1a\u63d0\u4f9b\u7aef\u5230\u7aef\u54a8\u8be2\uff0c\u5305\u62ec\u76d1\u7ba1\u5408\u89c4\u3001\u7a0e\u52a1\u4f18\u5316\u548c\u8d38\u6613\u8def\u7ebf\u89c4\u5212\u3002.<\/h4><\/div>\n<div class=\"wpb_text_column wpb_content_element  vc_custom_1760889889891\" >\n\t<div class=\"wpb_row vc_row vc_row-fluid mk-fullwidth-false attched-false vc_custom_1650856733808 js-master-row mk-grid mk-in-viewport\" data-mk-stretch-content=\"true\">\n<div class=\"vc_col-sm-12 wpb_column column_container _ height-full\">\n<div class=\"vc_custom_1740574413666\">\n<div id=\"text-block-13\" class=\"mk-text-block\">\n<div id=\"text-block-8\" class=\"mk-text-block\">\n<div id=\"text-block-17\" class=\"mk-text-block\">\n<div class=\"wpb_text_column wpb_content_element vc_custom_1708905093456\">\n<div class=\"wpb_wrapper\">\n<p>Mezon \u516c\u53f8\u62e5\u6709\u5916\u8d38\u77e5\u8bc6\u548c\u884c\u4e1a\u7ecf\u9a8c\u4e30\u5bcc\u7684\u4e13\u4e1a\u4eba\u5458\uff0c\u80fd\u591f\u4e3a\u5ba2\u6237\u7684\u5916\u8d38\u7533\u8bf7\u95ee\u9898\u63d0\u4f9b\u5408\u7406\u7684\u89e3\u51b3\u65b9\u6848\uff0c\u5e76\u4ee5\u6c38\u4e45\u6027\u7684\u65b9\u5f0f\u8fdb\u884c\u89c4\u5212\uff0c\u5c06\u5ba2\u6237\u7684\u98ce\u9669\u964d\u81f3\u6700\u4f4e\u3002.<\/p>\n<p>\u8fb9\u5883\u8d39\u7528\u3001\u5c0f\u65f6\u8d39\u7528\u4ee5\u53ca\u56e0\u56fd\u5bb6\u800c\u5f02\u7684\u8d39\u7528\u4f7f\u5f97\u5916\u8d38\u6210\u672c\u9ad8\u4e8e\u56fd\u5185\u8d38\u6613\u3002\u6b64\u65f6\uff0cMezon \u4f5c\u4e3a\u7406\u60f3\u7684\u5916\u8d38\u5408\u4f5c\u4f19\u4f34\uff0c\u65e8\u5728\u901a\u8fc7\u5176\u5168\u7403\u5408\u4f5c\u4f19\u4f34\u548c\u7ecf\u9a8c\u4e30\u5bcc\u7684\u5458\u5de5\uff0c\u4ee5\u6700\u4f4e\u7684\u6210\u672c\u63d0\u4f9b\u9ad8\u9644\u52a0\u503c\u3001\u91cf\u8eab\u5b9a\u5236\u7684\u5916\u8d38\u670d\u52a1\u3002\u5728\u5145\u6ee1\u98ce\u9669\u7684\u6d77\u5173\u548c\u5916\u8d38\u73af\u5883\u4e2d\uff0cMezon \u4e0e\u5ba2\u6237\u901a\u529b\u5408\u4f5c\u3002.<\/p>\n<p>\u901a\u8fc7 Mezon \u7684\u54a8\u8be2\uff0c\u5ba2\u6237\u53ef\u4ee5\u6beb\u4e0d\u72b9\u8c6b\u5730\u8fdb\u5165\u65b0\u5e02\u573a\u3002\u4e0e Mezon \u5408\u4f5c\u7684\u4f18\u52bf\u5305\u62ec\uff1a\u901a\u8fc7\u8ba1\u7b97\u5916\u8d38\u6210\u672c\u786e\u4fdd\u751f\u4ea7\u7387\u7684\u63d0\u9ad8\uff1b\u786e\u4fdd\u9ad8\u6548\u7ba1\u7406\u5916\u8d38\u5404\u65b9\u4e4b\u95f4\u7684\u6c9f\u901a\uff1b\u6839\u636e\u5fc5\u8981\u7684\u6cd5\u5f8b\u91c7\u53d6\u884c\u52a8\uff1b\u5fc5\u8981\u65f6\u8c03\u6574\u5ba2\u6237\u7684\u7cfb\u7edf\uff1b\u6709\u6548\u6267\u884c\u5916\u8d38\u4e1a\u52a1\u3002.\n<\/p><\/div>\n<\/div>\n<\/div>\n<\/div>\n<\/div>\n<\/div>\n<\/div>\n<\/div>\n<\/div>\n\n\n\n\n<div class=\"wpb_text_column wpb_content_element  vc_custom_1760889990628\" >\n\t<ul class=\"mezon-liste\">\n<li>\u4e13\u4e1a\u56e2\u961f\u5728\u56fd\u9645\u8d38\u6613\u7acb\u6cd5\u3001\u6d77\u5173\u6d41\u7a0b\u548c\u4f9b\u5e94\u94fe\u6218\u7565\u65b9\u9762\u62e5\u6709\u6df1\u539a\u7684\u4e13\u4e1a\u77e5\u8bc6\u3002.<\/li>\n<li>\u91cf\u8eab\u5b9a\u5236\u7269\u6d41\u548c\u8d38\u6613\u89e3\u51b3\u65b9\u6848\uff0c\u4f18\u5316\u8fdb\u51fa\u53e3\u4e1a\u52a1\uff0c\u964d\u4f4e\u98ce\u9669\uff0c\u5b9e\u73b0\u6548\u7387\u6700\u5927\u5316\u3002.<\/li>\n<li>\u4e3a\u5168\u7403\u4f01\u4e1a\u63d0\u4f9b\u7aef\u5230\u7aef\u54a8\u8be2\uff0c\u5305\u62ec\u76d1\u7ba1\u5408\u89c4\u3001\u7a0e\u52a1\u4f18\u5316\u548c\u8d38\u6613\u8def\u7ebf\u89c4\u5212\u3002.<\/li>\n<li>\u5728\u7ba1\u7406\u590d\u6742\u7684\u8d38\u6613\u573a\u666f\u548c\u4e3a\u8de8\u56fd\u8fd0\u8425\u5efa\u7acb\u53ef\u6269\u5c55\u7684\u9ad8\u6548\u4f9b\u5e94\u94fe\u6a21\u578b\u65b9\u9762\u62e5\u6709\u4e30\u5bcc\u7ecf\u9a8c\u3002.<\/li>\n<\/ul>\n<\/div>\n\n\n\n\n\t\t\t<\/div> \n\t\t<\/div>\n\t<\/div> \n<\/div><\/div>\n\t\t<div id=\"fws_69ee389261e6c\"  data-column-margin=\"default\" data-midnight=\"light\"  class=\"wpb_row vc_row-fluid vc_row full-width-section vc_row-o-equal-height vc_row-flex vc_row-o-content-middle\"  style=\"padding-top: 80px; padding-bottom: 80px; \"><div class=\"row-bg-wrap\" data-bg-animation=\"zoom-out-slow\" data-bg-animation-delay=\"\" data-bg-overlay=\"true\"><div class=\"inner-wrap row-bg-layer using-image\" ><div class=\"row-bg viewport-desktop using-image using-bg-color\"  style=\"background-image: url(https:\/\/i0.wp.com\/mezonlogistics.com\/wp-content\/uploads\/2025\/10\/seaport_containers-scaled.jpeg?fit=2560%2C1706&#038;ssl=1); background-position: center center; background-repeat: no-repeat; background-color: #ffffff; \"><\/div><\/div><div class=\"row-bg-overlay row-bg-layer\" style=\"background-color:#282828;  opacity: 0.8; \"><\/div><\/div><div class=\"nectar-shape-divider-wrap no-color\" style=\" height:50px;\"  data-height=\"50\" data-front=\"\" data-style=\"tilt\" data-position=\"top\" ><svg class=\"nectar-shape-divider\" aria-hidden=\"true\" fill=\"\" xmlns=\"http:\/\/www.w3.org\/2000\/svg\" viewbox=\"0 0 100 10\" preserveaspectratio=\"none\"> <polygon points=\"104 10 0 0 0 10\"><\/polygon> <\/svg><\/div><div class=\"row_col_wrap_12 col span_12 light left\">\n\t<div  class=\"vc_col-sm-8 wpb_column column_container vc_column_container col no-extra-padding force-tablet-text-align-center force-phone-text-align-center inherit_tablet inherit_phone\"  data-padding-pos=\"all\" data-has-bg-color=\"false\" data-bg-color=\"\" data-bg-opacity=\"1\" data-animation=\"\" data-delay=\"0\" >\n\t\t<div class=\"vc_column-inner\" >\n\t\t\t<div class=\"wpb_wrapper\">\n\t\t\t\t<div class=\"nectar-highlighted-text\" data-style=\"half_text\" data-exp=\"default\" data-using-custom-color=\"true\" data-animation-delay=\"false\" data-color=\"#ff1053\" data-color-gradient=\"\" style=\"\"><h2>\u9ad8\u6807\u51c6<br \/>\n<strong>\u5916\u8d38\u548c\u4f9b\u5e94\u94fe\u54a8\u8be2<\/strong><\/h2>\n<\/div>\n<div class=\"wpb_text_column wpb_content_element  vc_custom_1760888777375\" >\n\t<div class=\"wpb_text_column wpb_content_element\">\n<div class=\"wpb_wrapper\">\n<p>\u83b7\u53d6 Mezon \u9ad8\u6807\u51c6\u670d\u52a1\u8d28\u91cf\u7684\u62a5\u4ef7\u3002.\n<\/p><\/div>\n<\/div>\n<\/div>\n\n\n\n\n\t\t\t<\/div> \n\t\t<\/div>\n\t<\/div> \n\n\t<div  class=\"vc_col-sm-4 wpb_column column_container vc_column_container col no-extra-padding force-tablet-text-align-center force-phone-text-align-center inherit_tablet inherit_phone\"  data-padding-pos=\"all\" data-has-bg-color=\"false\" data-bg-color=\"\" data-bg-opacity=\"1\" data-animation=\"\" data-delay=\"0\" >\n\t\t<div class=\"vc_column-inner\" >\n\t\t\t<div class=\"wpb_wrapper\">\n\t\t\t\t<div id=\"fws_69ee389263034\" data-midnight=\"\" data-column-margin=\"default\" class=\"wpb_row vc_row-fluid vc_row inner_row\"  style=\"\"><div class=\"row-bg-wrap\"> <div class=\"row-bg\" ><\/div> <\/div><div class=\"row_col_wrap_12_inner col span_12  right\">\n\t<div  class=\"vc_col-sm-12 wpb_column column_container vc_column_container col child_column no-extra-padding inherit_tablet inherit_phone\"   data-padding-pos=\"all\" data-has-bg-color=\"false\" data-bg-color=\"\" data-bg-opacity=\"1\" data-animation=\"\" data-delay=\"0\" >\n\t\t<div class=\"vc_column-inner\" >\n\t\t<div class=\"wpb_wrapper\">\n\t\t\t<a class=\"nectar-button jumbo see-through-2  has-icon wpb_animate_when_almost_visible wpb_lightSpeedIn lightSpeedIn\"  role=\"button\" style=\"margin-top: 50px; border-color: #ffffff; color: #ffffff;\"  href=\"https:\/\/mezonlogistics.com\/zh\/\u670d\u52a1\u8bf7\u6c42\/\" data-color-override=\"#ffffff\"  data-hover-color-override=\"#ffffff\" data-hover-text-color-override=\"#000000\"><span>\u83b7\u53d6\u4f18\u60e0<\/span><i  class=\"icon-button-arrow\"><\/i><\/a>\n\t\t<\/div> \n\t<\/div>\n\t<\/div> \n<\/div><\/div>\n\t\t\t<\/div> \n\t\t<\/div>\n\t<\/div> \n<\/div><\/div>","protected":false},"excerpt":{"rendered":"D\u0131\u015f Ticaret ve Tedarik Zinciri Dan\u0131\u015fmanl\u0131\u011f\u0131 K\u00fcresel i\u015fletmeler i\u00e7in mevzuata uyum, vergi optimizasyonu ve ticaret rotas\u0131 planlamas\u0131n\u0131 kapsayan u\u00e7tan uca dan\u0131\u015fmanl\u0131k. D\u0131\u015f ticaretteki bilgi ve sekt\u00f6r birikimine sahip uzman kadrosuyla...","protected":false},"author":1,"featured_media":0,"parent":0,"menu_order":0,"comment_status":"closed","ping_status":"closed","template":"","meta":{"inline_featured_image":false,"footnotes":""},"class_list":["post-69876","page","type-page","status-publish"],"yoast_head":"<!-- This site is optimized with the Yoast SEO Premium plugin v25.6 (Yoast SEO v27.3) - https:\/\/yoast.com\/product\/yoast-seo-premium-wordpress\/ -->\n<title>D\u0131\u015f Ticaret ve Tedarik Zinciri Dan\u0131\u015fmanl\u0131\u011f\u0131 - Mezon Lojistik<\/title>\n<meta name=\"robots\" content=\"index, follow, max-snippet:-1, max-image-preview:large, max-video-preview:-1\" \/>\n<link rel=\"canonical\" href=\"https:\/\/mezonlogistics.com\/zh\/\u5916\u8d38\u548c\u4f9b\u5e94\u94fe\/\" \/>\n<meta property=\"og:locale\" content=\"zh_CN\" \/>\n<meta property=\"og:type\" content=\"article\" \/>\n<meta property=\"og:title\" content=\"D\u0131\u015f Ticaret ve Tedarik Zinciri Dan\u0131\u015fmanl\u0131\u011f\u0131\" \/>\n<meta property=\"og:url\" content=\"https:\/\/mezonlogistics.com\/zh\/\u5916\u8d38\u548c\u4f9b\u5e94\u94fe\/\" \/>\n<meta property=\"og:site_name\" content=\"Mezon Lojistik\" \/>\n<meta property=\"article:modified_time\" content=\"2025-10-23T11:37:22+00:00\" \/>\n<meta name=\"twitter:card\" content=\"summary_large_image\" \/>\n<meta name=\"twitter:label1\" content=\"\u9884\u8ba1\u9605\u8bfb\u65f6\u95f4\" \/>\n\t<meta name=\"twitter:data1\" content=\"2 \u5206\" \/>\n<script type=\"application\/ld+json\" class=\"yoast-schema-graph\">{\"@context\":\"https:\\\/\\\/schema.org\",\"@graph\":[{\"@type\":\"WebPage\",\"@id\":\"https:\\\/\\\/mezonlogistics.com\\\/dis-ticaret-ve-tedarik-zinciri\\\/\",\"url\":\"https:\\\/\\\/mezonlogistics.com\\\/dis-ticaret-ve-tedarik-zinciri\\\/\",\"name\":\"D\u0131\u015f Ticaret ve Tedarik Zinciri Dan\u0131\u015fmanl\u0131\u011f\u0131 - Mezon Lojistik\",\"isPartOf\":{\"@id\":\"\\\/#website\"},\"datePublished\":\"2025-03-06T13:12:57+00:00\",\"dateModified\":\"2025-10-23T11:37:22+00:00\",\"breadcrumb\":{\"@id\":\"https:\\\/\\\/mezonlogistics.com\\\/dis-ticaret-ve-tedarik-zinciri\\\/#breadcrumb\"},\"inLanguage\":\"zh-Hans\",\"potentialAction\":[{\"@type\":\"ReadAction\",\"target\":[\"https:\\\/\\\/mezonlogistics.com\\\/dis-ticaret-ve-tedarik-zinciri\\\/\"]}]},{\"@type\":\"BreadcrumbList\",\"@id\":\"https:\\\/\\\/mezonlogistics.com\\\/dis-ticaret-ve-tedarik-zinciri\\\/#breadcrumb\",\"itemListElement\":[{\"@type\":\"ListItem\",\"position\":1,\"name\":\"Home\",\"item\":\"https:\\\/\\\/mezonlogistics.com\\\/\"},{\"@type\":\"ListItem\",\"position\":2,\"name\":\"D\u0131\u015f Ticaret ve Tedarik Zinciri Dan\u0131\u015fmanl\u0131\u011f\u0131\"}]},{\"@type\":\"WebSite\",\"@id\":\"\\\/#website\",\"url\":\"\\\/\",\"name\":\"Mezon Lojistik\",\"description\":\"Connecting Continents Empowering Trade.\",\"publisher\":{\"@id\":\"\\\/#organization\"},\"potentialAction\":[{\"@type\":\"SearchAction\",\"target\":{\"@type\":\"EntryPoint\",\"urlTemplate\":\"\\\/?s={search_term_string}\"},\"query-input\":{\"@type\":\"PropertyValueSpecification\",\"valueRequired\":true,\"valueName\":\"search_term_string\"}}],\"inLanguage\":\"zh-Hans\"},{\"@type\":\"Organization\",\"@id\":\"\\\/#organization\",\"name\":\"Mezon Lojistik\",\"alternateName\":\"Mezon\",\"url\":\"\\\/\",\"logo\":{\"@type\":\"ImageObject\",\"inLanguage\":\"zh-Hans\",\"@id\":\"\\\/#\\\/schema\\\/logo\\\/image\\\/\",\"url\":\"https:\\\/\\\/i0.wp.com\\\/mezonlogistics.com\\\/wp-content\\\/uploads\\\/2025\\\/11\\\/mezon_logo_rv.png?fit=2425%2C1016&ssl=1\",\"contentUrl\":\"https:\\\/\\\/i0.wp.com\\\/mezonlogistics.com\\\/wp-content\\\/uploads\\\/2025\\\/11\\\/mezon_logo_rv.png?fit=2425%2C1016&ssl=1\",\"width\":2425,\"height\":1016,\"caption\":\"Mezon Lojistik\"},\"image\":{\"@id\":\"\\\/#\\\/schema\\\/logo\\\/image\\\/\"},\"email\":\"info@mezonlogistics.com\",\"telephone\":\"+90 216 501 0220\",\"legalName\":\"Mezon Lojistik A.\u015e.\",\"foundingDate\":\"1990-01-19\",\"vatID\":\"6201161310\",\"taxID\":\"6201161310\",\"numberOfEmployees\":{\"@type\":\"QuantitativeValue\",\"minValue\":\"5001\",\"maxValue\":\"10000\"}}]}<\/script>\n<!-- \/ Yoast SEO Premium plugin. -->","yoast_head_json":{"title":"\u5916\u8d38\u548c\u4f9b\u5e94\u94fe\u54a8\u8be2 - Mezon Logistics","robots":{"index":"index","follow":"follow","max-snippet":"max-snippet:-1","max-image-preview":"max-image-preview:large","max-video-preview":"max-video-preview:-1"},"canonical":"https:\/\/mezonlogistics.com\/zh\/\u5916\u8d38\u548c\u4f9b\u5e94\u94fe\/","og_locale":"zh_CN","og_type":"article","og_title":"D\u0131\u015f Ticaret ve Tedarik Zinciri Dan\u0131\u015fmanl\u0131\u011f\u0131","og_url":"https:\/\/mezonlogistics.com\/zh\/\u5916\u8d38\u548c\u4f9b\u5e94\u94fe\/","og_site_name":"Mezon Lojistik","article_modified_time":"2025-10-23T11:37:22+00:00","twitter_card":"summary_large_image","twitter_misc":{"\u9884\u8ba1\u9605\u8bfb\u65f6\u95f4":"2 \u5206"},"schema":{"@context":"https:\/\/schema.org","@graph":[{"@type":"WebPage","@id":"https:\/\/mezonlogistics.com\/dis-ticaret-ve-tedarik-zinciri\/","url":"https:\/\/mezonlogistics.com\/dis-ticaret-ve-tedarik-zinciri\/","name":"\u5916\u8d38\u548c\u4f9b\u5e94\u94fe\u54a8\u8be2 - Mezon Logistics","isPartOf":{"@id":"\/#website"},"datePublished":"2025-03-06T13:12:57+00:00","dateModified":"2025-10-23T11:37:22+00:00","breadcrumb":{"@id":"https:\/\/mezonlogistics.com\/dis-ticaret-ve-tedarik-zinciri\/#breadcrumb"},"inLanguage":"zh-Hans","potentialAction":[{"@type":"ReadAction","target":["https:\/\/mezonlogistics.com\/dis-ticaret-ve-tedarik-zinciri\/"]}]},{"@type":"BreadcrumbList","@id":"https:\/\/mezonlogistics.com\/dis-ticaret-ve-tedarik-zinciri\/#breadcrumb","itemListElement":[{"@type":"ListItem","position":1,"name":"Home","item":"https:\/\/mezonlogistics.com\/"},{"@type":"ListItem","position":2,"name":"D\u0131\u015f Ticaret ve Tedarik Zinciri Dan\u0131\u015fmanl\u0131\u011f\u0131"}]},{"@type":"WebSite","@id":"\/#website","url":"\/","name":"Mezon \u7269\u6d41\u516c\u53f8","description":"\u8fde\u63a5\u5404\u5927\u6d32 \u589e\u5f3a\u8d38\u6613\u80fd\u529b.","publisher":{"@id":"\/#organization"},"potentialAction":[{"@type":"SearchAction","target":{"@type":"EntryPoint","urlTemplate":"\/?s={search_term_string}"},"query-input":{"@type":"PropertyValueSpecification","valueRequired":true,"valueName":"search_term_string"}}],"inLanguage":"zh-Hans"},{"@type":"Organization","@id":"\/#organization","name":"Mezon \u7269\u6d41\u516c\u53f8","alternateName":"Mezon","url":"\/","logo":{"@type":"ImageObject","inLanguage":"zh-Hans","@id":"\/#\/schema\/logo\/image\/","url":"https:\/\/i0.wp.com\/mezonlogistics.com\/wp-content\/uploads\/2025\/11\/mezon_logo_rv.png?fit=2425%2C1016&ssl=1","contentUrl":"https:\/\/i0.wp.com\/mezonlogistics.com\/wp-content\/uploads\/2025\/11\/mezon_logo_rv.png?fit=2425%2C1016&ssl=1","width":2425,"height":1016,"caption":"Mezon Lojistik"},"image":{"@id":"\/#\/schema\/logo\/image\/"},"email":"info@mezonlogistics.com","telephone":"+90 216 501 0220","legalName":"Mezon Lojistik A.\u015e.","foundingDate":"1990-01-19","vatID":"6201161310","taxID":"6201161310","numberOfEmployees":{"@type":"QuantitativeValue","minValue":"5001","maxValue":"10000"}}]}},"jetpack_sharing_enabled":true,"_links":{"self":[{"href":"https:\/\/mezonlogistics.com\/zh\/wp-json\/wp\/v2\/pages\/69876","targetHints":{"allow":["GET"]}}],"collection":[{"href":"https:\/\/mezonlogistics.com\/zh\/wp-json\/wp\/v2\/pages"}],"about":[{"href":"https:\/\/mezonlogistics.com\/zh\/wp-json\/wp\/v2\/types\/page"}],"author":[{"embeddable":true,"href":"https:\/\/mezonlogistics.com\/zh\/wp-json\/wp\/v2\/users\/1"}],"replies":[{"embeddable":true,"href":"https:\/\/mezonlogistics.com\/zh\/wp-json\/wp\/v2\/comments?post=69876"}],"version-history":[{"count":31,"href":"https:\/\/mezonlogistics.com\/zh\/wp-json\/wp\/v2\/pages\/69876\/revisions"}],"predecessor-version":[{"id":75827,"href":"https:\/\/mezonlogistics.com\/zh\/wp-json\/wp\/v2\/pages\/69876\/revisions\/75827"}],"wp:attachment":[{"href":"https:\/\/mezonlogistics.com\/zh\/wp-json\/wp\/v2\/media?parent=69876"}],"curies":[{"name":"wp","href":"https:\/\/api.w.org\/{rel}","templated":true}]}}