{"id":71302,"date":"2025-04-08T10:33:40","date_gmt":"2025-04-08T07:33:40","guid":{"rendered":"https:\/\/ekol.dev\/?page_id=71302"},"modified":"2025-10-19T20:15:36","modified_gmt":"2025-10-19T17:15:36","slug":"gumrukleme","status":"publish","type":"page","link":"https:\/\/mezonlogistics.com\/zh\/\u6e05\u5173\/","title":{"rendered":"\u6e05\u5173"},"content":{"rendered":"<div id=\"saglik-lojistigi\"  data-column-margin=\"default\" data-midnight=\"light\"  class=\"wpb_row vc_row-fluid vc_row full-width-section\"  style=\"padding-top: 150px; padding-bottom: 150px; \"><div class=\"row-bg-wrap\" data-bg-animation=\"none\" data-bg-animation-delay=\"\" data-bg-overlay=\"true\"><div class=\"inner-wrap row-bg-layer using-image\" ><div class=\"row-bg viewport-desktop using-image\"  style=\"background-image: url(https:\/\/i0.wp.com\/mezonlogistics.com\/wp-content\/uploads\/2025\/10\/gumrukleme_sef_ph_mzn.webp?fit=1264%2C711&#038;ssl=1); background-position: center center; background-repeat: no-repeat; \"><\/div><\/div><div class=\"row-bg-overlay row-bg-layer\" style=\"background: #000000; background: linear-gradient(90deg,#000000 10%,rgba(255,255,255,0.001) 75%);  opacity: 0.8; background: #000000; background: linear-gradient(90deg,#000000 0%,rgba(255,255,255,0.001) 100%);  opacity: 0.8; \"><\/div><\/div><div class=\"row_col_wrap_12 col span_12 light left\">\n\t<div style=\"margin-top: 3%; \" class=\"vc_col-sm-6 wpb_column column_container vc_column_container col no-extra-padding top_margin_phone_0px inherit_tablet inherit_phone\"  data-padding-pos=\"all\" data-has-bg-color=\"false\" data-bg-color=\"\" data-bg-opacity=\"1\" data-animation=\"\" data-delay=\"0\" >\n\t\t<div class=\"vc_column-inner\" >\n\t\t\t<div class=\"wpb_wrapper\">\n\t\t\t\t<div class=\"nectar-split-heading  font_size_4vw\" data-align=\"default\" data-m-align=\"inherit\" data-text-effect=\"letter-reveal-bottom\" data-animation-type=\"line-reveal-by-space\" data-animation-delay=\"0\" data-animation-offset=\"\" data-m-rm-animation=\"\" data-stagger=\"\" data-custom-font-size=\"true\" style=\"font-size: 4.5vw; line-height: 4.95vw;\"><h1 style=\" color: #FFFFFF;\">\u6e05\u5173<\/h1><\/div>\n\t\t\t<\/div> \n\t\t<\/div>\n\t<\/div> \n\n\t<div  class=\"vc_col-sm-6 wpb_column column_container vc_column_container col no-extra-padding inherit_tablet inherit_phone\"  data-padding-pos=\"all\" data-has-bg-color=\"false\" data-bg-color=\"\" data-bg-opacity=\"1\" data-animation=\"\" data-delay=\"0\" >\n\t\t<div class=\"vc_column-inner\" >\n\t\t\t<div class=\"wpb_wrapper\">\n\t\t\t\t\n\t\t\t<\/div> \n\t\t<\/div>\n\t<\/div> \n<\/div><\/div>\n\t\t<div id=\"ulusal-dagitim\"  data-column-margin=\"default\" data-midnight=\"dark\"  class=\"wpb_row vc_row-fluid vc_row\"  style=\"padding-top: 100px; padding-bottom: 0px; \"><div class=\"row-bg-wrap\" data-bg-animation=\"none\" data-bg-animation-delay=\"\" data-bg-overlay=\"false\"><div class=\"inner-wrap row-bg-layer\" ><div class=\"row-bg viewport-desktop\"  style=\"\"><\/div><\/div><\/div><div class=\"row_col_wrap_12 col span_12 dark left\">\n\t<div  class=\"vc_col-sm-12 wpb_column column_container vc_column_container col no-extra-padding inherit_tablet inherit_phone\"  data-padding-pos=\"all\" data-has-bg-color=\"false\" data-bg-color=\"\" data-bg-opacity=\"1\" data-animation=\"\" data-delay=\"0\" >\n\t\t<div class=\"vc_column-inner\" >\n\t\t\t<div class=\"wpb_wrapper\">\n\t\t\t\t<div class=\"nectar-split-heading  font_size_2vw\" data-align=\"default\" data-m-align=\"inherit\" data-text-effect=\"letter-reveal-bottom\" data-animation-type=\"line-reveal-by-space\" data-animation-delay=\"0\" data-animation-offset=\"\" data-m-rm-animation=\"\" data-stagger=\"\" data-custom-font-size=\"true\" style=\"font-size: 2.5vw; line-height: 2.75vw;\"><h1 style=\" color: #55565a;\">Mezon \u4e3a\u5ba2\u6237\u63d0\u4f9b\u9ad8\u6c34\u5e73\u7684\u6e05\u5173\u54a8\u8be2\u670d\u52a1<\/h1><\/div>\n<div class=\"wpb_text_column wpb_content_element  vc_custom_1760894119084\" >\n\t<ul class=\"mezon-liste\">\n<li>\u5168\u9762\u7684\u62a5\u5173\u548c\u6e05\u5173\u670d\u52a1\uff0c\u786e\u4fdd\u987a\u5229\u3001\u5feb\u901f\u5730\u8fc7\u5883\u3002.<\/li>\n<li data-start=\"112\" data-end=\"241\">\n<p data-start=\"114\" data-end=\"241\">\u7cbe\u901a\u56fd\u9645\u8d38\u6613\u7acb\u6cd5\uff1b\u6709\u80fd\u529b\u6700\u5927\u9650\u5ea6\u5730\u51cf\u5c11\u5b98\u50da\u5ef6\u8bef\uff0c\u4f18\u5316\u6d77\u5173\u6d41\u7a0b\u3002.<\/p>\n<\/li>\n<li data-start=\"242\" data-end=\"372\">\n<p data-start=\"244\" data-end=\"372\">\u4e0e\u6d77\u5173\u5f53\u5c40\u5efa\u7acb\u4e86\u7262\u56fa\u7684\u5173\u7cfb\uff0c\u4f7f\u6211\u4eec\u80fd\u591f\u4e3a\u5168\u7403\u4e3b\u8981\u5e02\u573a\u7684\u5408\u89c4\u6027\u5236\u5b9a\u79ef\u6781\u4e3b\u52a8\u7684\u89e3\u51b3\u65b9\u6848\u3002.<\/p>\n<\/li>\n<li data-start=\"242\" data-end=\"372\">\n<p data-start=\"244\" data-end=\"372\">\u4e0e\u6211\u4eec\u7684\u8fd0\u8f93\u670d\u52a1\u65e0\u7f1d\u6574\u5408\uff1b\u4ece\u8d77\u70b9\u5230\u6700\u7ec8\u76ee\u7684\u5730\u7684\u7269\u6d41\u987a\u7545\u65e0\u963b\u3002.<\/p>\n<div class=\"text-base my-auto mx-auto pb-10 &#091;--thread-content-margin:--spacing(4)&#093; thread-sm:&#091;--thread-content-margin:--spacing(6)&#093; thread-lg:&#091;--thread-content-margin:--spacing(16)&#093; px-(--thread-content-margin)\">\n<div class=\"&#091;--thread-content-max-width:40rem&#093; thread-lg:&#091;--thread-content-max-width:48rem&#093; mx-auto max-w-(--thread-content-max-width) flex-1 group\/turn-messages focus-visible:outline-hidden relative flex w-full min-w-0 flex-col agent-turn\" tabindex=\"-1\">\n<div class=\"flex max-w-full flex-col grow\">\n<div class=\"min-h-8 text-message relative flex w-full flex-col items-end gap-2 text-start break-words whitespace-normal &#091;.text-message+&amp;&#093;:mt-1\" dir=\"auto\" data-message-author-role=\"assistant\" data-message-id=\"4219f06c-c38e-42aa-91c5-c0d4a2621c7b\" data-message-model-slug=\"gpt-5-thinking\">\n<div class=\"flex w-full flex-col gap-1 empty:hidden first:pt-&#091;1px&#093;\">\n<div class=\"markdown prose dark:prose-invert w-full break-words dark markdown-new-styling\"><\/div>\n<\/div>\n<\/div>\n<\/div>\n<\/div>\n<\/div>\n<\/li>\n<\/ul>\n<\/div>\n\n\n\n\n<div class=\"wpb_text_column wpb_content_element  vc_custom_1760893541192\" >\n\t<div class=\"wpb_row vc_row vc_row-fluid mk-fullwidth-false attched-false vc_custom_1650856733808 js-master-row mk-grid mk-in-viewport\" data-mk-stretch-content=\"true\">\n<div class=\"vc_col-sm-12 wpb_column column_container _ height-full\">\n<div class=\"vc_custom_1740574413666\">\n<div id=\"text-block-13\" class=\"mk-text-block\">\n<div id=\"text-block-8\" class=\"mk-text-block\">\n<p>Mezon \u6839\u636e\u5ba2\u6237\u7684\u6e05\u5173\u9700\u6c42\u4e3a\u5176\u63d0\u4f9b\u6700\u5408\u9002\u7684\u89e3\u51b3\u65b9\u6848\u3002Mezon \u5728\u6e05\u5173\u670d\u52a1\u8303\u56f4\u5185\u63d0\u4f9b\u7684\u89e3\u51b3\u65b9\u6848\u5305\u62ec\u8ddf\u8e2a\u8bb8\u53ef\u6587\u4ef6\u548c\u5916\u8d38\u54a8\u8be2\u3001\u5916\u5305\u3001\u9ad8\u7ea7\u62a5\u544a\u7b49\u670d\u52a1\u3002.<\/p>\n<\/div>\n<\/div>\n<\/div>\n<\/div>\n<\/div>\n<\/div>\n\n\n\n<div class=\"nectar-split-heading  font_size_1vw\" data-align=\"default\" data-m-align=\"inherit\" data-text-effect=\"letter-reveal-bottom\" data-animation-type=\"line-reveal-by-space\" data-animation-delay=\"0\" data-animation-offset=\"\" data-m-rm-animation=\"\" data-stagger=\"\" data-custom-font-size=\"true\" style=\"font-size: 1.7vw; line-height: 1.87vw;\"><h3 style=\" color: #55565a;\">\u8bb8\u53ef\u8bc1\u4ef6\u548c\u5916\u8d38\u54a8\u8be2<\/h3><\/div>\n<div class=\"wpb_text_column wpb_content_element  vc_custom_1760893620724\" >\n\t<div class=\"wpb_row vc_row vc_row-fluid mk-fullwidth-false attched-false vc_custom_1650856733808 js-master-row mk-grid mk-in-viewport\" data-mk-stretch-content=\"true\">\n<div class=\"vc_col-sm-12 wpb_column column_container _ height-full\">\n<div class=\"vc_custom_1740574413666\">\n<div id=\"text-block-13\" class=\"mk-text-block\">\n<div id=\"text-block-8\" class=\"mk-text-block\">\n<p>\u786e\u4fdd\u5b9e\u73b0\u5916\u8d38\u4ea4\u6613\u6240\u9700\u7684\u5404\u79cd\u8bb8\u53ef\u548c\u8bb8\u53ef\u8bc1\u5f97\u5230\u9075\u5b88\u548c\u6700\u7ec8\u786e\u5b9a\u3002.<\/p>\n<p>\u4ee5\u901a\u4fd7\u6613\u61c2\u7684\u65b9\u5f0f\u4f20\u9012\u6709\u5173\u4e0d\u65ad\u53d8\u5316\u7684\u7acb\u6cd5\u89c4\u5b9a\u548c\u505a\u6cd5\u7684\u5373\u65f6\u3001\u6700\u65b0\u4fe1\u606f\uff0c\u5e76\u4ee5\u7535\u5b50\u65b9\u5f0f\u5171\u4eab\u76f8\u5173\u7acb\u6cd5\u3002.<\/p>\n<\/div>\n<\/div>\n<\/div>\n<\/div>\n<\/div>\n<\/div>\n\n\n\n<div class=\"nectar-split-heading  font_size_1vw\" data-align=\"default\" data-m-align=\"inherit\" data-text-effect=\"letter-reveal-bottom\" data-animation-type=\"line-reveal-by-space\" data-animation-delay=\"0\" data-animation-offset=\"\" data-m-rm-animation=\"\" data-stagger=\"\" data-custom-font-size=\"true\" style=\"font-size: 1.7vw; line-height: 1.87vw;\"><h3 style=\" color: #55565a;\">\u5916\u5305<\/h3><\/div>\n<div class=\"wpb_text_column wpb_content_element  vc_custom_1760893693189\" >\n\t<div class=\"wpb_row vc_row vc_row-fluid mk-fullwidth-false attched-false vc_custom_1650856733808 js-master-row mk-grid mk-in-viewport\" data-mk-stretch-content=\"true\">\n<div class=\"vc_col-sm-12 wpb_column column_container _ height-full\">\n<div class=\"vc_custom_1740574413666\">\n<div id=\"text-block-13\" class=\"mk-text-block\">\n<div id=\"text-block-8\" class=\"mk-text-block\">\n<div class=\"wpb_text_column wpb_content_element vc_custom_1705581127457\">\n<div class=\"wpb_wrapper\">\n<p>\u5c06 Mezon \u7ecf\u9a8c\u4e30\u5bcc\u7684\u5458\u5de5\u6d3e\u9a7b\u5230\u5404\u516c\u53f8\u7684\u5916\u8d38\u90e8\u95e8\uff0c\u4e0d\u4ec5\u53ef\u4ee5\u786e\u4fdd\u5efa\u7acb\u6c9f\u901a\uff0c\u4ece\u800c\u4fdd\u8bc1\u5feb\u901f\u5b8c\u6210\u5916\u8d38\u4ea4\u6613\uff0c\u800c\u4e14\u8fd8\u53ef\u4ee5\u501f\u52a9\u56e2\u961f\u6210\u5458\u7684\u9ad8\u77e5\u8bc6\u6c34\u5e73\u4e3a\u540e\u7eed\u64cd\u4f5c\u521b\u9020\u673a\u4f1a\u3002.<\/p>\n<\/div>\n<\/div>\n<\/div>\n<\/div>\n<\/div>\n<\/div>\n<\/div>\n<\/div>\n\n\n\n<div class=\"nectar-split-heading  font_size_1vw\" data-align=\"default\" data-m-align=\"inherit\" data-text-effect=\"letter-reveal-bottom\" data-animation-type=\"line-reveal-by-space\" data-animation-delay=\"0\" data-animation-offset=\"\" data-m-rm-animation=\"\" data-stagger=\"\" data-custom-font-size=\"true\" style=\"font-size: 1.7vw; line-height: 1.87vw;\"><h3 style=\" color: #55565a;\">\u6d77\u5173\u901a\u5173\u6d41\u7a0b\u4e2d\u7684\u9ad8\u7ea7\u62a5\u544a\u7cfb\u7edf<\/h3><\/div>\n<div class=\"wpb_text_column wpb_content_element  vc_custom_1760893815748\" >\n\t<div class=\"wpb_row vc_row vc_row-fluid mk-fullwidth-false attched-false vc_custom_1650856733808 js-master-row mk-grid mk-in-viewport\" data-mk-stretch-content=\"true\">\n<div class=\"vc_col-sm-12 wpb_column column_container _ height-full\">\n<div class=\"vc_custom_1740574413666\">\n<div id=\"text-block-13\" class=\"mk-text-block\">\n<div id=\"text-block-8\" class=\"mk-text-block\">\n<div class=\"wpb_text_column wpb_content_element vc_custom_1705581127457\">\n<div class=\"wpb_wrapper\">\n<div class=\"wpb_text_column wpb_content_element vc_custom_1705581168429\">\n<div class=\"wpb_wrapper\">\n<p>\u51ed\u501f Mezon \u5148\u8fdb\u7684\u4fe1\u606f\u7cfb\u7edf\u6280\u672f\uff0c\u53ef\u6839\u636e\u5ba2\u6237\u5bf9\u6e05\u5173\u6d41\u7a0b\u7684\u5404\u79cd\u671f\u671b\u521b\u5efa\u7075\u6d3b\u7684\u62a5\u544a\u6a21\u5757\u3002\u95e8\u6237\u7f51\u7ad9\uff08quadronet\uff09\u662f Mezon \u4e3a\u5ba2\u6237\u63d0\u4f9b\u7684\u670d\u52a1\u4e4b\u4e00\uff0c\u5b83\u63d0\u4f9b\u5185\u90e8\u5f00\u53d1\u548c\u6301\u7eed\u6539\u8fdb\u3001\u6d77\u5173\u4e1a\u52a1\u7684\u53ef\u89c6\u6027\u548c\u900f\u660e\u5ea6\u3002\u5176\u4f18\u52bf\u5305\u62ec\u8ddf\u8e2a\u5f53\u524d\u64cd\u4f5c\u548c\u62a5\u5173\u72b6\u6001\u3001\u83b7\u53d6\u5404\u79cd\u62a5\u544a\u4ee5\u53ca\u6839\u636e\u7528\u6237\u8fdb\u884c\u5b9a\u5236\u7684\u53ef\u80fd\u6027\u3002.<\/p>\n<\/div>\n<\/div>\n<\/div>\n<\/div>\n<\/div>\n<\/div>\n<\/div>\n<\/div>\n<\/div>\n<\/div>\n\n\n\n<div class=\"nectar-split-heading  font_size_1vw\" data-align=\"default\" data-m-align=\"inherit\" data-text-effect=\"letter-reveal-bottom\" data-animation-type=\"line-reveal-by-space\" data-animation-delay=\"0\" data-animation-offset=\"\" data-m-rm-animation=\"\" data-stagger=\"\" data-custom-font-size=\"true\" style=\"font-size: 1.7vw; line-height: 1.87vw;\"><h3 style=\" color: #55565a;\">\u65e5\u7a0b\u5b89\u6392<\/h3><\/div>\n<div class=\"wpb_text_column wpb_content_element  vc_custom_1760893843697\" >\n\t<div class=\"wpb_row vc_row vc_row-fluid mk-fullwidth-false attched-false vc_custom_1650856733808 js-master-row mk-grid mk-in-viewport\" data-mk-stretch-content=\"true\">\n<div class=\"vc_col-sm-12 wpb_column column_container _ height-full\">\n<div class=\"vc_custom_1740574413666\">\n<div id=\"text-block-13\" class=\"mk-text-block\">\n<div id=\"text-block-8\" class=\"mk-text-block\">\n<div class=\"wpb_text_column wpb_content_element vc_custom_1705581127457\">\n<div class=\"wpb_wrapper\">\n<div class=\"wpb_text_column wpb_content_element vc_custom_1705581168429\">\n<div class=\"wpb_wrapper\">\n<p>\u5ba1\u67e5\u53d7\u5916\u8d38\u7acb\u6cd5\u7ba1\u8f96\u7684\u4ea7\u54c1\u89c4\u683c\uff0c\u5e76\u786e\u5b9a\u5176\u5728\u6d77\u5173\u5173\u7a0e\u8868\u4e2d\u7684\u9002\u5f53\u4f4d\u7f6e\u3002.<\/p>\n<\/div>\n<\/div>\n<\/div>\n<\/div>\n<\/div>\n<\/div>\n<\/div>\n<\/div>\n<\/div>\n<\/div>\n\n\n\n\n\t\t\t<\/div> \n\t\t<\/div>\n\t<\/div> \n<\/div><\/div>\n\t\t<div id=\"fws_69d0bb9fb7866\"  data-column-margin=\"default\" data-midnight=\"light\"  class=\"wpb_row vc_row-fluid vc_row full-width-section vc_row-o-equal-height vc_row-flex vc_row-o-content-middle\"  style=\"padding-top: 80px; padding-bottom: 80px; \"><div class=\"row-bg-wrap\" data-bg-animation=\"zoom-out-slow\" data-bg-animation-delay=\"\" data-bg-overlay=\"true\"><div class=\"inner-wrap row-bg-layer using-image\" ><div class=\"row-bg viewport-desktop using-image\"  style=\"background-image: url(https:\/\/i0.wp.com\/mezonlogistics.com\/wp-content\/uploads\/2025\/10\/gumrukleme_sef_ph_mzn.webp?fit=1264%2C711&#038;ssl=1); background-position: center center; background-repeat: no-repeat; \"><\/div><\/div><div class=\"row-bg-overlay row-bg-layer\" style=\"background-color:#282828;  opacity: 0.8; \"><\/div><\/div><div class=\"nectar-shape-divider-wrap no-color\" style=\" height:50px;\"  data-height=\"50\" data-front=\"\" data-style=\"tilt\" data-position=\"top\" ><svg class=\"nectar-shape-divider\" aria-hidden=\"true\" fill=\"\" xmlns=\"http:\/\/www.w3.org\/2000\/svg\" viewbox=\"0 0 100 10\" preserveaspectratio=\"none\"> <polygon points=\"104 10 0 0 0 10\"><\/polygon> <\/svg><\/div><div class=\"row_col_wrap_12 col span_12 light left\">\n\t<div  class=\"vc_col-sm-5 wpb_column column_container vc_column_container col no-extra-padding force-tablet-text-align-center force-phone-text-align-center inherit_tablet inherit_phone\"  data-padding-pos=\"all\" data-has-bg-color=\"false\" data-bg-color=\"\" data-bg-opacity=\"1\" data-animation=\"\" data-delay=\"0\" >\n\t\t<div class=\"vc_column-inner\" >\n\t\t\t<div class=\"wpb_wrapper\">\n\t\t\t\t<div class=\"nectar-highlighted-text\" data-style=\"half_text\" data-exp=\"default\" data-using-custom-color=\"true\" data-animation-delay=\"false\" data-color=\"#ff1053\" data-color-gradient=\"\" style=\"\"><h2>\u9ad8\u6807\u51c6<br \/>\n<strong>\u6e05\u5173\u670d\u52a1<\/strong><\/h2>\n<\/div>\n<div class=\"wpb_text_column wpb_content_element  vc_custom_1760893288158\" >\n\t<div class=\"wpb_text_column wpb_content_element\">\n<div class=\"wpb_wrapper\">\n<p>\u83b7\u53d6 Mezon \u9ad8\u6807\u51c6\u670d\u52a1\u8d28\u91cf\u7684\u62a5\u4ef7\u3002.<\/p>\n<\/div>\n<\/div>\n<\/div>\n\n\n\n\n\t\t\t<\/div> \n\t\t<\/div>\n\t<\/div> \n\n\t<div  class=\"vc_col-sm-1 wpb_column column_container vc_column_container col no-extra-padding force-tablet-text-align-center force-phone-text-align-center inherit_tablet inherit_phone\"  data-padding-pos=\"all\" data-has-bg-color=\"false\" data-bg-color=\"\" data-bg-opacity=\"1\" data-animation=\"\" data-delay=\"0\" >\n\t\t<div class=\"vc_column-inner\" >\n\t\t\t<div class=\"wpb_wrapper\">\n\t\t\t\t\n\t\t\t<\/div> \n\t\t<\/div>\n\t<\/div> \n\n\t<div  class=\"vc_col-sm-6 wpb_column column_container vc_column_container col no-extra-padding force-tablet-text-align-center force-phone-text-align-center inherit_tablet inherit_phone\"  data-padding-pos=\"all\" data-has-bg-color=\"false\" data-bg-color=\"\" data-bg-opacity=\"1\" data-animation=\"\" data-delay=\"0\" >\n\t\t<div class=\"vc_column-inner\" >\n\t\t\t<div class=\"wpb_wrapper\">\n\t\t\t\t<div id=\"fws_69d0bb9fb8dfc\" data-midnight=\"\" data-column-margin=\"default\" class=\"wpb_row vc_row-fluid vc_row inner_row\"  style=\"\"><div class=\"row-bg-wrap\"> <div class=\"row-bg\" ><\/div> <\/div><div class=\"row_col_wrap_12_inner col span_12  right\">\n\t<div  class=\"vc_col-sm-12 wpb_column column_container vc_column_container col child_column no-extra-padding inherit_tablet inherit_phone\"   data-padding-pos=\"all\" data-has-bg-color=\"false\" data-bg-color=\"\" data-bg-opacity=\"1\" data-animation=\"\" data-delay=\"0\" >\n\t\t<div class=\"vc_column-inner\" >\n\t\t<div class=\"wpb_wrapper\">\n\t\t\t<a class=\"nectar-button jumbo see-through-2  has-icon wpb_animate_when_almost_visible wpb_lightSpeedIn lightSpeedIn\"  role=\"button\" style=\"margin-top: 50px; border-color: #ffffff; color: #ffffff;\"  href=\"https:\/\/mezonlogistics.com\/zh\/\u670d\u52a1\u8bf7\u6c42\/\" data-color-override=\"#ffffff\"  data-hover-color-override=\"#ffffff\" data-hover-text-color-override=\"#000000\"><span>\u83b7\u53d6\u4f18\u60e0<\/span><i  class=\"icon-button-arrow\"><\/i><\/a>\n\t\t<\/div> \n\t<\/div>\n\t<\/div> \n<\/div><\/div>\n\t\t\t<\/div> \n\t\t<\/div>\n\t<\/div> \n<\/div><\/div>","protected":false},"excerpt":{"rendered":"G\u00fcmr\u00fckleme Mezon M\u00fc\u015fterilerine \u00dcst D\u00fczey G\u00fcmr\u00fckleme Dan\u0131\u015fmanl\u0131\u011f\u0131 Sunar Sorunsuz ve h\u0131zland\u0131r\u0131lm\u0131\u015f s\u0131n\u0131r ge\u00e7i\u015flerini sa\u011flayan kapsaml\u0131 g\u00fcmr\u00fck m\u00fc\u015favirli\u011fi ve g\u00fcmr\u00fckleme hizmetleri. Uluslararas\u0131 ticaret mevzuat\u0131nda uzmanl\u0131k; b\u00fcrokratik gecikmeleri en aza indirip g\u00fcmr\u00fck...","protected":false},"author":1,"featured_media":0,"parent":0,"menu_order":0,"comment_status":"closed","ping_status":"closed","template":"","meta":{"inline_featured_image":false,"footnotes":""},"class_list":["post-71302","page","type-page","status-publish"],"yoast_head":"<!-- This site is optimized with the Yoast SEO Premium plugin v25.6 (Yoast SEO v26.6) - https:\/\/yoast.com\/wordpress\/plugins\/seo\/ -->\n<title>G\u00fcmr\u00fckleme - Mezon Lojistik<\/title>\n<meta name=\"robots\" content=\"index, follow, max-snippet:-1, max-image-preview:large, max-video-preview:-1\" \/>\n<link rel=\"canonical\" href=\"https:\/\/mezonlogistics.com\/zh\/\u6e05\u5173\/\" \/>\n<meta property=\"og:locale\" content=\"zh_CN\" \/>\n<meta property=\"og:type\" content=\"article\" \/>\n<meta property=\"og:title\" content=\"G\u00fcmr\u00fckleme\" \/>\n<meta property=\"og:url\" content=\"https:\/\/mezonlogistics.com\/zh\/\u6e05\u5173\/\" \/>\n<meta property=\"og:site_name\" content=\"Mezon Lojistik\" \/>\n<meta property=\"article:modified_time\" content=\"2025-10-19T17:15:36+00:00\" \/>\n<meta name=\"twitter:card\" content=\"summary_large_image\" \/>\n<meta name=\"twitter:label1\" content=\"\u9884\u8ba1\u9605\u8bfb\u65f6\u95f4\" \/>\n\t<meta name=\"twitter:data1\" content=\"4 \u5206\" \/>\n<script type=\"application\/ld+json\" class=\"yoast-schema-graph\">{\"@context\":\"https:\/\/schema.org\",\"@graph\":[{\"@type\":\"WebPage\",\"@id\":\"https:\/\/mezonlogistics.com\/gumrukleme\/\",\"url\":\"https:\/\/mezonlogistics.com\/gumrukleme\/\",\"name\":\"G\u00fcmr\u00fckleme - Mezon Lojistik\",\"isPartOf\":{\"@id\":\"\/#website\"},\"datePublished\":\"2025-04-08T07:33:40+00:00\",\"dateModified\":\"2025-10-19T17:15:36+00:00\",\"breadcrumb\":{\"@id\":\"https:\/\/mezonlogistics.com\/gumrukleme\/#breadcrumb\"},\"inLanguage\":\"zh-Hans\",\"potentialAction\":[{\"@type\":\"ReadAction\",\"target\":[\"https:\/\/mezonlogistics.com\/gumrukleme\/\"]}]},{\"@type\":\"BreadcrumbList\",\"@id\":\"https:\/\/mezonlogistics.com\/gumrukleme\/#breadcrumb\",\"itemListElement\":[{\"@type\":\"ListItem\",\"position\":1,\"name\":\"Home\",\"item\":\"https:\/\/mezonlogistics.com\/\"},{\"@type\":\"ListItem\",\"position\":2,\"name\":\"G\u00fcmr\u00fckleme\"}]},{\"@type\":\"WebSite\",\"@id\":\"\/#website\",\"url\":\"\/\",\"name\":\"Mezon Lojistik\",\"description\":\"Connecting Continents Empowering Trade.\",\"publisher\":{\"@id\":\"\/#organization\"},\"potentialAction\":[{\"@type\":\"SearchAction\",\"target\":{\"@type\":\"EntryPoint\",\"urlTemplate\":\"\/?s={search_term_string}\"},\"query-input\":{\"@type\":\"PropertyValueSpecification\",\"valueRequired\":true,\"valueName\":\"search_term_string\"}}],\"inLanguage\":\"zh-Hans\"},{\"@type\":\"Organization\",\"@id\":\"\/#organization\",\"name\":\"Mezon Lojistik\",\"alternateName\":\"Mezon\",\"url\":\"\/\",\"logo\":{\"@type\":\"ImageObject\",\"inLanguage\":\"zh-Hans\",\"@id\":\"\/#\/schema\/logo\/image\/\",\"url\":\"https:\/\/i0.wp.com\/mezonlogistics.com\/wp-content\/uploads\/2025\/11\/mezon_logo_rv.png?fit=2425%2C1016&ssl=1\",\"contentUrl\":\"https:\/\/i0.wp.com\/mezonlogistics.com\/wp-content\/uploads\/2025\/11\/mezon_logo_rv.png?fit=2425%2C1016&ssl=1\",\"width\":2425,\"height\":1016,\"caption\":\"Mezon Lojistik\"},\"image\":{\"@id\":\"\/#\/schema\/logo\/image\/\"},\"email\":\"info@mezonlogistics.com\",\"telephone\":\"+90 216 501 0220\",\"legalName\":\"Mezon Lojistik A.\u015e.\",\"foundingDate\":\"1990-01-19\",\"vatID\":\"6201161310\",\"taxID\":\"6201161310\",\"numberOfEmployees\":{\"@type\":\"QuantitativeValue\",\"minValue\":\"5001\",\"maxValue\":\"10000\"}}]}<\/script>\n<!-- \/ Yoast SEO Premium plugin. -->","yoast_head_json":{"title":"\u6e05\u5173 - Mezon \u7269\u6d41\u516c\u53f8","robots":{"index":"index","follow":"follow","max-snippet":"max-snippet:-1","max-image-preview":"max-image-preview:large","max-video-preview":"max-video-preview:-1"},"canonical":"https:\/\/mezonlogistics.com\/zh\/\u6e05\u5173\/","og_locale":"zh_CN","og_type":"article","og_title":"G\u00fcmr\u00fckleme","og_url":"https:\/\/mezonlogistics.com\/zh\/\u6e05\u5173\/","og_site_name":"Mezon Lojistik","article_modified_time":"2025-10-19T17:15:36+00:00","twitter_card":"summary_large_image","twitter_misc":{"\u9884\u8ba1\u9605\u8bfb\u65f6\u95f4":"4 \u5206"},"schema":{"@context":"https:\/\/schema.org","@graph":[{"@type":"WebPage","@id":"https:\/\/mezonlogistics.com\/gumrukleme\/","url":"https:\/\/mezonlogistics.com\/gumrukleme\/","name":"\u6e05\u5173 - Mezon \u7269\u6d41\u516c\u53f8","isPartOf":{"@id":"\/#website"},"datePublished":"2025-04-08T07:33:40+00:00","dateModified":"2025-10-19T17:15:36+00:00","breadcrumb":{"@id":"https:\/\/mezonlogistics.com\/gumrukleme\/#breadcrumb"},"inLanguage":"zh-Hans","potentialAction":[{"@type":"ReadAction","target":["https:\/\/mezonlogistics.com\/gumrukleme\/"]}]},{"@type":"BreadcrumbList","@id":"https:\/\/mezonlogistics.com\/gumrukleme\/#breadcrumb","itemListElement":[{"@type":"ListItem","position":1,"name":"Home","item":"https:\/\/mezonlogistics.com\/"},{"@type":"ListItem","position":2,"name":"G\u00fcmr\u00fckleme"}]},{"@type":"WebSite","@id":"\/#website","url":"\/","name":"Mezon \u7269\u6d41\u516c\u53f8","description":"\u8fde\u63a5\u5404\u5927\u6d32 \u589e\u5f3a\u8d38\u6613\u80fd\u529b.","publisher":{"@id":"\/#organization"},"potentialAction":[{"@type":"SearchAction","target":{"@type":"EntryPoint","urlTemplate":"\/?s={search_term_string}"},"query-input":{"@type":"PropertyValueSpecification","valueRequired":true,"valueName":"search_term_string"}}],"inLanguage":"zh-Hans"},{"@type":"Organization","@id":"\/#organization","name":"Mezon \u7269\u6d41\u516c\u53f8","alternateName":"Mezon","url":"\/","logo":{"@type":"ImageObject","inLanguage":"zh-Hans","@id":"\/#\/schema\/logo\/image\/","url":"https:\/\/i0.wp.com\/mezonlogistics.com\/wp-content\/uploads\/2025\/11\/mezon_logo_rv.png?fit=2425%2C1016&ssl=1","contentUrl":"https:\/\/i0.wp.com\/mezonlogistics.com\/wp-content\/uploads\/2025\/11\/mezon_logo_rv.png?fit=2425%2C1016&ssl=1","width":2425,"height":1016,"caption":"Mezon Lojistik"},"image":{"@id":"\/#\/schema\/logo\/image\/"},"email":"info@mezonlogistics.com","telephone":"+90 216 501 0220","legalName":"Mezon Lojistik A.\u015e.","foundingDate":"1990-01-19","vatID":"6201161310","taxID":"6201161310","numberOfEmployees":{"@type":"QuantitativeValue","minValue":"5001","maxValue":"10000"}}]}},"jetpack_sharing_enabled":true,"_links":{"self":[{"href":"https:\/\/mezonlogistics.com\/zh\/wp-json\/wp\/v2\/pages\/71302","targetHints":{"allow":["GET"]}}],"collection":[{"href":"https:\/\/mezonlogistics.com\/zh\/wp-json\/wp\/v2\/pages"}],"about":[{"href":"https:\/\/mezonlogistics.com\/zh\/wp-json\/wp\/v2\/types\/page"}],"author":[{"embeddable":true,"href":"https:\/\/mezonlogistics.com\/zh\/wp-json\/wp\/v2\/users\/1"}],"replies":[{"embeddable":true,"href":"https:\/\/mezonlogistics.com\/zh\/wp-json\/wp\/v2\/comments?post=71302"}],"version-history":[{"count":15,"href":"https:\/\/mezonlogistics.com\/zh\/wp-json\/wp\/v2\/pages\/71302\/revisions"}],"predecessor-version":[{"id":75716,"href":"https:\/\/mezonlogistics.com\/zh\/wp-json\/wp\/v2\/pages\/71302\/revisions\/75716"}],"wp:attachment":[{"href":"https:\/\/mezonlogistics.com\/zh\/wp-json\/wp\/v2\/media?parent=71302"}],"curies":[{"name":"wp","href":"https:\/\/api.w.org\/{rel}","templated":true}]}}