{"id":75723,"date":"2025-10-20T02:14:18","date_gmt":"2025-10-19T23:14:18","guid":{"rendered":"https:\/\/test.mezonlogistics.com\/?page_id=75723"},"modified":"2025-10-20T02:46:07","modified_gmt":"2025-10-19T23:46:07","slug":"denizyolu-tasimaciligi","status":"publish","type":"page","link":"https:\/\/mezonlogistics.com\/zh\/\u6d77\u8fd0\/","title":{"rendered":"\u6d77\u8fd0"},"content":{"rendered":"<div id=\"depo-yonetimi\"  data-column-margin=\"default\" data-midnight=\"light\"  class=\"wpb_row vc_row-fluid vc_row full-width-section\"  style=\"padding-top: 150px; padding-bottom: 150px; \"><div class=\"row-bg-wrap\" data-bg-animation=\"none\" data-bg-animation-delay=\"\" data-bg-overlay=\"true\"><div class=\"inner-wrap row-bg-layer using-image\" ><div class=\"row-bg viewport-desktop using-image\"  style=\"background-image: url(https:\/\/i0.wp.com\/mezonlogistics.com\/wp-content\/uploads\/2025\/10\/sea_transport_img_mzn.webp?fit=1920%2C966&#038;ssl=1); background-position: center center; background-repeat: no-repeat; \"><\/div><\/div><div class=\"row-bg-overlay row-bg-layer\" style=\"background: #000000; background: linear-gradient(90deg,#000000 10%,rgba(255,255,255,0.001) 75%);  opacity: 0.8; background: #000000; background: linear-gradient(90deg,#000000 0%,rgba(255,255,255,0.001) 100%);  opacity: 0.8; \"><\/div><\/div><div class=\"row_col_wrap_12 col span_12 light left\">\n\t<div style=\"margin-top: 5%; \" class=\"vc_col-sm-6 wpb_column column_container vc_column_container col no-extra-padding inherit_tablet inherit_phone\"  data-padding-pos=\"all\" data-has-bg-color=\"false\" data-bg-color=\"\" data-bg-opacity=\"1\" data-animation=\"\" data-delay=\"0\" >\n\t\t<div class=\"vc_column-inner\" >\n\t\t\t<div class=\"wpb_wrapper\">\n\t\t\t\t<div class=\"nectar-split-heading  font_size_4vw\" data-align=\"default\" data-m-align=\"inherit\" data-text-effect=\"letter-reveal-bottom\" data-animation-type=\"line-reveal-by-space\" data-animation-delay=\"0\" data-animation-offset=\"\" data-m-rm-animation=\"\" data-stagger=\"\" data-custom-font-size=\"true\" style=\"font-size: 4.5vw; line-height: 4.95vw;\"><h1 style=\" color: #FFFFFF;\">\u6d77\u8fd0<\/h1><\/div>\n\t\t\t<\/div> \n\t\t<\/div>\n\t<\/div> \n\n\t<div  class=\"vc_col-sm-6 wpb_column column_container vc_column_container col no-extra-padding inherit_tablet inherit_phone\"  data-padding-pos=\"all\" data-has-bg-color=\"false\" data-bg-color=\"\" data-bg-opacity=\"1\" data-animation=\"\" data-delay=\"0\" >\n\t\t<div class=\"vc_column-inner\" >\n\t\t\t<div class=\"wpb_wrapper\">\n\t\t\t\t\n\t\t\t<\/div> \n\t\t<\/div>\n\t<\/div> \n<\/div><\/div>\n\t\t<div id=\"fws_69ee389963d69\"  data-column-margin=\"default\" data-midnight=\"dark\"  class=\"wpb_row vc_row-fluid vc_row\"  style=\"padding-top: 100px; padding-bottom: 0px; \"><div class=\"row-bg-wrap\" data-bg-animation=\"none\" data-bg-animation-delay=\"\" data-bg-overlay=\"false\"><div class=\"inner-wrap row-bg-layer\" ><div class=\"row-bg viewport-desktop\"  style=\"\"><\/div><\/div><\/div><div class=\"row_col_wrap_12 col span_12 dark left\">\n\t<div  class=\"vc_col-sm-12 wpb_column column_container vc_column_container col no-extra-padding inherit_tablet inherit_phone\"  data-padding-pos=\"all\" data-has-bg-color=\"false\" data-bg-color=\"\" data-bg-opacity=\"1\" data-animation=\"\" data-delay=\"0\" >\n\t\t<div class=\"vc_column-inner\" >\n\t\t\t<div class=\"wpb_wrapper\">\n\t\t\t\t<div class=\"nectar-split-heading  font_size_1vw\" data-align=\"default\" data-m-align=\"inherit\" data-text-effect=\"letter-reveal-bottom\" data-animation-type=\"line-reveal-by-space\" data-animation-delay=\"0\" data-animation-offset=\"\" data-m-rm-animation=\"\" data-stagger=\"\" data-custom-font-size=\"true\" style=\"font-size: 1.7vw; line-height: 1.87vw;\"><h4 style=\" color: #55565a;\">\u6765\u81ea Mezon \u7684\u6d32\u9645\u5408\u7406\u7269\u6d41\u89e3\u51b3\u65b9\u6848<\/h4><\/div>\n<div class=\"wpb_text_column wpb_content_element  vc_custom_1760916360472\" >\n\t<div class=\"wpb_row vc_row vc_row-fluid mk-fullwidth-false attched-false vc_custom_1650856733808 js-master-row mk-grid mk-in-viewport\" data-mk-stretch-content=\"true\">\n<div class=\"vc_col-sm-12 wpb_column column_container _ height-full\">\n<div class=\"vc_custom_1740574413666\">\n<div id=\"text-block-13\" class=\"mk-text-block\">\n<div id=\"text-block-8\" class=\"mk-text-block\">\n<div id=\"text-block-17\" class=\"mk-text-block\">\n<div class=\"wpb_text_column wpb_content_element\">\n<div class=\"wpb_wrapper\">\n<p>\u5f53\u4eca\u4e16\u754c\uff0c% 80%\u7684\u4e16\u754c\u8d38\u6613\u662f\u901a\u8fc7\u6d77\u8fd0\u8fdb\u884c\u7684\uff0cMezon \u51ed\u501f\u5176\u4e0e\u4e16\u754c\u5404\u5730\u4e3b\u8981\u8239\u4e1c\u7b7e\u8ba2\u7684\u534f\u8bae\u3001\u5e7f\u6cdb\u7684\u4ee3\u7406\u7f51\u7edc\u4ee5\u53ca\u5176\u6240\u6709\u6743&nbsp;<a href=\"http:\/\/www.fiata.com\/\" target=\"_blank\" rel=\"noopener noreferrer\">\u56fd\u9645\u822a\u7a7a\u8fd0\u8f93\u534f\u4f1a\u8054\u5408\u4f1a<\/a>&nbsp;\u548c&nbsp;<a href=\"http:\/\/www.utikad.org.tr\/\" target=\"_blank\" rel=\"noopener noreferrer\">\u4e4c\u8482\u5361\u5fb7<\/a>&nbsp;\u8be5\u516c\u53f8\u7684\u4f1a\u5458\u904d\u5e03\u5404\u5927\u6d32\uff0c\u4e3a\u5168\u7403\u4f17\u591a\u5ba2\u6237\u63d0\u4f9b\u5408\u7406\u7684\u7269\u6d41\u89e3\u51b3\u65b9\u6848\u3002.<\/p>\n<\/div>\n<\/div>\n<div class=\"wpb_text_column wpb_content_element vc_custom_1705576444738\">\n<div class=\"wpb_wrapper\">\n<p>\u73b0\u6709\u7684\u4f19\u4f34\u5173\u7cfb\u534f\u8bae\u548c\u6210\u5458\u8d44\u683c&nbsp;<a href=\"http:\/\/www.htfn.com\/\" target=\"_blank\" rel=\"noopener noreferrer\">HTFN<\/a>&nbsp;\u548c&nbsp;<a href=\"http:\/\/www.wcaworld.com\/\" target=\"_blank\" rel=\"noopener noreferrer\">WCA<\/a>&nbsp;\u51ed\u501f\u5176\u5168\u7403\u4ee3\u7406\u7f51\u7edc\uff0cMezon \u80fd\u591f\u5728\u4e16\u754c\u4efb\u4f55\u5730\u65b9\u63d0\u4f9b\u95e8\u5230\u95e8\u7684\u9001\u8d27\u3001\u6e05\u5173\u548c\u5206\u9500\u670d\u52a1\u3002.<\/p>\n<p>\u540c\u65f6\uff0c\u6709\u4e86\u65e0\u8239\u627f\u8fd0\u4eba\u8bc1\u4e66\uff0cMezon \u53ef\u4ee5\u81ea\u5df1\u6253\u5370\u63d0\u5355\u548c\u7b7e\u8ba2\u8d27\u8fd0\u5408\u540c\u534f\u8bae\uff0c\u800c\u4e0d\u9700\u8981\u53e6\u4e00\u5bb6\u6301\u8bc1\u516c\u53f8\uff0c\u5305\u62ec\u4e0e\u7f8e\u56fd\u6709\u5173\u7684\u6d77\u8fd0\u6d3b\u52a8\u7684\u6700\u540e\u95e8\u4ea4\u4ed8\u3002.<\/p>\n<\/div>\n<\/div>\n<div class=\"wpb_text_column wpb_content_element vc_custom_1705576454606\">\n<div class=\"wpb_wrapper\">\n<p>Mezon \u63d0\u4f9b\u6700\u7406\u60f3\u7684\u591a\u5f0f\u8054\u8fd0\u89e3\u51b3\u65b9\u6848\uff0c\u5982\u9646\u6d77\u8054\u8fd0\u3001\u6d77\u7a7a\u8054\u8fd0\u3001\u6d77\u7a7a\u8054\u8fd0\u3001\u6d77\u94c1\u8054\u8fd0\u4ee5\u53ca\u4ee5\u96c6\u88c5\u7bb1\u4e3a\u57fa\u7840\u7684\u6574\u7bb1\u548c\u62fc\u7bb1\u8fd0\u8f93\uff0c\u5728\u5ba2\u6237\u4ea7\u54c1\u8fd0\u8f93\u8fc7\u7a0b\u4e2d\u89c4\u5212\u5404\u79cd\u7ec4\u5408\u53ef\u80fd\u6027\u3002\u9664\u6e2f\u5230\u6e2f\u3001\u6e2f\u5230\u6e2f\u3001\u95e8\u5230\u95e8\u3001\u95e8\u5230\u95e8\u8fd0\u8f93\u5916\uff0c\u8fd8\u5728\u6d77\u8fd0\u89e3\u51b3\u65b9\u6848\u8303\u56f4\u5185\u63d0\u4f9b\u62fc\u7bb1\u4ea7\u54c1\u62fc\u88c5\u3001\u4e2d\u8f6c\u88c5\u8f7d\u670d\u52a1\u548c\u4ea4\u53c9\u8fd0\u8f93\u670d\u52a1\u3002Mezon \u901a\u8fc7\u4e0e\u4e16\u754c\u5404\u5730\u7684\u8239\u8236\u4ee3\u7406\u7b7e\u8ba2\u7279\u522b\u5408\u540c\uff0c\u521b\u9020\u8d27\u8fd0\u66ff\u4ee3\u65b9\u6848\u5e76\u63d0\u4f9b\u6210\u672c\u4f18\u52bf\u3002.<\/p>\n<\/div>\n<\/div>\n<div class=\"wpb_text_column wpb_content_element vc_custom_1705576461317\">\n<div class=\"wpb_wrapper\">\n<p>Mezon \u62e5\u6709\u8fd0\u8f93\u5404\u7c7b\u4ea7\u54c1\u7684\u77e5\u8bc6\u548c\u57fa\u7840\u8bbe\u65bd\uff0c\u5176\u8f66\u961f\u62e5\u6709\u4e0d\u540c\u7c7b\u578b\u7684\u96c6\u88c5\u7bb1\u3002\u4ece\u60ac\u6302\u7684\u7eba\u7ec7\u54c1\u5230\u6613\u71c3\u6216\u4e0d\u6613\u71c3\u7684\u5316\u5b66\u54c1\u548c\u98df\u54c1\uff0cMezon \u63d0\u4f9b\u6240\u6709\u56fa\u4f53\u3001\u6db2\u4f53\u548c\u6c14\u4f53\u6750\u6599\u7684\u8fd0\u8f93\u670d\u52a1\u3002\u6b64\u5916\uff0c\u5728\u6d77\u8fd0\u89e3\u51b3\u65b9\u6848\u7684\u8303\u56f4\u5185\uff0c\u9664\u4e86\u5927\u5428\u4f4d\u6216\u8d85\u89c4\u9879\u76ee\u88c5\u8f7d\u5916\uff0c\u5b83\u8fd8\u63d0\u4f9b\u9732\u5929\u8d27\u7269\u8fd0\u8f93\u548c\u8239\u8236\u79df\u8d41\u670d\u52a1\u3002.<\/p>\n<p>Mezon \u6839\u636e\u4ea7\u54c1\u7c7b\u578b\u548c\u7279\u70b9\uff0c\u63d0\u4f9b\u4ece\u5f00\u9876\u3001\u5f00\u8fb9\u3001\u53c2\u8003\u3001\u5e73\u67b6\u3001\u5e73\u53f0\u7b49\u7279\u79cd\u96c6\u88c5\u7bb1\u5230\u60ac\u6302\u5f0f\u96c6\u88c5\u7bb1\u8fd0\u8f93\u3001ISO \u7f50\u5f0f\u96c6\u88c5\u7bb1\u5230\u67d4\u6027\u7f50\u5f0f\u96c6\u88c5\u7bb1\u8fd0\u8f93\u7b49\u5404\u79cd\u670d\u52a1\uff0c\u8fd8\u63d0\u4f9b\u67d4\u6027\u548c\u60ac\u6302\u5f0f\u96c6\u88c5\u7bb1\u4f9b\u5e94\u3001\u88c5\u8f7d\u548c\u94fa\u8bbe\u7b49\u9644\u52a0\u670d\u52a1\u3002.<\/p>\n<div class=\"wpb_text_column wpb_content_element\">\n<div class=\"wpb_wrapper\">\n<p><strong>FCL\/LCL<\/strong>&nbsp;\u6839\u636e\u4ea7\u54c1\u7279\u6027\u9009\u62e9\u4e0d\u540c\u7684\u96c6\u88c5\u7bb1\uff0c\u53ef\u80fd\u4f1a\u5bfc\u81f4\u90e8\u5206\u8d27\u7269\u88ab\u8bc4\u4f30\u4e3a FCL\uff08\u6574\u7bb1\u88c5\u8f7d\uff09\u6216 LCL\uff08\u90e8\u5206\u96c6\u88c5\u7bb1\u88c5\u8f7d\uff09\u3002\u5728\u8fd9\u79cd\u60c5\u51b5\u4e0b\uff0cMezon \u53ef\u6839\u636e\u4ea7\u54c1\u7279\u6027\u548c\u4f53\u79ef\uff0c\u4ee5\u96c6\u88c5\u7bb1\u4e3a\u5355\u4f4d\u8fdb\u884c\u5404\u79cd\u6574\u7bb1\u548c\u62fc\u7bb1\u8fd0\u8f93\u3002.<\/p>\n<\/div>\n<\/div>\n<div class=\"wpb_text_column wpb_content_element vc_custom_1705576601246\">\n<div class=\"wpb_wrapper\">\n<p>Mezon \u51ed\u501f\u5176\u4e30\u5bcc\u7684\u7ecf\u9a8c\u548c\u4e13\u4e1a\u7684\u57fa\u7840\u8bbe\u65bd\uff0c\u6709\u80fd\u529b\u63d0\u4f9b\u7efc\u5408\u89e3\u51b3\u65b9\u6848\uff0c\u53ef\u6839\u636e\u4e0d\u540c\u7684\u76ee\u7684\u5730\u548c\u5ba2\u6237\u9700\u6c42\u63d0\u4f9b\u6d77\u9646\u8054\u8fd0\u3001\u6d77\u94c1\u8054\u8fd0\u7b49\u591a\u5f0f\u8054\u8fd0\u9009\u62e9\u3002.<\/p>\n<\/div>\n<\/div>\n<\/div>\n<\/div>\n<\/div>\n<\/div>\n<\/div>\n<\/div>\n<\/div>\n<\/div>\n<\/div>\n\n\n\n<div id=\"fws_69ee389964a05\" data-midnight=\"\" data-column-margin=\"default\" class=\"wpb_row vc_row-fluid vc_row inner_row\"  style=\"\"><div class=\"row-bg-wrap\"> <div class=\"row-bg\" ><\/div> <\/div><div class=\"row_col_wrap_12_inner col span_12  left\">\n\t<div  class=\"vc_col-sm-4 wpb_column column_container vc_column_container col child_column no-extra-padding inherit_tablet inherit_phone\"   data-padding-pos=\"all\" data-has-bg-color=\"false\" data-bg-color=\"\" data-bg-opacity=\"1\" data-animation=\"\" data-delay=\"0\" >\n\t\t<div class=\"vc_column-inner\" >\n\t\t<div class=\"wpb_wrapper\">\n\t\t\t<div class=\"nectar-split-heading  font_size_1vw\" data-align=\"default\" data-m-align=\"inherit\" data-text-effect=\"letter-reveal-bottom\" data-animation-type=\"line-reveal-by-space\" data-animation-delay=\"0\" data-animation-offset=\"\" data-m-rm-animation=\"\" data-stagger=\"\" data-custom-font-size=\"true\" style=\"font-size: 1.7vw; line-height: 1.87vw;\"><h4 style=\" color: #55565a;\">\u96c6\u88c5\u7bb1\u548c\u96c6\u88c5\u7bb1\u6db2\u888b\u7c7b\u578b<\/h4><\/div>\n<div class=\"wpb_text_column wpb_content_element\" >\n\t<ul class=\"mezon-liste\">\n<li>20\u2032 \u96c6\u88c5\u7bb1<\/li>\n<li>40\u2032 \u96c6\u88c5\u7bb1<\/li>\n<li>40\u2032 \u9ad8\u7acb\u65b9\u4f53\u96c6\u88c5\u7bb1<\/li>\n<li>20\u2032 \u5f00\u53e3\u5bb9\u5668<\/li>\n<li>40\u2032 \u5f00\u53e3\u5bb9\u5668<\/li>\n<li>20\u2032 \u6241\u5e73\u8d27\u67b6\u96c6\u88c5\u7bb1<\/li>\n<li>40\u2032 \u6241\u5e73\u8d27\u67b6\u96c6\u88c5\u7bb1<\/li>\n<li>20\u2032 \u51b7\u85cf\u96c6\u88c5\u7bb1<\/li>\n<li>ISO \u50a8\u7f50<\/li>\n<li>Flexi Tank<\/li>\n<li>\u5176\u4ed6\u5bb9\u5668\u7c7b\u578b<\/li>\n<\/ul>\n<\/div>\n\n\n\n\n\t\t<\/div> \n\t<\/div>\n\t<\/div> \n\n\t<div  class=\"vc_col-sm-8 wpb_column column_container vc_column_container col child_column no-extra-padding inherit_tablet inherit_phone\"   data-padding-pos=\"all\" data-has-bg-color=\"false\" data-bg-color=\"\" data-bg-opacity=\"1\" data-animation=\"\" data-delay=\"0\" >\n\t\t<div class=\"vc_column-inner\" >\n\t\t<div class=\"wpb_wrapper\">\n\t\t\t<div class=\"nectar-split-heading  font_size_1vw\" data-align=\"default\" data-m-align=\"inherit\" data-text-effect=\"letter-reveal-bottom\" data-animation-type=\"line-reveal-by-space\" data-animation-delay=\"0\" data-animation-offset=\"\" data-m-rm-animation=\"\" data-stagger=\"\" data-custom-font-size=\"true\" style=\"font-size: 1.7vw; line-height: 1.87vw;\"><h4 style=\" color: #55565a;\">\u6d32\u9645\u7269\u6d41\u89e3\u51b3\u65b9\u6848<\/h4><\/div>\n<div class=\"wpb_text_column wpb_content_element\" >\n\t<div class=\"wpb_text_column wpb_content_element\">\n<div class=\"wpb_wrapper\">\n<p>Mezon \u9664\u4e86\u63d0\u4f9b\u6807\u51c6\u548c\u7279\u6b8a\u7c7b\u578b\u7684\u96c6\u88c5\u7bb1\u5916\uff0c\u8fd8\u63d0\u4f9b Flexi \u548c ISO \u7f50\u5f0f\u96c6\u88c5\u7bb1\uff0c\u4ece\u800c\u66f4\u5feb\u3001\u66f4\u5b89\u5168\u3001\u66f4\u73af\u4fdd\u5730\u7ba1\u7406\u6db2\u4f53\u548c\u5316\u5b66\u7269\u8d28\u7684\u7269\u6d41\u4e1a\u52a1\uff0c\u5e76\u5c3d\u53ef\u80fd\u5730\u63d0\u9ad8\u8fd0\u8f93\u91cf\u3002Mezon \u4e0d\u65ad\u6839\u636e\u5ba2\u6237\u7684\u9700\u6c42\u91c7\u53d6\u65b0\u7684\u63aa\u65bd\uff0c\u901a\u8fc7\u5df2\u5b9e\u65bd\u7684\u5e94\u7528\u8282\u7701\u6210\u672c\u548c\u65f6\u95f4\u3002.<\/p>\n<\/div>\n<\/div>\n<div class=\"wpb_text_column wpb_content_element\">\n<div class=\"wpb_wrapper\">\n<p>Flexi Tank \u662f\u4e00\u79cd\u96c6\u88c5\u7bb1\uff0c\u53ef\u5c06\u7bb1\u5f0f\u96c6\u88c5\u7bb1\u7528\u4f5c\u7f50\u5f0f\u96c6\u88c5\u7bb1\uff0c\u4ece\u800c\u8282\u7701\u88c5\u5378\u65f6\u95f4\u548c\u6210\u672c\u3002Mezon \u67d4\u6027\u7f50\u7bb1\u7528\u4e8e\u8fd0\u8f93\u6db2\u4f53\u690d\u7269\u6cb9\u3001\u6d53\u7f29\u679c\u6c41\u548c\u975e\u6613\u71c3\u6db2\u4f53\u5316\u5b66\u54c1\uff0c\u5176\u8fd0\u8f7d\u80fd\u529b\u4e3a 24,000 \u5347\u3002\u67d4\u6027\u7f50\u8fd0\u8f93\u662f\u4f20\u7edf\u6876\u88c5\u548c ISO \u7f50\u5f0f\u96c6\u88c5\u7bb1\u8fd0\u8f93\u7684\u4e00\u79cd\u66ff\u4ee3\u65b9\u5f0f\uff0cMezon \u5229\u7528\u8fd9\u79cd\u8fd0\u8f93\u65b9\u5f0f\uff0c\u53ef\u4ee5\u5728\u66f4\u7ecf\u6d4e\u3001\u66f4\u5065\u5eb7\u7684\u73af\u5883\u4e0b\uff0c\u5c06\u66f4\u591a\u4ea7\u54c1\u4ee5\u6563\u88c5\u8d27\u7269\u7684\u5f62\u5f0f\u8fd0\u9001\u7ed9\u5ba2\u6237\u3002\u7531\u4e8e\u67d4\u6027\u7f50\u662f\u4e00\u6b21\u6027\u7684\uff0c\u56e0\u6b64\u4e5f\u7701\u53bb\u4e86\u6e05\u6d17\u548c\u50a8\u5b58\u7b49\u8d39\u7528\u3002.<\/p>\n<\/div>\n<\/div>\n<\/div>\n\n\n\n\n\t\t<\/div> \n\t<\/div>\n\t<\/div> \n<\/div><\/div>\n\t\t\t<\/div> \n\t\t<\/div>\n\t<\/div> \n<\/div><\/div>\n\t\t<div id=\"fws_69ee389965f93\"  data-column-margin=\"default\" data-midnight=\"light\"  class=\"wpb_row vc_row-fluid vc_row full-width-section vc_row-o-equal-height vc_row-flex vc_row-o-content-middle\"  style=\"padding-top: 80px; padding-bottom: 80px; \"><div class=\"row-bg-wrap\" data-bg-animation=\"zoom-out-slow\" data-bg-animation-delay=\"\" data-bg-overlay=\"true\"><div class=\"inner-wrap row-bg-layer using-image\" ><div class=\"row-bg viewport-desktop using-image using-bg-color\"  style=\"background-image: url(https:\/\/i0.wp.com\/mezonlogistics.com\/wp-content\/uploads\/2025\/10\/sea_transport_img_mzn.webp?fit=1920%2C966&#038;ssl=1); background-position: center center; background-repeat: no-repeat; background-color: #ffffff; \"><\/div><\/div><div class=\"row-bg-overlay row-bg-layer\" style=\"background-color:#282828;  opacity: 0.8; \"><\/div><\/div><div class=\"nectar-shape-divider-wrap no-color\" style=\" height:50px;\"  data-height=\"50\" data-front=\"\" data-style=\"tilt\" data-position=\"top\" ><svg class=\"nectar-shape-divider\" aria-hidden=\"true\" fill=\"\" xmlns=\"http:\/\/www.w3.org\/2000\/svg\" viewbox=\"0 0 100 10\" preserveaspectratio=\"none\"> <polygon points=\"104 10 0 0 0 10\"><\/polygon> <\/svg><\/div><div class=\"row_col_wrap_12 col span_12 light left\">\n\t<div  class=\"vc_col-sm-6 wpb_column column_container vc_column_container col no-extra-padding force-tablet-text-align-center force-phone-text-align-center inherit_tablet inherit_phone\"  data-padding-pos=\"all\" data-has-bg-color=\"false\" data-bg-color=\"\" data-bg-opacity=\"1\" data-animation=\"\" data-delay=\"0\" >\n\t\t<div class=\"vc_column-inner\" >\n\t\t\t<div class=\"wpb_wrapper\">\n\t\t\t\t<div class=\"nectar-highlighted-text\" data-style=\"half_text\" data-exp=\"default\" data-using-custom-color=\"true\" data-animation-delay=\"false\" data-color=\"#ff1053\" data-color-gradient=\"\" style=\"\"><h2>\u9ad8\u6807\u51c6<br \/>\n<strong>\u6d77\u8fd0\u670d\u52a1<\/strong><\/h2>\n<\/div>\n<div class=\"wpb_text_column wpb_content_element  vc_custom_1760888777375\" >\n\t<div class=\"wpb_text_column wpb_content_element\">\n<div class=\"wpb_wrapper\">\n<p>\u83b7\u53d6 Mezon \u9ad8\u6807\u51c6\u670d\u52a1\u8d28\u91cf\u7684\u62a5\u4ef7\u3002.\n<\/p><\/div>\n<\/div>\n<\/div>\n\n\n\n\n\t\t\t<\/div> \n\t\t<\/div>\n\t<\/div> \n\n\t<div  class=\"vc_col-sm-6 wpb_column column_container vc_column_container col no-extra-padding force-tablet-text-align-center force-phone-text-align-center inherit_tablet inherit_phone\"  data-padding-pos=\"all\" data-has-bg-color=\"false\" data-bg-color=\"\" data-bg-opacity=\"1\" data-animation=\"\" data-delay=\"0\" >\n\t\t<div class=\"vc_column-inner\" >\n\t\t\t<div class=\"wpb_wrapper\">\n\t\t\t\t<div id=\"fws_69ee389966e45\" data-midnight=\"\" data-column-margin=\"default\" class=\"wpb_row vc_row-fluid vc_row inner_row\"  style=\"\"><div class=\"row-bg-wrap\"> <div class=\"row-bg\" ><\/div> <\/div><div class=\"row_col_wrap_12_inner col span_12  right\">\n\t<div  class=\"vc_col-sm-12 wpb_column column_container vc_column_container col child_column no-extra-padding inherit_tablet inherit_phone\"   data-padding-pos=\"all\" data-has-bg-color=\"false\" data-bg-color=\"\" data-bg-opacity=\"1\" data-animation=\"\" data-delay=\"0\" >\n\t\t<div class=\"vc_column-inner\" >\n\t\t<div class=\"wpb_wrapper\">\n\t\t\t<a class=\"nectar-button jumbo see-through-2  has-icon wpb_animate_when_almost_visible wpb_lightSpeedIn lightSpeedIn\"  role=\"button\" style=\"margin-top: 50px; border-color: #ffffff; color: #ffffff;\"  href=\"https:\/\/mezonlogistics.com\/zh\/\u670d\u52a1\u8bf7\u6c42\/\" data-color-override=\"#ffffff\"  data-hover-color-override=\"#ffffff\" data-hover-text-color-override=\"#000000\"><span>\u83b7\u53d6\u4f18\u60e0<\/span><i  class=\"icon-button-arrow\"><\/i><\/a>\n\t\t<\/div> \n\t<\/div>\n\t<\/div> \n<\/div><\/div>\n\t\t\t<\/div> \n\t\t<\/div>\n\t<\/div> \n<\/div><\/div>","protected":false},"excerpt":{"rendered":"Denizyolu Ta\u015f\u0131mac\u0131l\u0131\u011f\u0131 Mezon\u2019dan K\u0131talararas\u0131 Ak\u0131lc\u0131 Lojistik \u00c7\u00f6z\u00fcmler D\u00fcnya ticaretinin % 80\u2019inin denizyoluyla ger\u00e7ekle\u015fti\u011fi g\u00fcn\u00fcm\u00fczde Mezon, t\u00fcm d\u00fcnyada s\u00f6z sahibi armat\u00f6rlerle yapt\u0131\u011f\u0131 anla\u015fmalar, geni\u015f acente a\u011f\u0131 ve sahip oldu\u011fu&nbsp;FIATA&nbsp;ve&nbsp;UTIKAD&nbsp;\u00fcyelikleriyle d\u00fcnya genelinde...","protected":false},"author":1,"featured_media":0,"parent":0,"menu_order":0,"comment_status":"closed","ping_status":"closed","template":"","meta":{"inline_featured_image":false,"footnotes":""},"class_list":["post-75723","page","type-page","status-publish"],"yoast_head":"<!-- This site is optimized with the Yoast SEO Premium plugin v25.6 (Yoast SEO v27.3) - https:\/\/yoast.com\/product\/yoast-seo-premium-wordpress\/ -->\n<title>Denizyolu Ta\u015f\u0131mac\u0131l\u0131\u011f\u0131 - Mezon Lojistik<\/title>\n<meta name=\"robots\" content=\"index, follow, max-snippet:-1, max-image-preview:large, max-video-preview:-1\" \/>\n<link rel=\"canonical\" href=\"https:\/\/mezonlogistics.com\/zh\/\u6d77\u8fd0\/\" \/>\n<meta property=\"og:locale\" content=\"zh_CN\" \/>\n<meta property=\"og:type\" content=\"article\" \/>\n<meta property=\"og:title\" content=\"Denizyolu Ta\u015f\u0131mac\u0131l\u0131\u011f\u0131\" \/>\n<meta property=\"og:url\" content=\"https:\/\/mezonlogistics.com\/zh\/\u6d77\u8fd0\/\" \/>\n<meta property=\"og:site_name\" content=\"Mezon Lojistik\" \/>\n<meta property=\"article:modified_time\" content=\"2025-10-19T23:46:07+00:00\" \/>\n<meta name=\"twitter:card\" content=\"summary_large_image\" \/>\n<meta name=\"twitter:label1\" content=\"\u9884\u8ba1\u9605\u8bfb\u65f6\u95f4\" \/>\n\t<meta name=\"twitter:data1\" content=\"2 \u5206\" \/>\n<script type=\"application\/ld+json\" class=\"yoast-schema-graph\">{\"@context\":\"https:\\\/\\\/schema.org\",\"@graph\":[{\"@type\":\"WebPage\",\"@id\":\"https:\\\/\\\/mezonlogistics.com\\\/denizyolu-tasimaciligi\\\/\",\"url\":\"https:\\\/\\\/mezonlogistics.com\\\/denizyolu-tasimaciligi\\\/\",\"name\":\"Denizyolu Ta\u015f\u0131mac\u0131l\u0131\u011f\u0131 - Mezon Lojistik\",\"isPartOf\":{\"@id\":\"\\\/#website\"},\"datePublished\":\"2025-10-19T23:14:18+00:00\",\"dateModified\":\"2025-10-19T23:46:07+00:00\",\"breadcrumb\":{\"@id\":\"https:\\\/\\\/mezonlogistics.com\\\/denizyolu-tasimaciligi\\\/#breadcrumb\"},\"inLanguage\":\"zh-Hans\",\"potentialAction\":[{\"@type\":\"ReadAction\",\"target\":[\"https:\\\/\\\/mezonlogistics.com\\\/denizyolu-tasimaciligi\\\/\"]}]},{\"@type\":\"BreadcrumbList\",\"@id\":\"https:\\\/\\\/mezonlogistics.com\\\/denizyolu-tasimaciligi\\\/#breadcrumb\",\"itemListElement\":[{\"@type\":\"ListItem\",\"position\":1,\"name\":\"Home\",\"item\":\"https:\\\/\\\/mezonlogistics.com\\\/\"},{\"@type\":\"ListItem\",\"position\":2,\"name\":\"Denizyolu Ta\u015f\u0131mac\u0131l\u0131\u011f\u0131\"}]},{\"@type\":\"WebSite\",\"@id\":\"\\\/#website\",\"url\":\"\\\/\",\"name\":\"Mezon Lojistik\",\"description\":\"Connecting Continents Empowering Trade.\",\"publisher\":{\"@id\":\"\\\/#organization\"},\"potentialAction\":[{\"@type\":\"SearchAction\",\"target\":{\"@type\":\"EntryPoint\",\"urlTemplate\":\"\\\/?s={search_term_string}\"},\"query-input\":{\"@type\":\"PropertyValueSpecification\",\"valueRequired\":true,\"valueName\":\"search_term_string\"}}],\"inLanguage\":\"zh-Hans\"},{\"@type\":\"Organization\",\"@id\":\"\\\/#organization\",\"name\":\"Mezon Lojistik\",\"alternateName\":\"Mezon\",\"url\":\"\\\/\",\"logo\":{\"@type\":\"ImageObject\",\"inLanguage\":\"zh-Hans\",\"@id\":\"\\\/#\\\/schema\\\/logo\\\/image\\\/\",\"url\":\"https:\\\/\\\/i0.wp.com\\\/mezonlogistics.com\\\/wp-content\\\/uploads\\\/2025\\\/11\\\/mezon_logo_rv.png?fit=2425%2C1016&ssl=1\",\"contentUrl\":\"https:\\\/\\\/i0.wp.com\\\/mezonlogistics.com\\\/wp-content\\\/uploads\\\/2025\\\/11\\\/mezon_logo_rv.png?fit=2425%2C1016&ssl=1\",\"width\":2425,\"height\":1016,\"caption\":\"Mezon Lojistik\"},\"image\":{\"@id\":\"\\\/#\\\/schema\\\/logo\\\/image\\\/\"},\"email\":\"info@mezonlogistics.com\",\"telephone\":\"+90 216 501 0220\",\"legalName\":\"Mezon Lojistik A.\u015e.\",\"foundingDate\":\"1990-01-19\",\"vatID\":\"6201161310\",\"taxID\":\"6201161310\",\"numberOfEmployees\":{\"@type\":\"QuantitativeValue\",\"minValue\":\"5001\",\"maxValue\":\"10000\"}}]}<\/script>\n<!-- \/ Yoast SEO Premium plugin. -->","yoast_head_json":{"title":"\u6d77\u8fd0 - Mezon \u7269\u6d41\u516c\u53f8","robots":{"index":"index","follow":"follow","max-snippet":"max-snippet:-1","max-image-preview":"max-image-preview:large","max-video-preview":"max-video-preview:-1"},"canonical":"https:\/\/mezonlogistics.com\/zh\/\u6d77\u8fd0\/","og_locale":"zh_CN","og_type":"article","og_title":"Denizyolu Ta\u015f\u0131mac\u0131l\u0131\u011f\u0131","og_url":"https:\/\/mezonlogistics.com\/zh\/\u6d77\u8fd0\/","og_site_name":"Mezon Lojistik","article_modified_time":"2025-10-19T23:46:07+00:00","twitter_card":"summary_large_image","twitter_misc":{"\u9884\u8ba1\u9605\u8bfb\u65f6\u95f4":"2 \u5206"},"schema":{"@context":"https:\/\/schema.org","@graph":[{"@type":"WebPage","@id":"https:\/\/mezonlogistics.com\/denizyolu-tasimaciligi\/","url":"https:\/\/mezonlogistics.com\/denizyolu-tasimaciligi\/","name":"\u6d77\u8fd0 - Mezon \u7269\u6d41\u516c\u53f8","isPartOf":{"@id":"\/#website"},"datePublished":"2025-10-19T23:14:18+00:00","dateModified":"2025-10-19T23:46:07+00:00","breadcrumb":{"@id":"https:\/\/mezonlogistics.com\/denizyolu-tasimaciligi\/#breadcrumb"},"inLanguage":"zh-Hans","potentialAction":[{"@type":"ReadAction","target":["https:\/\/mezonlogistics.com\/denizyolu-tasimaciligi\/"]}]},{"@type":"BreadcrumbList","@id":"https:\/\/mezonlogistics.com\/denizyolu-tasimaciligi\/#breadcrumb","itemListElement":[{"@type":"ListItem","position":1,"name":"Home","item":"https:\/\/mezonlogistics.com\/"},{"@type":"ListItem","position":2,"name":"Denizyolu Ta\u015f\u0131mac\u0131l\u0131\u011f\u0131"}]},{"@type":"WebSite","@id":"\/#website","url":"\/","name":"Mezon \u7269\u6d41\u516c\u53f8","description":"\u8fde\u63a5\u5404\u5927\u6d32 \u589e\u5f3a\u8d38\u6613\u80fd\u529b.","publisher":{"@id":"\/#organization"},"potentialAction":[{"@type":"SearchAction","target":{"@type":"EntryPoint","urlTemplate":"\/?s={search_term_string}"},"query-input":{"@type":"PropertyValueSpecification","valueRequired":true,"valueName":"search_term_string"}}],"inLanguage":"zh-Hans"},{"@type":"Organization","@id":"\/#organization","name":"Mezon \u7269\u6d41\u516c\u53f8","alternateName":"Mezon","url":"\/","logo":{"@type":"ImageObject","inLanguage":"zh-Hans","@id":"\/#\/schema\/logo\/image\/","url":"https:\/\/i0.wp.com\/mezonlogistics.com\/wp-content\/uploads\/2025\/11\/mezon_logo_rv.png?fit=2425%2C1016&ssl=1","contentUrl":"https:\/\/i0.wp.com\/mezonlogistics.com\/wp-content\/uploads\/2025\/11\/mezon_logo_rv.png?fit=2425%2C1016&ssl=1","width":2425,"height":1016,"caption":"Mezon Lojistik"},"image":{"@id":"\/#\/schema\/logo\/image\/"},"email":"info@mezonlogistics.com","telephone":"+90 216 501 0220","legalName":"Mezon Lojistik A.\u015e.","foundingDate":"1990-01-19","vatID":"6201161310","taxID":"6201161310","numberOfEmployees":{"@type":"QuantitativeValue","minValue":"5001","maxValue":"10000"}}]}},"jetpack_sharing_enabled":true,"_links":{"self":[{"href":"https:\/\/mezonlogistics.com\/zh\/wp-json\/wp\/v2\/pages\/75723","targetHints":{"allow":["GET"]}}],"collection":[{"href":"https:\/\/mezonlogistics.com\/zh\/wp-json\/wp\/v2\/pages"}],"about":[{"href":"https:\/\/mezonlogistics.com\/zh\/wp-json\/wp\/v2\/types\/page"}],"author":[{"embeddable":true,"href":"https:\/\/mezonlogistics.com\/zh\/wp-json\/wp\/v2\/users\/1"}],"replies":[{"embeddable":true,"href":"https:\/\/mezonlogistics.com\/zh\/wp-json\/wp\/v2\/comments?post=75723"}],"version-history":[{"count":6,"href":"https:\/\/mezonlogistics.com\/zh\/wp-json\/wp\/v2\/pages\/75723\/revisions"}],"predecessor-version":[{"id":75734,"href":"https:\/\/mezonlogistics.com\/zh\/wp-json\/wp\/v2\/pages\/75723\/revisions\/75734"}],"wp:attachment":[{"href":"https:\/\/mezonlogistics.com\/zh\/wp-json\/wp\/v2\/media?parent=75723"}],"curies":[{"name":"wp","href":"https:\/\/api.w.org\/{rel}","templated":true}]}}