{"id":75739,"date":"2025-10-20T04:07:12","date_gmt":"2025-10-20T01:07:12","guid":{"rendered":"https:\/\/test.mezonlogistics.com\/?page_id=75739"},"modified":"2025-10-20T14:22:37","modified_gmt":"2025-10-20T11:22:37","slug":"proje-bazli-tasimacilik","status":"publish","type":"page","link":"https:\/\/mezonlogistics.com\/zh\/\u9879\u76ee\u8fd0\u8f93\/","title":{"rendered":"\u57fa\u4e8e\u9879\u76ee\u7684\u8fd0\u8f93"},"content":{"rendered":"<div id=\"depo-yonetimi\"  data-column-margin=\"default\" data-midnight=\"light\"  class=\"wpb_row vc_row-fluid vc_row full-width-section\"  style=\"padding-top: 150px; padding-bottom: 150px; \"><div class=\"row-bg-wrap\" data-bg-animation=\"none\" data-bg-animation-delay=\"\" data-bg-overlay=\"true\"><div class=\"inner-wrap row-bg-layer using-image\" ><div class=\"row-bg viewport-desktop using-image\"  style=\"background-image: url(https:\/\/i0.wp.com\/mezonlogistics.com\/wp-content\/uploads\/2025\/10\/mzn_custom_trans_mzn.jpg?fit=800%2C521&#038;ssl=1); background-position: center center; background-repeat: no-repeat; \"><\/div><\/div><div class=\"row-bg-overlay row-bg-layer\" style=\"background: #000000; background: linear-gradient(90deg,#000000 10%,rgba(255,255,255,0.001) 75%);  opacity: 0.8; background: #000000; background: linear-gradient(90deg,#000000 0%,rgba(255,255,255,0.001) 100%);  opacity: 0.8; \"><\/div><\/div><div class=\"row_col_wrap_12 col span_12 light left\">\n\t<div style=\"margin-top: 5%; \" class=\"vc_col-sm-6 wpb_column column_container vc_column_container col no-extra-padding inherit_tablet inherit_phone\"  data-padding-pos=\"all\" data-has-bg-color=\"false\" data-bg-color=\"\" data-bg-opacity=\"1\" data-animation=\"\" data-delay=\"0\" >\n\t\t<div class=\"vc_column-inner\" >\n\t\t\t<div class=\"wpb_wrapper\">\n\t\t\t\t<div class=\"nectar-split-heading  font_size_4vw\" data-align=\"default\" data-m-align=\"inherit\" data-text-effect=\"letter-reveal-bottom\" data-animation-type=\"line-reveal-by-space\" data-animation-delay=\"0\" data-animation-offset=\"\" data-m-rm-animation=\"\" data-stagger=\"\" data-custom-font-size=\"true\" style=\"font-size: 4.5vw; line-height: 4.95vw;\"><h1 style=\" color: #FFFFFF;\">\u57fa\u4e8e\u9879\u76ee\u7684\u8fd0\u8f93<\/h1><\/div>\n\t\t\t<\/div> \n\t\t<\/div>\n\t<\/div> \n\n\t<div  class=\"vc_col-sm-6 wpb_column column_container vc_column_container col no-extra-padding inherit_tablet inherit_phone\"  data-padding-pos=\"all\" data-has-bg-color=\"false\" data-bg-color=\"\" data-bg-opacity=\"1\" data-animation=\"\" data-delay=\"0\" >\n\t\t<div class=\"vc_column-inner\" >\n\t\t\t<div class=\"wpb_wrapper\">\n\t\t\t\t\n\t\t\t<\/div> \n\t\t<\/div>\n\t<\/div> \n<\/div><\/div>\n\t\t<div id=\"fws_69ee36c5cb272\"  data-column-margin=\"default\" data-midnight=\"dark\"  class=\"wpb_row vc_row-fluid vc_row\"  style=\"padding-top: 100px; padding-bottom: 0px; \"><div class=\"row-bg-wrap\" data-bg-animation=\"none\" data-bg-animation-delay=\"\" data-bg-overlay=\"false\"><div class=\"inner-wrap row-bg-layer\" ><div class=\"row-bg viewport-desktop\"  style=\"\"><\/div><\/div><\/div><div class=\"row_col_wrap_12 col span_12 dark left\">\n\t<div  class=\"vc_col-sm-12 wpb_column column_container vc_column_container col no-extra-padding inherit_tablet inherit_phone\"  data-padding-pos=\"all\" data-has-bg-color=\"false\" data-bg-color=\"\" data-bg-opacity=\"1\" data-animation=\"\" data-delay=\"0\" >\n\t\t<div class=\"vc_column-inner\" >\n\t\t\t<div class=\"wpb_wrapper\">\n\t\t\t\t<div class=\"nectar-split-heading  font_size_1vw\" data-align=\"default\" data-m-align=\"inherit\" data-text-effect=\"letter-reveal-bottom\" data-animation-type=\"line-reveal-by-space\" data-animation-delay=\"0\" data-animation-offset=\"\" data-m-rm-animation=\"\" data-stagger=\"\" data-custom-font-size=\"true\" style=\"font-size: 1.7vw; line-height: 1.87vw;\"><h4 style=\" color: #55565a;\">\u5728\u6bcf\u4e2a\u9700\u6c42\u70b9\u548c\u6d41\u7a0b\u4e2d\u63d0\u4f9b\u9488\u5bf9\u5177\u4f53\u884c\u4e1a\u7684\u89e3\u51b3\u65b9\u6848<\/h4><\/div>\n<div class=\"wpb_text_column wpb_content_element  vc_custom_1760922637330\" >\n\t<ul class=\"mezon-liste\">\n<li>\u4e00\u4e1d\u4e0d\u82df\u5730\u7ba1\u7406\u8d85\u9650\u8d27\u7269\u3001\u5371\u9669\u54c1\u548c\u590d\u6742\u7684\u7269\u6d41\u6311\u6218\uff0c\u5e76\u9075\u5b88\u76f8\u5173\u6cd5\u89c4\u3002.<\/li>\n<li>\u4e13\u4e1a\u5316\u7684\u9879\u76ee\u7ba1\u7406\uff0c\u786e\u4fdd\u987a\u5229\u6267\u884c\u5404\u9879\u7269\u6d41\u8981\u6c42\u3002.<\/li>\n<li>\u5728\u4e3a\u7279\u5b9a\u884c\u4e1a\uff08\u5305\u62ec\u5236\u9020\u4e1a\u3001\u80fd\u6e90\u548c\u96f6\u552e\u4e1a\uff09\u91cf\u8eab\u5b9a\u5236\u8fd0\u8f93\u89e3\u51b3\u65b9\u6848\u65b9\u9762\u62e5\u6709\u6210\u719f\u7684\u4e13\u4e1a\u77e5\u8bc6\u3002.<\/li>\n<li>\u6574\u5408\u4e13\u4e1a\u6e05\u5173\u548c\u5916\u8d38\u54a8\u8be2\uff0c\u65e0\u7f1d\u6267\u884c\u56fd\u9645\u8d27\u8fd0\u3002.<\/li>\n<\/ul>\n<p>&nbsp;<\/p>\n<\/div>\n\n\n\n\n<div class=\"wpb_text_column wpb_content_element  vc_custom_1760922294382\" >\n\t<div class=\"wpb_row vc_row vc_row-fluid mk-fullwidth-false attched-false vc_custom_1650856733808 js-master-row mk-grid mk-in-viewport\" data-mk-stretch-content=\"true\">\n<div class=\"vc_col-sm-12 wpb_column column_container _ height-full\">\n<div class=\"vc_custom_1740574413666\">\n<div id=\"text-block-13\" class=\"mk-text-block\">\n<div id=\"text-block-8\" class=\"mk-text-block\">\n<div id=\"text-block-17\" class=\"mk-text-block\">\n<div class=\"wpb_text_column wpb_content_element\">\n<div class=\"wpb_wrapper\">\n<p>\u901a\u8fc7 Mezon \u9879\u76ee\u8fd0\u8f93\u670d\u52a1\uff0c\u53ef\u5728\u7406\u60f3\u7684\u65f6\u95f4\u548c\u6210\u672c\u8303\u56f4\u5185\uff0c\u5c06\u88ab\u89c6\u4e3a\u8d85\u6807\u7684\u91cd\u578b\u548c\u5927\u4ef6\u8d27\u7269\u8fd0\u9001\u5230\u6240\u9700\u5730\u70b9\u3002Mezon \u901a\u8fc7\u5411\u5ba2\u6237\u63d0\u4f9b\u900f\u660e\u7684\u4ef7\u683c\u653f\u7b56\u6765\u5b9e\u73b0\u6210\u672c\u53ef\u8ffd\u6eaf\uff0c\u5e76\u6839\u636e\u5ba2\u6237\u7684\u9700\u6c42\u63d0\u4f9b\u89e3\u51b3\u65b9\u6848\u3002.<\/p>\n<div class=\"wpb_text_column wpb_content_element vc_custom_1705907519123\">\n<div class=\"wpb_wrapper\">\n<p>Mezon \u516c\u53f8\u4e3a\u80fd\u6e90\u3001\u5de5\u4e1a\u3001\u5efa\u7b51\u3001\u77f3\u6cb9\u3001\u5929\u7136\u6c14\u548c\u91c7\u77ff\u7b49\u884c\u4e1a\u63d0\u4f9b\u9879\u76ee\u8fd0\u8f93\u670d\u52a1\uff0c\u51ed\u501f\u5176\u7ecf\u9a8c\u4e30\u5bcc\u7684\u4e13\u4e1a\u4eba\u5458\u3001\u53ef\u9760\u548c\u5f3a\u5927\u7684\u5408\u4f5c\u4f19\u4f34\u7f51\u7edc\uff0c\u6839\u636e\u5ba2\u6237\u9700\u6c42\u91cf\u8eab\u5b9a\u5236\u89e3\u51b3\u65b9\u6848\uff0c\u4ece\u800c\u5236\u5b9a\u5e76\u5b9e\u65bd\u4e1a\u52a1\u8ba1\u5212\u548c\u8d44\u6e90\u7ba1\u7406\u6218\u7565\u3002.\n<\/p><\/div>\n<\/div>\n<\/div>\n<\/div>\n<\/div>\n<\/div>\n<\/div>\n<\/div>\n<\/div>\n<\/div>\n<\/div>\n\n\n\n<div class=\"nectar-split-heading  font_size_1vw\" data-align=\"default\" data-m-align=\"inherit\" data-text-effect=\"letter-reveal-bottom\" data-animation-type=\"line-reveal-by-space\" data-animation-delay=\"0\" data-animation-offset=\"\" data-m-rm-animation=\"\" data-stagger=\"\" data-custom-font-size=\"true\" style=\"font-size: 1.7vw; line-height: 1.87vw;\"><h4 style=\" color: #55565a;\">Mezon \u63d0\u4f9b\u7684\u7aef\u5230\u7aef\u9879\u76ee\u8fd0\u8f93\u670d\u52a1<\/h4><\/div>\n<div class=\"wpb_text_column wpb_content_element  vc_custom_1760959348477\" >\n\t<div class=\"wpb_row vc_row vc_row-fluid mk-fullwidth-false attched-false vc_custom_1650856733808 js-master-row mk-grid mk-in-viewport\" data-mk-stretch-content=\"true\">\n<div class=\"vc_col-sm-12 wpb_column column_container _ height-full\">\n<div class=\"vc_custom_1740574413666\">\n<div id=\"text-block-13\" class=\"mk-text-block\">\n<div id=\"text-block-8\" class=\"mk-text-block\">\n<div id=\"text-block-17\" class=\"mk-text-block\">\n<div class=\"wpb_text_column wpb_content_element\">\n<div class=\"wpb_wrapper\">\n<p>Mezon \u5728\u63d0\u4f9b\u9879\u76ee\u8fd0\u8f93\u670d\u52a1\u7684\u540c\u65f6\uff0c\u8fd8\u4e3a\u5ba2\u6237\u63d0\u4f9b\u5916\u8d38\u7acb\u6cd5\u652f\u6301\uff0c\u5e76\u63d0\u4f9b\u5f53\u5730\u4fe1\u606f\u3002Mezon \u7684\u9879\u76ee\u8fd0\u8f93\u670d\u52a1\u5305\u62ec\u591a\u8f66\u578b\u7ec4\u5408\u3001\u91cd\u578b\u8d27\u7269\u89e3\u51b3\u65b9\u6848\u3001\u4ed3\u5e93\u548c\u8f6c\u8fd0\u89e3\u51b3\u65b9\u6848\u3001\u7ed1\u624e\u3001\u6750\u6599\u56fa\u5b9a\u548c\u5305\u88c5\u3001\u8ba2\u5355\u76d1\u63a7\u3001\u8d77\u91cd\u673a\u3001\u8c03\u67e5\u548c\u5546\u54c1\u4fdd\u9669\u3001\u6587\u4ef6\u6d41\u7a0b\uff08\u4ea4\u4ed8\u540e\uff09\u3001CMR \u548c FBL\u3001\u8def\u7ebf\u8c03\u67e5\u3002.<\/p>\n<\/div>\n<\/div>\n<div class=\"wpb_text_column wpb_content_element vc_custom_1705907595566\">\n<div class=\"wpb_wrapper\"><\/div>\n<\/div>\n<\/div>\n<\/div>\n<\/div>\n<\/div>\n<\/div>\n<\/div>\n<\/div>\n\n\n\n<div class=\"nectar-split-heading  font_size_1vw\" data-align=\"default\" data-m-align=\"inherit\" data-text-effect=\"letter-reveal-bottom\" data-animation-type=\"line-reveal-by-space\" data-animation-delay=\"0\" data-animation-offset=\"\" data-m-rm-animation=\"\" data-stagger=\"\" data-custom-font-size=\"true\" style=\"font-size: 1.7vw; line-height: 1.87vw;\"><h4 style=\" color: #55565a;\">\u91cf\u8eab\u5b9a\u5236\u7684\u9879\u76ee\u8fd0\u8f93\u89e3\u51b3\u65b9\u6848<\/h4><\/div>\n<div class=\"wpb_text_column wpb_content_element  vc_custom_1760922746344\" >\n\t<div class=\"wpb_row vc_row vc_row-fluid mk-fullwidth-false attched-false vc_custom_1650856733808 js-master-row mk-grid mk-in-viewport\" data-mk-stretch-content=\"true\">\n<div class=\"vc_col-sm-12 wpb_column column_container _ height-full\">\n<div class=\"vc_custom_1740574413666\">\n<div id=\"text-block-13\" class=\"mk-text-block\">\n<div id=\"text-block-8\" class=\"mk-text-block\">\n<div id=\"text-block-17\" class=\"mk-text-block\">\n<div class=\"wpb_text_column wpb_content_element\">\n<div class=\"wpb_wrapper\">\n<p>\u8003\u8651\u5230\u8fd0\u8f93\u65f6\u95f4\u3001\u4ea7\u54c1\u7279\u6027\u3001\u8d77\u70b9\u548c\u7ec8\u70b9\u7b49\u6807\u51c6\uff0cMezon \u63d0\u4f9b\u9002\u5408\u5ba2\u6237\u7684\u9646\u8fd0\u3001\u7a7a\u8fd0\u3001\u6d77\u8fd0\u3001\u94c1\u8def\u8fd0\u8f93\u548c\u591a\u5f0f\u8054\u8fd0\u65b9\u6848\u3002Mezon \u8fd8\u5728\u9879\u76ee\u8fd0\u8f93\u8303\u56f4\u5185\u5f00\u5c55\u6e2f\u53e3\u4e1a\u52a1\u548c\u8d77\u91cd\u673a\u7ec4\u7ec7\u3002.<\/p>\n<\/div>\n<\/div>\n<\/div>\n<\/div>\n<\/div>\n<\/div>\n<\/div>\n<\/div>\n<\/div>\n\n\n\n\n\t\t\t<\/div> \n\t\t<\/div>\n\t<\/div> \n<\/div><\/div>\n\t\t<div id=\"fws_69ee36c5cdf39\"  data-column-margin=\"default\" data-midnight=\"light\"  class=\"wpb_row vc_row-fluid vc_row full-width-section vc_row-o-equal-height vc_row-flex vc_row-o-content-middle\"  style=\"padding-top: 80px; padding-bottom: 80px; \"><div class=\"row-bg-wrap\" data-bg-animation=\"zoom-out-slow\" data-bg-animation-delay=\"\" data-bg-overlay=\"true\"><div class=\"inner-wrap row-bg-layer using-image\" ><div class=\"row-bg viewport-desktop using-image using-bg-color\"  style=\"background-image: url(https:\/\/i0.wp.com\/mezonlogistics.com\/wp-content\/uploads\/2025\/10\/mzn_custom_trans_mzn.jpg?fit=800%2C521&#038;ssl=1); background-position: center center; background-repeat: no-repeat; background-color: #ffffff; \"><\/div><\/div><div class=\"row-bg-overlay row-bg-layer\" style=\"background-color:#282828;  opacity: 0.8; \"><\/div><\/div><div class=\"nectar-shape-divider-wrap no-color\" style=\" height:50px;\"  data-height=\"50\" data-front=\"\" data-style=\"tilt\" data-position=\"top\" ><svg class=\"nectar-shape-divider\" aria-hidden=\"true\" fill=\"\" xmlns=\"http:\/\/www.w3.org\/2000\/svg\" viewbox=\"0 0 100 10\" preserveaspectratio=\"none\"> <polygon points=\"104 10 0 0 0 10\"><\/polygon> <\/svg><\/div><div class=\"row_col_wrap_12 col span_12 light left\">\n\t<div  class=\"vc_col-sm-6 wpb_column column_container vc_column_container col no-extra-padding force-tablet-text-align-center force-phone-text-align-center inherit_tablet inherit_phone\"  data-padding-pos=\"all\" data-has-bg-color=\"false\" data-bg-color=\"\" data-bg-opacity=\"1\" data-animation=\"\" data-delay=\"0\" >\n\t\t<div class=\"vc_column-inner\" >\n\t\t\t<div class=\"wpb_wrapper\">\n\t\t\t\t<div class=\"nectar-highlighted-text\" data-style=\"half_text\" data-exp=\"default\" data-using-custom-color=\"true\" data-animation-delay=\"false\" data-color=\"#ff1053\" data-color-gradient=\"\" style=\"\"><h2>\u9ad8\u6807\u51c6<br \/>\n<strong>\u57fa\u4e8e\u9879\u76ee\u7684\u8fd0\u8f93\u670d\u52a1<\/strong><\/h2>\n<\/div>\n<div class=\"wpb_text_column wpb_content_element  vc_custom_1760888777375\" >\n\t<div class=\"wpb_text_column wpb_content_element\">\n<div class=\"wpb_wrapper\">\n<p>\u83b7\u53d6 Mezon \u9ad8\u6807\u51c6\u670d\u52a1\u8d28\u91cf\u7684\u62a5\u4ef7\u3002.\n<\/p><\/div>\n<\/div>\n<\/div>\n\n\n\n\n\t\t\t<\/div> \n\t\t<\/div>\n\t<\/div> \n\n\t<div  class=\"vc_col-sm-6 wpb_column column_container vc_column_container col no-extra-padding force-tablet-text-align-center force-phone-text-align-center inherit_tablet inherit_phone\"  data-padding-pos=\"all\" data-has-bg-color=\"false\" data-bg-color=\"\" data-bg-opacity=\"1\" data-animation=\"\" data-delay=\"0\" >\n\t\t<div class=\"vc_column-inner\" >\n\t\t\t<div class=\"wpb_wrapper\">\n\t\t\t\t<div id=\"fws_69ee36c5cfdd3\" data-midnight=\"\" data-column-margin=\"default\" class=\"wpb_row vc_row-fluid vc_row inner_row\"  style=\"\"><div class=\"row-bg-wrap\"> <div class=\"row-bg\" ><\/div> <\/div><div class=\"row_col_wrap_12_inner col span_12  right\">\n\t<div  class=\"vc_col-sm-12 wpb_column column_container vc_column_container col child_column no-extra-padding inherit_tablet inherit_phone\"   data-padding-pos=\"all\" data-has-bg-color=\"false\" data-bg-color=\"\" data-bg-opacity=\"1\" data-animation=\"\" data-delay=\"0\" >\n\t\t<div class=\"vc_column-inner\" >\n\t\t<div class=\"wpb_wrapper\">\n\t\t\t<a class=\"nectar-button jumbo see-through-2  has-icon wpb_animate_when_almost_visible wpb_lightSpeedIn lightSpeedIn\"  role=\"button\" style=\"margin-top: 50px; border-color: #ffffff; color: #ffffff;\"  href=\"https:\/\/mezonlogistics.com\/zh\/\u670d\u52a1\u8bf7\u6c42\/\" data-color-override=\"#ffffff\"  data-hover-color-override=\"#ffffff\" data-hover-text-color-override=\"#000000\"><span>\u83b7\u53d6\u4f18\u60e0<\/span><i  class=\"icon-button-arrow\"><\/i><\/a>\n\t\t<\/div> \n\t<\/div>\n\t<\/div> \n<\/div><\/div>\n\t\t\t<\/div> \n\t\t<\/div>\n\t<\/div> \n<\/div><\/div>","protected":false},"excerpt":{"rendered":"Proje Bazl\u0131 Ta\u015f\u0131mac\u0131l\u0131k \u0130stenilen Her Nokta ve S\u00fcre\u00e7te Sekt\u00f6rlere \u00d6zel \u00c7\u00f6z\u00fcmler Gabari d\u0131\u015f\u0131 y\u00fckler, tehlikeli maddeler ve karma\u015f\u0131k lojistik zorluklar\u0131n\u0131 titizlikle ve mevzuata uygun \u015fekilde y\u00f6netme. \u00d6zg\u00fcn lojistik gereksinimlerinin sorunsuz...","protected":false},"author":1,"featured_media":0,"parent":0,"menu_order":0,"comment_status":"closed","ping_status":"closed","template":"","meta":{"inline_featured_image":false,"footnotes":""},"class_list":["post-75739","page","type-page","status-publish"],"yoast_head":"<!-- This site is optimized with the Yoast SEO Premium plugin v25.6 (Yoast SEO v27.3) - https:\/\/yoast.com\/product\/yoast-seo-premium-wordpress\/ -->\n<title>Proje Bazl\u0131 Ta\u015f\u0131mac\u0131l\u0131k - Mezon Lojistik<\/title>\n<meta name=\"robots\" content=\"index, follow, max-snippet:-1, max-image-preview:large, max-video-preview:-1\" \/>\n<link rel=\"canonical\" href=\"https:\/\/mezonlogistics.com\/zh\/\u9879\u76ee\u8fd0\u8f93\/\" \/>\n<meta property=\"og:locale\" content=\"zh_CN\" \/>\n<meta property=\"og:type\" content=\"article\" \/>\n<meta property=\"og:title\" content=\"Proje Bazl\u0131 Ta\u015f\u0131mac\u0131l\u0131k\" \/>\n<meta property=\"og:url\" content=\"https:\/\/mezonlogistics.com\/zh\/\u9879\u76ee\u8fd0\u8f93\/\" \/>\n<meta property=\"og:site_name\" content=\"Mezon Lojistik\" \/>\n<meta property=\"article:modified_time\" content=\"2025-10-20T11:22:37+00:00\" \/>\n<meta name=\"twitter:card\" content=\"summary_large_image\" \/>\n<meta name=\"twitter:label1\" content=\"\u9884\u8ba1\u9605\u8bfb\u65f6\u95f4\" \/>\n\t<meta name=\"twitter:data1\" content=\"3 \u5206\" \/>\n<script type=\"application\/ld+json\" class=\"yoast-schema-graph\">{\"@context\":\"https:\\\/\\\/schema.org\",\"@graph\":[{\"@type\":\"WebPage\",\"@id\":\"https:\\\/\\\/mezonlogistics.com\\\/proje-bazli-tasimacilik\\\/\",\"url\":\"https:\\\/\\\/mezonlogistics.com\\\/proje-bazli-tasimacilik\\\/\",\"name\":\"Proje Bazl\u0131 Ta\u015f\u0131mac\u0131l\u0131k - Mezon Lojistik\",\"isPartOf\":{\"@id\":\"\\\/#website\"},\"datePublished\":\"2025-10-20T01:07:12+00:00\",\"dateModified\":\"2025-10-20T11:22:37+00:00\",\"breadcrumb\":{\"@id\":\"https:\\\/\\\/mezonlogistics.com\\\/proje-bazli-tasimacilik\\\/#breadcrumb\"},\"inLanguage\":\"zh-Hans\",\"potentialAction\":[{\"@type\":\"ReadAction\",\"target\":[\"https:\\\/\\\/mezonlogistics.com\\\/proje-bazli-tasimacilik\\\/\"]}]},{\"@type\":\"BreadcrumbList\",\"@id\":\"https:\\\/\\\/mezonlogistics.com\\\/proje-bazli-tasimacilik\\\/#breadcrumb\",\"itemListElement\":[{\"@type\":\"ListItem\",\"position\":1,\"name\":\"Home\",\"item\":\"https:\\\/\\\/mezonlogistics.com\\\/\"},{\"@type\":\"ListItem\",\"position\":2,\"name\":\"Proje Bazl\u0131 Ta\u015f\u0131mac\u0131l\u0131k\"}]},{\"@type\":\"WebSite\",\"@id\":\"\\\/#website\",\"url\":\"\\\/\",\"name\":\"Mezon Lojistik\",\"description\":\"Connecting Continents Empowering Trade.\",\"publisher\":{\"@id\":\"\\\/#organization\"},\"potentialAction\":[{\"@type\":\"SearchAction\",\"target\":{\"@type\":\"EntryPoint\",\"urlTemplate\":\"\\\/?s={search_term_string}\"},\"query-input\":{\"@type\":\"PropertyValueSpecification\",\"valueRequired\":true,\"valueName\":\"search_term_string\"}}],\"inLanguage\":\"zh-Hans\"},{\"@type\":\"Organization\",\"@id\":\"\\\/#organization\",\"name\":\"Mezon Lojistik\",\"alternateName\":\"Mezon\",\"url\":\"\\\/\",\"logo\":{\"@type\":\"ImageObject\",\"inLanguage\":\"zh-Hans\",\"@id\":\"\\\/#\\\/schema\\\/logo\\\/image\\\/\",\"url\":\"https:\\\/\\\/i0.wp.com\\\/mezonlogistics.com\\\/wp-content\\\/uploads\\\/2025\\\/11\\\/mezon_logo_rv.png?fit=2425%2C1016&ssl=1\",\"contentUrl\":\"https:\\\/\\\/i0.wp.com\\\/mezonlogistics.com\\\/wp-content\\\/uploads\\\/2025\\\/11\\\/mezon_logo_rv.png?fit=2425%2C1016&ssl=1\",\"width\":2425,\"height\":1016,\"caption\":\"Mezon Lojistik\"},\"image\":{\"@id\":\"\\\/#\\\/schema\\\/logo\\\/image\\\/\"},\"email\":\"info@mezonlogistics.com\",\"telephone\":\"+90 216 501 0220\",\"legalName\":\"Mezon Lojistik A.\u015e.\",\"foundingDate\":\"1990-01-19\",\"vatID\":\"6201161310\",\"taxID\":\"6201161310\",\"numberOfEmployees\":{\"@type\":\"QuantitativeValue\",\"minValue\":\"5001\",\"maxValue\":\"10000\"}}]}<\/script>\n<!-- \/ Yoast SEO Premium plugin. -->","yoast_head_json":{"title":"\u9879\u76ee\u8fd0\u8f93 - Mezon \u7269\u6d41\u516c\u53f8","robots":{"index":"index","follow":"follow","max-snippet":"max-snippet:-1","max-image-preview":"max-image-preview:large","max-video-preview":"max-video-preview:-1"},"canonical":"https:\/\/mezonlogistics.com\/zh\/\u9879\u76ee\u8fd0\u8f93\/","og_locale":"zh_CN","og_type":"article","og_title":"Proje Bazl\u0131 Ta\u015f\u0131mac\u0131l\u0131k","og_url":"https:\/\/mezonlogistics.com\/zh\/\u9879\u76ee\u8fd0\u8f93\/","og_site_name":"Mezon Lojistik","article_modified_time":"2025-10-20T11:22:37+00:00","twitter_card":"summary_large_image","twitter_misc":{"\u9884\u8ba1\u9605\u8bfb\u65f6\u95f4":"3 \u5206"},"schema":{"@context":"https:\/\/schema.org","@graph":[{"@type":"WebPage","@id":"https:\/\/mezonlogistics.com\/proje-bazli-tasimacilik\/","url":"https:\/\/mezonlogistics.com\/proje-bazli-tasimacilik\/","name":"\u9879\u76ee\u8fd0\u8f93 - Mezon \u7269\u6d41\u516c\u53f8","isPartOf":{"@id":"\/#website"},"datePublished":"2025-10-20T01:07:12+00:00","dateModified":"2025-10-20T11:22:37+00:00","breadcrumb":{"@id":"https:\/\/mezonlogistics.com\/proje-bazli-tasimacilik\/#breadcrumb"},"inLanguage":"zh-Hans","potentialAction":[{"@type":"ReadAction","target":["https:\/\/mezonlogistics.com\/proje-bazli-tasimacilik\/"]}]},{"@type":"BreadcrumbList","@id":"https:\/\/mezonlogistics.com\/proje-bazli-tasimacilik\/#breadcrumb","itemListElement":[{"@type":"ListItem","position":1,"name":"Home","item":"https:\/\/mezonlogistics.com\/"},{"@type":"ListItem","position":2,"name":"Proje Bazl\u0131 Ta\u015f\u0131mac\u0131l\u0131k"}]},{"@type":"WebSite","@id":"\/#website","url":"\/","name":"Mezon \u7269\u6d41\u516c\u53f8","description":"\u8fde\u63a5\u5404\u5927\u6d32 \u589e\u5f3a\u8d38\u6613\u80fd\u529b.","publisher":{"@id":"\/#organization"},"potentialAction":[{"@type":"SearchAction","target":{"@type":"EntryPoint","urlTemplate":"\/?s={search_term_string}"},"query-input":{"@type":"PropertyValueSpecification","valueRequired":true,"valueName":"search_term_string"}}],"inLanguage":"zh-Hans"},{"@type":"Organization","@id":"\/#organization","name":"Mezon \u7269\u6d41\u516c\u53f8","alternateName":"Mezon","url":"\/","logo":{"@type":"ImageObject","inLanguage":"zh-Hans","@id":"\/#\/schema\/logo\/image\/","url":"https:\/\/i0.wp.com\/mezonlogistics.com\/wp-content\/uploads\/2025\/11\/mezon_logo_rv.png?fit=2425%2C1016&ssl=1","contentUrl":"https:\/\/i0.wp.com\/mezonlogistics.com\/wp-content\/uploads\/2025\/11\/mezon_logo_rv.png?fit=2425%2C1016&ssl=1","width":2425,"height":1016,"caption":"Mezon Lojistik"},"image":{"@id":"\/#\/schema\/logo\/image\/"},"email":"info@mezonlogistics.com","telephone":"+90 216 501 0220","legalName":"Mezon Lojistik A.\u015e.","foundingDate":"1990-01-19","vatID":"6201161310","taxID":"6201161310","numberOfEmployees":{"@type":"QuantitativeValue","minValue":"5001","maxValue":"10000"}}]}},"jetpack_sharing_enabled":true,"_links":{"self":[{"href":"https:\/\/mezonlogistics.com\/zh\/wp-json\/wp\/v2\/pages\/75739","targetHints":{"allow":["GET"]}}],"collection":[{"href":"https:\/\/mezonlogistics.com\/zh\/wp-json\/wp\/v2\/pages"}],"about":[{"href":"https:\/\/mezonlogistics.com\/zh\/wp-json\/wp\/v2\/types\/page"}],"author":[{"embeddable":true,"href":"https:\/\/mezonlogistics.com\/zh\/wp-json\/wp\/v2\/users\/1"}],"replies":[{"embeddable":true,"href":"https:\/\/mezonlogistics.com\/zh\/wp-json\/wp\/v2\/comments?post=75739"}],"version-history":[{"count":7,"href":"https:\/\/mezonlogistics.com\/zh\/wp-json\/wp\/v2\/pages\/75739\/revisions"}],"predecessor-version":[{"id":75804,"href":"https:\/\/mezonlogistics.com\/zh\/wp-json\/wp\/v2\/pages\/75739\/revisions\/75804"}],"wp:attachment":[{"href":"https:\/\/mezonlogistics.com\/zh\/wp-json\/wp\/v2\/media?parent=75739"}],"curies":[{"name":"wp","href":"https:\/\/api.w.org\/{rel}","templated":true}]}}